{"id":34,"date":"2015-09-08T10:53:43","date_gmt":"2015-09-08T10:53:43","guid":{"rendered":"http:\/\/blogs.magicjudges.org\/latam\/?page_id=34"},"modified":"2019-03-18T12:53:40","modified_gmt":"2019-03-18T15:53:40","slug":"conoce-a-los-niveles-3","status":"publish","type":"page","link":"https:\/\/blogs.magicjudges.org\/latam\/conoce-a-los-niveles-3\/","title":{"rendered":"Conoce a los L3: SUR"},"content":{"rendered":"<p><strong><em><div class=\"wp-caption alignleft judgeimg\"><a href=\"https:\/\/apps.magicjudges.org\/judges\/dci\/91426652\"><img src=https:\/\/apps.magicjudges.org\/dci\/avatar?dci=91426652&size=200 alt=\"Adri\u00e1n Estoup\"><\/a><p class=\"wp-caption-text\">Adri\u00e1n Estoup<\/em><\/strong><strong><em><\/p><\/div><\/em><\/strong>Coordinador Regional<br \/>\nNaci\u00f3 en 1979 y vive en <em><strong>Temperley, Argentina.<\/strong><\/em><br \/>\n<em><strong>Jugador<\/strong><\/em> de Magic desde 1999 (Mercadian Masques) y fue <em><strong>certificado<\/strong><\/em> en el a\u00f1o 2002.<br \/>\n<em><strong>Programa:<\/strong><\/em> Su funci\u00f3n principal es la de Coordinador Regional de la regi\u00f3n Hispanoam\u00e9rica Sur.<br \/>\n<em><strong>Carta preferida:<\/strong><\/em> <a href=\"https:\/\/blogs.magicjudges.org\/latam\/wp-content\/plugins\/lems-mtg-helper\/lems-mtg-helper-cardfinder.php?find=Quirion+Ranger&width=223&height=310\" class=\"jTip\" name=\"\">Quirion Ranger<\/a>.<br \/>\n(<a href=\"http:\/\/blogs.magicjudges.org\/latam\/2016\/06\/23\/circulo-de-historias-adrian-estoup\/\">Entrevista<\/a>)<\/p>\n<p>&nbsp;<\/p>\n<p><strong><em><div class=\"wp-caption alignleft judgeimg\"><a href=\"https:\/\/apps.magicjudges.org\/judges\/dci\/6103795265\"><img src=https:\/\/apps.magicjudges.org\/dci\/avatar?dci=6103795265&size=200 alt=\"Agust\u00edn Mopty\"><\/a><p class=\"wp-caption-text\">Agust\u00edn Mopty<\/p><\/div><\/em><\/strong>Naci\u00f3 en 1990 en <em><strong>Tucum\u00e1n, Argentina<\/strong><\/em>. Reside actualmente en <strong><em>Buenos Aires<\/em>.<br \/>\n<\/strong><em><strong>Jugador<\/strong><\/em> de Magic desde 2012 y <em><strong>juez<\/strong><\/em> certificado desde abril de 2014.<br \/>\n<em><strong>Programa:<\/strong><\/em> Se encuentra actualmente a cargo de la Esfera de Conferencias de la regi\u00f3n.<br \/>\n<em><strong>Comandante favorito:<\/strong><\/em>\u00a0No juega, pero tiene el precon de <a href=\"https:\/\/blogs.magicjudges.org\/latam\/wp-content\/plugins\/lems-mtg-helper\/lems-mtg-helper-cardfinder.php?find=Erebos%2C+God+of+the+dead&width=223&height=310\" class=\"jTip\" name=\"\">Erebos, God of the dead<\/a>.<br \/>\n<em><strong>Carta favorita:<\/strong><\/em> <a href=\"https:\/\/blogs.magicjudges.org\/latam\/wp-content\/plugins\/lems-mtg-helper\/lems-mtg-helper-cardfinder.php?find=Ashiok%2C+the+nightmare+weaver&width=223&height=310\" class=\"jTip\" name=\"\">Ashiok, the nightmare weaver<\/a><\/p>\n<p>&nbsp;<\/p>\n<p><strong><em><div class=\"wp-caption alignleft judgeimg\"><a href=\"https:\/\/apps.magicjudges.org\/judges\/dci\/88735146\"><img src=https:\/\/apps.magicjudges.org\/dci\/avatar?dci=88735146&size=200 alt=\"Alejandro Raggio\"><\/a><p class=\"wp-caption-text\">Alejandro Raggio<\/p><\/div><\/em><\/strong>Naci\u00f3 en 1981 en <em><strong>Bueno Aires, Argentina<\/strong><\/em> donde actualmente reside.<br \/>\n<em><strong>Jugador<\/strong><\/em> de Magic desde 1998 (Stronghold) y es <em><strong>juez<\/strong> <\/em>certificado desde\u00a0agosto de 1999.<br \/>\n<em><strong>Programa:<\/strong> <\/em>Es miembro tanto del\u00a0Comit\u00e9 de Investigaciones de jugadores como del Comit\u00e9 de Conducta de jueces.<br \/>\nAsiduo jugador de limitado, dice que su <em><strong>carta favorita<\/strong><\/em> es <a href=\"https:\/\/blogs.magicjudges.org\/latam\/wp-content\/plugins\/lems-mtg-helper\/lems-mtg-helper-cardfinder.php?find=Enter+the+Dungeon&width=223&height=310\" class=\"jTip\" name=\"\">Enter the Dungeon<\/a>.<\/p>\n<p>&nbsp;<\/p>\n<p><strong><em><div class=\"wp-caption alignleft judgeimg\"><a href=\"https:\/\/apps.magicjudges.org\/judges\/dci\/91426501\"><img src=https:\/\/apps.magicjudges.org\/dci\/avatar?dci=91426501&size=200 alt=\"Dami\u00e1n Hiller\"><\/a><p class=\"wp-caption-text\">Dami\u00e1n Hiller<\/p><\/div><\/em><\/strong>Naci\u00f3 en 1986 en <em><strong>Buenos Aires, Argentina<\/strong><\/em>, donde reside actualmente.<br \/>\n<em><strong>Jugador<\/strong><\/em> de Magic desde 1997 y fue <em><strong>certificado<\/strong><\/em> como juez en el a\u00f1o 2000.<br \/>\n<em><strong>Programa:<\/strong><\/em> Es el L\u00edder de la Esfera global de Conferencias y se autoproclama &#8220;Gu\u00eda espiritual de candidatos a Lvl 3&#8221;.<br \/>\n<em><strong>Carta preferida:<\/strong><\/em> &#8220;<a href=\"https:\/\/blogs.magicjudges.org\/latam\/wp-content\/plugins\/lems-mtg-helper\/lems-mtg-helper-cardfinder.php?find=Mind%26%238217%3Bs+Desire&width=223&height=310\" class=\"jTip\" name=\"\">Mind&#8217;s Desire<\/a> (es mi general de Commander. Ah, \u00bfqu\u00e9? \u00bfNo se puede?)<\/p>\n<p>&nbsp;<\/p>\n<p><strong><em><div class=\"wp-caption alignleft judgeimg\"><a href=\"https:\/\/apps.magicjudges.org\/judges\/dci\/189186\"><img src=https:\/\/apps.magicjudges.org\/dci\/avatar?dci=189186&size=200 alt=\"Federico &#8220;Fefi&#8221; Donner\"><\/a><p class=\"wp-caption-text\">Federico &#8220;Fefi&#8221; Donner<\/p><\/div><\/em><\/strong>Nacido en 1986, oriundo de <em><strong>Uruguay<\/strong><\/em>, residente en <em><strong>Montevideo<\/strong><\/em>.<br \/>\n<em><strong>Jugador<\/strong><\/em> de Magic desde 1999 (prerelease de Urza&#8217;s Legacy) y <em><strong>juez<\/strong><\/em> desde 2010.<br \/>\n<em><strong>Programa:<\/strong><\/em>\u00a0Co-anfitri\u00f3n de <a href=\"http:\/\/latammagicjudges.com\/juecesenvivo\" target=\"_blank\" rel=\"noopener\">Jueces en vivo<\/a>, coordina los proyectos de multimedia y medios de comunicaci\u00f3n. Adem\u00e1s asiste a cuanto GP existe.<br \/>\n<em><strong>Carta preferida:<\/strong><\/em>\u00a0<a href=\"https:\/\/blogs.magicjudges.org\/latam\/wp-content\/plugins\/lems-mtg-helper\/lems-mtg-helper-cardfinder.php?find=Field+Surgeon&width=223&height=310\" class=\"jTip\" name=\"\">Field Surgeon<\/a>.<br \/>\n<em><strong>Comandante favorito:<\/strong><\/em> <a href=\"https:\/\/blogs.magicjudges.org\/latam\/wp-content\/plugins\/lems-mtg-helper\/lems-mtg-helper-cardfinder.php?find=Karador%2C+Ghost+Chieftain&width=223&height=310\" class=\"jTip\" name=\"\">Karador, Ghost Chieftain<\/a>.<\/p>\n<p>&nbsp;<\/p>\n<p><strong><em><div class=\"wp-caption alignleft judgeimg\"><a href=\"https:\/\/apps.magicjudges.org\/judges\/dci\/20177000\"><img src=https:\/\/apps.magicjudges.org\/dci\/avatar?dci=20177000&size=200 alt=\"Juan &#8220;J.D.C.&#8221; Del Compare\"><\/a><p class=\"wp-caption-text\">Juan &#8220;J.D.C.&#8221; Del Compare<\/p><\/div><\/em><\/strong>Nacido en 1973, en <em><strong>Buenos Aires, Argentina<\/strong><\/em>, donde actualmente reside.<br \/>\n<strong><em>Jugador<\/em> <\/strong>de Magic desde 1995 y<strong><em> juez<\/em> <\/strong>nivel 3 desde 1998.<br \/>\n<em><strong>Programa:<\/strong><\/em> Est\u00e1 a cargo de la Coordinaci\u00f3n de los Proyectos de traducci\u00f3n como\u00a0Rules Translation y MJM Translation, adem\u00e1s de colaborar en otros proyectos como el HOF o Wiki.<br \/>\n<em><strong>Carta preferida:<\/strong><\/em> &#8220;Dej\u00e9 mi corazoncito con <a href=\"https:\/\/blogs.magicjudges.org\/latam\/wp-content\/plugins\/lems-mtg-helper\/lems-mtg-helper-cardfinder.php?find=Urza%26%238217%3Bs+Rage&width=223&height=310\" class=\"jTip\" name=\"\">Urza&#8217;s Rage<\/a>&#8220;.<\/p>\n<p>(<a href=\"http:\/\/blogs.magicjudges.org\/latam\/2016\/06\/23\/circulo-de-historias-juan-del-compare\/\">Entrevista<\/a>)<\/p>\n<p>&nbsp;<\/p>\n<p><strong><em><div class=\"wp-caption alignleft judgeimg\"><a href=\"https:\/\/apps.magicjudges.org\/judges\/dci\/52616647\"><img src=https:\/\/apps.magicjudges.org\/dci\/avatar?dci=52616647&size=200 alt=\"Jos\u00e9 Nazareno\"><\/a><p class=\"wp-caption-text\">Jos\u00e9 Nazareno<\/p><\/div><\/em><\/strong>Nacido en 1973, vive en <em><strong>Realico, La Pampa, Argentina<\/strong><\/em>. <em><strong><br \/>\nJugador<\/strong> <\/em>desde el A\u00f1o 2000 y <em><strong>juez<\/strong> <\/em>certificado desde 2005 (lvl2 en 2008, lvl3 en 2016).<br \/>\n<strong><em>Programa<\/em>:<\/strong>\u00a0se encuentra actualmente a cargo de las traducciones de las AIPG y AMTR.<br \/>\n<em><strong>Carta Preferida:<\/strong><\/em> <a href=\"https:\/\/blogs.magicjudges.org\/latam\/wp-content\/plugins\/lems-mtg-helper\/lems-mtg-helper-cardfinder.php?find=Saproling+Burst&width=223&height=310\" class=\"jTip\" name=\"\">Saproling Burst<\/a>.<\/p>\n<p>&nbsp;<\/p>\n<p>&nbsp;<\/p>\n<p><strong><em><div class=\"wp-caption alignleft judgeimg\"><a href=\"https:\/\/apps.magicjudges.org\/judges\/dci\/1200447331\"><img src=https:\/\/apps.magicjudges.org\/dci\/avatar?dci=1200447331&size=200 alt=\"Julio Sosa\"><\/a><p class=\"wp-caption-text\">Julio Sosa<\/p><\/div><\/em><\/strong>Nacido en 1987, vive en <em><strong>Jos\u00e9 C. Paz, Argentina.<\/strong><\/em><br \/>\n<em><strong>Jugador<\/strong><\/em> de Magic desde 2002 (&#8220;aunque mi primer demo del juego la tuve en el 99&#8221;) y <em><strong>juez<\/strong><\/em> certificado desde 2012.<br \/>\n<em><strong>Programa:<\/strong><\/em>\u00a0actualmente a cargo de la Esfera de Niveles 2 de su regi\u00f3n. Cuando puede se hace un tiempo para mentorear y certificar candidatos.<br \/>\n<em><strong>Carta preferida:<\/strong><\/em> <a href=\"https:\/\/blogs.magicjudges.org\/latam\/wp-content\/plugins\/lems-mtg-helper\/lems-mtg-helper-cardfinder.php?find=Emrakul%2C+the+Aeons+Torn&width=223&height=310\" class=\"jTip\" name=\"\">Emrakul, the Aeons Torn<\/a>.<br \/>\n<em><strong>Comandante favorito:<\/strong><\/em> <a href=\"https:\/\/blogs.magicjudges.org\/latam\/wp-content\/plugins\/lems-mtg-helper\/lems-mtg-helper-cardfinder.php?find=Oloro%2C+Ageless+Ascetic&width=223&height=310\" class=\"jTip\" name=\"\">Oloro, Ageless Ascetic<\/a>.<br \/>\n(<a href=\"http:\/\/blogs.magicjudges.org\/latam\/2016\/06\/23\/circulo-de-historias-julio-sosa\/\">Entrevista<\/a>)<\/p>\n<p>&nbsp;<\/p>\n<p><strong><em><div class=\"wp-caption alignleft judgeimg\"><a href=\"https:\/\/apps.magicjudges.org\/judges\/dci\/62611350\"><img src=https:\/\/apps.magicjudges.org\/dci\/avatar?dci=62611350&size=200 alt=\"Nemesio Bola\u00f1os\"><\/a><p class=\"wp-caption-text\">Nemesio Bola\u00f1os<\/p><\/div><\/em><\/strong>Nacido en 1986, vive en <em><strong>Arica, norte\u00a0de Chile<\/strong><strong>.<\/strong><\/em><br \/>\n<em><strong>Jugador<\/strong><\/em> de Magic desde el a\u00f1o 2000 (Nemesis) y <em><strong>juez<\/strong><\/em> certificado desde Noviembre de 2011.<br \/>\n<em><strong>Programa:<\/strong><\/em> Se ocupa en el mentoreo\u00a0y las necesidades de su Comunidad.<br \/>\n<em><strong>Carta preferida:<\/strong><\/em> <a href=\"https:\/\/blogs.magicjudges.org\/latam\/wp-content\/plugins\/lems-mtg-helper\/lems-mtg-helper-cardfinder.php?find=Gifts+Ungiven&width=223&height=310\" class=\"jTip\" name=\"\">Gifts Ungiven<\/a>.<br \/>\n<em><strong>Comandante favorito:<\/strong><\/em>\u00a0<a href=\"https:\/\/blogs.magicjudges.org\/latam\/wp-content\/plugins\/lems-mtg-helper\/lems-mtg-helper-cardfinder.php?find=Karador%2C+Ghost+Chieftain&width=223&height=310\" class=\"jTip\" name=\"\">Karador, Ghost Chieftain<\/a><\/p>\n<p>&nbsp;<\/p>\n<p>&nbsp;<\/p>\n<p><strong><em><div class=\"wp-caption alignleft judgeimg\"><a href=\"https:\/\/apps.magicjudges.org\/judges\/dci\/29627499\"><img src=https:\/\/apps.magicjudges.org\/dci\/avatar?dci=29627499&size=200 alt=\"Yukio Victoria\"><\/a><p class=\"wp-caption-text\">Yukio Victoria<\/p><\/div><\/em><\/strong>Nacido en 1990, vive en <em><strong>Medell\u00edn Colombia<\/strong><\/em>.<br \/>\n<em><strong>Jugador<\/strong><\/em> de Magic desde 2002 (lanzamiento de Onslaught) y <em><strong>juez<\/strong><\/em> certificado desde 2009.<br \/>\n<em><strong>Programa:<\/strong><\/em> centrado en la participaci\u00f3n en eventos y proyectos relacionados al conocimiento de reglas (Knowledge Pool y antiguas versiones del juego El Erudito).<br \/>\n<em><strong>Comandante favorito:<\/strong><\/em> <a href=\"https:\/\/blogs.magicjudges.org\/latam\/wp-content\/plugins\/lems-mtg-helper\/lems-mtg-helper-cardfinder.php?find=Mikaeus%2C+the+Unhallowed&width=223&height=310\" class=\"jTip\" name=\"\">Mikaeus, the Unhallowed<\/a>.<br \/>\n<em><strong>Carta favorita:<\/strong><\/em> <a href=\"https:\/\/blogs.magicjudges.org\/latam\/wp-content\/plugins\/lems-mtg-helper\/lems-mtg-helper-cardfinder.php?find=Dark+Confidant&width=223&height=310\" class=\"jTip\" name=\"\">Dark Confidant<\/a> (porque tiene el mejor flavor text).<br \/>\n(<a href=\"http:\/\/blogs.magicjudges.org\/latam\/2016\/06\/23\/circulo-de-historias-yukio-victoria\/\">Entrevista<\/a>)<\/p>\n","protected":false},"excerpt":{"rendered":"<p>Coordinador Regional Naci\u00f3 en 1979 y vive en Temperley, Argentina. Jugador de Magic desde 1999 (Mercadian Masques) y fue certificado en el a\u00f1o 2002. Programa: Su funci\u00f3n principal es la de Coordinador Regional de la regi\u00f3n Hispanoam\u00e9rica Sur. Carta preferida: . (Entrevista) &nbsp; Naci\u00f3 en 1990 en Tucum\u00e1n, Argentina. Reside actualmente en Buenos Aires. Jugador [&hellip;]<\/p>\n","protected":false},"author":227,"featured_media":0,"parent":0,"menu_order":3,"comment_status":"closed","ping_status":"closed","template":"","meta":{"footnotes":"","_links_to":"","_links_to_target":""},"language":[],"class_list":["post-34","page","type-page","status-publish","hentry"],"_links":{"self":[{"href":"https:\/\/blogs.magicjudges.org\/latam\/wp-json\/wp\/v2\/pages\/34","targetHints":{"allow":["GET"]}}],"collection":[{"href":"https:\/\/blogs.magicjudges.org\/latam\/wp-json\/wp\/v2\/pages"}],"about":[{"href":"https:\/\/blogs.magicjudges.org\/latam\/wp-json\/wp\/v2\/types\/page"}],"author":[{"embeddable":true,"href":"https:\/\/blogs.magicjudges.org\/latam\/wp-json\/wp\/v2\/users\/227"}],"replies":[{"embeddable":true,"href":"https:\/\/blogs.magicjudges.org\/latam\/wp-json\/wp\/v2\/comments?post=34"}],"version-history":[{"count":78,"href":"https:\/\/blogs.magicjudges.org\/latam\/wp-json\/wp\/v2\/pages\/34\/revisions"}],"predecessor-version":[{"id":3063,"href":"https:\/\/blogs.magicjudges.org\/latam\/wp-json\/wp\/v2\/pages\/34\/revisions\/3063"}],"wp:attachment":[{"href":"https:\/\/blogs.magicjudges.org\/latam\/wp-json\/wp\/v2\/media?parent=34"}],"wp:term":[{"taxonomy":"language","embeddable":true,"href":"https:\/\/blogs.magicjudges.org\/latam\/wp-json\/wp\/v2\/language?post=34"}],"curies":[{"name":"wp","href":"https:\/\/api.w.org\/{rel}","templated":true}]}}