{"id":95,"date":"2015-09-10T16:48:39","date_gmt":"2015-09-10T16:48:39","guid":{"rendered":"http:\/\/blogs.magicjudges.org\/latam\/?page_id=95"},"modified":"2016-07-12T18:56:07","modified_gmt":"2016-07-12T18:56:07","slug":"articulos","status":"publish","type":"page","link":"https:\/\/blogs.magicjudges.org\/latam\/articulos\/","title":{"rendered":"Art\u00edculos"},"content":{"rendered":"<ul>\n<li><a href=\"http:\/\/blogs.magicjudges.org\/latam\/2016\/07\/08\/el-proceso-de-certificacion-remota-de-l2\/\">El proceso de certificacio\u0301n remota de L2-\u00a0<em>por Carlos Ho<\/em><\/a><\/li>\n<li><a href=\"http:\/\/blogs.magicjudges.org\/latam\/2016\/07\/06\/recursos-limitados\/\">Recursos limitados- <em>por Ciro Brizzio<\/em><\/a><\/li>\n<li><a href=\"http:\/\/blogs.magicjudges.org\/latam\/2016\/06\/29\/report-begins\/\">Report Begins- <em>por Daniel &#8220;Pulse&#8221; Ojcius<\/em><\/a><\/li>\n<li><a href=\"http:\/\/blogs.magicjudges.org\/latam\/2016\/06\/09\/proyectando\/\">Proyectando- <em>por Nicol\u00e1s De Bonis<\/em><\/a><\/li>\n<li><a href=\"http:\/\/blogs.magicjudges.org\/latam\/2016\/05\/11\/ensayo-sobre-el-balance-jugadores-organizadores-y-jueces\/\">Ensayo sobre el balance: jugadores, organizadores y jueces- <em>por Santiago Prieto<\/em><\/a><\/li>\n<li><a href=\"http:\/\/blogs.magicjudges.org\/latam\/2016\/05\/04\/evolucion-historica-de-la-ipg\/\">Evoluci\u00f3n hist\u00f3rica de la IPG- <em>por Alenadro Raggio<\/em><\/a><\/li>\n<li><a href=\"http:\/\/blogs.magicjudges.org\/latam\/2016\/04\/27\/no-fui-seleccionado-y-ahora\/\">No fui seleccionado&#8230; \u00bfy ahora?- <em>por Adr\u00edan Estoup<\/em><\/a><\/li>\n<li><a href=\"http:\/\/blogs.magicjudges.org\/latam\/2016\/04\/13\/los-estornudos-pueden-viajar-hasta-161-kmh-o-presentacion-de-candidatos-a-l3-cono-sur\/\">\u00a1Los estornudos pueden viajar hasta 161 km\/h! (o Presentaci\u00f3n de &#8220;Candidatos a L3 Cono-Sur)- <em>por Dami\u00e1n Hiller<\/em><\/a><\/li>\n<li><a href=\"http:\/\/blogs.magicjudges.org\/latam\/2016\/03\/30\/dividir-o-compartir-y-no-morir-en-el-intento\/\">Dividir o Compartir y no morir en el intento- <em>por Jos\u00e9 Luis Mi\u00f1o<\/em><\/a><\/li>\n<li><a href=\"http:\/\/blogs.magicjudges.org\/latam\/2016\/03\/18\/conferencias-latinoamericanas-2016\/\">Conferencias Latinoamericanas 2016- <em>por Julio Sosa<\/em><\/a><\/li>\n<li><a href=\"http:\/\/blogs.magicjudges.org\/latam\/2016\/03\/02\/escribiendo-un-reporte-de-torneo-por-agustin-costarelli\/\">Escribiendo un Reporte de Torneo- <em>por Agust\u00edn Costarelli<\/em><\/a><\/li>\n<li><a href=\"http:\/\/blogs.magicjudges.org\/latam\/2016\/02\/07\/latin-reviews-por-rene-herrera\/\">Latin Reviews- <em>por Rene Herrera<\/em><\/a><\/li>\n<li><a href=\"http:\/\/blogs.magicjudges.org\/latam\/2016\/02\/07\/latin-reviews-parte-ii-por-rene-herrera\/\">Latin Reviews II-<em> por Rene Herrera<\/em><\/a><\/li>\n<li><a href=\"http:\/\/blogs.magicjudges.org\/latam\/2016\/01\/07\/evaluacion-de-candidatos-a-nivel-1-por-carlos-rada\/\">Evaluaci\u00f3n de candidatos a nivel 1 &#8211; <em>por Carlos Rada<\/em><\/a><\/li>\n<li><a href=\"http:\/\/blogs.magicjudges.org\/latam\/2015\/12\/21\/tres-flancos-que-analizar-nuevos-procedimientos-de-mazo-sellado-por-jose-luis-mino\/\">Tres flancos que analizar: nuevos procedimientos de mazo sellado. \u2013<em> por Jos\u00e9 Luis Mi\u00f1o<\/em><\/a><\/li>\n<li><a href=\"http:\/\/blogs.magicjudges.org\/latam\/2015\/12\/21\/certificacion-en-el-gp-santiago-2015-una-comunidad-que-trabaja-diferente-team-comunidad\/\">Certificaci\u00f3n en el GP Santiago 2015: una comunidad que trabaja diferente. \u2013 <em>Team Comunidad<\/em><\/a><\/li>\n<li><a href=\"http:\/\/blogs.magicjudges.org\/latam\/2015\/11\/22\/para-que-existen-los-niveles-de-juez-por-nemesio-bolanos\/\">\u00bfPara qu\u00e9 existen los niveles de juez?- <\/a><em><a href=\"http:\/\/blogs.magicjudges.org\/latam\/2015\/11\/22\/para-que-existen-los-niveles-de-juez-por-nemesio-bolanos\/\">por Nemesio Bola\u00f1os<br \/>\n<\/a><\/em><\/li>\n<li><em><a href=\"http:\/\/blogs.magicjudges.org\/latam\/2015\/11\/22\/bienvenido-a-tu-primer-gp-por-yukio-victoria\/\">\u00a1Bienvenido a tu primer GP! \u2013 <em>por Yukio Victoria<\/em><\/a><\/em><\/li>\n<li>\u00a0<a href=\"http:\/\/blogs.magicjudges.org\/latam\/2015\/09\/30\/el-mito-ejemplar-por-julio-sosa\/\">El Mito Ejemplar- <em>por Julio Sosa<\/em><\/a><\/li>\n<li><a href=\"http:\/\/blogs.magicjudges.org\/latam\/2015\/09\/10\/liderazgo-the-hr-judge-por-facundo-gamero\/\">Liderazgo- <em>The HR Judge por Facundo Gamero.<\/em><\/a><\/li>\n<li><a href=\"http:\/\/blogs.magicjudges.org\/latam\/2015\/09\/12\/equipos-desde-las-trincheras-por-claudio-nieva\/\">Equipos- <em>Desde las Trincheras por Claudio Nieva.<\/em><\/a><\/li>\n<li><a href=\"http:\/\/blogs.magicjudges.org\/latam\/2015\/09\/14\/fin-de-ronda-desde-las-trincheras-por-claudio-nieva\/\">Fin de Ronda- <em>Desde las Trincheras por Claudio Nieva<\/em>.<\/a><\/li>\n<li><a href=\"http:\/\/blogs.magicjudges.org\/latam\/2015\/09\/14\/objetivos-the-hr-judge-por-facundo-gamero\/\">Objetivos- <em>The HR Judge por Facundo Gamero<\/em>.<\/a><\/li>\n<\/ul>\n","protected":false},"excerpt":{"rendered":"<p>El proceso de certificacio\u0301n remota de L2-\u00a0por Carlos Ho Recursos limitados- por Ciro Brizzio Report Begins- por Daniel &#8220;Pulse&#8221; Ojcius Proyectando- por Nicol\u00e1s De Bonis Ensayo sobre el balance: jugadores, organizadores y jueces- por Santiago Prieto Evoluci\u00f3n hist\u00f3rica de la IPG- por Alenadro Raggio No fui seleccionado&#8230; \u00bfy ahora?- por Adr\u00edan Estoup \u00a1Los estornudos pueden [&hellip;]<\/p>\n","protected":false},"author":227,"featured_media":0,"parent":0,"menu_order":0,"comment_status":"closed","ping_status":"closed","template":"","meta":{"footnotes":"","_links_to":"","_links_to_target":""},"language":[],"class_list":["post-95","page","type-page","status-publish","hentry"],"_links":{"self":[{"href":"https:\/\/blogs.magicjudges.org\/latam\/wp-json\/wp\/v2\/pages\/95","targetHints":{"allow":["GET"]}}],"collection":[{"href":"https:\/\/blogs.magicjudges.org\/latam\/wp-json\/wp\/v2\/pages"}],"about":[{"href":"https:\/\/blogs.magicjudges.org\/latam\/wp-json\/wp\/v2\/types\/page"}],"author":[{"embeddable":true,"href":"https:\/\/blogs.magicjudges.org\/latam\/wp-json\/wp\/v2\/users\/227"}],"replies":[{"embeddable":true,"href":"https:\/\/blogs.magicjudges.org\/latam\/wp-json\/wp\/v2\/comments?post=95"}],"version-history":[{"count":50,"href":"https:\/\/blogs.magicjudges.org\/latam\/wp-json\/wp\/v2\/pages\/95\/revisions"}],"predecessor-version":[{"id":660,"href":"https:\/\/blogs.magicjudges.org\/latam\/wp-json\/wp\/v2\/pages\/95\/revisions\/660"}],"wp:attachment":[{"href":"https:\/\/blogs.magicjudges.org\/latam\/wp-json\/wp\/v2\/media?parent=95"}],"wp:term":[{"taxonomy":"language","embeddable":true,"href":"https:\/\/blogs.magicjudges.org\/latam\/wp-json\/wp\/v2\/language?post=95"}],"curies":[{"name":"wp","href":"https:\/\/api.w.org\/{rel}","templated":true}]}}