{"id":1025,"date":"2014-09-22T14:13:03","date_gmt":"2014-09-22T14:13:03","guid":{"rendered":"http:\/\/blogs.magicjudges.org\/o\/?page_id=1025"},"modified":"2016-12-20T19:36:33","modified_gmt":"2016-12-20T19:36:33","slug":"conferences-es","status":"publish","type":"page","link":"https:\/\/blogs.magicjudges.org\/o\/spheres-es\/conferences-es\/","title":{"rendered":"Conferencias"},"content":{"rendered":"<div class=\"wp-caption alignleft judgeimg\"><a href=\"https:\/\/apps.magicjudges.org\/judges\/dci\/91426501\"><img src=https:\/\/apps.magicjudges.org\/dci\/avatar?dci=91426501&size=200 alt=\"Damian Hiller\nNivel 4, Argentina\"><\/a><p class=\"wp-caption-text\">Damian Hiller<br \/>\nNivel 4, Argentina<\/p><\/div>\n<p><span class='judge-tooltip'><a href='https:\/\/apps.magicjudges.org\/judges\/dci\/91426501' >Damian Hiller<\/a><span class='avatar'><img width='200' height='200' src='https:\/\/apps.magicjudges.org\/dci\/avatar?dci=91426501&size=200'><\/span><\/span> es el responsable del grupo que se ocupa de las conferencias de jueces. Los integrantes de este grupo supervisan las conferencias de jueces en todo el mundo, asisten a los Coordinadores Regionales en los preparativos para lograr la mejor experiencia posible para los asistentes, y tambi\u00e9n se aseguran de que los conocimientos se transfieran gracias a la recopilaci\u00f3n de datos en la biblioteca de seminarios y conferencias.<\/p>\n<p>Este grupo fija las expectativas de lo que se espera de una conferencia de jueces; los requisitos para organizarla y el apoyo que recibe. Tambi\u00e9n se encarga de asegurar que cada conferencia regional reciba el apoyo, contenido y orientaci\u00f3n correspondiente. Los documentos, las pautas y las pol\u00edticas se publicar\u00e1n y se mantendr\u00e1n actualizados en\u00a0el <a href=\"http:\/\/blogs.magicjudges.org\/conferences\/\">blog de conferencias de jueces<\/a>.<\/p>\n","protected":false},"excerpt":{"rendered":"<p>es el responsable del grupo que se ocupa de las conferencias de jueces. Los integrantes de este grupo supervisan las conferencias de jueces en todo el mundo, asisten a los Coordinadores Regionales en los preparativos para lograr la mejor experiencia posible para los asistentes, y tambi\u00e9n se aseguran de que los conocimientos se transfieran gracias [&hellip;]<\/p>\n","protected":false},"author":13,"featured_media":0,"parent":997,"menu_order":0,"comment_status":"closed","ping_status":"closed","template":"page_width-index.php","meta":{"footnotes":"","_links_to":"","_links_to_target":""},"language":[8],"class_list":["post-1025","page","type-page","status-publish","hentry","language-es"],"_links":{"self":[{"href":"https:\/\/blogs.magicjudges.org\/o\/wp-json\/wp\/v2\/pages\/1025","targetHints":{"allow":["GET"]}}],"collection":[{"href":"https:\/\/blogs.magicjudges.org\/o\/wp-json\/wp\/v2\/pages"}],"about":[{"href":"https:\/\/blogs.magicjudges.org\/o\/wp-json\/wp\/v2\/types\/page"}],"author":[{"embeddable":true,"href":"https:\/\/blogs.magicjudges.org\/o\/wp-json\/wp\/v2\/users\/13"}],"replies":[{"embeddable":true,"href":"https:\/\/blogs.magicjudges.org\/o\/wp-json\/wp\/v2\/comments?post=1025"}],"version-history":[{"count":18,"href":"https:\/\/blogs.magicjudges.org\/o\/wp-json\/wp\/v2\/pages\/1025\/revisions"}],"predecessor-version":[{"id":3486,"href":"https:\/\/blogs.magicjudges.org\/o\/wp-json\/wp\/v2\/pages\/1025\/revisions\/3486"}],"up":[{"embeddable":true,"href":"https:\/\/blogs.magicjudges.org\/o\/wp-json\/wp\/v2\/pages\/997"}],"wp:attachment":[{"href":"https:\/\/blogs.magicjudges.org\/o\/wp-json\/wp\/v2\/media?parent=1025"}],"wp:term":[{"taxonomy":"language","embeddable":true,"href":"https:\/\/blogs.magicjudges.org\/o\/wp-json\/wp\/v2\/language?post=1025"}],"curies":[{"name":"wp","href":"https:\/\/api.w.org\/{rel}","templated":true}]}}