{"id":1031,"date":"2014-09-23T15:18:02","date_gmt":"2014-09-23T15:18:02","guid":{"rendered":"http:\/\/blogs.magicjudges.org\/o\/?page_id=1031"},"modified":"2017-12-14T20:13:57","modified_gmt":"2017-12-14T20:13:57","slug":"level-3-testing-es","status":"publish","type":"page","link":"https:\/\/blogs.magicjudges.org\/o\/spheres-es\/level-3-testing-es\/","title":{"rendered":"Examinaci\u00f3n de Nivel 3"},"content":{"rendered":"<p><a href=\"http:\/\/blogs.magicjudges.org\/o\/judge-certification-es\/level-3-advancement-process-es\/\">El proceso de avance a Nivel 3<\/a>\u00a0pas\u00f3 por grandes cambios en 2011. Estos cambios estaban destinados a superar el reto de mantener un s\u00f3lido est\u00e1ndar global para el nivel 3, mientras que se creaban procesos m\u00e1s definidos, transparentes y objetivos, de cara a incrementar la confianza en que el camino al nivel 3 est\u00e1 basado en el m\u00e9rito y no en a qui\u00e9n conoces o en a qui\u00e9n le gustas.<\/p>\n<h2>Proyectos<\/h2>\n<p>[cets_callout_box style=&#8217;gray&#8217; align=&#8217;full&#8217; title=&#8217;Comit\u00e9 de verificaci\u00f3n&#8217;] Todas las aplicaciones para nivel 3 pasan a trav\u00e9s del Comit\u00e9 de verificaci\u00f3n. Eso asegura que los aplicantes a nivel 3 cumplen con los est\u00e1ndares establecidos y que reciben una respuesta r\u00e1pida despu\u00e9s de enviar su aplicaci\u00f3n. Cuando una aplicaci\u00f3n es aprobada, para al grupo de entrevistas pre-evento.<br \/>\n<strong>L\u00edder de proyecto <\/strong><span class='judge-tooltip'><a href='https:\/\/apps.magicjudges.org\/judges\/dci\/1206310286' >Sophie Pag\u00e8s<\/a><span class='avatar'><img width='200' height='200' src='https:\/\/apps.magicjudges.org\/dci\/avatar?dci=1206310286&size=200'><\/span><\/span><br \/>\n<strong>Miembros <\/strong><span class='judge-tooltip'><a href='https:\/\/apps.magicjudges.org\/judges\/dci\/44414116' >Stephan Classen<\/a><span class='avatar'><img width='200' height='200' src='https:\/\/apps.magicjudges.org\/dci\/avatar?dci=44414116&size=200'><\/span><\/span>, <span class='judge-tooltip'><a href='https:\/\/apps.magicjudges.org\/judges\/dci\/70597209' >Richard Drijvers<\/a><span class='avatar'><img width='200' height='200' src='https:\/\/apps.magicjudges.org\/dci\/avatar?dci=70597209&size=200'><\/span><\/span>, <span class='judge-tooltip'><a href='https:\/\/apps.magicjudges.org\/judges\/dci\/9213612204' >John Eriksson<\/a><span class='avatar'><img width='200' height='200' src='https:\/\/apps.magicjudges.org\/dci\/avatar?dci=9213612204&size=200'><\/span><\/span>, <span class='judge-tooltip'><a href='https:\/\/apps.magicjudges.org\/judges\/dci\/1206181211' >Fran\u00e7ois Grossi<\/a><span class='avatar'><img width='200' height='200' src='https:\/\/apps.magicjudges.org\/dci\/avatar?dci=1206181211&size=200'><\/span><\/span>, <span class='judge-tooltip'><a href='https:\/\/apps.magicjudges.org\/judges\/dci\/3213939960' >Nate Hurley<\/a><span class='avatar'><img width='200' height='200' src='https:\/\/apps.magicjudges.org\/dci\/avatar?dci=3213939960&size=200'><\/span><\/span>, <span class='judge-tooltip'><a href='https:\/\/apps.magicjudges.org\/judges\/dci\/1201757752' >Bryan Prillaman<\/a><span class='avatar'><img width='200' height='200' src='https:\/\/apps.magicjudges.org\/dci\/avatar?dci=1201757752&size=200'><\/span><\/span>, <span class='judge-tooltip'><a href='https:\/\/apps.magicjudges.org\/judges\/dci\/1307426' >Carlos Rangon<\/a><span class='avatar'><img width='200' height='200' src='https:\/\/apps.magicjudges.org\/dci\/avatar?dci=1307426&size=200'><\/span><\/span>,\u00a0<span class='judge-tooltip'><a href='https:\/\/apps.magicjudges.org\/judges\/dci\/5209526794' >Josh Stansfield<\/a><span class='avatar'><img width='200' height='200' src='https:\/\/apps.magicjudges.org\/dci\/avatar?dci=5209526794&size=200'><\/span><\/span>, <span class='judge-tooltip'><a href='https:\/\/apps.magicjudges.org\/judges\/dci\/7207236749' >John Temple<\/a><span class='avatar'><img width='200' height='200' src='https:\/\/apps.magicjudges.org\/dci\/avatar?dci=7207236749&size=200'><\/span><\/span>, <span class='judge-tooltip'><a href='https:\/\/apps.magicjudges.org\/judges\/dci\/1205919809' >Jason Wong<\/a><span class='avatar'><img width='200' height='200' src='https:\/\/apps.magicjudges.org\/dci\/avatar?dci=1205919809&size=200'><\/span><\/span>[\/cets_callout_box]<\/p>\n<p>[cets_callout_box style=&#8217;gray&#8217; align=&#8217;full&#8217; title=&#8217;Entrevistas pre-evento&#8217;]Una vez que el Comit\u00e9 de Verificaci\u00f3n aprueba una solicitud, un juez nivel 3 de este grupo gestiona la entrevista pre-evento del candidato. La mayor\u00eda de los entrevistadores tendr\u00e1n un observador para mejorar el intercambio de ideas y ayudar a los nuevos miembros a aprender. El l\u00edder de las Entrevistas pre-evento se encarga de que el proceso fluya relativamente r\u00e1pido, de forma que se pueda programar la entrevista del candidato con su panel.<br \/>\n<strong>L\u00edder de proyecto <\/strong><span class='judge-tooltip'><a href='https:\/\/apps.magicjudges.org\/judges\/dci\/1206180505' >Antoine Bouaziz<\/a><span class='avatar'><img width='200' height='200' src='https:\/\/apps.magicjudges.org\/dci\/avatar?dci=1206180505&size=200'><\/span><\/span><br \/>\n<strong>Miembros<\/strong> Muchos, muchos niveles 3[\/cets_callout_box]<\/p>\n<h2>Blogs<\/h2>\n<p><a href=\"http:\/\/blogs.magicjudges.org\/road-to-l3\/\" rel=\"nofollow\">The Road to Level 3<\/a>\u00a0&#8211; Informaci\u00f3n actualizada sobre el proceso de avance a nivel 3<\/p>\n<p><a href=\"http:\/\/blogs.magicjudges.org\/l3-musings\/\" rel=\"nofollow\">Level 3 Musings<\/a>\u00a0&#8211; Informaci\u00f3n que los niveles 3 necesitan saber sobre el proceso de avance a nivel 3 (s\u00f3lo para nivel 3, se requiere contrase\u00f1a)<\/p>\n<h2>Art\u00edculos<\/h2>\n<p><a href=\"http:\/\/blogs.magicjudges.org\/articles\/l3-qualities-articles\/\">Las cualidades de nivel 3<\/a> &#8211; Las 12 cualidades explicadas por 12 niveles 3 expertos<\/p>\n<p><a href=\"http:\/\/blogs.magicjudges.org\/articles\/2012\/10\/30\/the-new-road-to-level-3-qualities-and-checklists\/\">El camino a nivel 3<\/a>\u00a0&#8211;\u00a0<span class='judge-tooltip'><a href='https:\/\/apps.magicjudges.org\/judges\/dci\/80716007' >Adam Cetnerowski<\/a><span class='avatar'><img width='200' height='200' src='https:\/\/apps.magicjudges.org\/dci\/avatar?dci=80716007&size=200'><\/span><\/span> resume los pasos a dar por un nivel 2 que est\u00e9 trabajando en llegar a nivel 3.<\/p>\n<p><a href=\"http:\/\/blogs.magicjudges.org\/articles\/2012\/11\/30\/the-new-road-to-level-3-the-pre-event-interview\/\">La entrevista pre-evento<\/a>\u00a0&#8211;\u00a0<span class='judge-tooltip'><a href='https:\/\/apps.magicjudges.org\/judges\/dci\/1203743114' >Jurgen Baert<\/a><span class='avatar'><img width='200' height='200' src='https:\/\/apps.magicjudges.org\/dci\/avatar?dci=1203743114&size=200'><\/span><\/span> nos habla sobre la parte m\u00e1s nueva del proceso de avance a nivel 3.<\/p>\n","protected":false},"excerpt":{"rendered":"<p>El proceso de avance a Nivel 3\u00a0pas\u00f3 por grandes cambios en 2011. Estos cambios estaban destinados a superar el reto de mantener un s\u00f3lido est\u00e1ndar global para el nivel 3, mientras que se creaban procesos m\u00e1s definidos, transparentes y objetivos, de cara a incrementar la confianza en que el camino al nivel 3 est\u00e1 basado [&hellip;]<\/p>\n","protected":false},"author":13,"featured_media":0,"parent":997,"menu_order":0,"comment_status":"closed","ping_status":"closed","template":"page_width-index.php","meta":{"footnotes":"","_links_to":"","_links_to_target":""},"language":[8],"class_list":["post-1031","page","type-page","status-publish","hentry","language-es"],"_links":{"self":[{"href":"https:\/\/blogs.magicjudges.org\/o\/wp-json\/wp\/v2\/pages\/1031","targetHints":{"allow":["GET"]}}],"collection":[{"href":"https:\/\/blogs.magicjudges.org\/o\/wp-json\/wp\/v2\/pages"}],"about":[{"href":"https:\/\/blogs.magicjudges.org\/o\/wp-json\/wp\/v2\/types\/page"}],"author":[{"embeddable":true,"href":"https:\/\/blogs.magicjudges.org\/o\/wp-json\/wp\/v2\/users\/13"}],"replies":[{"embeddable":true,"href":"https:\/\/blogs.magicjudges.org\/o\/wp-json\/wp\/v2\/comments?post=1031"}],"version-history":[{"count":26,"href":"https:\/\/blogs.magicjudges.org\/o\/wp-json\/wp\/v2\/pages\/1031\/revisions"}],"predecessor-version":[{"id":4460,"href":"https:\/\/blogs.magicjudges.org\/o\/wp-json\/wp\/v2\/pages\/1031\/revisions\/4460"}],"up":[{"embeddable":true,"href":"https:\/\/blogs.magicjudges.org\/o\/wp-json\/wp\/v2\/pages\/997"}],"wp:attachment":[{"href":"https:\/\/blogs.magicjudges.org\/o\/wp-json\/wp\/v2\/media?parent=1031"}],"wp:term":[{"taxonomy":"language","embeddable":true,"href":"https:\/\/blogs.magicjudges.org\/o\/wp-json\/wp\/v2\/language?post=1031"}],"curies":[{"name":"wp","href":"https:\/\/api.w.org\/{rel}","templated":true}]}}