{"id":1037,"date":"2014-09-22T04:42:17","date_gmt":"2014-09-22T04:42:17","guid":{"rendered":"http:\/\/blogs.magicjudges.org\/o\/?page_id=1037"},"modified":"2018-03-27T15:45:26","modified_gmt":"2018-03-27T15:45:26","slug":"judgeapps-forum-protocol-es","status":"publish","type":"page","link":"https:\/\/blogs.magicjudges.org\/o\/communication-channels-es\/judgeapps-forum-protocol-es\/","title":{"rendered":"Protocolo del foro de JudgeApps"},"content":{"rendered":"<h2>Reglas de los foros<\/h2>\n<ul>\n<li><strong>No publiques en los foros acerca de descalificaciones.<\/strong><br \/>\nLas investigaciones sobre descalificaciones no se hacen p\u00fablicas intencionalmente. Respeta esto y no preguntes sobre descalificaciones.<\/li>\n<li><strong>Publica en el foro correcto.<\/strong><br \/>\nLee la descripci\u00f3n de cada foro, lee los hilos de discusi\u00f3n existentes y considera si lo que vas a publicar es relevante en ese foro en concreto.<\/li>\n<li><strong>Mantente dentro del tema en cuesti\u00f3n en un hilo de discusi\u00f3n.<\/strong><br \/>\nNo publiques mensajes del tipo &#8220;yo tambi\u00e9n&#8221; o &#8220;+1&#8221;. Si tienes tu email con un ajuste de auto-respuesta por favor desactiva las notificaciones por email del foro.<\/li>\n<li><strong>Busca en los foros antes de hacer tu pregunta.<\/strong><br \/>\nEmpezar un nuevo hilo para un tema ya cubierto en otros hilos fragmenta las posibles respuestas. Por favor considera si merece la pena contestar a un hilo de 6 (o m\u00e1s) meses de antig\u00fcedad.<\/li>\n<li><strong>Insistir en un tema no har\u00e1 que tengas una respuesta antes.<\/strong><br \/>\nEs posible que no haya una respuesta Oficial a un tema, tan s\u00f3lo discusi\u00f3n y sugerencias.<\/li>\n<li><strong>Ten en cuenta a los dem\u00e1s jueces al publicar.<\/strong><br \/>\nHay m\u00e1s de 5000 jueces en el Programa de Jueces y este n\u00famero crece cada semana. Potencialmente tu publicaci\u00f3n podr\u00eda llegar por email a un gran n\u00famero de estos jueces.<\/li>\n<li><strong>Fotos de perfil en los foros.<\/strong><br \/>\nLas fotos de perfil en los foros deben ser s\u00f3lo de ti mismo, en uniforme de juez. Se alienta el uso de camisas de juez (negra, celeste o borgo\u00f1a). Remeras de juez o staff de cualquier TO, o remeral regionales de juez est\u00e1n bien. Ropa informal no es lo ideal, pero aceptable. Dibujos, logos, ilustraciones y otros medios no fotogr\u00e1ficos o cualquier cosa ofensiva no es aceptable.<\/li>\n<li><strong>Reportar un error o comentarios sobre estos foros.<\/strong><br \/>\nSi quieres reportar un error o comentarios sobre estos foros usa el enlace de <a href=\"http:\/\/apps.magicjudges.org\/feedback\/\" rel=\"nofollow\">&#8220;Comentarios&#8221;<\/a>.<\/li>\n<\/ul>\n<h2>Comportamiento en el foro<\/h2>\n<ul>\n<li><strong>Piensa antes de responder en el foro.<\/strong><br \/>\nAyuda a la discusi\u00f3n lo que vas a publicar?<br \/>\nProporciona una nueva perspectiva?<br \/>\nEs lo mismo que ha publicado otro juez?<\/li>\n<li><strong>Piensa antes de crear un nuevo tema.<\/strong><br \/>\nExiste ya un hilo en ese tema u otro similar?<br \/>\nSer\u00e1 ese tema relevante para m\u00e1s de 5000 jueces?<br \/>\nEst\u00e1s publicando en el foro correcto?<\/li>\n<li><strong>Se puede estar en desacuerdo, pero hazlo con respeto.<\/strong><br \/>\nSi no est\u00e1s de acuerdo con la opini\u00f3n de otro juez o con c\u00f3mo se resolvi\u00f3 una situaci\u00f3n explica por qu\u00e9 est\u00e1s en desacuerdo y qu\u00e9 habr\u00edas hecho diferente.<br \/>\nSi no estabas involucrado en una situaci\u00f3n en concreto no especules sobre la resoluci\u00f3n de dicha situaci\u00f3n, no cuestiones las decisiones de los jueces involucrados.<br \/>\nSi tienes curiosidad sobre c\u00f3mo se solucionar\u00eda una situaci\u00f3n simplemente descr\u00edbela sin dar m\u00e1s detalles.<\/li>\n<li><strong>Al crear un nuevo tema haz que el nombre sea descriptivo.<\/strong><br \/>\nEsto permite que otros busquen el tema en el futuro, y ayuda a otros a navegar el foro.<\/li>\n<li><strong>Al citar publicaciones anteriores incluye s\u00f3lo la parte relevante.<\/strong><br \/>\nAl responder por email, por favor trata de eliminar el texto anterior, ya que dificulta la lectura de las notificaciones por email.<\/li>\n<li><strong>Lee el hilo por completo antes de responder.<\/strong><br \/>\nAlguien puede haber dicho lo mismo que vas a decir.\u00a0No es respetuoso con los dem\u00e1s el responder sin tener en cuenta otras respuestas, y lo es a\u00fan m\u00e1s el decirlo al responder.<br \/>\nSi no tienes tiempo para leer la discusi\u00f3n completa tal vez es mejor no responder.<\/li>\n<li><strong>Ten en cuenta a aquellos que reciben notificaciones por email al responder o editar publicaciones.<\/strong><br \/>\nUn gran n\u00famero de usuarios del foro s\u00f3lo usan email; responder m\u00faltiples veces a un hilo causa que se env\u00eden un gran n\u00famero de emails a un gran n\u00famero de jueces.<br \/>\nTen en cuenta que hay usuarios en muchas zonas horarias, y que puede que haya quien se encuentre con muchos emails si un hilo tiene muchas respuestas en un per\u00edodo de tiempo corto.<br \/>\nLos usuarios que siguen el foro por Email no recibir\u00e1n notificaciones cuando edites una publicaci\u00f3n; si necesitas corregir lo que has dicho y es relevante para la discusi\u00f3n piensa si ser\u00eda mejor responder con la correcci\u00f3n.<\/li>\n<\/ul>\n<h2>Listado de foros y contenido apropiado<\/h2>\n<h3><span style=\"font-size: 1.17em;line-height: 1.5em\">Announcements (Anuncios)<\/span><\/h3>\n<h4><a href=\"http:\/\/apps.magicjudges.org\/forum\/71\/\">Official Announcements (Anuncios Oficiales)<\/a><\/h4>\n<p>Anuncios oficiales del Programa de jueces, los Coordinadores del programa y empleados de Wizards of the Coast. Este foro cierra autom\u00e1ticamente los hilos para evitar respuestas. Si tienes preguntas por favor hazlas en el foro pertinente de la secci\u00f3n General.<\/p>\n<h4><a href=\"http:\/\/apps.magicjudges.org\/forum\/72\/\">Un-official Announcements (Anuncios no oficiales)<\/a><\/h4>\n<p>Anuncios de proyectos por jueces de todo el mundo. Por favor no respondas a este foro, no se cierran autom\u00e1ticamente los hilos en este foro para que los miembros de cada proyecto puedan administrar mejor sus publicaciones. A no ser que el anuncio pida respuestas por favor pregunta en privado a quien haya abierto el hilo a trav\u00e9s de la utilidad de <a href=\"http:\/\/apps.magicjudges.org\/judges\/\">Contacta con un Juez<\/a><\/p>\n<h4><a href=\"http:\/\/apps.magicjudges.org\/forum\/3464\/\">Recurring Publications &amp; Blog Posts (Publicaciones Recurrentes y Blogs)<\/a><\/h4>\n<p>Nueva ubicaci\u00f3n para publicar avisos de publicaciones mensuales\/semanales\/regulares tales como aniversarios, certificaciones, podcasts, etc.<\/p>\n<h4><a href=\"http:\/\/apps.magicjudges.org\/forum\/1393\/\">Project Recruitment &amp; Help Wanted (Reclutamiento para projectos y B\u00fasqueda de Ayuda)<\/a><\/h4>\n<p>Publicaciones solicitando ayuda ya sea para unirse a un proyecto, a una actividad, o a cualquier tema que requiera ayuda (Por favor no anunci\u00e9is torneos o conferencias aqu\u00ed).<\/p>\n<h4><a href=\"http:\/\/apps.magicjudges.org\/forum\/426\/\">Grand Prix Solicitations and Selected Staffs (Solicitudes y selecciones para Grand Prix)<\/a><\/h4>\n<p>S\u00f3lamente para selecciones para Grand Prix, no se debe publicar otros temas, y no se debe responder. No se cierran autom\u00e1ticamente los hilos en este foro para que los Judge Manager de cada GP puedan administrar mejor sus publicaciones. A no ser que el anuncio pida respuestas por favor pregunta en privado a quien haya abierto el hilo a trav\u00e9s de la utilidad de <a href=\"http:\/\/apps.magicjudges.org\/judges\/\">Contacta con un Juez<\/a><\/p>\n<h3><span style=\"font-size: 1.17em;line-height: 1.5em\">General<\/span><\/h3>\n<h4><a href=\"http:\/\/apps.magicjudges.org\/forum\/73\/\">Rules Q&amp;A (Preguntas de reglas)<\/a><\/h4>\n<p>\u00bfTienes una pregunta de reglas? Pregunta aqu\u00ed! En este foro se dan respuestas [O]ficiales a preguntas de reglas. No respondas a este foro a no ser que est\u00e9s dando una respuesta [O]ficial. Si tienes m\u00e1s preguntas por favor env\u00eda un mensaje privado a un moderador. Los hilos en este foro se cierran autom\u00e1ticamente a la espera de una respuesta [O]ficial.<\/p>\n<h4><a href=\"http:\/\/apps.magicjudges.org\/forum\/74\/\">Regular REL (NIR Normal)<\/a><\/h4>\n<p>Preguntas y discusiones sobre NIR Normal. Aunque se dar\u00e1n respuestas [O]ficiales si fuera requerido, este foro es de discusi\u00f3n espec\u00edfica sobre eventos de NIR Normal, el documento JAR y cualquier otra cosa referente a NIR Normal.<\/p>\n<h4><a href=\"http:\/\/apps.magicjudges.org\/forum\/75\/\">Competitive REL (NIR Competitivo)<\/a><\/h4>\n<p>Preguntas y discusiones sobre NIR Competitivo. Aunque se dar\u00e1n respuestas [O]ficiales si fuera requerido, este foro es de discusi\u00f3n espec\u00edfica sobre eventos de NIR Competitivo, los documentos IPG, MTR, y cualquier otra cosa referente a NIR Competitivo.<\/p>\n<h4><a href=\"http:\/\/apps.magicjudges.org\/forum\/76\/\">Tournament Operations (Procedimientos de torneos)<\/a><\/h4>\n<p>Preguntas y discusiones sobre procedimientos de torneos. Aunque se dar\u00e1n respuestas [O]ficiales si fuera requerido, este foro es de discusi\u00f3n espec\u00edfica sobre c\u00f3mo llevar eventos, la WPN y otros aspectos relativos a torneos no cubiertos en otros foros.<\/p>\n<h4><a href=\"http:\/\/apps.magicjudges.org\/forum\/77\/\">Judging Technology (Tecnolog\u00eda para arbitrar)<\/a><\/h4>\n<p>Preguntas y discusiones sobre soluciones tecnol\u00f3gicas del Programa de Jueces (WER, DCIX, etc.) Si funciona en un ordenador, un tel\u00e9fono o en internet, y est\u00e1 relacionado con el arbitraje, entonces este es el foro para discutir sobre ello. (Reportes de errores no deben publicarse en este foro, usa el enlace de <a href=\"http:\/\/apps.magicjudges.org\/feedback\/\" rel=\"nofollow\">&#8220;Comentarios&#8221;<\/a>).<\/p>\n<h4><a href=\"http:\/\/apps.magicjudges.org\/forum\/78\/\">Tournament &amp; Conference Reports (Reports de torneos y conferencias)<\/a><\/h4>\n<p>\u00bfHas escrito un report de un evento? Comp\u00e1rtelo aqu\u00ed!<\/p>\n<h4><a href=\"http:\/\/apps.magicjudges.org\/forum\/109\/\">Community Corner (Rinc\u00f3n de la comunidad)<\/a><\/h4>\n<p>Informaci\u00f3n y discusiones sobre la comunidad global de jueces y sobre c\u00f3mo cuidar y gestionar comunidades locales de jueces y jugadores.<\/p>\n<h4><a href=\"http:\/\/apps.magicjudges.org\/forum\/3540\/\">Magic Judge Hall of Fame<\/a><\/h4>\n<p>Informaci\u00f3n y discusiones relacionadas con el Magic Judge Hall of Fame. Comparte tus ideas, tanto si tienes voto o no \u2013 y habla de esos jueces que te han motivado e inspirado, y de por qu\u00e9 piensas que deber\u00edan estar en el Magic Judge Hall of Fame.<\/p>\n<h4><a href=\"http:\/\/apps.magicjudges.org\/forum\/540\/\">Article Discussion (Discusi\u00f3n de art\u00edculos)<\/a><\/h4>\n<p>Discusi\u00f3n de art\u00edculos de jueces.<\/p>\n<h4><a href=\"http:\/\/apps.magicjudges.org\/forum\/67\/\">Knowledge Pool Scenarios (Escenarios del Knowledge Pool)<\/a><\/h4>\n<p>Escenarios de The Knowledge Pool. \u00bfQuieres mejorar tu comprensi\u00f3n de las pol\u00edticas de torneos? Lee los escenarios, \u00fanete a la discusi\u00f3n, y aprende.<\/p>\n<h4><a href=\"http:\/\/apps.magicjudges.org\/forum\/3\/\">Test Forum (Foro de pruebas)<\/a><\/h4>\n<p>Este foro es para probar funciones de los fotos &#8211; no te sorprenda si el contenido es SPAM. Recomendamos desactivar las notificaciones para este foro.\u00a0Si quieres probar c\u00f3mo funciona el formato de tus posts, o comprobar c\u00f3mo las notificaciones o el email funcionan este es el lugar adecuado para ello.<\/p>\n<h3><span style=\"font-size: 1.17em;line-height: 1.5em\">Projects (Proyectos)<\/span><\/h3>\n<p>Si eres un miembro de un proyecto encontrar\u00e1s el foro correspondiente en esta secci\u00f3n.<\/p>\n<h3><span style=\"font-size: 1.17em;line-height: 1.5em\">Events (Eventos)<\/span><\/h3>\n<p>Si has sido seleccionado para un evento encontrar\u00e1s el foro correspondiente en esta secci\u00f3n.<\/p>\n<h2>Rulings oficiales<\/h2>\n<p>Un Ruling\u00a0Oficial es una explicaci\u00f3n definitiva sobre una parte de las pol\u00edticas y sobre la forma en que se pretende sea aplicada. Estos Rulings Oficiales deben ser usados en todos los torneos.<\/p>\n<p>Actualmente s\u00f3lo los siguientes jueces pueden dar Rulings Oficiales:<\/p>\n<p style=\"text-align: justify\"><div class=\"wp-caption alignnone judgeimg\"><a href=\"https:\/\/apps.magicjudges.org\/judges\/dci\/725295\"><img src=https:\/\/apps.magicjudges.org\/dci\/avatar?dci=725295&size=200 alt=\"Scott Marshall\nLevel 3, Colorado (USA)\"><\/a><p class=\"wp-caption-text\">Scott Marshall<br \/>\nLevel 3, Colorado (USA)<\/p><\/div>\u00a0<div class=\"wp-caption alignnone judgeimg\"><a href=\"https:\/\/apps.magicjudges.org\/judges\/dci\/40645391\"><img src=https:\/\/apps.magicjudges.org\/dci\/avatar?dci=40645391&size=200 alt=\"Toby Elliott\nLevel 3, California (USA)\"><\/a><p class=\"wp-caption-text\">Toby Elliott<br \/>\nLevel 3, California (USA)<\/p><\/div><\/p>\n<p style=\"text-align: justify\"><div class=\"wp-caption alignnone judgeimg\"><a href=\"https:\/\/apps.magicjudges.org\/judges\/dci\/23131655\"><img src=https:\/\/apps.magicjudges.org\/dci\/avatar?dci=23131655&size=200 alt=\"Nathan Long\nLevel 2, Colorado (USA)\"><\/a><p class=\"wp-caption-text\">Nathan Long<br \/>\nLevel 2, Colorado (USA)<\/p><\/div>\u00a0<div class=\"wp-caption alignnone judgeimg\"><a href=\"https:\/\/apps.magicjudges.org\/judges\/dci\/89987180\"><img src=https:\/\/apps.magicjudges.org\/dci\/avatar?dci=89987180&size=200 alt=\"Callum Milne\nLevel 2, Canada\"><\/a><p class=\"wp-caption-text\">Callum Milne<br \/>\nLevel 2, Canada<\/p><\/div><\/p>\n<h2 style=\"text-align: justify\">Moderadores del Foro<\/h2>\n<p style=\"text-align: justify\">Un Moderador del Foro puede ser identificado por una etiqueta bajo sus nombre. They are regularly checking things on the forum and may delete inappropriate posts or posts that go against this protocol. Los Moderadores del Foro comprueban frecuentemente los foros y pueden borrar publicaciones inadecuadas o que vayan en contra de este protocolo. Los Moderadores del Foro pueden tambi\u00e9n editar publicaciones para ayudar a mejorar el formato de los foros, a\u00f1adir enlaces a cartas, cambiar t\u00edtulos de hilos para mejorar la b\u00fasqueda por t\u00edtulo, etc.<\/p>\n<p style=\"text-align: justify\">Los <a href=\"http:\/\/blogs.magicjudges.org\/o\/judge-levels-redefinition\/#program-coordinators\">Coordinadores del Programa<\/a>\u00a0y los empleados de Wizards of the Coast\u00a0pueden tambi\u00e9n actuar como Moderadores del\u00a0Forum Moderators.<\/p>\n<h2><\/h2>\n","protected":false},"excerpt":{"rendered":"<p>Reglas de los foros No publiques en los foros acerca de descalificaciones. Las investigaciones sobre descalificaciones no se hacen p\u00fablicas intencionalmente. Respeta esto y no preguntes sobre descalificaciones. Publica en el foro correcto. Lee la descripci\u00f3n de cada foro, lee los hilos de discusi\u00f3n existentes y considera si lo que vas a publicar es relevante [&hellip;]<\/p>\n","protected":false},"author":13,"featured_media":0,"parent":887,"menu_order":0,"comment_status":"closed","ping_status":"closed","template":"page_width-index.php","meta":{"footnotes":"","_links_to":"","_links_to_target":""},"language":[8],"class_list":["post-1037","page","type-page","status-publish","hentry","language-es"],"_links":{"self":[{"href":"https:\/\/blogs.magicjudges.org\/o\/wp-json\/wp\/v2\/pages\/1037","targetHints":{"allow":["GET"]}}],"collection":[{"href":"https:\/\/blogs.magicjudges.org\/o\/wp-json\/wp\/v2\/pages"}],"about":[{"href":"https:\/\/blogs.magicjudges.org\/o\/wp-json\/wp\/v2\/types\/page"}],"author":[{"embeddable":true,"href":"https:\/\/blogs.magicjudges.org\/o\/wp-json\/wp\/v2\/users\/13"}],"replies":[{"embeddable":true,"href":"https:\/\/blogs.magicjudges.org\/o\/wp-json\/wp\/v2\/comments?post=1037"}],"version-history":[{"count":23,"href":"https:\/\/blogs.magicjudges.org\/o\/wp-json\/wp\/v2\/pages\/1037\/revisions"}],"predecessor-version":[{"id":4594,"href":"https:\/\/blogs.magicjudges.org\/o\/wp-json\/wp\/v2\/pages\/1037\/revisions\/4594"}],"up":[{"embeddable":true,"href":"https:\/\/blogs.magicjudges.org\/o\/wp-json\/wp\/v2\/pages\/887"}],"wp:attachment":[{"href":"https:\/\/blogs.magicjudges.org\/o\/wp-json\/wp\/v2\/media?parent=1037"}],"wp:term":[{"taxonomy":"language","embeddable":true,"href":"https:\/\/blogs.magicjudges.org\/o\/wp-json\/wp\/v2\/language?post=1037"}],"curies":[{"name":"wp","href":"https:\/\/api.w.org\/{rel}","templated":true}]}}