{"id":1046,"date":"2014-09-20T18:52:46","date_gmt":"2014-09-20T18:52:46","guid":{"rendered":"http:\/\/blogs.magicjudges.org\/o\/?page_id=1046"},"modified":"2016-11-24T18:51:53","modified_gmt":"2016-11-24T18:51:53","slug":"welcome-to-level-2-es","status":"publish","type":"page","link":"https:\/\/blogs.magicjudges.org\/o\/judge-levels-es\/welcome-to-level-2-es\/","title":{"rendered":"Bienvenido a nivel 2"},"content":{"rendered":"<p>El Programa de Jueces sigue evolucionando para servir mejor a las necesidades del juego organizado. Queremos que los jueces sean capaces de ayudar a los organizadores de torneos, a los jugadores y a otros jueces tambi\u00e9n.<\/p>\n<h2>El punto de partida<\/h2>\n<p>El examen de nivel 2 certifica que entiendes cada una de las habilidades que se describen aqu\u00ed y que ya posees lo suficiente como para comenzar a operar en tu nuevo rol en eventos y fuera de ellos. Tu camino para mejorar es interminable, as\u00ed que s\u00e9 feliz: puedes seguir desafi\u00e1ndote a ti mismo para conseguir ser un mejor juez.<\/p>\n<h2>El camino hacia la mejora<\/h2>\n<p>Una de las mejores cosas de ser juez es que siempre hay oportunidades para mejorar tus habilidades y convertirte en un mejor juez. La mayor parte de esta mejora proviene de la experiencia directa, pero alguna gu\u00eda siempre es muy \u00fatil para encontrar la mejor manera de seguir trabajando en tus habilidades.<\/p>\n<p>Si deseas visualizar mejor c\u00f3mo avanzar hacia L3 echa una ojeada al <a href=\"http:\/\/blogs.magicjudges.org\/o\/judge-testing\/level-3-advancement-process-es\/\">Proceso de Avance a Nivel 3<\/a>.<\/p>\n<h2>Arbitrar en eventos de NIR Competitivo<\/h2>\n<p>La mejor manera de mejorar en arbitrar en eventos de NIR Competitivo es seguir arbitrando! En estos eventos te enfrentar\u00e1s a nuevos desaf\u00edos con los procedimientos de torneos y con tus nuevos roles.<\/p>\n<ul>\n<li><b>Trabajo en equipo:<\/b> Las tareas de un gran torneo se suelen dividir entre diferentes equipos (Verificaci\u00f3n de mazos, Log\u00edstica, Papeles, &#8230;) para que cada juez contribuya al \u00e9xito del evento mediante la realizaci\u00f3n de tareas espec\u00edficas. Cada equipo necesita un juez que sea responsable tanto de las tareas como de los jueces del equipo. Los L\u00edderes de Equipo son los ojos y o\u00eddos del juez principal. Un buen L\u00edder de Equipo equilibra su atenci\u00f3n entre las tareas y los jueces, para que todo se realice correctamente y que los jueces puedan aprender nuevas habilidades, crear nuevas amistades, disfrutar del evento y no acabar agotados.<\/li>\n<li><strong>Juez Principal:<\/strong> El Juez Principal es el responsable de todo el torneo. \u00c9l o ella debe resolver las apelaciones de los jugadores y explicar reglas, pol\u00edticas y decisiones. Sus tareas por lo general incluyen el trabajo previo al evento con el organizador del torneo con el fin de ayudar a la selecci\u00f3n del personal y la log\u00edstica de la sala, y tambi\u00e9n despu\u00e9s del evento con el fin de dar consejo a los jueces y de hacer el reporte del torneo.<\/li>\n<li><strong>Investigaciones:<\/strong> En una investigaci\u00f3n es necesario conseguir los elementos suficientes de forma adecuada para poder tomar una decisi\u00f3n, y se necesita gran diplomacia para comunicar dicha decisi\u00f3n a los jugadores. En caso de <a href=\"http:\/\/blogs.magicjudges.org\/o\/disqualification-process\/\">descalificaci\u00f3n <\/a>del evento hay que escribir una declaraci\u00f3n, recopilar informaci\u00f3n y declaraciones pertinentes de los jugadores y jueces involucrados y enviar la investigaci\u00f3n a trav\u00e9s del Centro de Jueces.<\/li>\n<li><strong>Sanciones:<\/strong> Para dar una penalizaci\u00f3n a un jugador es necesario evaluar correctamente la infracci\u00f3n cometida y aplicar la soluci\u00f3n y sanci\u00f3n correctas. Es de suma importancia en este proceso el mostrar diplomacia y los conocimientos pertinentes. Las infracciones deben siempre ser introducidas en el software de torneo.<\/li>\n<li><strong>Verificaci\u00f3n de mazos:<\/strong> En eventos competitivos es necesario verificar la exactitud de las listas de mazo y que la cartas jugadas est\u00e9n correctamente listadas.<\/li>\n<\/ul>\n<h2>Hacer que la comunidad crezca<\/h2>\n<p>El nuevo poder m\u00e1s grande que adquieres al convertirte en nivel 2 es la posibilidad de certificar nuevos jueces. Con el fin de ayudar a que nuevos jueces entren en el programa necesitar\u00e1s:<\/p>\n<ul>\n<li><strong>Adquisici\u00f3n:<\/strong> Encuentra personas que muestren las habilidades que necesitan los jueces (habilidades sociales, correcci\u00f3n, voluntad de ayudar a los dem\u00e1s, &#8230;) y el inter\u00e9s en las normas y pol\u00edticas. Puedes comenzar a conseguir que se involucren en la comunidad de jueces desafi\u00e1ndolos con preguntas y escenarios, o por ejemplo habla con ellos acerca de tus experiencias en los eventos a los que fuiste. Estas personas pueden ser tanto jugadores como due\u00f1os de tiendas.<\/li>\n<li><strong>Gu\u00eda:<\/strong> Una vez que alguien muestra inter\u00e9s en convertirse en juez estar\u00e1 buscando a alguien que lo gu\u00ede a trav\u00e9s del proceso de aprendizaje. Tienes que darles los instrumentos para aprender las reglas para poner a prueba sus conocimientos y tu apoyo. Deja que te ayuden a arbitrar un evento peque\u00f1o para que se acostumbren a lo que hacemos.<\/li>\n<li><strong>Ex\u00e1menes:<\/strong> <a href=\"http:\/\/blogs.magicjudges.org\/o\/judge-certification-es\/\">El proceso para examinarse<\/a>\u00a0ha sido estandarizado de modo que se requiere que todos los candidatos posean las mismas habilidades b\u00e1sicas necesarias para funcionar a su nivel. Es recomendable cubrir los detalles del proceso de certificaci\u00f3n al menos una vez con un juez m\u00e1s experto.<\/li>\n<li><strong>Evaluaciones:<\/strong> Dar y recibir consejo es muy importante y es una herramienta fundamental para la mejora de la comunidad de jueces. Trata siempre de observar a algunos de tus compa\u00f1eros jueces trabajando y encuentra \u00e1reas de sus habilidades en las que podr\u00edan mejorar. Ofrece sugerencias sobre la manera de c\u00f3mo mejorar en estas habilidades, y recuerda ofrecer una cr\u00edtica constructiva.<\/li>\n<li><strong>Comunicaci\u00f3n:<\/strong> S\u00e9 parte activa de tu comunidad regional, estate presente en las listas de correo, foros locales y similares. Prop\u00f3n situaciones interesantes para su debates, reports de tus torneos, etc.<\/li>\n<\/ul>\n<h2>Trabajo en el Programa de Jueces<\/h2>\n<p>Al convertirte en nivel 2 que demuestras inter\u00e9s en participar m\u00e1s en el Programa de Jueces.<\/p>\n<ul>\n<li><strong>Coordinador Regional:<\/strong> Aseg\u00farate de ponerte en contacto con tu <a href=\"http:\/\/blogs.magicjudges.org\/o\/advanced-roles\/regional-coordinators-es\/\">Coordinador Regional<\/a>\u00a0para hacerle saber acerca de cualquier pregunta, cualquier problema o cualquier objetivo que puedas tener acerca del programa de jueces.<\/li>\n<li><strong>Foros de jueces:<\/strong> empieza a ser parte activa de la discusi\u00f3n en los foros internacionales y regionales, ya sea proponiendo temas que te encuentres en tu comunidad o en tus eventos o por compartir tu experiencia al responder a las preguntas de otros jueces. Lleva algunas de las discusiones a tu comunidad local y ayuda a tu comunidad a obtener nuevas experiencias.<\/li>\n<li><strong>Proyectos:<\/strong> El Programa de Jueces sigue tratando de mejorarse a s\u00ed mismo explorando nuevas posibilidades. Los jueces empiezan a trabajar en temas espec\u00edficos con el fin de o bien agregar nuevos desarrollos para el Programa o para mejorar las ya existentes. Puedes proponer nuevos proyectos para la comunidad o puedes pedir unirte al que prefieras.<\/li>\n<li><strong>Eventos m\u00e1s grandes:<\/strong> Una vez que obtengas la suficiente experiencia en eventos competitivos est\u00e1 la \u00faltima frontera: los eventos profesionales. Estos eventos est\u00e1n dirigidos con las m\u00e1s altas normas y procedimientos con el fin de dar a los jugadores una experiencia impresionante. Las solicitudes para estos eventos se publican en <a href=\"http:\/\/apps.magicjudges.org\/events\/\">JudgeApps<\/a>, as\u00ed que aseg\u00farate de leer las p\u00e1ginas de eventos y de aplicar correctamente.<\/li>\n<\/ul>\n<p><em>Esta p\u00e1gina fue escrita por <span class='judge-tooltip'><a href='https:\/\/apps.magicjudges.org\/judges\/dci\/25153831' ><span class=\"judge-tooltip\">Fabian Peck<\/a><span class='avatar'><img width='200' height='200' src='https:\/\/apps.magicjudges.org\/dci\/avatar?dci=25153831&size=200'><\/span><\/span><\/span><\/em><\/p>\n","protected":false},"excerpt":{"rendered":"<p>El Programa de Jueces sigue evolucionando para servir mejor a las necesidades del juego organizado. Queremos que los jueces sean capaces de ayudar a los organizadores de torneos, a los jugadores y a otros jueces tambi\u00e9n. El punto de partida El examen de nivel 2 certifica que entiendes cada una de las habilidades que se [&hellip;]<\/p>\n","protected":false},"author":13,"featured_media":0,"parent":2632,"menu_order":0,"comment_status":"closed","ping_status":"closed","template":"page_width-index.php","meta":{"footnotes":"","_links_to":"","_links_to_target":""},"language":[8],"class_list":["post-1046","page","type-page","status-publish","hentry","language-es"],"_links":{"self":[{"href":"https:\/\/blogs.magicjudges.org\/o\/wp-json\/wp\/v2\/pages\/1046","targetHints":{"allow":["GET"]}}],"collection":[{"href":"https:\/\/blogs.magicjudges.org\/o\/wp-json\/wp\/v2\/pages"}],"about":[{"href":"https:\/\/blogs.magicjudges.org\/o\/wp-json\/wp\/v2\/types\/page"}],"author":[{"embeddable":true,"href":"https:\/\/blogs.magicjudges.org\/o\/wp-json\/wp\/v2\/users\/13"}],"replies":[{"embeddable":true,"href":"https:\/\/blogs.magicjudges.org\/o\/wp-json\/wp\/v2\/comments?post=1046"}],"version-history":[{"count":14,"href":"https:\/\/blogs.magicjudges.org\/o\/wp-json\/wp\/v2\/pages\/1046\/revisions"}],"predecessor-version":[{"id":3467,"href":"https:\/\/blogs.magicjudges.org\/o\/wp-json\/wp\/v2\/pages\/1046\/revisions\/3467"}],"up":[{"embeddable":true,"href":"https:\/\/blogs.magicjudges.org\/o\/wp-json\/wp\/v2\/pages\/2632"}],"wp:attachment":[{"href":"https:\/\/blogs.magicjudges.org\/o\/wp-json\/wp\/v2\/media?parent=1046"}],"wp:term":[{"taxonomy":"language","embeddable":true,"href":"https:\/\/blogs.magicjudges.org\/o\/wp-json\/wp\/v2\/language?post=1046"}],"curies":[{"name":"wp","href":"https:\/\/api.w.org\/{rel}","templated":true}]}}