{"id":1053,"date":"2014-09-23T04:40:37","date_gmt":"2014-09-23T04:40:37","guid":{"rendered":"http:\/\/blogs.magicjudges.org\/o\/?page_id=1053"},"modified":"2016-11-24T18:58:23","modified_gmt":"2016-11-24T18:58:23","slug":"welcome-to-level-3-es","status":"publish","type":"page","link":"https:\/\/blogs.magicjudges.org\/o\/judge-levels-es\/welcome-to-level-3-es\/","title":{"rendered":"Bienvenido a nivel 3"},"content":{"rendered":"<p>Los Jueces Premier son tanto la parte superior como la base de una pir\u00e1mide de liderazgo en el Programa de Jueces. Son l\u00edderes muy visibles en el programa, est\u00e1n a cargo de dirigir importantes proyectos y actividades, son Jueces Principales de grandes torneos de nivel competitivo, son L\u00edderes de Equipo en eventos de nivel profesional, adem\u00e1s de ser un centro de informaci\u00f3n y asesoramiento experto en amplias regiones para los jueces tanto no certificados como certificados. Los Jueces Premier tambi\u00e9n sirven como caja de resonancia de las nuevas pol\u00edticas que se considera adoptar, liderando la iniciativa en la aplicaci\u00f3n y difusi\u00f3n de nueva informaci\u00f3n para la comunidad de Magic: The Gathering. La confianza para liderar en este rol din\u00e1mico y de gran impacto se deposita en los jueces de nivel 3 tras demostrar un alto grado de capacidad en muchas cualidades clave.<\/p>\n<h2>Las cualidades forman los cimientos<\/h2>\n<p>Como nuevo nivel 3 acabas de pasar por el <a href=\"http:\/\/blogs.magicjudges.org\/o\/judge-testing\/level-3-advancement-process-es\/\">Proceso de Avance a Nivel 3<\/a>, un proceso que te pide que desarrolles una serie de habilidades y comportamientos. Estas cualidades no son ideas arbitrarias puramente dise\u00f1adas para poner a prueba tu \u00e9tica de trabajo y compromiso. Son un est\u00e1ndar de rendimiento que se espera que mantengas y desarrolles como Juez Premier. Es vital autoevaluarse cont\u00ednuamente, pedir y dar consejo para seguir creciendo, y a su vez ayudar a los dem\u00e1s a tu alrededor a crecer.<\/p>\n<h2>Mantener la espada afilada<\/h2>\n<p>Mantener tus habilidades y experiencia es un aspecto importante del liderazgo regional. Para ello, hay varios comportamientos que los jueces de nivel 3 adoptan para continuar el desarrollo tras convertirse en niveles 3.<\/p>\n<ul>\n<li>Con cada nueva colecci\u00f3n que se publica se pide a los jueces de nivel 3 que hagan un breve examen de actualizaci\u00f3n de reglas, que pone de relieve tanto los cambios en nuestros documentos as\u00ed como los aspectos m\u00e1s desafiantes pero relevantes del juego.<\/li>\n<li>Cada a\u00f1o se espera que cada juez de nivel 3 presente informaci\u00f3n acerca de su participaci\u00f3n en eventos y proyectos a una variedad de niveles para garantizar la actividad y visibilidad consistente de su liderazgo regional.<\/li>\n<li>Cada a\u00f1o se pide a los jueces de nivel 3 que escriban una autoevaluaci\u00f3n completa, un an\u00e1lisis de su rendimiento en cada una de las calificaciones de los Jueces Premier.<\/li>\n<\/ul>\n<h2>Pensamientos a tener en cuenta<\/h2>\n<p>Tras la certificaci\u00f3n para nivel 3 tomar un rol tan visible y amplio como el nivel 3 puede ser desalentador o abrumador, incluso para las personas m\u00e1s preparadas. Estas son algunas ideas a tener en cuenta por nuevos jueces en cuanto al liderazgo regional.<\/p>\n<ul>\n<li>No se espera que seas perfecto. Se espera que sigas siendo el experto y l\u00edder que demostraste a trav\u00e9s de tu checklist y panel de nivel 3, pero no se espera que seas perfecto.<\/li>\n<li>Tienes como apoyo un equipo impresionante de otros Jueces Premier que cree en lo que eres y lo que est\u00e1s haciendo. Pide ayuda, aprende de tus compa\u00f1eros, y adopta las mejores pr\u00e1cticas de los dem\u00e1s.<\/li>\n<li>Rod\u00e9ate de gente estupenda. \u00bfHay jueces de nivel 1 que crees que ser\u00edan unos buen\u00edsimos jueces de nivel 2? \u00bfEst\u00e1n esos jueces listos ahora, o tal vez con un poco de tu entrenamiento podr\u00edan estar preparados a asumir ese rol? Recuerda que al haber sido ascendido al liderazgo regional mientras t\u00fa te enfrentas a un papel diferente se necesitar\u00e1 m\u00e1s liderazgo de \u00e1rea para asumir las responsabilidades que t\u00fa ten\u00edas antes. Tu liderazgo ser\u00e1 m\u00e1s eficaz mediante la potenciaci\u00f3n de otros a trav\u00e9s de la educaci\u00f3n, la delegaci\u00f3n y la gesti\u00f3n para promover su crecimiento y desarrollo como jueces.<\/li>\n<li>\u00bfHay un proyecto que has querido desarrollar o un \u00e1rea del programa que has observado que se necesita desarrollar o mejorar? Consulta a otros l\u00edderes de la regi\u00f3n, obt\u00e9n ideas y consejos, y lidera un proyecto para promover ese crecimiento.<\/li>\n<li>Hay muchos aspectos del programa que suenan emocionantes y que tienen importantes necesidades que pueden parecer una carga, especialmente si te sobrecargas por tratar de asumir m\u00e1s actividad de la que puedes permitirte. A\u00f1ade eventos, actividades y proyectos, pero ten en cuenta tus necesidades personales para que tu nivel de actividad sea sostenible. Uno de los mayores retos para el nivel 3 es equilibrar lo que haces para mantener tus conocimientos y contribuir tanto en eventos como fuera de ellos, pero sin dejar de disfrutar el ser juez.<\/li>\n<\/ul>\n<h2>En conclusi\u00f3n<\/h2>\n<p>El rol de los Jueces Premier es una experiencia incre\u00edble, pero trae consigo mayores presiones, desaf\u00edos y compromisos que muchas otras funciones en el Programa de Jueces. Recuerda que tienes a tu disposici\u00f3n un equipo impresionante de jueces de nivel 3, a tu Coordinador Regional, y a todos los jueces de tu \u00e1rea para apoyarte a ti y a lo que haces. Mant\u00e9n en tu coraz\u00f3n las responsabilidades y cualidades que te has comprometido a mantener y defender, y a trav\u00e9s de tu trabajo y liderazgo contin\u00faa divertirti\u00e9ndote y apreciando lo que haces como Juez Premier.<\/p>\n<p><em>Esta p\u00e1gina fue escrita por <span class='judge-tooltip'><a href='https:\/\/apps.magicjudges.org\/judges\/dci\/2208242225' ><span class=\"judge-tooltip\">Steven Briggs<\/a><span class='avatar'><img width='200' height='200' src='https:\/\/apps.magicjudges.org\/dci\/avatar?dci=2208242225&size=200'><\/span><\/span><\/span><\/em><\/p>\n","protected":false},"excerpt":{"rendered":"<p>Los Jueces Premier son tanto la parte superior como la base de una pir\u00e1mide de liderazgo en el Programa de Jueces. Son l\u00edderes muy visibles en el programa, est\u00e1n a cargo de dirigir importantes proyectos y actividades, son Jueces Principales de grandes torneos de nivel competitivo, son L\u00edderes de Equipo en eventos de nivel profesional, [&hellip;]<\/p>\n","protected":false},"author":13,"featured_media":0,"parent":2632,"menu_order":0,"comment_status":"closed","ping_status":"closed","template":"page_width-index.php","meta":{"footnotes":"","_links_to":"","_links_to_target":""},"language":[8],"class_list":["post-1053","page","type-page","status-publish","hentry","language-es"],"_links":{"self":[{"href":"https:\/\/blogs.magicjudges.org\/o\/wp-json\/wp\/v2\/pages\/1053","targetHints":{"allow":["GET"]}}],"collection":[{"href":"https:\/\/blogs.magicjudges.org\/o\/wp-json\/wp\/v2\/pages"}],"about":[{"href":"https:\/\/blogs.magicjudges.org\/o\/wp-json\/wp\/v2\/types\/page"}],"author":[{"embeddable":true,"href":"https:\/\/blogs.magicjudges.org\/o\/wp-json\/wp\/v2\/users\/13"}],"replies":[{"embeddable":true,"href":"https:\/\/blogs.magicjudges.org\/o\/wp-json\/wp\/v2\/comments?post=1053"}],"version-history":[{"count":12,"href":"https:\/\/blogs.magicjudges.org\/o\/wp-json\/wp\/v2\/pages\/1053\/revisions"}],"predecessor-version":[{"id":3468,"href":"https:\/\/blogs.magicjudges.org\/o\/wp-json\/wp\/v2\/pages\/1053\/revisions\/3468"}],"up":[{"embeddable":true,"href":"https:\/\/blogs.magicjudges.org\/o\/wp-json\/wp\/v2\/pages\/2632"}],"wp:attachment":[{"href":"https:\/\/blogs.magicjudges.org\/o\/wp-json\/wp\/v2\/media?parent=1053"}],"wp:term":[{"taxonomy":"language","embeddable":true,"href":"https:\/\/blogs.magicjudges.org\/o\/wp-json\/wp\/v2\/language?post=1053"}],"curies":[{"name":"wp","href":"https:\/\/api.w.org\/{rel}","templated":true}]}}