{"id":1056,"date":"2014-09-21T00:27:06","date_gmt":"2014-09-21T00:27:06","guid":{"rendered":"http:\/\/blogs.magicjudges.org\/o\/?page_id=1056"},"modified":"2016-11-24T19:07:58","modified_gmt":"2016-11-24T19:07:58","slug":"returning-level-3-candidacy-prerequisites-es","status":"publish","type":"page","link":"https:\/\/blogs.magicjudges.org\/o\/level-3-advancement-process-es\/returning-level-3-candidacy-prerequisites-es\/","title":{"rendered":"Prerequisitos de Candidatura de vuelta a Nivel 3"},"content":{"rendered":"<p>Los candidatos que deseen volver a nivel 3 despu\u00e9s de una ausencia no mayor de 5 a\u00f1os deben cumplir con los Prerequisitos de Candidatura normales, con las siguientes excepciones:<\/p>\n<ul>\n<li>Debe ser un Juez de \u00c1rea (Nivel 2) en buen estado con Wizards of the Coast y el Programa de Jueces (no es necesario haber sido Nivel 2 durante 12 meses).<\/li>\n<li>S\u00f3lo es necesaria una recomendaci\u00f3n de un Nivel 3+ en lugar de las dos habituales.<\/li>\n<li>No se requiere la recomendaci\u00f3n de L\u00edder de Equipo en un Grand Prix Team.<\/li>\n<li>La auto evaluaci\u00f3n debe incluir adem\u00e1s de las Cualidades de los Jueces Regionales una exposici\u00f3n de las formas en que se han tomado pasos para resolver los problemas que llevaron al candidato a bajar de nivel.<\/li>\n<\/ul>\n<p>Todos los dem\u00e1s <a title=\"The Level Three Advancement Process\" href=\"http:\/\/blogs.magicjudges.org\/o\/judge-testing\/level-3-advancement-process-es\/#candidacy-prerequisites\">Prerequisitos de Candidatura<\/a>\u00a0son requeridos de forma normal.<\/p>\n<p>El Manager de Ex\u00e1menes tendr\u00e1 la opci\u00f3n de renunciar a la Entrevista Pre-Evento y\/o al panel para los candidatos que vuelvan a Nivel 3.<\/p>\n<p>Pasar el examen escrito de Nivel 3 es requerido de forma normal.<\/p>\n","protected":false},"excerpt":{"rendered":"<p>Los candidatos que deseen volver a nivel 3 despu\u00e9s de una ausencia no mayor de 5 a\u00f1os deben cumplir con los Prerequisitos de Candidatura normales, con las siguientes excepciones: Debe ser un Juez de \u00c1rea (Nivel 2) en buen estado con Wizards of the Coast y el Programa de Jueces (no es necesario haber sido [&hellip;]<\/p>\n","protected":false},"author":13,"featured_media":0,"parent":1049,"menu_order":2,"comment_status":"closed","ping_status":"closed","template":"page_width-index.php","meta":{"footnotes":"","_links_to":"","_links_to_target":""},"language":[8],"class_list":["post-1056","page","type-page","status-publish","hentry","language-es"],"_links":{"self":[{"href":"https:\/\/blogs.magicjudges.org\/o\/wp-json\/wp\/v2\/pages\/1056","targetHints":{"allow":["GET"]}}],"collection":[{"href":"https:\/\/blogs.magicjudges.org\/o\/wp-json\/wp\/v2\/pages"}],"about":[{"href":"https:\/\/blogs.magicjudges.org\/o\/wp-json\/wp\/v2\/types\/page"}],"author":[{"embeddable":true,"href":"https:\/\/blogs.magicjudges.org\/o\/wp-json\/wp\/v2\/users\/13"}],"replies":[{"embeddable":true,"href":"https:\/\/blogs.magicjudges.org\/o\/wp-json\/wp\/v2\/comments?post=1056"}],"version-history":[{"count":12,"href":"https:\/\/blogs.magicjudges.org\/o\/wp-json\/wp\/v2\/pages\/1056\/revisions"}],"predecessor-version":[{"id":3474,"href":"https:\/\/blogs.magicjudges.org\/o\/wp-json\/wp\/v2\/pages\/1056\/revisions\/3474"}],"up":[{"embeddable":true,"href":"https:\/\/blogs.magicjudges.org\/o\/wp-json\/wp\/v2\/pages\/1049"}],"wp:attachment":[{"href":"https:\/\/blogs.magicjudges.org\/o\/wp-json\/wp\/v2\/media?parent=1056"}],"wp:term":[{"taxonomy":"language","embeddable":true,"href":"https:\/\/blogs.magicjudges.org\/o\/wp-json\/wp\/v2\/language?post=1056"}],"curies":[{"name":"wp","href":"https:\/\/api.w.org\/{rel}","templated":true}]}}