{"id":1065,"date":"2015-03-23T18:27:35","date_gmt":"2015-03-23T18:27:35","guid":{"rendered":"http:\/\/blogs.magicjudges.org\/o\/?page_id=1065"},"modified":"2017-09-20T00:31:04","modified_gmt":"2017-09-20T00:31:04","slug":"reviews-es","status":"publish","type":"page","link":"https:\/\/blogs.magicjudges.org\/o\/reviews-es\/","title":{"rendered":"Evaluaciones"},"content":{"rendered":"<p style=\"text-align: justify\"><img decoding=\"async\" class=\"alignright\" src=\"https:\/\/i.imgur.com\/magEn90.png\" align=\"right\" \/>Desde marzo de 2017 las evaluaciones se encuentran en JudgeApps.<\/p>\n<p style=\"text-align: justify\">La interfaz muestra varias opciones desde el men\u00fa desplegable Evaluaciones, disponible para todos los usuarios.<\/p>\n<p style=\"text-align: justify\">En \u201cMis evaluaciones\u201d puedes ver las m\u00e1s recientes que has escrito, as\u00ed como las que has recibido, y cualquier borrador que a\u00fan no hayas publicado. \u201cBuscar Evaluaciones\u201d te permite filtrar las que tienes acceso, por ejemplo, para encontrar una de un juez en concreto, o clasificarlas seg\u00fan los niveles de juez, o incluso buscar exclusivamente un cierto tipo de evaluaci\u00f3n.<\/p>\n<p style=\"text-align: justify\">Pero el cambio m\u00e1s grande trata en c\u00f3mo se escriben las evaluaciones, as\u00ed que vayamos a esa pantalla ahora.<\/p>\n<p style=\"text-align: justify\">En el Judge Center, las primeras preguntas que ten\u00edas que responder eran qui\u00e9n era el sujeto y qu\u00e9 tipo de evaluaci\u00f3n ibas a escribir. A\u00fan usamos los \u201ctipos\u201d de evaluaciones, pero hemos a\u00f1adido algunas opciones m\u00e1s. Ve\u00e1moslas:<\/p>\n<p><img decoding=\"async\" class=\"aligncenter\" src=\"https:\/\/i.imgur.com\/gAxW37Y.png\" \/><\/p>\n<p style=\"text-align: justify\">Puede que no tengas acceso a todas estas opciones \u2013 algunas de ellas solo est\u00e1n disponibles para jueces de cierto nivel.<\/p>\n<ul>\n<li style=\"text-align: justify\">Una <b>Evaluation<\/b> es la evaluaci\u00f3n por defecto \u2013 es una evaluaci\u00f3n de otro juez. No tiene por qu\u00e9 estar asociada a un evento, y no es una recomendaci\u00f3n formal para la promoci\u00f3n de ese juez. Todos los usuarios de JudgeApps puede escribir este tipo de evaluaciones.<\/li>\n<li style=\"text-align: justify\">Una <b>Self-Review<\/b> es un tipo especial de evaluaci\u00f3n. Es una evaluaci\u00f3n escrita por y para ti. Cuando eliges Self-Review, los campos de \u201csujeto de la evaluaci\u00f3n\u201d desaparecen ya que t\u00fa eres el sujeto de la misma. Esta <i>puede<\/i> ser la Self-Review que env\u00edes al comit\u00e9 de certificaci\u00f3n como parte de tu progreso a nivel 3, o puede simplemente ser una Self-Review que est\u00e9s escribiendo para ti mismo. Todos los usuarios de JudgeApps pueden escribir este tipo de evaluaciones.<\/li>\n<li style=\"text-align: justify\">Una <b>Advancement Interview<\/b> es una evaluaci\u00f3n empleada cuando alguien intenta subir de nivel. Se usa cuando alguien supera o falla su intento de promoci\u00f3n. Este es un tipo especial de evaluaci\u00f3n que a\u00f1ade nuevos campos a rellenar. Tendr\u00e1s que introducir el ID del examen del candidato, su puntuaci\u00f3n, y el nuevo nivel que intentas establecerle. Tambi\u00e9n se te preguntar\u00e1 si el candidato aprob\u00f3 o no. Una vez que subas este tipo de evaluaci\u00f3n, si la entrevista fue satisfactoria y el examen aprobado, el nivel del sujeto <i>cambiar\u00e1<\/i>, as\u00ed que no uses este tipo de evaluaci\u00f3n a la ligera \u2013 solo hazlo si tu intenci\u00f3n es cambiar el nivel del sujeto. <i>(Nota: Parecer\u00e1 que puedes disminuir el nivel de los jueces usando este tipo de evaluaci\u00f3n, pero te aseguro que no se puede. Por razones t\u00e9cnicas, tenemos que establecer la lista de niveles v\u00e1lidos incluso antes de que elijas al sujeto de la evaluaci\u00f3n \u2013 esto nos asegura que tengas que elegir un nivel v\u00e1lido antes de publicarla.)<\/i><\/li>\n<li style=\"text-align: justify\">Una <b>L2 or L3 Recommendation<\/b> es otro tipo especial de evaluaci\u00f3n, en la que los jueces de nivel 2 \u00f3 3 pueden recomendar el avance del sujeto como requisito para la promoci\u00f3n de \u00e9ste. Se te pregunta si est\u00e1s recomendando el avance del sujeto \u2013 eliges S\u00ed o No. Esto es solo una recomendaci\u00f3n, no cambia el nivel de nadie. Te aconsejamos que introduzcas tanto las recomendaciones fallidas como las exitosas, para ayudar de este modo al candidato en su progreso.<\/li>\n<\/ul>\n<p style=\"text-align: justify\">Aqu\u00ed tienes un ejemplo de c\u00f3mo puedes introducir una advancement review fallida. En esta situaci\u00f3n, el candidato ha aprobado el examen, pero ha fallado la entrevista.<\/p>\n<p><img decoding=\"async\" class=\"aligncenter\" src=\"https:\/\/i.imgur.com\/7kqpYxz.png\" \/><\/p>\n<p style=\"text-align: justify\">La primera parte del cuestionario tambi\u00e9n te pregunta el idioma en el que est\u00e1 escrita la evaluaci\u00f3n, y los roles que cada juez estaba ejerciendo en ese evento. Si la evaluaci\u00f3n no est\u00e1 ligada a un evento, o no puedes encontrar un rol que se ajuste al realizado, puedes dejar esta opci\u00f3n sin rellenar.<\/p>\n<p><img decoding=\"async\" class=\"aligncenter\" src=\"https:\/\/i.imgur.com\/W49GhWx.png\" \/><\/p>\n<p style=\"text-align: justify\">La segunda parte del cuestionario te pregunta por la informaci\u00f3n del evento en cuesti\u00f3n. Aqu\u00ed tenemos tres posibilidades:<\/p>\n<ul>\n<li style=\"text-align: justify\">Primero, abre la pesta\u00f1a (verde) para ver si el evento est\u00e1 ah\u00ed. Aqu\u00ed tienes un listado con todos tus eventos que aparecen en el JudgeApps, empezando por el m\u00e1s reciente. Si encuentras el evento y lo seleccionas, el resto de recuadros a rellenar desaparecer\u00e1n.<\/li>\n<li style=\"text-align: justify\">Si no puedes encontrar el evento correcto, puedes introducir los detalles t\u00fa mismo (azul).<\/li>\n<li style=\"text-align: justify\">Por \u00faltimo, si la evaluaci\u00f3n no est\u00e1 unida a un evento espec\u00edfico, puedes dejar esta secci\u00f3n sin rellenar.<\/li>\n<\/ul>\n<p><img decoding=\"async\" class=\"aligncenter\" src=\"https:\/\/i.imgur.com\/oterqqG.png\" \/><\/p>\n<p style=\"text-align: justify\">Aqu\u00ed llegamos a la evaluaci\u00f3n propiamente dicha. Es como la que est\u00e1s acostumbrado, \u00bfverdad? Bueno, no tanto: hemos realizado algunos cambios.<\/p>\n<ul>\n<li>En azul:\u00a1Puedes a\u00f1adir nuevas secciones a la evaluaci\u00f3n! Los botones superiores te a\u00f1adir\u00e1n una serie de secciones preestablecidas, as\u00ed como las familiares \u201cStrengths and Weaknesses\u201d, o las cualidades de los jueces de nivel 3. Estos botones tambi\u00e9n remover\u00e1n cualquier secci\u00f3n que no hayas completado para que la evaluaci\u00f3n no ocupe tanto espacio, pero no te preocupes \u2013 no se remover\u00e1 ninguna secci\u00f3n en la que hayas introducido texto. Solo se eliminar\u00e1n las que est\u00e9n vac\u00edas.<\/li>\n<li>En rojo: tambi\u00e9n puedes eliminar secciones en rojo una por una.<\/li>\n<li>En Amarillo: Puedes arrastrar las secciones para ordenaras como quieras.<\/li>\n<li>En verde: La calificaci\u00f3n ahora se realiza por secciones, as\u00ed que puedes evaluar a alguien \u201cSuperior a la media\u201d en trabajo en equipo, pero \u201cPor debajo de la media\u201d en conocimiento de pol\u00edticas, por ejemplo. La calificaci\u00f3n tambi\u00e9n es opcional \u2013 por defecto se encuentra \u201cNot Rating\u201d, lo que significa que est\u00e1s eligiendo no usar esta opci\u00f3n.<\/li>\n<\/ul>\n<p style=\"text-align: justify\">\u201cSave and Continue Editing\u201d te volver\u00e1 a enviar a esta p\u00e1gina. Mientras no se produzca ning\u00fan error, tu evaluaci\u00f3n habr\u00e1 sido guardada. Este sistema no guarda autom\u00e1ticamente, as\u00ed que si est\u00e1s utilizando un ordenador con probabilidades de fallar, puede que prefieras usar Google Docs o MS Word para escribir previamente tu evaluaci\u00f3n.<\/p>\n<p><img decoding=\"async\" class=\"alignright\" src=\"https:\/\/i.imgur.com\/Q4kdlui.png\" align=\"right\" \/><\/p>\n<p style=\"text-align: justify\">\u201cSave Draft\u201d te mostrar\u00e1 una primera impresi\u00f3n de tu evaluaci\u00f3n. Aqu\u00ed se muestran todos los detalles importantes de la misma, as\u00ed como su contenido. Como puedes ver, aqu\u00ed tenemos una auto-evaluaci\u00f3n de un evento.<\/p>\n<p style=\"text-align: justify\">Este borrador es tu campo de trabajo privado \u2013 nadie puede ver tus borradores. En la parte superior, podr\u00e1s ver el bot\u00f3n \u201cSubmit\u201d, o cualquier error que impida que publiques la evaluaci\u00f3n. Cliquea en \u201cEdit Draft\u201d para arreglar esos errores.<\/p>\n<p style=\"text-align: justify\">Una vez que cliques en Submit, el sistema compartir\u00e1 la evaluaci\u00f3n del sujeto. \u00c9ste obtendr\u00e1 un email notific\u00e1ndole de que has subido una evaluaci\u00f3n, y ambos podr\u00e9is discutir acerca de \u00e9sta en nuestros nuevos comentarios de secci\u00f3n. Este es un gran modo de hablar acerca del contenido de la evaluaci\u00f3n \u2013 para pedir aclaraciones, o sugerir cambios. El otro juez recibir\u00e1 tambi\u00e9n una notificaci\u00f3n cuando escribes un comentario aqu\u00ed.<\/p>\n<p style=\"text-align: justify\">Una vez que una evaluaci\u00f3n ha sido publicada, puede ser editada en 7 d\u00edas. Tras esto, no podr\u00e1s realizar ning\u00fan cambio.<\/p>\n<br style=\"clear: both; height: 1px; margin: -1px 0pt 0pt; overflow: hidden;\">\n<p style=\"text-align: justify\">Como en el Judge Center, solo un limitado n\u00famero de personas tiene acceso a todas las evaluaciones publicadas. Por ahora, el L3 Testing Manager. As\u00ed mismo, los administradores de JudgeApps tambi\u00e9n tendr\u00e1n acceso a tu informaci\u00f3n; sin embargo, solo usar\u00e1n este acceso para diagnosticar problemas de la web. Los Coordinadores Regionales tienen acceso a todas las evaluaciones escritas por y sobre los jueces de su region. Algunos jueces tienen acceso \u2013 limitado \u2013 a \u00e9stas. Esto se debe al equipo encargado del proceso de renovaci\u00f3n de nivel 3. Por ejemplo, tienen acceso a que escribiste una evaluaci\u00f3n, pero no se les muestra su contenido.<\/p>\n<p style=\"text-align: justify\"><em>P\u00e1gina escrita por <span class='judge-tooltip'><a href='https:\/\/apps.magicjudges.org\/judges\/dci\/8102291717' >Dan Collins<\/a><span class='avatar'><img width='200' height='200' src='https:\/\/apps.magicjudges.org\/dci\/avatar?dci=8102291717&size=200'><\/span><\/span>.<br \/>\nTraducci\u00f3n al espa\u00f1ol por <span class='judge-tooltip'><a href='https:\/\/apps.magicjudges.org\/judges\/dci\/3300107184' >Pablo Rold\u00e1n Quintero<\/a><span class='avatar'><img width='200' height='200' src='https:\/\/apps.magicjudges.org\/dci\/avatar?dci=3300107184&size=200'><\/span><\/span>, edici\u00f3n <span class='judge-tooltip'><a href='https:\/\/apps.magicjudges.org\/judges\/dci\/20177000' >Juan Del Compare<\/a><span class='avatar'><img width='200' height='200' src='https:\/\/apps.magicjudges.org\/dci\/avatar?dci=20177000&size=200'><\/span><\/span><br \/>\n<\/em><\/p>\n","protected":false},"excerpt":{"rendered":"<p>Desde marzo de 2017 las evaluaciones se encuentran en JudgeApps. La interfaz muestra varias opciones desde el men\u00fa desplegable Evaluaciones, disponible para todos los usuarios. En \u201cMis evaluaciones\u201d puedes ver las m\u00e1s recientes que has escrito, as\u00ed como las que has recibido, y cualquier borrador que a\u00fan no hayas publicado. \u201cBuscar Evaluaciones\u201d te permite filtrar [&hellip;]<\/p>\n","protected":false},"author":13,"featured_media":0,"parent":0,"menu_order":0,"comment_status":"closed","ping_status":"closed","template":"page_width-index.php","meta":{"footnotes":"","_links_to":"","_links_to_target":""},"language":[8],"class_list":["post-1065","page","type-page","status-publish","hentry","language-es"],"_links":{"self":[{"href":"https:\/\/blogs.magicjudges.org\/o\/wp-json\/wp\/v2\/pages\/1065","targetHints":{"allow":["GET"]}}],"collection":[{"href":"https:\/\/blogs.magicjudges.org\/o\/wp-json\/wp\/v2\/pages"}],"about":[{"href":"https:\/\/blogs.magicjudges.org\/o\/wp-json\/wp\/v2\/types\/page"}],"author":[{"embeddable":true,"href":"https:\/\/blogs.magicjudges.org\/o\/wp-json\/wp\/v2\/users\/13"}],"replies":[{"embeddable":true,"href":"https:\/\/blogs.magicjudges.org\/o\/wp-json\/wp\/v2\/comments?post=1065"}],"version-history":[{"count":12,"href":"https:\/\/blogs.magicjudges.org\/o\/wp-json\/wp\/v2\/pages\/1065\/revisions"}],"predecessor-version":[{"id":4398,"href":"https:\/\/blogs.magicjudges.org\/o\/wp-json\/wp\/v2\/pages\/1065\/revisions\/4398"}],"wp:attachment":[{"href":"https:\/\/blogs.magicjudges.org\/o\/wp-json\/wp\/v2\/media?parent=1065"}],"wp:term":[{"taxonomy":"language","embeddable":true,"href":"https:\/\/blogs.magicjudges.org\/o\/wp-json\/wp\/v2\/language?post=1065"}],"curies":[{"name":"wp","href":"https:\/\/api.w.org\/{rel}","templated":true}]}}