{"id":1319,"date":"2017-09-20T11:05:11","date_gmt":"2017-09-20T11:05:11","guid":{"rendered":"http:\/\/blogs.magicjudges.org\/o\/?page_id=1319"},"modified":"2017-09-20T11:05:11","modified_gmt":"2017-09-20T11:05:11","slug":"judge-certification-itreviews-it","status":"publish","type":"page","link":"https:\/\/blogs.magicjudges.org\/o\/judge-certification-itreviews-it\/","title":{"rendered":"Review"},"content":{"rendered":"<p style=\"text-align: justify\"><img decoding=\"async\" class=\"alignright\" src=\"https:\/\/i.imgur.com\/magEn90.png\" align=\"right\" \/>Da Marzo 2017 il sistema delle review si \u00e8 spostato su JudgeApps.<\/p>\n<p style=\"text-align: justify\">L\u2019interfaccia di JudgeApps presenta varie opzioni all\u2019interno del men\u00f9 a tendina Reviews, disponibile per tutti gli utenti registrati.<\/p>\n<p style=\"text-align: justify\"><i>My Reviews<\/i> porta ad una schermata con le vostre review pi\u00f9 recenti, dalle scritte alle ricevute, includendo qualsiasi bozza non abbiate ancora inviato. <i>Search Reviews<\/i> vi permette di filtrare tutte le review a cui abbiate accesso, ad esempio per trovare le review di un certo Judge, o quelle di arbitri di un livello specifico, o persino di visualizzare esclusivamente un tipo di review in particolare.<\/p>\n<p style=\"text-align: justify\">Ma i cambiamenti maggiori al nostro sistema riguardano come scrivere le review, quindi diamo uno sguardo a questo aspetto. <\/p>\n<p style=\"text-align: justify\">Ci sono vari tipi di review: alcune servono semplicemente per dare dei feedback, altre hanno la funzione di aggiornare i ruoli e\/o i livelli dei Judge. Di seguito elenchiamo alcuni tipi di review:<\/p>\n<p><img decoding=\"async\" class=\"aligncenter\" src=\"https:\/\/i.imgur.com\/gAxW37Y.png\" \/><\/p>\n<p style=\"text-align: justify\">Potreste non aver accesso ad ognuna di queste modalit\u00e0 &#8211; alcune hanno senso solo per Judge di un determinato livello.<\/p>\n<ul>\n<li style=\"margin-top: -20px;text-align: justify\">L\u2019<b>Evaluation<\/b> review \u00e8 l\u2019impostazione di default &#8211; \u00e8 la valutazione di un altro Judge, senza particolari implicazioni. Non \u00e8 necessario che sia associata ad un evento e non \u00e8 una review di avanzamento n\u00e9 una raccomandazione formale. Tutti gli utenti di JudgeApps possono scrivere questo tipo di review.<\/li>\n<li style=\"text-align: justify\">La <b>Self-Review<\/b> \u00e8 un tipo speciale di Evaluation review. Si tratta di una review scritta su voi stessi. Quando la selezionate, il campo <i>Review subject<\/i> scomparir\u00e0, dato che ogni Self-Review riguarda se stessi e ogni review su se stessi \u00e8 una Self-Review. Non ci sono complicazioni particolari &#8211; questa <i>pu\u00f2<\/i> essere la Self-Review che invierete al Verification Committee come parte del processo per diventare L3, o pu\u00f2 essere una semplice autovalutazione. Anche questo tipo di review \u00e8 accessibile a tutti gli utenti di JudgeApps.<\/li>\n<li style=\"text-align: justify\">L&#8217;opzione <b>Advancement Interview<\/b> viene usata se viene sostenuto un esame per guadagnare un livello, se sia superato con successo o meno. Costituisce uno speciale tipo di review, infatti ha alcuni campi aggiuntivi. Dovrete inserire l\u2019ID dell\u2019esame, il punteggio e il nuovo livello del candidato. Vi verr\u00e0 anche chiesto se il colloquio \u00e8 andato a buon fine. Una volta inviata questa review, se il colloquio ha avuto esito positivo e il punteggio del test \u00e8 sufficiente, il livello del candidato <i>verr\u00e0 effettivamente aggiornato<\/i> quindi non usate questa funzione con leggerezza &#8211; inviate un\u2019Advancement review solo se siete sicuri di voler cambiare il livello di qualcuno. <i>(NB: Pu\u00f2 sembrare possibile far retrocedere altri arbitri con questa funzione. Non \u00e8 questo il caso. Per ragioni tecniche, \u00e8 necessario inserire la lista di livelli validi prima ancora che scegliate a chi scrivere &#8211; \u00e8 un modo per assicurarsi che abbiate scelto un livello valido prima di inviare la review.)<\/i><\/li>\n<li style=\"text-align: justify\">Le Opzioni <b>L2 Recommendation<\/b> e <b>L3 Recommendation<\/b> ono un altro tipo speciale di review, tramite le quali i Judge L2 e L3 possono esprimere la loro scelta di raccomandare o meno qualcuno per l\u2019avanzamento di livello. Con questo particolare tipo di review dovete dire se state raccomandando il candidato per l\u2019avanzamento &#8211; potete scegliere <i>Si<\/i> o <i>No<\/i>. Questa procedura non altera realmente il livello di nessuno. Vi incoraggiamo a registrare tramite questa modalit\u00e0 sia i successi che gli insuccessi, cos\u00eccche i candidati possano tener traccia dei loro progressi.<\/li>\n<\/ul>\n<p style=\"text-align: justify\">Ecco un esempio di come potreste inserire un\u2019advancement per un insuccesso. In questo caso il candidato ha superato il test scritto ma non il colloquio.<\/p>\n<p><img decoding=\"async\" class=\"aligncenter\" src=\"https:\/\/i.imgur.com\/7kqpYxz.png\" \/><\/p>\n<p style=\"text-align: justify\">La prima parte del modulo richiede la lingua in cui \u00e8 scritta la review e i ruoli che ciascuno stava ricoprendo durante l\u2019evento in questione. Potete lasciare in bianco uno o entrambi i campi se la review non \u00e8 collegata ad un evento o se non riuscite ad individuare un ruolo adatto.<\/p>\n<p><img decoding=\"async\" class=\"aligncenter\" src=\"https:\/\/i.imgur.com\/W49GhWx.png\" \/><\/p>\n<p style=\"text-align: justify\">La seconda parte del modulo richiede l\u2019evento a cui \u00e8 collegata la review. I casi possibili sono tre:<\/p>\n<ul>\n<li style=\"margin-top: -20px;text-align: justify\">Prima di tutto controllate il men\u00f9 a tendina (in verde). Troverete un elenco di tutti i vostri eventi registrati su JudgeApps, a partire dal presente e andando a ritroso. Se trovate e selezionate l\u2019evento che stavate cercando, gli altri campi scompariranno.<\/li>\n<li style=\"text-align: justify\">Se non trovate l\u2019evento giusto, potete inserire i dati personalmente (in blu).<\/li>\n<li style=\"text-align: justify\">Infine, se la review non \u00e8 collegata ad un evento, potete ignorare questa sezione.<\/li>\n<\/ul>\n<p><img decoding=\"async\" class=\"aligncenter\" src=\"https:\/\/i.imgur.com\/oterqqG.png\" \/><\/p>\n<p style=\"text-align: justify\">Ed eccoci finalmente alla review stessa. Tutto come al solito, giusto? Non proprio, ma abbiamo evidenziato per voi alcuni dei cambiamenti.<\/p>\n<ul>\n<li style=\"margin-top: -20px;text-align: justify\">In blu: potete aggiungere nuove sezioni alla review! I pulsanti in alto aggiungeranno una delle sezioni preimpostate, ossia il familiare <i>Strengths and Weaknesses<\/i>, o le Qualit\u00e0 dei Judge L3. Ciascuno di quei pulsanti rimuover\u00e0 anche ogni sezione inutilizzata, cos\u00ec da evitare che la review sia dispersiva; ma niente paura, non verr\u00e0 rimossa nessuna sezione in cui sia gi\u00e0 stato inserito del testo, bens\u00ec solo quelle completamente vuote.<\/li>\n<li style=\"text-align: justify\">In rosso: potete anche rimuovere una alla volta le eventuali sezioni inutili.<\/li>\n<li style=\"text-align: justify\">In giallo: potete cliccare sulle sezioni e trascinarle per cambiarne l\u2019ordine.<\/li>\n<li style=\"text-align: justify\">In verde: la valutazione adesso \u00e8 specifica per ciascuna sezione, quindi potete dare un <i>Above Average<\/i> (\u201csopra la media\u201d)  per il lavoro di squadra, ma un <i>Below Average<\/i> (\u201csotto la media\u201d) per la conoscenza delle policy, per esempio. Inoltre le valutazioni sono del tutto facoltative &#8211; l\u2019impostazione di base \u00e8 <i>Not Rating<\/i> (\u201cnessuna valutazione\u201d): vuol dire semplicemente che state scegliendo di non usare questa funzione.\n<\/li>\n<\/ul>\n<p style=\"text-align: justify\"><i>Save and Continue Editing<\/i> vi riporter\u00e0 a questa pagina. A meno che non vengano visualizzati esplicitamente degli errori, la vostra review \u00e8 stata salvata. Questo sistema non salva automaticamente, perci\u00f2, se state usando un computer problematico che si blocca spesso, considerate l\u2019utilizzo di Google Docs o di MS Word per la preparazione della vostra review.\n<\/p>\n<p><img decoding=\"async\" class=\"alignright\" src=\"https:\/\/i.imgur.com\/Q4kdlui.png\" align=\"right\" \/><\/p>\n<p style=\"text-align: justify\"><i>Save Draft<\/i> (\u201csalva bozza\u201d) vi porter\u00e0 ad un\u2019anteprima della vostra review. Qui vi verranno mostrati tutti i dettagli importanti della review, nonch\u00e9 il suo contenuto. Come potete vedere, questa \u00e8 una self-review per un evento.\n<\/p>\n<p style=\"text-align: justify\">Questa bozza \u00e8 uno spazio di lavoro completamente privato &#8211; nessun altro ha accesso alle vostre bozze. In alto potrete vedere il pulsante <i>Submit<\/i> (\u201cinvia\u201d) oppure la segnalazione di un qualunque errore che vi impedisca di inviare la vostra review. Cliccate su <i>Edit<\/i> Draft (\u201cmodifica bozza\u201d) per correggere questi errori.<\/p>\n<p style=\"text-align: justify\">Una volta inviata, il sistema condivider\u00e0 la review con il soggetto della stessa. Questi ricever\u00e0 una notifica tramite email e potrete discuterne insieme nella nostra nuova sezione commenti. \u00c8 un ottimo modo per dialogare sui contenuti della review &#8211; per chiedere chiarimenti, o magari suggerire cambiamenti. Ciascuno ricever\u00e0 una notifica ogniqualvolta l\u2019altro lascer\u00e0 un commento.\n<\/p>\n<p style=\"text-align: justify\">Una volta che una review \u00e8 stata inviata, pu\u00f2 essere modificata entro 7 giorni. Trascorso questo lasso di tempo, non sarete pi\u00f9 in grado di fare cambiamenti.<\/p>\n<br style=\"clear: both; height: 1px; margin: -1px 0pt 0pt; overflow: hidden;\">\n<p style=\"text-align: justify\">Come per il Judge Center, solo un numero ristretto di individui ha accesso a tutte le review inviate. Per adesso, solo l\u2019L3 Testing Manager (attualmente <span class='judge-tooltip'><a href='https:\/\/apps.magicjudges.org\/judges\/dci\/29870351' >Daniel Kitachewsky<\/a><span class='avatar'><img width='200' height='200' src='https:\/\/apps.magicjudges.org\/dci\/avatar?dci=29870351&size=200'><\/span><\/span>). Anche alcuni amministratori di JudgeApps avranno accesso ai vostri dati, ma lo useranno solo per individuare falle nel sito o risolvere problemi tecnici. I Coordinatori Regionali hanno accesso a tutte le review scritte da o per i Judge della loro regione. Certi Judge hanno accesso alle review, ma solo limitatamente ai metadati; questo vale, per esempio, per il team che si occupa del rinnovamento degli L3. L\u2019accesso ai metadati mostra che \u00e8 stata scritta una review, ma non cosa sia stato scritto nello specifico.\n<\/p>\n<p style=\"text-align: justify\"><em>Questa pagina \u00e8 stata scritta da <span class='judge-tooltip'><a href='https:\/\/apps.magicjudges.org\/judges\/dci\/8102291717' >Dan Collins<\/a><span class='avatar'><img width='200' height='200' src='https:\/\/apps.magicjudges.org\/dci\/avatar?dci=8102291717&size=200'><\/span><\/span> e tradotta da <span class='judge-tooltip'><a href='https:\/\/apps.magicjudges.org\/judges\/dci\/8107039378' >Luca Cafaggi<\/a><span class='avatar'><img width='200' height='200' src='https:\/\/apps.magicjudges.org\/dci\/avatar?dci=8107039378&size=200'><\/span><\/span> e <span class='judge-tooltip'><a href='https:\/\/apps.magicjudges.org\/judges\/dci\/5081051539' >Fabio Pierucci<\/a><span class='avatar'><img width='200' height='200' src='https:\/\/apps.magicjudges.org\/dci\/avatar?dci=5081051539&size=200'><\/span><\/span>.<br \/>\n.<\/em><\/p>\n","protected":false},"excerpt":{"rendered":"<p>Da Marzo 2017 il sistema delle review si \u00e8 spostato su JudgeApps. L\u2019interfaccia di JudgeApps presenta varie opzioni all\u2019interno del men\u00f9 a tendina Reviews, disponibile per tutti gli utenti registrati. My Reviews porta ad una schermata con le vostre review pi\u00f9 recenti, dalle scritte alle ricevute, includendo qualsiasi bozza non abbiate ancora inviato. Search Reviews [&hellip;]<\/p>\n","protected":false},"author":126,"featured_media":0,"parent":0,"menu_order":0,"comment_status":"closed","ping_status":"closed","template":"page_width-index.php","meta":{"footnotes":"","_links_to":"","_links_to_target":""},"language":[14],"class_list":["post-1319","page","type-page","status-publish","hentry","language-it"],"_links":{"self":[{"href":"https:\/\/blogs.magicjudges.org\/o\/wp-json\/wp\/v2\/pages\/1319","targetHints":{"allow":["GET"]}}],"collection":[{"href":"https:\/\/blogs.magicjudges.org\/o\/wp-json\/wp\/v2\/pages"}],"about":[{"href":"https:\/\/blogs.magicjudges.org\/o\/wp-json\/wp\/v2\/types\/page"}],"author":[{"embeddable":true,"href":"https:\/\/blogs.magicjudges.org\/o\/wp-json\/wp\/v2\/users\/126"}],"replies":[{"embeddable":true,"href":"https:\/\/blogs.magicjudges.org\/o\/wp-json\/wp\/v2\/comments?post=1319"}],"version-history":[{"count":4,"href":"https:\/\/blogs.magicjudges.org\/o\/wp-json\/wp\/v2\/pages\/1319\/revisions"}],"predecessor-version":[{"id":4402,"href":"https:\/\/blogs.magicjudges.org\/o\/wp-json\/wp\/v2\/pages\/1319\/revisions\/4402"}],"wp:attachment":[{"href":"https:\/\/blogs.magicjudges.org\/o\/wp-json\/wp\/v2\/media?parent=1319"}],"wp:term":[{"taxonomy":"language","embeddable":true,"href":"https:\/\/blogs.magicjudges.org\/o\/wp-json\/wp\/v2\/language?post=1319"}],"curies":[{"name":"wp","href":"https:\/\/api.w.org\/{rel}","templated":true}]}}