{"id":1321,"date":"2017-05-22T16:29:47","date_gmt":"2017-05-22T16:29:47","guid":{"rendered":"http:\/\/blogs.magicjudges.org\/o\/?page_id=1321"},"modified":"2017-05-22T16:36:32","modified_gmt":"2017-05-22T16:36:32","slug":"judge-certification-itstudying-for-level-1-it","status":"publish","type":"page","link":"https:\/\/blogs.magicjudges.org\/o\/judge-certification-itstudying-for-level-1-it\/","title":{"rendered":"L\u2019esame di Livello 1"},"content":{"rendered":"<h2>Scopo dell\u2019esame<\/h2>\n<p><span style=\"font-weight: 400\">Lo scopo dell\u2019esame di Livello 1 \u00e8 di valutare il candidato sulla conoscenza delle regole di base del gioco e sulla comprensione delle policy e delle procedure legate ad eventi a REL Regular\/Amatoriale. Un candidato dimostra questi requisiti ottenendo un risultato del 70% o superiore al suo esame di Livello 1.<\/span><\/p>\n<p><span style=\"font-weight: 400\">Visto che gli eventi a REL Regular rappresentano la maggior parte degli eventi sanzionati, \u00e8 importante assicurarsi che certi requisiti di sanzionamento vengano soddisfatti e che siano seguite le corrette procedure. I candidati devono conoscere le regole sufficientemente bene da poter aiutare un nuovo giocatore ad approcciarsi al gioco, essere capaci di spiegare le regole generali del gioco e capire l\u2019interazione dei concetti di base e delle meccaniche di gioco. Ci\u00f2 aiuta a garantire che i candidati possano aiutare i giocatori con un livello base di assistenza clienti che oggigiorno ci si aspetta da Judge certificati, in modo che i Judge promuovano un ambiente positivo per la comunit\u00e0. I candidati vengono intervistati dal corrispettivo Judge certificatore per assicurarsi che il candidato capisca l\u2019importanza del suo ruolo nella comunit\u00e0 e possa anche agire come delegato della comunit\u00e0.<\/span><\/p>\n<p><span style=\"font-weight: 400\">Dopo aver superato l\u2019esame di Livello 1, il certificatore inserir\u00e0 una review del candidato nel <\/span><a href=\"http:\/\/judge.wizards.com\/\"><span style=\"font-weight: 400\">Judge Center<\/span><\/a><span style=\"font-weight: 400\">. Una volta inviata, il candidato verr\u00e0 promosso a Livello 1. <\/span><\/p>\n<h2>Materiale di studio<\/h2>\n<p><span style=\"font-weight: 400\">Dati i propositi dell\u2019esame di Livello 1, i candidati devono studiare i seguenti documenti per capire quali argomenti verranno trattati nell\u2019esame:<\/span><\/p>\n<ul>\n<li style=\"font-weight: 400\"><a href=\"http:\/\/magic.wizards.com\/en\/game-info\/gameplay\/rules-and-formats\"><span style=\"font-weight: 400\">Il regolamento base<\/span><\/a><\/li>\n<li style=\"font-weight: 400\"><a href=\"http:\/\/wpn.wizards.com\/en\/document\/magic-gathering-tournament-rules\"><span style=\"font-weight: 400\">Le regole da Torneo di Magic<\/span><\/a><span style=\"font-weight: 400\">, con particolare attenzione alla Sezione 2, alla Sezione 10 e all\u2019Appendice B.<\/span><\/li>\n<li style=\"font-weight: 400\"><a href=\"http:\/\/wpn.wizards.com\/en\/node\/61\"><span style=\"font-weight: 400\">La guida arbitrale al Rel Regular<\/span><\/a><\/li>\n<\/ul>\n<p><span style=\"font-weight: 400\">Questo \u00e8 il tipo di informazioni che vi servono per dare risposte sulle regole di gioco e anche assistere i giocatori fornendogli una costruttiva assistenza clienti. E\u2019 anche il nucleo della vostra conoscenza del regolamento e delle policy, su cui costruire la vostra conoscenza futura e migliorare nel vostro servizio alla comunit\u00e0 di gioco.<\/span><\/p>\n<p><span style=\"font-weight: 400\">Non \u00e8 necessario che voi abbiate studiato le Comprehensive Rules, anche se sicuramente alcune sezioni delle Comprehensive Rules possono essere d\u2019aiuto. Non ci si aspetta che voi abbiate studiato la Guida alle Procedure per le Infrazioni (Magic Infraction Procedure Guide), dato che quel documento riguarda come i judge risolvono i problemi agli eventi a REL Competitive. E\u2019 molto importante che voi capiate i principi dell\u2019arbitrare eventi a REL Regular, che \u00e8 un\u2019esperienza diversa dall\u2019arbitrare eventi a REL Competitive.<\/span><\/p>\n<h2>Argomenti dell\u2019esame<\/h2>\n<p><span style=\"font-weight: 400\">Siccome l\u2019esame \u00e8 una valutazione generale della conoscenza delle regole di base, cos\u00ec come delle policy e delle procedure relative a eventi a REL Regular, \u00e8 stata stilata una lista specifica degli argomenti compresi nell\u2019esame da arbitro di Livello 1. <\/span><\/p>\n<p><span style=\"font-weight: 400\">Sebbene ogni esame sia creato casualmente per essere unico per uno specifico candidato, vorrete essere sicuri di aver appreso tutti i seguenti argomenti cos\u00ec da avere una comprensione delle regole di gioco generali, delle policy e delle procedure, abbastanza buona da saper applicare tali conoscenze in varie situazioni:<\/span><\/p>\n<ul>\n<li style=\"font-weight: 400\"><span style=\"font-weight: 400\">Concetti generali del gioco, come le parti di una carta. Questo comprende i tipi di carta, i costi di mana, etc.<\/span><\/li>\n<li style=\"font-weight: 400\"><span style=\"font-weight: 400\">Le diverse zone del gioco, cosa ogni zona rappresenta e gli oggetti in queste zone.<\/span><\/li>\n<li style=\"font-weight: 400\"><span style=\"font-weight: 400\">La struttura del turno, in particolare le diverse fasi e sottofasi, insieme a quel che accade in queste fasi e sottofasi.<\/span><\/li>\n<li style=\"font-weight: 400\"><span style=\"font-weight: 400\">La fase di combattimento, specialmente tutte le specifiche sottofasi comprese in questa fase, come si svolge il gioco in questi momenti, e come\/quando i giocatori possono giocare magie o attivare abilit\u00e0.<\/span><\/li>\n<li style=\"font-weight: 400\"><span style=\"font-weight: 400\">La procedura generale per lanciare una magia e\/o attivare un\u2019abilit\u00e0.<\/span><\/li>\n<li style=\"font-weight: 400\"><span style=\"font-weight: 400\">La procedura generale di come si gestiscono le abilit\u00e0 innescate e come si mettono in pila.<\/span><\/li>\n<li style=\"font-weight: 400\"><span style=\"font-weight: 400\">La procedura generale per risolvere una magia e\/o un\u2019abilit\u00e0.<\/span><\/li>\n<li style=\"font-weight: 400\"><span style=\"font-weight: 400\">Determinare le abilit\u00e0 di una creatura e\/o la sua forza e costituzione.<\/span><\/li>\n<li style=\"font-weight: 400\"><span style=\"font-weight: 400\">Come funzionano gli effetti di sostituzione e\/o di prevenzione.<\/span><\/li>\n<li style=\"font-weight: 400\"><span style=\"font-weight: 400\">Come funzionano gli effetti di copia sulle creature.<\/span><\/li>\n<li style=\"font-weight: 400\"><span style=\"font-weight: 400\">Le regole di base e gli elementi del Two-Headed Giant.<\/span><\/li>\n<li style=\"font-weight: 400\"><span style=\"font-weight: 400\">Le parole chiave (keyword) riferite a azioni e\/o abilit\u00e0 presenti in Standard (far riferimento alle FAQ degli ultimi set pu\u00f2 essere d\u2019aiuto in questo caso).<\/span><\/li>\n<li style=\"font-weight: 400\"><span style=\"font-weight: 400\">Educare e aiutare i giocatori con i Dubbi Comuni e i Comportamenti Sgraditi a REL Regular.<\/span><\/li>\n<li style=\"font-weight: 400\"><span style=\"font-weight: 400\">Interagire con giocatori che commettono Infrazioni a REL Regular.<\/span><\/li>\n<li style=\"font-weight: 400\"><span style=\"font-weight: 400\">Come usare il sideboard in Limited e Constructed, specialmente in eventi a REL Regular che non usano le decklist.<\/span><\/li>\n<li style=\"font-weight: 400\"><span style=\"font-weight: 400\">La struttura generale di un match in un torneo.<\/span><\/li>\n<li style=\"font-weight: 400\"><span style=\"font-weight: 400\">Requisiti minimi per sanzionare e gestire un evento<\/span><\/li>\n<\/ul>\n<p><span style=\"font-weight: 400\">Nonostante la conoscenza di regole specifiche pu\u00f2 essere d\u2019aiuto, alcune situazioni rappresentano una valutazione pi\u00f9 generale della conoscenza delle regole di base. Per questo dovrete essere invogliati a sviluppare una comprensione di questi concetti di base e di come questi si possono applicare in modi diversi a seconda delle carte coinvolte. In alcuni casi, sar\u00e0 sufficiente leggere con attenzione la carta, per capire precisamente cosa succede in un dato scenario. In altri casi, potreste dover avere familiarit\u00e0 con specifiche terminologie di gioco o con la struttura generale del turno stesso.<\/span><\/p>\n<p><span style=\"font-weight: 400\">Siete pregati di ricordarvi che il materiale d\u2019esame \u00e8 confidenziale, quindi \u00e8 proibito discuterne con chiunque non sia il vostro certificatore.<\/span><\/p>\n<h2>Sfruttare gli esami di pratica<\/h2>\n<p><span style=\"font-weight: 400\">I candidati si dovrebbero preparare per l\u2019esame di Livello 1 usando gli esami di Pratica &#8211; Facile disponibili nel <\/span><a href=\"http:\/\/judge.wizards.com\/\"><span style=\"font-weight: 400\">Judge Center<\/span><\/a><span style=\"font-weight: 400\">. Ecco maggiori informazioni su <\/span><a href=\"http:\/\/blogs.magicjudges.org\/o\/judge-certification\/#creating-an-exam\"><span style=\"font-weight: 400\">come creare un esame nel Judge Center<\/span><\/a><span style=\"font-weight: 400\">. La difficolt\u00e0 del materiale presente nella Pratica &#8211; Facile \u00e8 simile a quella dell\u2019esame di Livello 1, e la parte dell\u2019esame sulle policy \u00e8 pi\u00f9 orientata alla gestione delle situazioni a REL Regular. Alcuni dei contenuti sulle regole presenti nell\u2019esame di Pratica &#8211; Facile non corrispondono esattamente a cosa potrebbe comparire nel vostro esame di Livello 1, in quanto l\u2019esame di Pratica &#8211; Facile \u00e8 rivolto a un pubblico pi\u00f9 ampio per aiutarlo con la conoscenza di base delle regole e delle policy. Ma potete comunque paragonare il materiale dei vostri esami di Pratica &#8211; Facile ad alcuni argomenti che potenzialmente potranno essere trattati nel tuo reale esame di Livello 1. Questo potr\u00e0 aiutarvi a focalizzare gli sforzi nel migliorare la vostra conoscenza, e nello studiare pi\u00f9 efficientemente. Dovreste sostenere almeno tre esami di Pratica &#8211; Facile, cercando di ottenere almeno sette risposte corrette ad ogni esame.<\/span><\/p>\n<p><span style=\"font-weight: 400\">In aggiunta, \u00e8 stato sviluppato l\u2019esame di Pratica &#8211; Livello 1 per aiutare i candidati al Livello 1 in maniera pi\u00f9 diretta a prepararsi al vero esame di Livello 1. L\u2019esame di Pratica &#8211; Livello 1 contiene elementi che di solito si trovano nel vero esame di Livello 1, e ha una difficolt\u00e0 simile a un esame di Livello 1 reale. L\u2019esame di Pratica &#8211; Livello 1, \u00e8 disponibile per tutti coloro che siano interessati a diventare Judge, e tutti i Judge di Livello 2+ hanno la possibilit\u00e0 di generarlo per i candidati interessati. Un candidato a Livello 1 dovrebbe sostenere almeno un esame di Pratica &#8211; Livello 1, con l\u2019obiettivo di ottenere un risultato del 65% o superiore. L\u2019esame di Pratica &#8211; Livello 1 \u00e8 disponibile sia online che stampato, e fornisce ai candidati a Livello 1 l\u2019esperienza pi\u00f9 appropriata.<\/span><\/p>\n<p><span style=\"font-weight: 400\">L\u2019esame di Pratica &#8211; Difficile e l\u2019esame di Pratica &#8211; Policy non sono pensati per i candidati a Livello 1. Questi esami trattano le Comprehensive Rules e\/o la Guida alle Procedure per le Infrazioni (Magic Infraction Procedure Guide), che non sono comprese nell\u2019esame di Livello 1, inoltre gli esami sono pensati per candidati pi\u00f9 esperti. <\/span><\/p>\n<h2><span style=\"font-weight: 400\">Consigli per lo studio<\/span><\/h2>\n<p style=\"text-align: justify\">Consigli e suggerimenti pi\u00f9 dettagliati per lo studio sono pubblicati a cadenza trimestrale nel forum Magic Judge Apps. Potete visitare <a href=\"http:\/\/apps.magicjudges.org\/forum\/topic\/5440\/\">questo post nel forum JudgeApps<\/a><span style=\"font-weight: 400\"> per leggere suggerimenti recenti o passati.<\/span><\/p>\n<p><em>Questa pagina \u00e8 stata scritta da <span class='judge-tooltip'><a href='https:\/\/apps.magicjudges.org\/judges\/dci\/46966237' >Brian Schenck<\/a><span class='avatar'><img width='200' height='200' src='https:\/\/apps.magicjudges.org\/dci\/avatar?dci=46966237&size=200'><\/span><\/span>, e tradotta da <span class='judge-tooltip'><a href='https:\/\/apps.magicjudges.org\/judges\/dci\/9203800748' >Marco Pettinari<\/a><span class='avatar'><img width='200' height='200' src='https:\/\/apps.magicjudges.org\/dci\/avatar?dci=9203800748&size=200'><\/span><\/span> e <span class='judge-tooltip'><a href='https:\/\/apps.magicjudges.org\/judges\/dci\/29833141' >Luca Romeo<\/a><span class='avatar'><img width='200' height='200' src='https:\/\/apps.magicjudges.org\/dci\/avatar?dci=29833141&size=200'><\/span><\/span><\/em><\/p>\n","protected":false},"excerpt":{"rendered":"<p>Scopo dell\u2019esame Lo scopo dell\u2019esame di Livello 1 \u00e8 di valutare il candidato sulla conoscenza delle regole di base del gioco e sulla comprensione delle policy e delle procedure legate ad eventi a REL Regular\/Amatoriale. Un candidato dimostra questi requisiti ottenendo un risultato del 70% o superiore al suo esame di Livello 1. Visto che [&hellip;]<\/p>\n","protected":false},"author":126,"featured_media":0,"parent":0,"menu_order":0,"comment_status":"closed","ping_status":"closed","template":"page_width-index.php","meta":{"footnotes":"","_links_to":"","_links_to_target":""},"language":[14],"class_list":["post-1321","page","type-page","status-publish","hentry","language-it"],"_links":{"self":[{"href":"https:\/\/blogs.magicjudges.org\/o\/wp-json\/wp\/v2\/pages\/1321","targetHints":{"allow":["GET"]}}],"collection":[{"href":"https:\/\/blogs.magicjudges.org\/o\/wp-json\/wp\/v2\/pages"}],"about":[{"href":"https:\/\/blogs.magicjudges.org\/o\/wp-json\/wp\/v2\/types\/page"}],"author":[{"embeddable":true,"href":"https:\/\/blogs.magicjudges.org\/o\/wp-json\/wp\/v2\/users\/126"}],"replies":[{"embeddable":true,"href":"https:\/\/blogs.magicjudges.org\/o\/wp-json\/wp\/v2\/comments?post=1321"}],"version-history":[{"count":4,"href":"https:\/\/blogs.magicjudges.org\/o\/wp-json\/wp\/v2\/pages\/1321\/revisions"}],"predecessor-version":[{"id":4008,"href":"https:\/\/blogs.magicjudges.org\/o\/wp-json\/wp\/v2\/pages\/1321\/revisions\/4008"}],"wp:attachment":[{"href":"https:\/\/blogs.magicjudges.org\/o\/wp-json\/wp\/v2\/media?parent=1321"}],"wp:term":[{"taxonomy":"language","embeddable":true,"href":"https:\/\/blogs.magicjudges.org\/o\/wp-json\/wp\/v2\/language?post=1321"}],"curies":[{"name":"wp","href":"https:\/\/api.w.org\/{rel}","templated":true}]}}