{"id":1323,"date":"2017-05-22T16:51:41","date_gmt":"2017-05-22T16:51:41","guid":{"rendered":"http:\/\/blogs.magicjudges.org\/o\/?page_id=1323"},"modified":"2017-05-22T16:51:41","modified_gmt":"2017-05-22T16:51:41","slug":"judge-certification-itstudying-for-level-2-it","status":"publish","type":"page","link":"https:\/\/blogs.magicjudges.org\/o\/judge-certification-itstudying-for-level-2-it\/","title":{"rendered":"L&#8217;Esame di Livello 2"},"content":{"rendered":"<h2><span style=\"font-weight: 400\">Scopo dell\u2019esame <\/span><\/h2>\n<p><span style=\"font-weight: 400\">Lo scopo dell\u2019esame di Livello 2 \u00e8 di valutare il candidato sulla conoscenza delle regole avanzate del gioco e sulla comprensione delle policy e delle procedure legate ad eventi a REL Competitive. Un candidato dimostra questi requisiti ottenendo un risultato dell&#8217;80% o superiore al suo esame di Livello 2.<\/span><\/p>\n<p><span style=\"font-weight: 400\">Sebbene gli eventi a REL Competitive rappresentino soltanto una piccola percentuale di quelli che sono gli eventi sanzionati, questi vengono svolti con standard molto pi\u00f9 elevati rispetto agli eventi a REL Regular\/Amatoriale. Di conseguenza, ai Judge di questi eventi viene richiesto di seguire procedure e policy specifiche, applicandole in modo imparziale. Inoltre, i giocatori che partecipano ad eventi svolti a REL Competitive richiedono una cognizione delle regole piuttosto approfondita, questo si traduce nel conoscere interazioni complicate tra diverse meccaniche di gioco. \u00a0Ai Judge di questi eventi pu\u00f2 essere richiesto di rispondere in modo specifico ai dettagli delle regole, \u00a0che spesso richiedono una profonda conoscenza e comprensione delle meccaniche e delle interazioni nei vari formati. A questi arbitri possono essere richieste spiegazioni pi\u00f9 dettagliate riguardo ai ruling che danno durante un evento. Parallelamente, i candidati che stanno preparando (o che stanno sostenendo) l\u2019esame da Livello 1 potrebbero voler sapere di pi\u00f9 riguardo il materiale da studiare. Essere responsabili della formazione dei candidati vuol dire fornirgli informazioni e feedback per aiutarli a comprendere al meglio regole, policy e procedure da torneo.<\/span><\/p>\n<p><span style=\"font-weight: 400\">Dopo aver superato l\u2019esame di Livello 2, il certificatore inserir\u00e0 una review del candidato nel Judge Center. Una volta inviata, il candidato verr\u00e0 promosso a Livello 2. <\/span><\/p>\n<p>&nbsp;<\/p>\n<h2><span style=\"font-weight: 400\">Materiale di studio<\/span><\/h2>\n<p><span style=\"font-weight: 400\">Dati i propositi dell\u2019esame di Livello 2, i candidati devono studiare i seguenti documenti per acquisire quel livello di conoscenza necessario di regole, policy e procedure da torneo affinch\u00e9 un evento svolto a REL Competitive venga gestito correttamente:<\/span><\/p>\n<ul>\n<li style=\"font-weight: 400\"><a href=\"http:\/\/magic.wizards.com\/en\/gameinfo\/gameplay\/formats\/comprehensiverules\"><span style=\"font-weight: 400\">The Comprehensive Rules<\/span><\/a><\/li>\n<li style=\"font-weight: 400\"><a href=\"http:\/\/wpn.wizards.com\/en\/resources\/rules-documents\/244\"><span style=\"font-weight: 400\">The Magic Tournament Rules<\/span><\/a><\/li>\n<li style=\"font-weight: 400\"><a href=\"http:\/\/wpn.wizards.com\/en\/resources\/rules-documents\/244\"><span style=\"font-weight: 400\">The Magic Infraction Procedure Guide<\/span><\/a><\/li>\n<\/ul>\n<p><span style=\"font-weight: 400\">Questi documenti integrano le regole base, le policy e le procedure che avete imparato da Judge Livello 1, le conoscenze che avete sviluppato con l\u2019esperienza arbitrale, ponendosi in continuit\u00e0 con la conoscenza e le abilit\u00e0 che avete sviluppato come Judge Livello 2.<\/span><span style=\"font-weight: 400\"><br \/>\n<\/span><span style=\"font-weight: 400\">Questo significa che sar\u00e0 vostra intenzione ampliare ed approfondire la vostra conoscenza e comprensione di regole e di policy, specialmente riguardo agli eventi REL Competitive. Queste vostre esperienze vi aiuteranno nell&#8217;espandere il vostro ruolo di mentore e vi aiuteranno a certificare nuovi arbitri, oltre che nella vostra capacit\u00e0 di fornire un servizio adeguato ai giocatori e aiutando la comunit\u00e0.<\/span><\/p>\n<p>&nbsp;<\/p>\n<h2>Argomenti dell\u2019esame<\/h2>\n<p>&nbsp;<\/p>\n<p><span style=\"font-weight: 400\">Siccome l&#8217;esame \u00e8 una valutazione generale della conoscenza delle regole avanzate, cos\u00ec come delle policy e delle procedure relative agli eventi a REL Competitive, \u00e8 stata stilata una lista specifica degli argomenti compresi nell\u2019esame da arbitro di Livello 2. <\/span><\/p>\n<p><span style=\"font-weight: 400\">Sebbene ogni esame sia creato casualmente per essere unico per uno specifico candidato, vorrete essere sicuri di aver appreso tutti i seguenti argomenti cos\u00ec da avere una comprensione delle regole di gioco, delle policy e delle le procedure, abbastanza buona da poter applicare le vostre conoscenze ad una variet\u00e0 pi\u00f9 ampia di situazioni rispetto a quelle del vostro esame da Livello 1:<\/span><\/p>\n<ul>\n<li style=\"font-weight: 400\"><span style=\"font-weight: 400\">La struttura del turno, in particolare i nomi delle singole fasi e sottofasi e cosa vi accade.<\/span><\/li>\n<li style=\"font-weight: 400\"><span style=\"font-weight: 400\">La fase di combattimento, cosa accade in ogni sottofase, quando le sottofasi potrebbero venire saltate e quando i giocatori possono o non possono effettuare azioni.<\/span><\/li>\n<li style=\"font-weight: 400\"><span style=\"font-weight: 400\">I passaggi per lanciare magie e\/o attivare abilit\u00e0, ed in particolare cosa succede nel momento in cui queste risolvono.<\/span><\/li>\n<li style=\"font-weight: 400\"><span style=\"font-weight: 400\">Le azioni da eseguire nel momento in cui un\u2019abilit\u00e0 innescata viene messa in pila e cosa deve essere specificato in quel momento o quando essa si risolve.<\/span><\/li>\n<li style=\"font-weight: 400\"><span style=\"font-weight: 400\">Saper determinare le caratteristiche di un permanente, come i suoi tipi\/sottotipi, le abilit\u00e0 di una creatura e\/o la sua forza e costituzione.<\/span><\/li>\n<li style=\"font-weight: 400\"><span style=\"font-weight: 400\">Come funzionano gli effetti One Shot e come si differenziano dagli effetti continui.<\/span><\/li>\n<li style=\"font-weight: 400\"><span style=\"font-weight: 400\">Come funzionano gli effetti continui, come per esempio quelli generati da un\u2019abilit\u00e0 statica o da una magia.<\/span><\/li>\n<li style=\"font-weight: 400\"><span style=\"font-weight: 400\">Le interazioni degli effetti di sostituzione\/prevenzione, capire qual \u00e8 l\u2019oggetto o giocatore influenzato e quindi quale giocatore pu\u00f2 scegliere come un evento viene modificato.<\/span><\/li>\n<li style=\"font-weight: 400\"><span style=\"font-weight: 400\">Come il gioco gestisce le azioni generate dallo stato, o anche quali sono le pi\u00f9 ricorrenti nelle partite.<\/span><\/li>\n<li style=\"font-weight: 400\"><span style=\"font-weight: 400\">Copiare una magia o un permanente, quindi quali sono i \u201cvalori copiabili\u201d dell\u2019oggetto e come il gioco gestisce le copie.<\/span><\/li>\n<li style=\"font-weight: 400\"><span style=\"font-weight: 400\">Regole base e policy applicabili al Two-Headed Giant, come la fase di combattimento, i turni addizionali o anche come alcune parole chiave potrebbero funzionare.<\/span><\/li>\n<li style=\"font-weight: 400\"><span style=\"font-weight: 400\">Azioni ed abilit\u00e0 con parole chiave ricorrenti.<\/span><\/li>\n<li style=\"font-weight: 400\"><span style=\"font-weight: 400\">Azioni e abilit\u00e0 con parole chiave in vari formati, dallo Standard al Modern.<\/span><\/li>\n<li style=\"font-weight: 400\"><span style=\"font-weight: 400\">Come descritto nelle MIPG, identificare un\u2019infrazione e l\u2019appropriata sanzione.<\/span><\/li>\n<li style=\"font-weight: 400\"><span style=\"font-weight: 400\">Come descritto nelle MIPG, applicare il rimedio appropriato, se presente, alle infrazioni.<\/span><\/li>\n<li style=\"font-weight: 400\"><span style=\"font-weight: 400\">Come descritto nelle MTR, la policy riguardante la comunicazione dei giocatori.<\/span><\/li>\n<li style=\"font-weight: 400\"><span style=\"font-weight: 400\">Come descritto nelle MTR, le shortcut da Torneo.<\/span><\/li>\n<li style=\"font-weight: 400\"><span style=\"font-weight: 400\">Come descritto nelle MTR, la procedura pre-partita a REL Competitive.<\/span><\/li>\n<li style=\"font-weight: 400\"><span style=\"font-weight: 400\">Come descritto nelle MTR, la procedura di fine turno a REL Competitive.<\/span><\/li>\n<li style=\"font-weight: 400\"><span style=\"font-weight: 400\">Come descritto nelle MTR, le policy e l\u2019uso della sideboard per eventi Constructed a REL Competitive.<\/span><\/li>\n<li style=\"font-weight: 400\"><span style=\"font-weight: 400\">Come descritto nelle MTR, le policy e l\u2019uso della sideboard per eventi Limited a REL Competitive.<\/span><\/li>\n<\/ul>\n<p><span style=\"font-weight: 400\">Questo richiede che voi abbiate compreso la struttura dietro alcune regole, per poter applicare questa conoscenza a situazioni che coinvolgono differenti carte.<\/span><span style=\"font-weight: 400\"><br \/>\n<\/span><span style=\"font-weight: 400\">Questo richiede anche una certa attenzione alla scrittura delle carte, l\u2019importanza della scelta dei termini, in modo che voi possiate applicare la vostra conoscenza correttamente.<\/span><\/p>\n<p>&nbsp;<\/p>\n<p><span style=\"font-weight: 400\">Questo vuol dire che dovrete studiare in modo approfondito le Comprehensive Rules e i vari casi in cui vanno applicate. Analogamente, vorrete capire completamente la guida alle procedure di torneo MTR e la guida alle infrazioni IPG, in modo da poter applicare le policy in maniera costante. <\/span><span style=\"font-weight: 400\"><br \/>\n<\/span><span style=\"font-weight: 400\">Man mano svilupperete le vostre abilit\u00e0 arbitrali, questi documenti vi serviranno per individuare le informazioni ed elaborarle per dare una risposta corretta durante una chiamata al tavolo. In altre situazioni avrete invece la necessit\u00e0 di tornare a ripassare il materiale su cui siete stati esaminati quando siete diventati Livello 1, in modo da capire al meglio regole base, policy e procedure per insegnarle ai candidati che state seguendo.<\/span><span style=\"font-weight: 400\"><br \/>\n<\/span><span style=\"font-weight: 400\">Siete pregati di ricordarvi che il materiale d\u2019esame \u00e8 confidenziale, quindi \u00e8 proibito discuterne con chiunque non sia il vostro certificatore.<\/span><\/p>\n<h2><span style=\"font-weight: 400\">Sfruttare gli esami di pratica<\/span><\/h2>\n<p><span style=\"font-weight: 400\">I candidati si dovrebbero preparare per l\u2019esame di Livello 2 usando l\u2019esame di Pratica &#8211; Difficile e l\u2019esame di Pratica &#8211; Policy disponibili sul Judge Center. <\/span><span style=\"font-weight: 400\"><br \/>\n<\/span><span style=\"font-weight: 400\">L&#8217;esame di Pratica &#8211; Difficile contiene domande che coprono le regole a livello avanzato e concetti di gioco che dovete conoscere come arbitri di Livello 2, contiene anche domande sulle policy e sulle procedure del REL Competitive.<\/span><span style=\"font-weight: 400\"><br \/>\n<\/span><span style=\"font-weight: 400\">Gli esami di Pratica &#8211; Policy si focalizzano maggiormente sulle policy che si applicano ad eventi svolti a REL Competitive. Alcuni dei contenuti presenti in queste sezioni non corrispondono esattamente a cosa potrebbe comparire nel vostro esame di Livello 2, in quanto questi si rivolgono ad un pubblico pi\u00f9 ampio.<\/span><span style=\"font-weight: 400\"><br \/>\n<\/span><span style=\"font-weight: 400\">In ogni caso, sono un ottimo punto di riferimento per capire la difficolt\u00e0 di un esame da Livello 2. Inoltre, comparando il materiale da questi esami Pratica agli argomenti richiesti, potrete focalizzare i vostri sforzi per migliorare le vostre conoscenze e studiare pi\u00f9 efficacemente.<\/span><span style=\"font-weight: 400\"><br \/>\n<\/span><span style=\"font-weight: 400\">Dovreste sostenere almeno quattro esami di Pratica &#8211; Difficile e un esame Pratica &#8211; Policy, cercando di ottenere almeno sette risposte corrette ad ogni esame.<\/span><span style=\"font-weight: 400\"><br \/>\n<\/span><span style=\"font-weight: 400\">In aggiunta, \u00e8 stato sviluppato l\u2019esame di Pratica &#8211; Livello 2 per aiutare i candidati al Livello 2 in maniera pi\u00f9 diretta a prepararsi al vero esame di Livello 2. L\u2019esame di Pratica &#8211; Livello 2 contiene elementi che di solito si trovano nel vero esame di Livello 2, e ha una difficolt\u00e0 simile a un esame di Livello 2 reale. Sono test che potete creare, nel Judge center, se siete arbitri di Livello 1. Una versione cartacea dell\u2019esame di Pratica &#8211; Livello 2 pu\u00f2 invece essere creata per voi da un Judge di Livello 3. \u00c8 necessario ottenere un punteggio minimo di 70% in un Pratica &#8211; Livello 2 per essere ammessi all\u2019esame di Livello 2, pu\u00f2 aiutare riprovarlo ogni volta che diventa disponibile, per migliorarsi e focalizzare gli sforzi dove se ne sente pi\u00f9 il bisogno, una volta ogni due mesi.<\/span><\/p>\n<h2><span style=\"font-weight: 400\">Consigli per lo studio<\/span><\/h2>\n<p style=\"text-align: justify\">Consigli e suggerimenti pi\u00f9 dettagliati per lo studio sono pubblicati a cadenza trimestrale nel forum Magic Judge Apps. Potete visitare <a href=\"http:\/\/apps.magicjudges.org\/forum\/topic\/5441\/\">questo post nel forum di JudgeApps<\/a> per leggere suggerimenti recenti o passati.<\/p>\n<p><em>Questa pagina \u00e8 stata scritta da <span class='judge-tooltip'><a href='https:\/\/apps.magicjudges.org\/judges\/dci\/46966237' >Brian Schenck<\/a><span class='avatar'><img width='200' height='200' src='https:\/\/apps.magicjudges.org\/dci\/avatar?dci=46966237&size=200'><\/span><\/span> e tradotta da David Spata, <span class='judge-tooltip'><a href='https:\/\/apps.magicjudges.org\/judges\/dci\/2203866691' >Francesco Cinelli<\/a><span class='avatar'><img width='200' height='200' src='https:\/\/apps.magicjudges.org\/dci\/avatar?dci=2203866691&size=200'><\/span><\/span> e <span class='judge-tooltip'><a href='https:\/\/apps.magicjudges.org\/judges\/dci\/6213620846' >Luca Magni<\/a><span class='avatar'><img width='200' height='200' src='https:\/\/apps.magicjudges.org\/dci\/avatar?dci=6213620846&size=200'><\/span><\/span> <\/em><\/p>\n<p>&nbsp;<\/p>\n","protected":false},"excerpt":{"rendered":"<p>Scopo dell\u2019esame Lo scopo dell\u2019esame di Livello 2 \u00e8 di valutare il candidato sulla conoscenza delle regole avanzate del gioco e sulla comprensione delle policy e delle procedure legate ad eventi a REL Competitive. Un candidato dimostra questi requisiti ottenendo un risultato dell&#8217;80% o superiore al suo esame di Livello 2. Sebbene gli eventi a [&hellip;]<\/p>\n","protected":false},"author":126,"featured_media":0,"parent":0,"menu_order":0,"comment_status":"closed","ping_status":"closed","template":"page_width-index.php","meta":{"footnotes":"","_links_to":"","_links_to_target":""},"language":[14],"class_list":["post-1323","page","type-page","status-publish","hentry","language-it"],"_links":{"self":[{"href":"https:\/\/blogs.magicjudges.org\/o\/wp-json\/wp\/v2\/pages\/1323","targetHints":{"allow":["GET"]}}],"collection":[{"href":"https:\/\/blogs.magicjudges.org\/o\/wp-json\/wp\/v2\/pages"}],"about":[{"href":"https:\/\/blogs.magicjudges.org\/o\/wp-json\/wp\/v2\/types\/page"}],"author":[{"embeddable":true,"href":"https:\/\/blogs.magicjudges.org\/o\/wp-json\/wp\/v2\/users\/126"}],"replies":[{"embeddable":true,"href":"https:\/\/blogs.magicjudges.org\/o\/wp-json\/wp\/v2\/comments?post=1323"}],"version-history":[{"count":4,"href":"https:\/\/blogs.magicjudges.org\/o\/wp-json\/wp\/v2\/pages\/1323\/revisions"}],"predecessor-version":[{"id":4009,"href":"https:\/\/blogs.magicjudges.org\/o\/wp-json\/wp\/v2\/pages\/1323\/revisions\/4009"}],"wp:attachment":[{"href":"https:\/\/blogs.magicjudges.org\/o\/wp-json\/wp\/v2\/media?parent=1323"}],"wp:term":[{"taxonomy":"language","embeddable":true,"href":"https:\/\/blogs.magicjudges.org\/o\/wp-json\/wp\/v2\/language?post=1323"}],"curies":[{"name":"wp","href":"https:\/\/api.w.org\/{rel}","templated":true}]}}