{"id":1333,"date":"2017-07-03T15:50:29","date_gmt":"2017-07-03T15:50:29","guid":{"rendered":"http:\/\/blogs.magicjudges.org\/o\/?page_id=1333"},"modified":"2018-01-04T23:42:49","modified_gmt":"2018-01-04T23:42:49","slug":"judge-levels-itbecome-a-magic-judge-it","status":"publish","type":"page","link":"https:\/\/blogs.magicjudges.org\/o\/judge-levels-itbecome-a-magic-judge-it\/","title":{"rendered":"Diventa un Judge di Magic"},"content":{"rendered":"<p style=\"text-align: justify\">Cos\u00ec vi piacerebbe diventare un Judge di Magic\u2026<\/p>\n<h2 style=\"text-align: justify\">Chi \u00e8 un Judge di Magic?<\/h2>\n<p style=\"text-align: justify\">I Judge, ovviamente, sono arbitri del gioco; fanno in modo che un torneo si svolga correttamente e contribuiscono a rendere il gioco piacevole e divertente per tutti i partecipanti. I Judge rispondono alle chiamate, aiutano a correggere gli errori ed assicurano l\u2019integrit\u00e0 degli eventi di Magic.<\/p>\n<p style=\"text-align: justify\">Al di fuori degli eventi, i Judge fanno da ambasciatori per la comunit\u00e0, aiutando giocatori, negozianti, e candidati Judge. I Judge contribuiscono a rendere Magic: The Gathering\u2122 una bella esperienza per tutti i giocatori!<\/p>\n<h2 style=\"text-align: justify\">Perch\u00e9 volete diventare Judge?<\/h2>\n<p style=\"text-align: justify\">Ci sono diverse ragioni per voler diventare un Judge che vanno oltre il semplice contribuire allo svolgersi di eventi di Magic. Non importa la ragione che vi spinga a diventare Judge, ma una volta che avrete preso questa decisione, dovrete seguire un percorso, i cui passaggi possono essere conseguiti in qualunque ordine. Qualche step potrebbe essere pi\u00f9 semplice di altri; magari qualcuno lo avrete gi\u00e0 superato, semplicemente perch\u00e9 state gi\u00e0 partecipando a eventi come Friday Night Magic o Grand Prix Trial.<\/p>\n<h2 style=\"text-align: justify\">Trovate un negozio dove arbitrare<\/h2>\n<p style=\"text-align: justify\">Nei fatti, il gioco organizzato WPN, consiste principalmente di eventi in negozio, quindi la maggior parte della formazione per diventare un Judge avr\u00e0 luogo in negozio. Non potete diventare Judge senza aver arbitrato degli eventi, infatti, uno dei requisiti necessari, \u00e8 quello di aver arbitrato almeno due eventi. Trovare un negozio per arbitrare \u00e8 il passaggio pi\u00f9 importante, anche se potrebbe essere il pi\u00f9 difficile.<\/p>\n<p style=\"text-align: justify\">Se non frequentate solitamente un negozio, trovatene uno nei pressi di dove vivete o lavorate, ed iniziate a giocare agli eventi di Magic che l\u00ec vengono organizzati. Fate la conoscenza del proprietario,  dei membri dello staff, o di chiunque gestisca quegli eventi. Se l\u00ec non c\u2019\u00e8 un punto di riferimento per le regole riconosciuto dai giocatori, iniziate a diventarlo voi. Se c\u2019\u00e8 gi\u00e0 una persona che corrisponde a questo profilo, presentatevi, entrateci in contatto e discutete insieme di regole. Presto i giocatori si rivolgeranno anche a voi per domande di regole.<\/p>\n<p style=\"text-align: justify\">Se c\u2019\u00e8 gi\u00e0 un negozio che frequentate abitualmente, ma non vi sentite ancora in grado di rispondere a domande sulle regole da parte dei giocatori, e volete iniziare ad arbitrare per prendere la familiarit\u00e0 necessaria, allora dobbiamo fare un passo indietro e tornare su questo passaggio in futuro.<\/p>\n<p style=\"text-align: justify\">Se siete gi\u00e0 la persona alla quale tutti i giocatori fanno domande di regole, allora vi state gi\u00e0 comportando come la maggior parte dei judge a REL Regular e fare da Judge all\u2019evento \u00e8 solo formalizzare quello che di fatto state facendo. Parlate con il titolare del negozio o con la persona responsabile e chiedete se potete arbitrare i tornei gestiti a <a href=\"http:\/\/blogs.magicjudges.org\/rules\/jar\/\">Regular REL<\/a> ai quali partecipate.<\/p>\n<p style=\"text-align: justify\">Una volta che avrete trovato il negozio che vi permetter\u00e0 di fare da Judge ai suoi eventi, siete sostanzialmente diventati dei Judge di Magic, ancora senza alcun livello. Qualcuno vi chiamer\u00e0 Livello 0, anche se tecnicamente siete dei Magic Judge non ancora certificati, ovvero candidati a diventare Magic Judge di Livello 1. Una volta che avrete iniziato ad arbitrare eventi, avrete bisogno di passare alla fase successiva, se non l\u2019avete gi\u00e0 fatto.<\/p>\n<h2 style=\"text-align: justify\">Trovate un altro Judge che vi segua<\/h2>\n<p style=\"text-align: justify\">Il Programma Magic Judge conta molto sull\u2019insegnamento da parte di un mentore, tanto che il mentoring \u00e8 una parte naturale dell\u2019interazione con gli altri Judge.<\/p>\n<p style=\"text-align: justify\">Trovare qualcuno che vi insegni e che possa farvi fare pratica con i test, sarebbe l\u2019ideale; chiunque pu\u00f2 farvi da mentore, indipendentemente dal livello. Un buon mentore \u00e8 qualcuno in cui riponete fiducia, che sia capace di aiutarvi a trovare risposte ai vostri dubbi e sappia darvi dei feedback sui vostri progressi.<\/p>\n<p style=\"text-align: justify\">Un mentore non deve per forza essere della vostra zona, ma pu\u00f2 aiutarvi anche via e-mail, IRC o tramite qualsiasi altra forma di comunicazione online. Questo tipo di Mentoring, pu\u00f2 essere fondamentale se dalle vostre parti non ci sono Judge, ma pu\u00f2 anche essere di supplemento al vostro mentore locale.<\/p>\n<p style=\"text-align: justify\">Questo potrebbe essere il vostro primo passo per diventare un Judge; conoscere un altro Judge potrebbe aiutarvi anche a  trovare un negozio in cui arbitrare. Se non conoscete nessun altro Judge, la strada migliore da intraprendere \u00e8 quella di contattare il vostro <a href=\"http:\/\/blogs.magicjudges.org\/o\/advanced-roles\/regional-coordinators\/\">Coordinatore Regionale<\/a>, che si occupa di tutto ci\u00f2 che riguarda l&#8217;arbitraggio all\u2019interno della vostra regione. Usate <a href=\"https:\/\/blogs.magicjudges.org\/contact\/contact-a-regional-coordinator\/\">questo link per contattare il vostro Coordinatore Regionale<\/a>,\u00a0o <a href=\"https:\/\/blogs.magicjudges.org\/o\/regional-coordinators-it\/\" target=\"_blank\">quest\u2019altro per trovare pi\u00f9 informazioni riguardo i Coordinatori Regionali.<\/a>.<\/p>\n<h2 style=\"text-align: justify\">Imparate le regole generali e le policy<\/h2>\n<p style=\"text-align: justify\">Arbitrare \u00e8 un continuo processo di miglioramento, e ci sono molti metodi che potrete utilizzare per migliorare le vostre conoscenze. Se ancora non avete adeguate conoscenze riguardo le regole base di Magic, impararle dovrebbe essere il primo passo per diventare un Judge. Dovete necessariamente essere in grado di gestire un evento e se non siete in grado di rispondere alle domande sulle regole in modo efficace, non sarete sicuramente in grado di convincere un negoziante a farvi arbitrare ai suoi eventi.  Spesso questo passaggio avviene mentre giocate a Magic ed   osservate come funzionano i tornei.<\/p>\n<ul style=\"text-align: justify\">\n<li><a href=\"http:\/\/magic.wizards.com\/it\/gameplay\/rules-and-formats\">Regole base ed informazioni sui formati<\/a><\/li>\n<li><a href=\"http:\/\/blogs.magicjudges.org\/o\/rules-policy-documents\/\">Comprehensive Rules &amp; Judging at Regular REL<\/a><\/li>\n<li><a href=\"https:\/\/blogs.magicjudges.org\/o\/judge-certification-itstudying-for-level-1-it\/\">Preparazione all\u2019esame da L1<\/a><\/li>\n<\/ul>\n<h2 style=\"text-align: justify\">Sostenete l\u2019esame da Judge L1<\/h2>\n<p style=\"text-align: justify\">\u00c8 il procedimento formale e necessario per ottenere la certificazione da Judge L1. \u00c8 l\u2019ultimo passo per diventare un Judge L1, ma non l\u2019ultimo passo per arbitrare. Se siete L1 e vi piace arbitrare, il prossimo passo potrebbe essere chiedervi: \u201cCome faccio a diventare un Judge di L2?\u201d<\/p>\n<p><em>Questa pagina \u00e8 stata scritta da <span class='judge-tooltip'><a href='https:\/\/apps.magicjudges.org\/judges\/dci\/157621' >Mark Brown<\/a><span class='avatar'><img width='200' height='200' src='https:\/\/apps.magicjudges.org\/dci\/avatar?dci=157621&size=200'><\/span><\/span> e tradotta da <span class='judge-tooltip'><a href='https:\/\/apps.magicjudges.org\/judges\/dci\/0' >Ferdinando Nostrato<\/a><span class='avatar'><img width='200' height='200' src='https:\/\/apps.magicjudges.org\/dci\/avatar?dci=0&size=200'><\/span><\/span> e <span class='judge-tooltip'><a href='https:\/\/apps.magicjudges.org\/judges\/dci\/1204469552' >Fabrizio Curato<\/a><span class='avatar'><img width='200' height='200' src='https:\/\/apps.magicjudges.org\/dci\/avatar?dci=1204469552&size=200'><\/span><\/span><br \/>\n<\/em><\/p>\n","protected":false},"excerpt":{"rendered":"<p>Cos\u00ec vi piacerebbe diventare un Judge di Magic\u2026 Chi \u00e8 un Judge di Magic? I Judge, ovviamente, sono arbitri del gioco; fanno in modo che un torneo si svolga correttamente e contribuiscono a rendere il gioco piacevole e divertente per tutti i partecipanti. I Judge rispondono alle chiamate, aiutano a correggere gli errori ed assicurano [&hellip;]<\/p>\n","protected":false},"author":126,"featured_media":0,"parent":0,"menu_order":0,"comment_status":"closed","ping_status":"closed","template":"page_width-index.php","meta":{"footnotes":"","_links_to":"","_links_to_target":""},"language":[14],"class_list":["post-1333","page","type-page","status-publish","hentry","language-it"],"_links":{"self":[{"href":"https:\/\/blogs.magicjudges.org\/o\/wp-json\/wp\/v2\/pages\/1333","targetHints":{"allow":["GET"]}}],"collection":[{"href":"https:\/\/blogs.magicjudges.org\/o\/wp-json\/wp\/v2\/pages"}],"about":[{"href":"https:\/\/blogs.magicjudges.org\/o\/wp-json\/wp\/v2\/types\/page"}],"author":[{"embeddable":true,"href":"https:\/\/blogs.magicjudges.org\/o\/wp-json\/wp\/v2\/users\/126"}],"replies":[{"embeddable":true,"href":"https:\/\/blogs.magicjudges.org\/o\/wp-json\/wp\/v2\/comments?post=1333"}],"version-history":[{"count":4,"href":"https:\/\/blogs.magicjudges.org\/o\/wp-json\/wp\/v2\/pages\/1333\/revisions"}],"predecessor-version":[{"id":4486,"href":"https:\/\/blogs.magicjudges.org\/o\/wp-json\/wp\/v2\/pages\/1333\/revisions\/4486"}],"wp:attachment":[{"href":"https:\/\/blogs.magicjudges.org\/o\/wp-json\/wp\/v2\/media?parent=1333"}],"wp:term":[{"taxonomy":"language","embeddable":true,"href":"https:\/\/blogs.magicjudges.org\/o\/wp-json\/wp\/v2\/language?post=1333"}],"curies":[{"name":"wp","href":"https:\/\/api.w.org\/{rel}","templated":true}]}}