{"id":1337,"date":"2017-05-15T23:08:22","date_gmt":"2017-05-15T23:08:22","guid":{"rendered":"http:\/\/blogs.magicjudges.org\/o\/?page_id=1337"},"modified":"2017-05-17T10:46:18","modified_gmt":"2017-05-17T10:46:18","slug":"judge-levels-itwelcome-to-level-1-it","status":"publish","type":"page","link":"https:\/\/blogs.magicjudges.org\/o\/judge-levels-itwelcome-to-level-1-it\/","title":{"rendered":"Benvenuti al Livello 1"},"content":{"rendered":"<p><span style=\"font-weight: 400\">Prima di tutto, congratulazioni per il vostro impegno nel diventare Judge di Magic!<\/span><\/p>\n<h2><span style=\"font-weight: 400\">Informate la vostra comunit\u00e0 di giocatori<\/span><\/h2>\n<p><span style=\"font-weight: 400\">La prima cosa che vorrete fare sar\u00e0 informare i negozi e i giocatori della vostra comunit\u00e0 locale riguardo al vostro nuovo titolo, cos\u00ec che possano contattarvi ogni volta che avranno dei dubbi. Potrete continuare a giocare i tornei a REL Amatoriale e arbitrarli allo stesso tempo, aiutando i giocatori presenti. Potrete continuare anche a giocare i tornei ad un REL pi\u00f9 alto, ma solo se in quel momento non starete anche arbitrando.<\/span><\/p>\n<p>&nbsp;<\/p>\n<p><span style=\"font-weight: 400\">Nota bene che i Grand Prix Trial sono una eccezione a quanto detto anche se vengono sanzionati a REL Regular. Gli eventi premier hanno bisogno di un livello di attenzione pi\u00f9 alto, e quindi non puoi contemporaneamente giocare ed arbitrare in un Grand Prix Trial .<\/span><\/p>\n<p><span style=\"font-weight: 400\">Potete trovare i negozi pi\u00f9 vicini a voi usando il <\/span><a href=\"http:\/\/locator.wizards.com\/\"><span style=\"font-weight: 400\">Wizards Event Locator<\/span><\/a><span style=\"font-weight: 400\">.<\/span><\/p>\n<h2><span style=\"font-weight: 400\">Contattate la comunit\u00e0 arbitrale locale<\/span><\/h2>\n<p><span style=\"font-weight: 400\">Vorrete sicuramente mettervi in contatto con il gruppo arbitrale della vostra zona e cominciare ad interagire regolarmente con loro. Sarete cos\u00ec in grado di discutere sui cambiamenti e gli aggiornamenti con loro, e contribuire a migliorare reciprocamente \u00a0l\u2019esperienza arbitrale. Il vostro <\/span><a href=\"http:\/\/blogs.magicjudges.org\/o\/judge-program-structure\/regional-coordinators\/\"><span style=\"font-weight: 400\">Coordinatore Regionale<\/span><\/a><span style=\"font-weight: 400\"> (RC) conosce la maggior parte delle informazioni che state cercando riguardanti la vostra zona. Se avete dei suggerimenti su come migliorare Magic: The Gathering\u2122 per la vostra comunit\u00e0, o volete proporre idee e suggerimenti per quanto riguarda il progetto arbitrale, contattate il vostro Coordinatore Regionale compilando <\/span><a href=\"http:\/\/blogs.magicjudges.org\/contact\/contact-a-regional-coordinator\/\"><span style=\"font-weight: 400\">questo modulo<\/span><\/a><span style=\"font-weight: 400\">. Sapr\u00e0 sicuramente aiutarvi. Controllate anche l\u2019<\/span><a href=\"http:\/\/blogs.magicjudges.org\/o\/communication-channels\/\"><span style=\"font-weight: 400\">elenco dei siti web e le mailing list<\/span><\/a><span style=\"font-weight: 400\"> per mettervi in contatto con i Judge della vostra zona.<\/span><\/p>\n<h2><span style=\"font-weight: 400\">Fase successiva: eventi a REL Competitivo<\/span><\/h2>\n<p><span style=\"font-weight: 400\">Visto che siete diventati Judge, i negozianti potranno avere bisogno di voi in alcuni eventi a REL Competitivo che richiedono un Judge certificato, come i Grand Prix Trial (GPT) o per aiutare un Capo arbitro di Livello 2 ai PPTQ pi\u00f9 grandi, ad esempio. Avrete bisogno di studiare qualche nozione in pi\u00f9 prima di procedere, dato che non si tratta pi\u00f9 di eventi votati solo al divertimento, ma di eventi che offrono premi consistenti, inviti o bye per eventi pi\u00f9 prestigiosi. La Guida alle Procedure per le Infrazioni (Magic Infraction Procedure Guide &#8211; IPG) \u00e8 un documento che spiega ai Judge come gestire eventuali problemi, quali penalit\u00e0 corrispondono alle infrazioni commesse e come porvi rimedio. Potete trovare le IPG sul <\/span><a href=\"http:\/\/wpn.wizards.com\/en\/document\/magic-infraction-procedure-guide\"><span style=\"font-weight: 400\">sito WPN<\/span><\/a><span style=\"font-weight: 400\">. Le versioni tradotte dei documenti possono essere scaricate dal <\/span><a href=\"http:\/\/blogs.magicjudges.org\/translatedrules\/\"><span style=\"font-weight: 400\">Translated Rules Blog<\/span><\/a><span style=\"font-weight: 400\">.<\/span><\/p>\n<h2><span style=\"font-weight: 400\">Risorse Utili<\/span><\/h2>\n<p><span style=\"font-weight: 400\">Ci sono alcuni strumenti che troverete sicuramente utili:<\/span><\/p>\n<div style=\"margin-left: 20px;text-align: justify\">\n<h3><b>Judge Center<\/b><\/h3>\n<p><span style=\"font-weight: 400\">Avete sicuramente familiarit\u00e0 con il <\/span><a href=\"http:\/\/judge.wizards.com\/\"><span style=\"font-weight: 400\">Judge Center<\/span><\/a><span style=\"font-weight: 400\">. Da qui potete svolgere esami di allenamento, inviare i report delle squalifiche e scrivere review sugli altri Judge.<\/span><\/p>\n<h3><b>JudgeApps<\/b><\/h3>\n<p><span style=\"font-weight: 400\">Su <\/span><a href=\"http:\/\/apps.magicjudges.org\/\"><span style=\"font-weight: 400\">Judge Apps<\/span><\/a><span style=\"font-weight: 400\"> potrete trovare svariati forum per richiedere aiuto a Judge di diversi livelli e su diversi argomenti. I progetti della comunit\u00e0 arbitrale vengono gestiti da qui, cos\u00ec come le application per gli eventi di maggior rilievo (come i Pro Tour Qualifier, i World Magic Cup Qualifier e i Grand Prix).<\/span><\/p>\n<h3><b>IRC<\/b><\/h3>\n<p><span style=\"font-weight: 400\">Volete parlare con altri Judge online? Avete domande che necessitano di risposte immediate? Unitevi al canale IRC dei Judge! Otterrete l\u2019accesso immediato \u00a0attraverso l\u2019interfaccia web di <\/span><a href=\"http:\/\/chat.magicjudges.org\/mtgjudge\"><span style=\"font-weight: 400\">Magic Judges<\/span><\/a><span style=\"font-weight: 400\">. In alternativa potete usare un qualsiasi client IRC e cercare le stanze #mtgjudge e #mtgrules su EFnet. Ci sono vari modi per collegarsi su IRC: usare <\/span><a href=\"http:\/\/www.mirc.com\/\"><span style=\"font-weight: 400\">mIRC<\/span><\/a><span style=\"font-weight: 400\"> (un client scaricabile) oppure <\/span><a href=\"http:\/\/www.mibbit.com\/\"><span style=\"font-weight: 400\">Mibbit<\/span><\/a><span style=\"font-weight: 400\">, una comoda interfaccia web che funziona direttamente nel vostro browser.<\/span><\/p>\n<\/div>\n<p style=\"text-align: justify\"><em>Questa pagina \u00e8 stata scritta da \u00a0<span class='judge-tooltip'><a href='https:\/\/apps.magicjudges.org\/judges\/dci\/25153831' >Fabian Peck<\/a><span class='avatar'><img width='200' height='200' src='https:\/\/apps.magicjudges.org\/dci\/avatar?dci=25153831&size=200'><\/span><\/span> e tradotta da <span class='judge-tooltip'><a href='https:\/\/apps.magicjudges.org\/judges\/dci\/5300232047' >Federico Vecchio<\/a><span class='avatar'><img width='200' height='200' src='https:\/\/apps.magicjudges.org\/dci\/avatar?dci=5300232047&size=200'><\/span><\/span> e <span class='judge-tooltip'><a href='https:\/\/apps.magicjudges.org\/judges\/dci\/29833141' >Luca Romeo<\/a><span class='avatar'><img width='200' height='200' src='https:\/\/apps.magicjudges.org\/dci\/avatar?dci=29833141&size=200'><\/span><\/span><\/em><\/p>\n","protected":false},"excerpt":{"rendered":"<p>Prima di tutto, congratulazioni per il vostro impegno nel diventare Judge di Magic! Informate la vostra comunit\u00e0 di giocatori La prima cosa che vorrete fare sar\u00e0 informare i negozi e i giocatori della vostra comunit\u00e0 locale riguardo al vostro nuovo titolo, cos\u00ec che possano contattarvi ogni volta che avranno dei dubbi. Potrete continuare a giocare [&hellip;]<\/p>\n","protected":false},"author":126,"featured_media":0,"parent":0,"menu_order":0,"comment_status":"closed","ping_status":"closed","template":"page_width-index.php","meta":{"footnotes":"","_links_to":"","_links_to_target":""},"language":[14],"class_list":["post-1337","page","type-page","status-publish","hentry","language-it"],"_links":{"self":[{"href":"https:\/\/blogs.magicjudges.org\/o\/wp-json\/wp\/v2\/pages\/1337","targetHints":{"allow":["GET"]}}],"collection":[{"href":"https:\/\/blogs.magicjudges.org\/o\/wp-json\/wp\/v2\/pages"}],"about":[{"href":"https:\/\/blogs.magicjudges.org\/o\/wp-json\/wp\/v2\/types\/page"}],"author":[{"embeddable":true,"href":"https:\/\/blogs.magicjudges.org\/o\/wp-json\/wp\/v2\/users\/126"}],"replies":[{"embeddable":true,"href":"https:\/\/blogs.magicjudges.org\/o\/wp-json\/wp\/v2\/comments?post=1337"}],"version-history":[{"count":6,"href":"https:\/\/blogs.magicjudges.org\/o\/wp-json\/wp\/v2\/pages\/1337\/revisions"}],"predecessor-version":[{"id":3995,"href":"https:\/\/blogs.magicjudges.org\/o\/wp-json\/wp\/v2\/pages\/1337\/revisions\/3995"}],"wp:attachment":[{"href":"https:\/\/blogs.magicjudges.org\/o\/wp-json\/wp\/v2\/media?parent=1337"}],"wp:term":[{"taxonomy":"language","embeddable":true,"href":"https:\/\/blogs.magicjudges.org\/o\/wp-json\/wp\/v2\/language?post=1337"}],"curies":[{"name":"wp","href":"https:\/\/api.w.org\/{rel}","templated":true}]}}