{"id":1341,"date":"2017-05-17T10:43:00","date_gmt":"2017-05-17T10:43:00","guid":{"rendered":"http:\/\/blogs.magicjudges.org\/o\/?page_id=1341"},"modified":"2017-05-17T10:43:00","modified_gmt":"2017-05-17T10:43:00","slug":"judge-levels-itwelcome-to-level-3-it","status":"publish","type":"page","link":"https:\/\/blogs.magicjudges.org\/o\/judge-levels-itwelcome-to-level-3-it\/","title":{"rendered":"Benvenuti al Livello 3"},"content":{"rendered":"<p style=\"text-align: justify\">I Premier Judge sono sia la punta che la base della gerarchia di comando nel Judge Program. Sono i leader tangibili del programma, incaricati di condurre importanti progetti e attivit\u00e0, fare l\u2019Head Judge in grossi tornei a livello Competitive, fare il Team Leader in eventi a livello Professional, cos\u00ec come essere il punto di riferimento per informazioni e consigli da esperto verso gli arbitri certificati e non, in un\u2019ampia area. I Premier Judges servono anche come banco di prova per considerare l\u2019adozione di nuove policy e guidano nell\u2019implementazione e nella diffusione di nuove informazioni nella community di<strong>Magic<\/strong>: The Gathering\u2122. \u00c8 solamente attraverso la dimostrazione di un alto grado di abilit\u00e0 in molte qualit\u00e0 chiave che gli arbitri di livello 3 vengono certificati nel loro ruolo dinamico e di impatto. <\/p>\n<h2 style=\"text-align: justify\">Le qualit\u00e0 stanno alla base<\/h2>\n<p style=\"text-align: justify\">Come nuovi livelli 3, avete appena passato il <a href=\"http:\/\/blogs.magicjudges.org\/o\/judge-testing\/level-3-advancement-process\/\"> Level 3 Advancement Process<\/a>, un processo che richiede di sviluppare un buon numero di capacit\u00e0 e comportamenti. Queste qualit\u00e0 non sono concetti ideali pensati solamente per testare la vostra etica di lavoro e il vostro impegno &#8211; sono bens\u00ec lo standard di performance che ci si aspetta voi manteniate e dal quale voi possiate crescere come Premier Judge. E\u2019 di vitale importanza continuare ad autovalutarsi, chiedere e offrire feedback per continuare a crescere, facendo allo stesso tempo crescere gli altri.<\/p>\n<h2 style=\"text-align: justify\">Tenere la spada affilata<\/h2>\n<p style=\"text-align: justify\">Mantenere le proprie qualit\u00e0 e competenze \u00e8 un aspetto importante di un Premier Judge. Comunque, ci sono diversi metodi che gli arbitri di livello 3  adottano per affrontare il loro sviluppo post livello 3. Queste attivit\u00e0 sono monitorate e i loro feedback vengono forniti dal Coordinatore dei livello 3.<\/p>\n<ul style=\"text-align: justify\">\n<li>Ad ogni release di un\u2019espansione, gli arbitri di livello 3 devono tenere dei brevi quiz di aggiornamento, che mettano in evidenza sia i cambiamenti nei nostri documenti, sia altri aspetti, rilevanti seppur pi\u00f9 impegnativi, del gioco. <\/li>\n<li>Ogni anno ci si aspetta da un arbitro di livello 3 l\u2019invio di informazioni riguardo le partecipazioni ad eventi e il coinvolgimento nei progetti su vari livelli, al fine di garantire una attivit\u00e0\/visibilit\u00e0 coerente con la loro leadership regionale.<\/li>\n<li>Agli arbitri di livello 3 viene chiesto annualmente di compilare una Self-Review completa, analizzando le performance personali in ogni qualit\u00e0 di un Premier Judge.<\/li>\n<\/ul>\n<h2 style=\"text-align: justify\">Spunti da tenere a mente<\/h2>\n<p style=\"text-align: justify\">Al momento della certificazione da livello 3, entrare in un ruolo cos\u00ec ampio e visibile come il livello 3 pu\u00f2 essere scoraggiante e pu\u00f2 sopraffarre anche le persone pi\u00f9 preparate. Ecco alcuni spunti da considerare per i Judge appena diventati leader regionali.<\/p>\n<ul style=\"text-align: justify\">\n<li> Non pretendiamo che voi siate perfetti. Ci si aspetta che voi continuiate ad essere gli esperti e i leader che avete dimostrato di essere attraverso la vostra checklist, ma non che voi siate perfetti.<\/li>\n<li>Avete un team di Premier Judge favoloso che vi supporta, che crede in voi e in quello che state facendo. Chiedete aiuto, imparate dai vostri pari e adottate le best practice degli altri.<\/li>\n<li> Circondatevi di ottime persone. Ci sono Judge L1 che credete diventerebbero splendidi Judge L2? Sono gi\u00e0 pronti, o con qualche insegnamento da parte vostra potrebbero essere pronti per quel ruolo? Ricordate che siccome siete stati appena promossi come guida Premiere, ora che avete cambiato ruolo, servono pi\u00f9 persone in comando nelle singole aree per prendere in carico le responsabilit\u00e0 che avevate. La vostra leadership sar\u00e0 pi\u00f9 efficace potenziando gli altri attraverso l\u2019educazione, le deleghe e la gestione per promuovere la loro crescita e il loro sviluppo come arbitri.<\/li>\n<li>C\u2019\u00e8 qualche progetto che volete sviluppare o un\u2019area del programma che sembra abbia bisogno di sviluppo o miglioramento? Consultate gli altri leader Regionali, approfondite e consigliate, portando il progetto alla sua crescita.<\/li>\n<li>Ci sono cos\u00ec tanti aspetti di questo programma che sembrano emozionanti e hanno un bisogno cos\u00ec tangibile, che pu\u00f2 sembrare opprimente, specialmente se esagerate a impegnarvi, prendendo in carico pi\u00f9 attivit\u00e0 di quelle che potete permettervi. Create eventi, attivit\u00e0, progetti, ma tenete sempre a mente i vostri bisogni personali, in modo tale che la vostra attivit\u00e0 sia sostenibile. Una delle pi\u00f9 grandi sfide del livello 3 \u00e8 bilanciare cosa fate per mantenervi esperti, e per contribuire negli eventi e fuori da essi, continuando a divertirvi e ad amare il vostro ruolo di Judge.<\/li>\n<\/ul>\n<h2 style=\"text-align: justify\">In conclusione<\/h2>\n<p style=\"text-align: justify\">Il ruolo di Premier Judge \u00e8 una bellissima esperienza, ma comporta un sacco di pressioni, sfide ed impegni rispetto a tanti altri ruoli nel Judge Program. Ricordate che avete un fantastico team di Judge di livello 3, il vostro Coordinatore dei livello 3, il vostro Coordinatore Regionale e tutti gli arbitri nella vostra area che supportano voi e ci\u00f2 che fate. Tenetevi strette le responsabilit\u00e0 e le qualit\u00e0 che vi siete promessi di mantenere, e attraverso il vostro lavoro e la vostra leadership continuate a divertirvi e ad amare ci\u00f2 che fate in qualit\u00e0 di Premier Judge.<\/p>\n<p><em>Questa pagina \u00e8 stata scritta da <span class='judge-tooltip'><a href='https:\/\/apps.magicjudges.org\/judges\/dci\/2208242225' >Steven Briggs<\/a><span class='avatar'><img width='200' height='200' src='https:\/\/apps.magicjudges.org\/dci\/avatar?dci=2208242225&size=200'><\/span><\/span> e tradotta da <span class='judge-tooltip'><a href='https:\/\/apps.magicjudges.org\/judges\/dci\/3208159507' >Alberto Strade<\/a><span class='avatar'><img width='200' height='200' src='https:\/\/apps.magicjudges.org\/dci\/avatar?dci=3208159507&size=200'><\/span><\/span> e <span class='judge-tooltip'><a href='https:\/\/apps.magicjudges.org\/judges\/dci\/2102830605' >Marco Boccalari<\/a><span class='avatar'><img width='200' height='200' src='https:\/\/apps.magicjudges.org\/dci\/avatar?dci=2102830605&size=200'><\/span><\/span><\/em><\/p>\n","protected":false},"excerpt":{"rendered":"<p>I Premier Judge sono sia la punta che la base della gerarchia di comando nel Judge Program. Sono i leader tangibili del programma, incaricati di condurre importanti progetti e attivit\u00e0, fare l\u2019Head Judge in grossi tornei a livello Competitive, fare il Team Leader in eventi a livello Professional, cos\u00ec come essere il punto di riferimento [&hellip;]<\/p>\n","protected":false},"author":126,"featured_media":0,"parent":0,"menu_order":0,"comment_status":"closed","ping_status":"closed","template":"page_width-index.php","meta":{"footnotes":"","_links_to":"","_links_to_target":""},"language":[14],"class_list":["post-1341","page","type-page","status-publish","hentry","language-it"],"_links":{"self":[{"href":"https:\/\/blogs.magicjudges.org\/o\/wp-json\/wp\/v2\/pages\/1341","targetHints":{"allow":["GET"]}}],"collection":[{"href":"https:\/\/blogs.magicjudges.org\/o\/wp-json\/wp\/v2\/pages"}],"about":[{"href":"https:\/\/blogs.magicjudges.org\/o\/wp-json\/wp\/v2\/types\/page"}],"author":[{"embeddable":true,"href":"https:\/\/blogs.magicjudges.org\/o\/wp-json\/wp\/v2\/users\/126"}],"replies":[{"embeddable":true,"href":"https:\/\/blogs.magicjudges.org\/o\/wp-json\/wp\/v2\/comments?post=1341"}],"version-history":[{"count":3,"href":"https:\/\/blogs.magicjudges.org\/o\/wp-json\/wp\/v2\/pages\/1341\/revisions"}],"predecessor-version":[{"id":3994,"href":"https:\/\/blogs.magicjudges.org\/o\/wp-json\/wp\/v2\/pages\/1341\/revisions\/3994"}],"wp:attachment":[{"href":"https:\/\/blogs.magicjudges.org\/o\/wp-json\/wp\/v2\/media?parent=1341"}],"wp:term":[{"taxonomy":"language","embeddable":true,"href":"https:\/\/blogs.magicjudges.org\/o\/wp-json\/wp\/v2\/language?post=1341"}],"curies":[{"name":"wp","href":"https:\/\/api.w.org\/{rel}","templated":true}]}}