{"id":1355,"date":"2018-03-25T11:13:21","date_gmt":"2018-03-25T11:13:21","guid":{"rendered":"http:\/\/blogs.magicjudges.org\/o\/?page_id=1355"},"modified":"2018-07-10T10:20:58","modified_gmt":"2018-07-10T10:20:58","slug":"conferences-it","status":"publish","type":"page","link":"https:\/\/blogs.magicjudges.org\/o\/conferences-it\/","title":{"rendered":"Conference"},"content":{"rendered":"<p><span style=\"font-weight: 400\"><div class=\"wp-caption alignleft judgeimg\"><a href=\"https:\/\/apps.magicjudges.org\/judges\/dci\/91426501\"><img src=https:\/\/apps.magicjudges.org\/dci\/avatar?dci=91426501&size=200 alt=\"Dami\u00e1n Hiller\nArgentina\"><\/a><p class=\"wp-caption-text\">Dami\u00e1n Hiller<\/p>\n<p>Argentina<\/p><\/div><\/span><\/p>\n<p><span style=\"font-weight: 400\"><span class='judge-tooltip'><a href='https:\/\/apps.magicjudges.org\/judges\/dci\/91426501' >Dami\u00e1n Hiller<\/a><span class='avatar'><img width='200' height='200' src='https:\/\/apps.magicjudges.org\/dci\/avatar?dci=91426501&size=200'><\/span><\/span> \u00e8 il leader della Sfera Conference. L\u2019obiettivo di questa Sfera \u00e8 di aiutare la comunit\u00e0 fornendo supporto alle conferenze arbitrali in tutto il mondo. Tramite varie iniziative e prendendo in considerazione punti di vista differenti, questa Sfera punta a raggiungere un unico traguardo: fare in modo che le conferenze siano la miglior esperienza possibile, dando l\u2019opportunit\u00e0 ai judge di incontrarsi, imparare di persona gli uni dagli altri e stringere legami interpersonali che rafforzino la comunit\u00e0.<\/span><\/p>\n<h2><b>Progetti<\/b><\/h2>\n<p><span style=\"font-weight: 400\">[cets_callout_box style=&#8217;gray&#8217; align=&#8217;full&#8217; title=&#8217;Conferences Policies and Guidelines&#8217;]Questo progetto tiene traccia delle nostre politiche e dei nostri metodi per organizzare con successo una conferenza; allo stesso tempo fornisce alle varie regioni del mondo gli strumenti per metterle in pratica.<\/span><\/p>\n<p><b>Leader del Progetto<\/b><span style=\"font-weight: 400\"> | <span class='judge-tooltip'><a href='https:\/\/apps.magicjudges.org\/judges\/dci\/3207065839' >Nicholas Zitomer<\/a><span class='avatar'><img width='200' height='200' src='https:\/\/apps.magicjudges.org\/dci\/avatar?dci=3207065839&size=200'><\/span><\/span><\/span><\/p>\n<p><b>Membri<\/b><span style=\"font-weight: 400\"> | <span class='judge-tooltip'><a href='https:\/\/apps.magicjudges.org\/judges\/dci\/91426501' >Dami\u00e1n Hiller<\/a><span class='avatar'><img width='200' height='200' src='https:\/\/apps.magicjudges.org\/dci\/avatar?dci=91426501&size=200'><\/span><\/span>, <span class='judge-tooltip'><a href='https:\/\/apps.magicjudges.org\/judges\/dci\/11134222' >Johanna Virtanen<\/a><span class='avatar'><img width='200' height='200' src='https:\/\/apps.magicjudges.org\/dci\/avatar?dci=11134222&size=200'><\/span><\/span>, <span class='judge-tooltip'><a href='https:\/\/apps.magicjudges.org\/judges\/dci\/58806265' >Matteo Callegari<\/a><span class='avatar'><img width='200' height='200' src='https:\/\/apps.magicjudges.org\/dci\/avatar?dci=58806265&size=200'><\/span><\/span>, <span class='judge-tooltip'><a href='https:\/\/apps.magicjudges.org\/judges\/dci\/1206181211' >Fran\u00e7ois Grossi<\/a><span class='avatar'><img width='200' height='200' src='https:\/\/apps.magicjudges.org\/dci\/avatar?dci=1206181211&size=200'><\/span><\/span>, <span class='judge-tooltip'><a href='https:\/\/apps.magicjudges.org\/judges\/dci\/79140771' >Ivan Petkovic<\/a><span class='avatar'><img width='200' height='200' src='https:\/\/apps.magicjudges.org\/dci\/avatar?dci=79140771&size=200'><\/span><\/span>, <span class='judge-tooltip'><a href='https:\/\/apps.magicjudges.org\/judges\/dci\/4208120376' >Aruna Prem Bianzino<\/a><span class='avatar'><img width='200' height='200' src='https:\/\/apps.magicjudges.org\/dci\/avatar?dci=4208120376&size=200'><\/span><\/span>, <span class='judge-tooltip'><a href='https:\/\/apps.magicjudges.org\/judges\/dci\/1202355993' >Patrick Cool<\/a><span class='avatar'><img width='200' height='200' src='https:\/\/apps.magicjudges.org\/dci\/avatar?dci=1202355993&size=200'><\/span><\/span>, <span class='judge-tooltip'><a href='https:\/\/apps.magicjudges.org\/judges\/dci\/8102879048' >David Poon<\/a><span class='avatar'><img width='200' height='200' src='https:\/\/apps.magicjudges.org\/dci\/avatar?dci=8102879048&size=200'><\/span><\/span>, <span class='judge-tooltip'><a href='https:\/\/apps.magicjudges.org\/judges\/dci\/2169882726' >Stephen Wise<\/a><span class='avatar'><img width='200' height='200' src='https:\/\/apps.magicjudges.org\/dci\/avatar?dci=2169882726&size=200'><\/span><\/span><\/span><\/p>\n<p><b>Link<\/b><span style=\"font-weight: 400\"> | <\/span><a href=\"http:\/\/blogs.magicjudges.org\/conferences\/conference-policies-and-guidelines\/\"><span style=\"font-weight: 400\">Blog<\/span><\/a><span style=\"font-weight: 400\">,<\/span><a href=\"http:\/\/apps.magicjudges.org\/projects\/47\/\"> <span style=\"font-weight: 400\">JudgeApps project<\/span><\/a><span style=\"font-weight: 400\">[\/cets_callout_box][cets_callout_box style=&#8217;gray&#8217; align=&#8217;full&#8217; title=&#8217;Presenter Training Team&#8217;]<\/span><span style=\"font-weight: 400\">Questo progetto fornisce gli strumenti e i migliori metodi su come preparare e presentare un seminario, cos\u00ec da migliorare la qualit\u00e0 di chi se ne occupi, nonch\u00e9 del materiale prodotto.<\/span><\/p>\n<p>&nbsp;<\/p>\n<p><b>Leader del Progetto <\/b><span style=\"font-weight: 400\">| <span class='judge-tooltip'><a href='https:\/\/apps.magicjudges.org\/judges\/dci\/8102513564' >Theodoros Millidonis<\/a><span class='avatar'><img width='200' height='200' src='https:\/\/apps.magicjudges.org\/dci\/avatar?dci=8102513564&size=200'><\/span><\/span><\/span><\/p>\n<p><b>Membri<\/b><span style=\"font-weight: 400\"> | <span class='judge-tooltip'><a href='https:\/\/apps.magicjudges.org\/judges\/dci\/91426501' >Dami\u00e1n Hiller<\/a><span class='avatar'><img width='200' height='200' src='https:\/\/apps.magicjudges.org\/dci\/avatar?dci=91426501&size=200'><\/span><\/span>, <span class='judge-tooltip'><a href='https:\/\/apps.magicjudges.org\/judges\/dci\/11134222' >Johanna Virtanen<\/a><span class='avatar'><img width='200' height='200' src='https:\/\/apps.magicjudges.org\/dci\/avatar?dci=11134222&size=200'><\/span><\/span>, <span class='judge-tooltip'><a href='https:\/\/apps.magicjudges.org\/judges\/dci\/58806265' >Matteo Callegari<\/a><span class='avatar'><img width='200' height='200' src='https:\/\/apps.magicjudges.org\/dci\/avatar?dci=58806265&size=200'><\/span><\/span>, <span class='judge-tooltip'><a href='https:\/\/apps.magicjudges.org\/judges\/dci\/58542820' >Patrick Ericsson<\/a><span class='avatar'><img width='200' height='200' src='https:\/\/apps.magicjudges.org\/dci\/avatar?dci=58542820&size=200'><\/span><\/span>, <span class='judge-tooltip'><a href='https:\/\/apps.magicjudges.org\/judges\/dci\/79140771' >Ivan Petkovic<\/a><span class='avatar'><img width='200' height='200' src='https:\/\/apps.magicjudges.org\/dci\/avatar?dci=79140771&size=200'><\/span><\/span>, <span class='judge-tooltip'><a href='https:\/\/apps.magicjudges.org\/judges\/dci\/2041106625' >Thomas Ralph<\/a><span class='avatar'><img width='200' height='200' src='https:\/\/apps.magicjudges.org\/dci\/avatar?dci=2041106625&size=200'><\/span><\/span>, <span class='judge-tooltip'><a href='https:\/\/apps.magicjudges.org\/judges\/dci\/6208167922' >Mihai B\u00eersan<\/a><span class='avatar'><img width='200' height='200' src='https:\/\/apps.magicjudges.org\/dci\/avatar?dci=6208167922&size=200'><\/span><\/span>, <span class='judge-tooltip'><a href='https:\/\/apps.magicjudges.org\/judges\/dci\/1204344493' >Michael Chamberlain<\/a><span class='avatar'><img width='200' height='200' src='https:\/\/apps.magicjudges.org\/dci\/avatar?dci=1204344493&size=200'><\/span><\/span>, <span class='judge-tooltip'><a href='https:\/\/apps.magicjudges.org\/judges\/dci\/9107247632' >Marc DeArmond<\/a><span class='avatar'><img width='200' height='200' src='https:\/\/apps.magicjudges.org\/dci\/avatar?dci=9107247632&size=200'><\/span><\/span>, <span class='judge-tooltip'><a href='https:\/\/apps.magicjudges.org\/judges\/dci\/3223826249' >Andrew Keeler<\/a><span class='avatar'><img width='200' height='200' src='https:\/\/apps.magicjudges.org\/dci\/avatar?dci=3223826249&size=200'><\/span><\/span>, <span class='judge-tooltip'><a href='https:\/\/apps.magicjudges.org\/judges\/dci\/9300220345' >Norman Ralph<\/a><span class='avatar'><img width='200' height='200' src='https:\/\/apps.magicjudges.org\/dci\/avatar?dci=9300220345&size=200'><\/span><\/span>, <span class='judge-tooltip'><a href='https:\/\/apps.magicjudges.org\/judges\/dci\/1102896223' >Amy Tanner<\/a><span class='avatar'><img width='200' height='200' src='https:\/\/apps.magicjudges.org\/dci\/avatar?dci=1102896223&size=200'><\/span><\/span>, <span class='judge-tooltip'><a href='https:\/\/apps.magicjudges.org\/judges\/dci\/1081035239' >Vasileios Vachtsevanos<\/a><span class='avatar'><img width='200' height='200' src='https:\/\/apps.magicjudges.org\/dci\/avatar?dci=1081035239&size=200'><\/span><\/span><\/span><\/p>\n<p><b>Link<\/b><span style=\"font-weight: 400\"> |<\/span><a href=\"http:\/\/blogs.magicjudges.org\/conferences\/conference-presenters\/\"> <span style=\"font-weight: 400\">Blog<\/span><\/a><span style=\"font-weight: 400\">,<\/span><a href=\"http:\/\/apps.magicjudges.org\/projects\/177\/\"> <span style=\"font-weight: 400\">JudgeApps project<\/span><\/a><span style=\"font-weight: 400\">[\/cets_callout_box][cets_callout_box style=&#8217;gray&#8217; align=&#8217;full&#8217; title=&#8217;Conference Dates&#8217;]<\/span><span style=\"font-weight: 400\">Questo progetto si occupa di mantenere aggiornato un calendario pubblico delle conferenze ufficiali nel mondo, per informare chiunque sia interessato su quando e dove ciascuna di esse avr\u00e0 luogo.<\/span><\/p>\n<p><b>Leader del Progetto<\/b><span style=\"font-weight: 400\"> | <span class='judge-tooltip'><a href='https:\/\/apps.magicjudges.org\/judges\/dci\/39145051' >David Gute\u0161a<\/a><span class='avatar'><img width='200' height='200' src='https:\/\/apps.magicjudges.org\/dci\/avatar?dci=39145051&size=200'><\/span><\/span><\/span><\/p>\n<p><b>Link<\/b><span style=\"font-weight: 400\"> |<\/span><a href=\"http:\/\/blogs.magicjudges.org\/conferences\/conference-dates\/\"> <span style=\"font-weight: 400\">Blog<\/span><\/a><span style=\"font-weight: 400\">[\/cets_callout_box][cets_callout_box style=&#8217;gray&#8217; align=&#8217;full&#8217; title=&#8217;Conferences Official Reports&#8217;]<\/span><span style=\"font-weight: 400\">Questo progetto stabilisce la politica sui contenuti da riportare nei resoconti a seguito di ogni conferenza. Revisiona ciascuno di essi, e si premura di fornire un feedback, nonch\u00e9 di archiviare tutti questi dati per un eventuale utilizzo futuro.<\/span><\/p>\n<p>&nbsp;<\/p>\n<p><b>Leader del Progetto<\/b><span style=\"font-weight: 400\"> | <span class='judge-tooltip'><a href='https:\/\/apps.magicjudges.org\/judges\/dci\/91426501' >Dami\u00e1n Hiller<\/a><span class='avatar'><img width='200' height='200' src='https:\/\/apps.magicjudges.org\/dci\/avatar?dci=91426501&size=200'><\/span><\/span>[\/cets_callout_box][cets_callout_box style=&#8217;gray&#8217; align=&#8217;full&#8217; title=&#8217;Conferences Processing&#8217;]<\/span><span style=\"font-weight: 400\">Questo progetto coordina la logistica che sta dietro al supporto delle conferenze per ogni regione. Ci\u00f2 include fare da intermediario fra i Coordinatori Regionali e la Wizards of the Coast, allo scopo di aiutare a gestire le richieste e a rintracciare e seguire le spedizioni destinate a ciascuna conferenza ufficiale.<\/span><\/p>\n<p><b>Leader del Progetto<\/b><span style=\"font-weight: 400\"> | <span class='judge-tooltip'><a href='https:\/\/apps.magicjudges.org\/judges\/dci\/91426501' >Dami\u00e1n Hiller<\/a><span class='avatar'><img width='200' height='200' src='https:\/\/apps.magicjudges.org\/dci\/avatar?dci=91426501&size=200'><\/span><\/span>[\/cets_callout_box][cets_callout_box style=&#8217;gray&#8217; align=&#8217;full&#8217; title=&#8217;Conferences Blog&#8217;]<\/span><span style=\"font-weight: 400\">Questo progetto gestisce il blog delle conferenze, ne programma e modifica i contenuti e lo pubblicizza attraverso vari canali.<\/span><\/p>\n<p><b>Leader del Progetto<\/b><span style=\"font-weight: 400\"> | <span class='judge-tooltip'><a href='https:\/\/apps.magicjudges.org\/judges\/dci\/91426501' >Dami\u00e1n Hiller<\/a><span class='avatar'><img width='200' height='200' src='https:\/\/apps.magicjudges.org\/dci\/avatar?dci=91426501&size=200'><\/span><\/span><\/span><\/p>\n<p><b>Link<\/b><span style=\"font-weight: 400\"> |<\/span><a href=\"http:\/\/blogs.magicjudges.org\/conferences\/\"> <span style=\"font-weight: 400\">Blog<\/span><\/a><span style=\"font-weight: 400\">[\/cets_callout_box]<\/span><\/p>\n<p>&nbsp;<\/p>\n","protected":false},"excerpt":{"rendered":"<p>\u00e8 il leader della Sfera Conference. L\u2019obiettivo di questa Sfera \u00e8 di aiutare la comunit\u00e0 fornendo supporto alle conferenze arbitrali in tutto il mondo. Tramite varie iniziative e prendendo in considerazione punti di vista differenti, questa Sfera punta a raggiungere un unico traguardo: fare in modo che le conferenze siano la miglior esperienza possibile, dando [&hellip;]<\/p>\n","protected":false},"author":126,"featured_media":0,"parent":0,"menu_order":0,"comment_status":"closed","ping_status":"closed","template":"page_width-index.php","meta":{"footnotes":"","_links_to":"","_links_to_target":""},"language":[14],"class_list":["post-1355","page","type-page","status-publish","hentry","language-it"],"_links":{"self":[{"href":"https:\/\/blogs.magicjudges.org\/o\/wp-json\/wp\/v2\/pages\/1355","targetHints":{"allow":["GET"]}}],"collection":[{"href":"https:\/\/blogs.magicjudges.org\/o\/wp-json\/wp\/v2\/pages"}],"about":[{"href":"https:\/\/blogs.magicjudges.org\/o\/wp-json\/wp\/v2\/types\/page"}],"author":[{"embeddable":true,"href":"https:\/\/blogs.magicjudges.org\/o\/wp-json\/wp\/v2\/users\/126"}],"replies":[{"embeddable":true,"href":"https:\/\/blogs.magicjudges.org\/o\/wp-json\/wp\/v2\/comments?post=1355"}],"version-history":[{"count":7,"href":"https:\/\/blogs.magicjudges.org\/o\/wp-json\/wp\/v2\/pages\/1355\/revisions"}],"predecessor-version":[{"id":4655,"href":"https:\/\/blogs.magicjudges.org\/o\/wp-json\/wp\/v2\/pages\/1355\/revisions\/4655"}],"wp:attachment":[{"href":"https:\/\/blogs.magicjudges.org\/o\/wp-json\/wp\/v2\/media?parent=1355"}],"wp:term":[{"taxonomy":"language","embeddable":true,"href":"https:\/\/blogs.magicjudges.org\/o\/wp-json\/wp\/v2\/language?post=1355"}],"curies":[{"name":"wp","href":"https:\/\/api.w.org\/{rel}","templated":true}]}}