{"id":1458,"date":"2015-10-03T01:25:56","date_gmt":"2015-10-03T01:25:56","guid":{"rendered":"http:\/\/blogs.magicjudges.org\/o\/?page_id=1458"},"modified":"2017-05-04T17:54:37","modified_gmt":"2017-05-04T17:54:37","slug":"judge-conduct-es","status":"publish","type":"page","link":"https:\/\/blogs.magicjudges.org\/o\/spheres-es\/judge-conduct-es\/","title":{"rendered":"Conducta de Jueces"},"content":{"rendered":"<div class=\"wp-caption alignleft judgeimg\"><a href=\"https:\/\/apps.magicjudges.org\/judges\/dci\/11134222\"><img src=https:\/\/apps.magicjudges.org\/dci\/avatar?dci=11134222&size=200 alt=\"Johanna Virtanen\nNivel 3, Finlandia\"><\/a><p class=\"wp-caption-text\">Johanna Virtanen<br \/>\nNivel 3, Finlandia<\/p><\/div>\n<p style=\"text-align: justify;\"><span class='judge-tooltip'><a href='https:\/\/apps.magicjudges.org\/judges\/dci\/11134222' >Johanna Virtanen<\/a><span class='avatar'><img width='200' height='200' src='https:\/\/apps.magicjudges.org\/dci\/avatar?dci=11134222&size=200'><\/span><\/span>\u00a0est\u00e1 a cargo de la Conducta de Jueces, es responsable de crear las herramientas para que, como comunidad, demostremos nuestro inter\u00e9s en generar ambientes seguros y agradables. Tambi\u00e9n se asegura de mantener un enfoque coherente y justo en los procesos que se llevan adelante cuando corresponde que un juez sea bajado de nivel o suspendido.<\/p>\n<h2>C\u00f3digo de Jueces<\/h2>\n<p>El\u00a0<a title=\"Magic Judge Code\" href=\"http:\/\/blogs.magicjudges.org\/conduct\/magic-judge-code\/\">C\u00f3digo de Jueces de Magic<\/a>\u00a0es el documento que detalla los lineamientos y las reglas de comportamiento para los jueces dentro de la comunidad de Magic. Adem\u00e1s, menciona lo que puede ocurrir si no se cumple el c\u00f3digo. Puedes encontrar la versi\u00f3n traducida en el <a href=\"http:\/\/blogs.magicjudges.org\/translatedrules\/\">blog Translated Rules<\/a>.<\/p>\n<h2>Comit\u00e9 de Conducta de Jueces<\/h2>\n<p>El <a title=\"Official Blog of the Judge Conduct Comittee\" href=\"http:\/\/blogs.magicjudges.org\/conduct\/\">Comit\u00e9 de Conducta de Jueces<\/a>\u00a0existe para determinar si la conducta de alg\u00fan juez resulta un problema y qu\u00e9 hacer al respecto desde la perspectiva del Programa de Jueces. Est\u00e1 compuesto por jueces de Nivel 3, seleccionados por los Coordinadores del Programa mediante un proceso peri\u00f3dico de selecci\u00f3n. Mira el <a href=\"http:\/\/blogs.magicjudges.org\/conduct\/\">blog del Comit\u00e9 de conducta de jueces<\/a>\u00a0si quieres saber m\u00e1s.<\/p>\n<p>Para el per\u00edodo 2017, el Comit\u00e9 de Conducta de Jueces est\u00e1 formado por:<\/p>\n<p><div class=\"wp-caption alignnone judgeimg\"><a href=\"https:\/\/apps.magicjudges.org\/judges\/dci\/11134222\"><img src=https:\/\/apps.magicjudges.org\/dci\/avatar?dci=11134222&size=200 alt=\"Johanna Virtanen\nFinlandia\"><\/a><p class=\"wp-caption-text\">Johanna Virtanen<br \/>\nFinlandia<\/p><\/div><div class=\"wp-caption alignnone judgeimg\"><a href=\"https:\/\/apps.magicjudges.org\/judges\/dci\/89059613\"><img src=https:\/\/apps.magicjudges.org\/dci\/avatar?dci=89059613&size=200 alt=\"Luca Romano\nItalia\"><\/a><p class=\"wp-caption-text\">Luca Romano<br \/>\nItalia<\/p><\/div><div class=\"wp-caption alignnone judgeimg\"><a href=\"https:\/\/apps.magicjudges.org\/judges\/dci\/32870195\"><img src=https:\/\/apps.magicjudges.org\/dci\/avatar?dci=32870195&size=200 alt=\"Jaroslav Karban\nRep\u00fablica Checa\"><\/a><p class=\"wp-caption-text\">Jaroslav Karban<br \/>\nRep\u00fablica Checa<\/p><\/div><div class=\"wp-caption alignnone judgeimg\"><a href=\"https:\/\/apps.magicjudges.org\/judges\/dci\/84750930\"><img src=https:\/\/apps.magicjudges.org\/dci\/avatar?dci=84750930&size=200 alt=\"Eric Levine\nMassachusetts (EE. UU.)\"><\/a><p class=\"wp-caption-text\">Eric Levine<br \/>\nMassachusetts (EE. UU.)<\/p><\/div><div class=\"wp-caption alignnone judgeimg\"><a href=\"https:\/\/apps.magicjudges.org\/judges\/dci\/6209358910\"><img src=https:\/\/apps.magicjudges.org\/dci\/avatar?dci=6209358910&size=200 alt=\"Casey Brefka\nTennessee (EE. UU.)\"><\/a><p class=\"wp-caption-text\">Casey Brefka<br \/>\nTennessee (EE. UU.)<\/p><\/div><div class=\"wp-caption alignnone judgeimg\"><a href=\"https:\/\/apps.magicjudges.org\/judges\/dci\/5208297693\"><img src=https:\/\/apps.magicjudges.org\/dci\/avatar?dci=5208297693&size=200 alt=\"Louis Fernandes\nCalifornia (EE. UU.)\"><\/a><p class=\"wp-caption-text\">Louis Fernandes<br \/>\nCalifornia (EE. UU.)<\/p><\/div><div class=\"wp-caption alignnone judgeimg\"><a href=\"https:\/\/apps.magicjudges.org\/judges\/dci\/5208109925\"><img src=https:\/\/apps.magicjudges.org\/dci\/avatar?dci=5208109925&size=200 alt=\"Jeremie Granat\nSuiza\"><\/a><p class=\"wp-caption-text\">Jeremie Granat<br \/>\nSuiza<\/p><\/div><div class=\"wp-caption alignnone judgeimg\"><a href=\"https:\/\/apps.magicjudges.org\/judges\/dci\/88735146\"><img src=https:\/\/apps.magicjudges.org\/dci\/avatar?dci=88735146&size=200 alt=\"Alejandro Raggio\nArgentina\"><\/a><p class=\"wp-caption-text\">Alejandro Raggio<br \/>\nArgentina<\/p><\/div><\/p>\n<p style=\"text-align: justify;\">El Comit\u00e9 se seleccion\u00f3 de la siguientes manera:<\/p>\n<p style=\"text-align: justify;\">El Comit\u00e9 fue elegido entre varios jueces nivel 3 que aplicaron en Diciembre 2016. Las aplicaciones fueron cuidadosamente evaluadas por un comit\u00e9 de Coordinadores de Programa y jueces nivel 3 sobre las fortalezas de los candidatos en habilidades de investigaci\u00f3n, disponibilidad y respuesta esperada, sentido de equidad y otras cualidades relacionadas con los valores del Programa de jueces y las necesidades del Comit\u00e9. Las decisiones finales no fueron f\u00e1ciles, ya que hab\u00eda muchos candidatos con buenas aptitudes.<\/p>\n<p style=\"text-align: justify;\">El Comit\u00e9 se renueva cada a\u00f1o, con nuevas ventanas de aplicaci\u00f3n y selecci\u00f3n cada Diciembre. Haber estado anteriormente en el comit\u00e9 no garantiza una selecci\u00f3n futura.<\/p>\n<p style=\"text-align: justify;\">\n","protected":false},"excerpt":{"rendered":"<p>\u00a0est\u00e1 a cargo de la Conducta de Jueces, es responsable de crear las herramientas para que, como comunidad, demostremos nuestro inter\u00e9s en generar ambientes seguros y agradables. Tambi\u00e9n se asegura de mantener un enfoque coherente y justo en los procesos que se llevan adelante cuando corresponde que un juez sea bajado de nivel o suspendido. [&hellip;]<\/p>\n","protected":false},"author":13,"featured_media":0,"parent":997,"menu_order":0,"comment_status":"closed","ping_status":"closed","template":"page_width-index.php","meta":{"footnotes":"","_links_to":"","_links_to_target":""},"language":[8],"class_list":["post-1458","page","type-page","status-publish","hentry","language-es"],"_links":{"self":[{"href":"https:\/\/blogs.magicjudges.org\/o\/wp-json\/wp\/v2\/pages\/1458","targetHints":{"allow":["GET"]}}],"collection":[{"href":"https:\/\/blogs.magicjudges.org\/o\/wp-json\/wp\/v2\/pages"}],"about":[{"href":"https:\/\/blogs.magicjudges.org\/o\/wp-json\/wp\/v2\/types\/page"}],"author":[{"embeddable":true,"href":"https:\/\/blogs.magicjudges.org\/o\/wp-json\/wp\/v2\/users\/13"}],"replies":[{"embeddable":true,"href":"https:\/\/blogs.magicjudges.org\/o\/wp-json\/wp\/v2\/comments?post=1458"}],"version-history":[{"count":21,"href":"https:\/\/blogs.magicjudges.org\/o\/wp-json\/wp\/v2\/pages\/1458\/revisions"}],"predecessor-version":[{"id":3969,"href":"https:\/\/blogs.magicjudges.org\/o\/wp-json\/wp\/v2\/pages\/1458\/revisions\/3969"}],"up":[{"embeddable":true,"href":"https:\/\/blogs.magicjudges.org\/o\/wp-json\/wp\/v2\/pages\/997"}],"wp:attachment":[{"href":"https:\/\/blogs.magicjudges.org\/o\/wp-json\/wp\/v2\/media?parent=1458"}],"wp:term":[{"taxonomy":"language","embeddable":true,"href":"https:\/\/blogs.magicjudges.org\/o\/wp-json\/wp\/v2\/language?post=1458"}],"curies":[{"name":"wp","href":"https:\/\/api.w.org\/{rel}","templated":true}]}}