{"id":1470,"date":"2018-03-25T11:28:25","date_gmt":"2018-03-25T11:28:25","guid":{"rendered":"http:\/\/blogs.magicjudges.org\/o\/?page_id=1470"},"modified":"2018-03-25T11:53:40","modified_gmt":"2018-03-25T11:53:40","slug":"judge-conduct-it","status":"publish","type":"page","link":"https:\/\/blogs.magicjudges.org\/o\/judge-conduct-it\/","title":{"rendered":"Judge Conduct"},"content":{"rendered":"<div class=\"wp-caption alignleft judgeimg\"><a href=\"https:\/\/apps.magicjudges.org\/judges\/dci\/19451179\"><img src=https:\/\/apps.magicjudges.org\/dci\/avatar?dci=19451179&size=200 alt=\"Cristiana Dionisio\nItalia\"><\/a><p class=\"wp-caption-text\">Cristiana Dionisio<br \/>\nItalia<\/p><\/div>\n<p style=\"text-align: justify\"><span class='judge-tooltip'><a href='https:\/\/apps.magicjudges.org\/judges\/dci\/19451179' >Cristiana Dionisio<\/a><span class='avatar'><img width='200' height='200' src='https:\/\/apps.magicjudges.org\/dci\/avatar?dci=19451179&size=200'><\/span><\/span>\u00a0<span style=\"font-weight: 400\">\u00e8 il leader del Judge Conduct. E\u2019 responsabile per la creazione degli strumenti appropriati per noi come community per dimostrare il nostro interesse in spazi sicuri ed ambienti accoglienti. Si assicura che abbiamo un approccio consistente ed imparziale al processo necessario quando una demotion o sospensione \u00e8 in corso.<\/span><\/p>\n<h2 style=\"text-align: justify\">Judge Code<\/h2>\n<p style=\"text-align: justify\">Il\u00a0<a title=\"Magic Judge Code\" href=\"http:\/\/blogs.magicjudges.org\/conduct\/magic-judge-code\/\">Magic Judge Code\u00a0<\/a><span style=\"font-weight: 400\">\u00e8 il documento che descrive le linee guida e le regole su come ci si aspetta che i Judge si rapportino con la community di Magic. Delinea anche le conseguenze in caso di violazione del codice.<\/span><\/p>\n<h2 style=\"text-align: justify\">Judge Conduct Comittee<\/h2>\n<p style=\"text-align: justify\">Il\u00a0<a title=\"Official Blog of the Judge Conduct Comittee\" href=\"http:\/\/blogs.magicjudges.org\/conduct\/\">Judge Conduct Committee<\/a> <span style=\"font-weight: 400\">esiste per decidere quando il comportamento di un Judge \u00e8 un problema e come la cattiva condotta debba essere corretta rispetto alla prospettiva del Judge Program. <\/span><span style=\"font-weight: 400\">\u00c8<\/span><span style=\"font-weight: 400\"> composto da Judge di livello 3, selezionati dai Program Coordinators in un periodico processo di candidature e selezioni. Consulta il <\/span><a href=\"http:\/\/blogs.magicjudges.org\/conduct\/\">blog del Judge Conduct Committee<\/a>\u00a0per aggiornamenti regolari.<\/p>\n<p><span style=\"font-weight: 400\">Per il 2017, Il <\/span><span style=\"font-weight: 400\">Judge Conduct Committee<\/span><span style=\"font-weight: 400\"> \u00e8 composto da:<\/span><\/p>\n<p style=\"text-align: justify\"><div class=\"wp-caption alignnone judgeimg\"><a href=\"https:\/\/apps.magicjudges.org\/judges\/dci\/1223794666\"><img src=https:\/\/apps.magicjudges.org\/dci\/avatar?dci=1223794666&size=200 alt=\"Meg Baum\nUSA\"><\/a><p class=\"wp-caption-text\">Meg Baum<br \/>\nUSA<\/p><\/div><div class=\"wp-caption alignnone judgeimg\"><a href=\"https:\/\/apps.magicjudges.org\/judges\/dci\/98981658\"><img src=https:\/\/apps.magicjudges.org\/dci\/avatar?dci=98981658&size=200 alt=\"Eric Dustin Brown\nUSA\"><\/a><p class=\"wp-caption-text\">Eric Dustin Brown<br \/>\nUSA<\/p><\/div><div class=\"wp-caption alignnone judgeimg\"><a href=\"https:\/\/apps.magicjudges.org\/judges\/dci\/1204344493\"><img src=https:\/\/apps.magicjudges.org\/dci\/avatar?dci=1204344493&size=200 alt=\"Michael Chamberlain\nUnited Kingdom\"><\/a><p class=\"wp-caption-text\">Michael Chamberlain<br \/>\nUnited Kingdom<\/p><\/div><div class=\"wp-caption alignnone judgeimg\"><a href=\"https:\/\/apps.magicjudges.org\/judges\/dci\/84750930\"><img src=https:\/\/apps.magicjudges.org\/dci\/avatar?dci=84750930&size=200 alt=\"Eric Levine\nUSA\"><\/a><p class=\"wp-caption-text\">Eric Levine<br \/>\nUSA<\/p><\/div><div class=\"wp-caption alignnone judgeimg\"><a href=\"https:\/\/apps.magicjudges.org\/judges\/dci\/4207236399\"><img src=https:\/\/apps.magicjudges.org\/dci\/avatar?dci=4207236399&size=200 alt=\"Asuka Nagashima\nJapan\"><\/a><p class=\"wp-caption-text\">Asuka Nagashima<br \/>\nJapan<\/p><\/div><div class=\"wp-caption alignnone judgeimg\"><a href=\"https:\/\/apps.magicjudges.org\/judges\/dci\/88735146\"><img src=https:\/\/apps.magicjudges.org\/dci\/avatar?dci=88735146&size=200 alt=\"Alejandro Raggio\nArgentina\"><\/a><p class=\"wp-caption-text\">Alejandro Raggio<br \/>\nArgentina<\/p><\/div><div class=\"wp-caption alignnone judgeimg\"><a href=\"https:\/\/apps.magicjudges.org\/judges\/dci\/8210103665\"><img src=https:\/\/apps.magicjudges.org\/dci\/avatar?dci=8210103665&size=200 alt=\"Charlotte Sable\nFinland\"><\/a><p class=\"wp-caption-text\">Charlotte Sable<br \/>\nFinland<\/p><\/div><div class=\"wp-caption alignnone judgeimg\"><a href=\"https:\/\/apps.magicjudges.org\/judges\/dci\/10282107\"><img src=https:\/\/apps.magicjudges.org\/dci\/avatar?dci=10282107&size=200 alt=\"Daniel Sol\u00e9 Garcia\nSpain\"><\/a><p class=\"wp-caption-text\">Daniel Sol\u00e9 Garcia<br \/>\nSpain<\/p><\/div><\/p>\n<p style=\"text-align: justify\"><span style=\"font-weight: 400\">Come \u00e8 stato selezionato il Committee:<\/span><\/p>\n<p><span style=\"font-weight: 400\">Il Committee \u00e8 stato scelto tra i Judge di livello 3 che si sono candidati nel Dicembre 2016. Le candidature sono state valutate attentamente da un comitato composto da Program coordinators e Judge di livello 3, riguardo la capacit\u00e0 investigativa, la disponibilit\u00e0 e reattivit\u00e0, l\u2019imparzialit\u00e0 e altre qualit\u00e0 relative ai valori del Judge Program che il Committee ritiene necessarie. Le decisioni finali non sono state facili, in quanto c\u2019erano molti candidati estremamente qualificati.<\/span><\/p>\n<p><span style=\"font-weight: 400\">Il Committee si rinnova ogni anno, con una nuova finestra di application e selezioni ogni Dicembre. Essere stati nel Committee in precedenza non garantisce la futura selezione.<\/span><\/p>\n<p><em>Traduzione a cura di <span class='judge-tooltip'><a href='https:\/\/apps.magicjudges.org\/judges\/dci\/2106785162' >Diego Luppoli <\/a><span class='avatar'><img width='200' height='200' src='https:\/\/apps.magicjudges.org\/dci\/avatar?dci=2106785162&size=200'><\/span><\/span>e <span class='judge-tooltip'><a href='https:\/\/apps.magicjudges.org\/judges\/dci\/5081051539' >Fabio Pierucci<\/a><span class='avatar'><img width='200' height='200' src='https:\/\/apps.magicjudges.org\/dci\/avatar?dci=5081051539&size=200'><\/span><\/span><\/em><\/p>\n","protected":false},"excerpt":{"rendered":"<p>\u00a0\u00e8 il leader del Judge Conduct. E\u2019 responsabile per la creazione degli strumenti appropriati per noi come community per dimostrare il nostro interesse in spazi sicuri ed ambienti accoglienti. Si assicura che abbiamo un approccio consistente ed imparziale al processo necessario quando una demotion o sospensione \u00e8 in corso. Judge Code Il\u00a0Magic Judge Code\u00a0\u00e8 il [&hellip;]<\/p>\n","protected":false},"author":13,"featured_media":0,"parent":0,"menu_order":0,"comment_status":"closed","ping_status":"closed","template":"page_width-index.php","meta":{"footnotes":"","_links_to":"","_links_to_target":""},"language":[14],"class_list":["post-1470","page","type-page","status-publish","hentry","language-it"],"_links":{"self":[{"href":"https:\/\/blogs.magicjudges.org\/o\/wp-json\/wp\/v2\/pages\/1470","targetHints":{"allow":["GET"]}}],"collection":[{"href":"https:\/\/blogs.magicjudges.org\/o\/wp-json\/wp\/v2\/pages"}],"about":[{"href":"https:\/\/blogs.magicjudges.org\/o\/wp-json\/wp\/v2\/types\/page"}],"author":[{"embeddable":true,"href":"https:\/\/blogs.magicjudges.org\/o\/wp-json\/wp\/v2\/users\/13"}],"replies":[{"embeddable":true,"href":"https:\/\/blogs.magicjudges.org\/o\/wp-json\/wp\/v2\/comments?post=1470"}],"version-history":[{"count":6,"href":"https:\/\/blogs.magicjudges.org\/o\/wp-json\/wp\/v2\/pages\/1470\/revisions"}],"predecessor-version":[{"id":4569,"href":"https:\/\/blogs.magicjudges.org\/o\/wp-json\/wp\/v2\/pages\/1470\/revisions\/4569"}],"wp:attachment":[{"href":"https:\/\/blogs.magicjudges.org\/o\/wp-json\/wp\/v2\/media?parent=1470"}],"wp:term":[{"taxonomy":"language","embeddable":true,"href":"https:\/\/blogs.magicjudges.org\/o\/wp-json\/wp\/v2\/language?post=1470"}],"curies":[{"name":"wp","href":"https:\/\/api.w.org\/{rel}","templated":true}]}}