{"id":1476,"date":"2015-03-25T22:58:35","date_gmt":"2015-03-25T22:58:35","guid":{"rendered":"http:\/\/blogs.magicjudges.org\/o\/?page_id=1476"},"modified":"2016-11-15T21:30:22","modified_gmt":"2016-11-15T21:30:22","slug":"welcome-to-the-official-resources-fr","status":"publish","type":"page","link":"https:\/\/blogs.magicjudges.org\/o\/welcome-to-the-official-resources-fr\/","title":{"rendered":""},"content":{"rendered":"<p style=\"margin-top: 40px;text-align: justify\">Bienvenue sur la page des Ressources Officielles du Programme d\u2019Arbitrage de Magic. Ici vous trouverez toutes sortes d\u2019informations sur les Niveaux d\u2019arbitrage, les Sph\u00e8res, la certification, les r\u00e8gles de <strong>Magic<\/strong>: The Gathering\u2122, les r\u00e8gles et r\u00e8glements des tournois de la DCI, et divers autres sujets.<\/p>\n<p style=\"text-align: justify\">Tous les contenus de ces pages sont Officiels et approuv\u00e9s par le Programme d\u2019Arbitrage de Magic.<\/p>\n","protected":false},"excerpt":{"rendered":"<p>Bienvenue sur la page des Ressources Officielles du Programme d\u2019Arbitrage de Magic. Ici vous trouverez toutes sortes d\u2019informations sur les Niveaux d\u2019arbitrage, les Sph\u00e8res, la certification, les r\u00e8gles de Magic: The Gathering\u2122, les r\u00e8gles et r\u00e8glements des tournois de la DCI, et divers autres sujets. Tous les contenus de ces pages sont Officiels et approuv\u00e9s [&hellip;]<\/p>\n","protected":false},"author":13,"featured_media":0,"parent":0,"menu_order":0,"comment_status":"closed","ping_status":"closed","template":"page_width-index.php","meta":{"footnotes":"","_links_to":"","_links_to_target":""},"language":[15],"class_list":["post-1476","page","type-page","status-publish","hentry","language-fr"],"_links":{"self":[{"href":"https:\/\/blogs.magicjudges.org\/o\/wp-json\/wp\/v2\/pages\/1476","targetHints":{"allow":["GET"]}}],"collection":[{"href":"https:\/\/blogs.magicjudges.org\/o\/wp-json\/wp\/v2\/pages"}],"about":[{"href":"https:\/\/blogs.magicjudges.org\/o\/wp-json\/wp\/v2\/types\/page"}],"author":[{"embeddable":true,"href":"https:\/\/blogs.magicjudges.org\/o\/wp-json\/wp\/v2\/users\/13"}],"replies":[{"embeddable":true,"href":"https:\/\/blogs.magicjudges.org\/o\/wp-json\/wp\/v2\/comments?post=1476"}],"version-history":[{"count":7,"href":"https:\/\/blogs.magicjudges.org\/o\/wp-json\/wp\/v2\/pages\/1476\/revisions"}],"predecessor-version":[{"id":3365,"href":"https:\/\/blogs.magicjudges.org\/o\/wp-json\/wp\/v2\/pages\/1476\/revisions\/3365"}],"wp:attachment":[{"href":"https:\/\/blogs.magicjudges.org\/o\/wp-json\/wp\/v2\/media?parent=1476"}],"wp:term":[{"taxonomy":"language","embeddable":true,"href":"https:\/\/blogs.magicjudges.org\/o\/wp-json\/wp\/v2\/language?post=1476"}],"curies":[{"name":"wp","href":"https:\/\/api.w.org\/{rel}","templated":true}]}}