{"id":1484,"date":"2015-04-29T07:26:21","date_gmt":"2015-04-29T07:26:21","guid":{"rendered":"http:\/\/blogs.magicjudges.org\/o\/?page_id=1484"},"modified":"2017-01-03T14:23:29","modified_gmt":"2017-01-03T14:23:29","slug":"returning-l3-candidacy-prerequisites-fr","status":"publish","type":"page","link":"https:\/\/blogs.magicjudges.org\/o\/judge-testing-fr\/level-3-advancement-process-fr\/returning-l3-candidacy-prerequisites-fr\/","title":{"rendered":"Pr\u00e9-requis pour revenir au Niveau 3"},"content":{"rendered":"<p>Les candidats qui souhaitent revenir en tant que Niveau 3 apr\u00e8s une absence n\u2019exc\u00e9dant pas cinq ans doivent remplir les Pr\u00e9-requis de Candidature habituels, \u00e0 l\u2019exception de ce qui suit :<\/p>\n<ul>\n<li>\u00catre un arbitre de Niveau 2 en r\u00e8gle avec Wizards of the Coast et le Programme d\u2019Arbitrage (il n\u2019est pas exig\u00e9 d\u2019avoir pass\u00e9 12 mois entiers au Niveau 2).<\/li>\n<li>La recommandation d\u2019un seul Niveau 3 est exig\u00e9e au lieu des deux habituelles.<\/li>\n<li>La certification de chef d\u2019\u00e9quipe n\u2019est pas exig\u00e9e.<\/li>\n<li>La self-review doit contenir, en plus de toutes les 9 Qualit\u00e9s des arbitres de Niveau 3, une d\u00e9claration \u00e0 propos des moyens que vous vous \u00eates donn\u00e9s pour r\u00e9soudre les probl\u00e8mes qui ont conduit \u00e0 votre d\u00e9cision de vous retirer.<\/li>\n<\/ul>\n<p>Tous les autres <a title=\"La proc\u00e9dure de promotion au Niveau Trois\" href=\"http:\/\/blogs.magicjudges.org\/o\/judge-testing-fr\/level-3-advancement-process-fr\/#pr\u00e9-requis-de-candidature\">Pr\u00e9-requis de Candidature<\/a> sont exig\u00e9s comme d&#8217;habitude.<\/p>\n<p>Le Manager des Tests aura la possibilit\u00e9 de rendre non exigible l\u2019entretien pr\u00e9-\u00e9v\u00e9nement et\/ou l\u2019entretien devant un panel pour les candidats qui reviennent.<\/p>\n<p>R\u00e9ussir l\u2019examen \u00e9crit du Niveau 3 est exig\u00e9 comme d&#8217;habitude.<\/p>\n<p>&nbsp;<br \/>\n&nbsp;<br \/>\n<em>Cette page a \u00e9t\u00e9 \u00e9crite par <span class='judge-tooltip'><a href='https:\/\/apps.magicjudges.org\/judges\/dci\/29870351' >Daniel Kitachewsky<\/a><span class='avatar'><img width='200' height='200' src='https:\/\/apps.magicjudges.org\/dci\/avatar?dci=29870351&size=200'><\/span><\/span> and <span class='judge-tooltip'><a href='https:\/\/apps.magicjudges.org\/judges\/dci\/54406550' >Jeff Morrow<\/a><span class='avatar'><img width='200' height='200' src='https:\/\/apps.magicjudges.org\/dci\/avatar?dci=54406550&size=200'><\/span><\/span>.<\/em><\/p>\n","protected":false},"excerpt":{"rendered":"<p>Les candidats qui souhaitent revenir en tant que Niveau 3 apr\u00e8s une absence n\u2019exc\u00e9dant pas cinq ans doivent remplir les Pr\u00e9-requis de Candidature habituels, \u00e0 l\u2019exception de ce qui suit : \u00catre un arbitre de Niveau 2 en r\u00e8gle avec Wizards of the Coast et le Programme d\u2019Arbitrage (il n\u2019est pas exig\u00e9 d\u2019avoir pass\u00e9 12 [&hellip;]<\/p>\n","protected":false},"author":13,"featured_media":0,"parent":1486,"menu_order":2,"comment_status":"closed","ping_status":"closed","template":"page_width-index.php","meta":{"footnotes":"","_links_to":"","_links_to_target":""},"language":[15],"class_list":["post-1484","page","type-page","status-publish","hentry","language-fr"],"_links":{"self":[{"href":"https:\/\/blogs.magicjudges.org\/o\/wp-json\/wp\/v2\/pages\/1484","targetHints":{"allow":["GET"]}}],"collection":[{"href":"https:\/\/blogs.magicjudges.org\/o\/wp-json\/wp\/v2\/pages"}],"about":[{"href":"https:\/\/blogs.magicjudges.org\/o\/wp-json\/wp\/v2\/types\/page"}],"author":[{"embeddable":true,"href":"https:\/\/blogs.magicjudges.org\/o\/wp-json\/wp\/v2\/users\/13"}],"replies":[{"embeddable":true,"href":"https:\/\/blogs.magicjudges.org\/o\/wp-json\/wp\/v2\/comments?post=1484"}],"version-history":[{"count":6,"href":"https:\/\/blogs.magicjudges.org\/o\/wp-json\/wp\/v2\/pages\/1484\/revisions"}],"predecessor-version":[{"id":3681,"href":"https:\/\/blogs.magicjudges.org\/o\/wp-json\/wp\/v2\/pages\/1484\/revisions\/3681"}],"up":[{"embeddable":true,"href":"https:\/\/blogs.magicjudges.org\/o\/wp-json\/wp\/v2\/pages\/1486"}],"wp:attachment":[{"href":"https:\/\/blogs.magicjudges.org\/o\/wp-json\/wp\/v2\/media?parent=1484"}],"wp:term":[{"taxonomy":"language","embeddable":true,"href":"https:\/\/blogs.magicjudges.org\/o\/wp-json\/wp\/v2\/language?post=1484"}],"curies":[{"name":"wp","href":"https:\/\/api.w.org\/{rel}","templated":true}]}}