{"id":1492,"date":"2015-04-29T07:30:07","date_gmt":"2015-04-29T07:30:07","guid":{"rendered":"http:\/\/blogs.magicjudges.org\/o\/?page_id=1492"},"modified":"2017-01-03T14:07:44","modified_gmt":"2017-01-03T14:07:44","slug":"the-level-1-exam-fr","status":"publish","type":"page","link":"https:\/\/blogs.magicjudges.org\/o\/judge-testing-fr\/the-level-1-exam-fr\/","title":{"rendered":"L&#8217;examen de niveau 1"},"content":{"rendered":"<h2>But de l&#8217;examen de Niveau 1<\/h2>\n<p>Le but de l&#8217;examen de Niveau 1 est d&#8217;\u00e9valuer les connaissances du candidat quant aux r\u00e8gles de bases et sa compr\u00e9hension des r\u00e8glements et proc\u00e9dures li\u00e9s aux \u00e9v\u00e9nements en REL Convivial. Le candidat d\u00e9montre cela en r\u00e9alisant un score de 70% ou plus \u00e0 son examen de Niveau 1.<\/p>\n<p>Puisque les \u00e9v\u00e9nements en REL Convivial sont le c\u0153ur des \u00e9v\u00e9nements homologu\u00e9s, il est important de s&#8217;assurer que certains minima soient atteints et que les proc\u00e9dures connexes soient suivies.<br \/>\nLes candidats doivent suffisamment conna\u00eetre les r\u00e8gles pour pouvoir aider un nouveau joueur \u00e0 d\u00e9buter le jeu, \u00eatre capable d&#8217;expliquer les r\u00e8gles g\u00e9n\u00e9rales du jeu et comprendre les interactions des concepts et des m\u00e9caniques de base du jeu. Cela permet de garantir que les candidats peuvent offrir aux joueurs un niveau de base de \u00ab <a href=\"http:\/\/blogs.magicjudges.org\/francais\/2014\/11\/24\/service-clients\/\">service clients<\/a> \u00bb qui est \u00e0 attendre d\u00e9sormais d&#8217;un arbitre certifi\u00e9, \u00e9tant donn\u00e9 que les arbitres favorisent un environnement positif pour la communaut\u00e9.<br \/>\nLes candidats sont interrog\u00e9s par l&#8217;arbitre qui les certifie pour s&#8217;assurer qu&#8217;ils comprennent le r\u00f4le important qu&#8217;ils vont endosser au sein de la communaut\u00e9 et qu&#8217;ils pourront le cas \u00e9ch\u00e9ant agir en tant que d\u00e9l\u00e9gu\u00e9 de cette communaut\u00e9.<\/p>\n<p>Apr\u00e8s avoir fait passer l&#8217;examen de Niveau 1, l&#8217;arbitre certifiant \u00e9crit une review du candidat dans le <a href=\"https:\/\/judge.wizards.com\/\">Judge Center<\/a>. Le candidat est promu Niveau 1 apr\u00e8s la validation de cette review.<\/p>\n<h2>Documents \u00e0 \u00e9tudier<\/h2>\n<p>Dans l&#8217;optique de l&#8217;examen de Niveau 1, les candidats devraient \u00e9tudier les documents suivants afin d&#8217;appr\u00e9hender le c\u0153ur de ce qui leur sera demand\u00e9 lors de l&#8217;examen   :<\/p>\n<ul>\n<li><a href=\"http:\/\/magic.wizards.com\/en\/game-info\/gameplay\/rules-and-formats\" target=\"_blank\">Le livret de r\u00e8gles de base<\/a>.<\/li>\n<li>Les r\u00e8gles des tournois de Magic (<a href=\"http:\/\/wpn.wizards.com\/en\/document\/magic-gathering-tournament-rules\" target=\"_blank\">Magic Tournament Rules<\/a>), notamment les sections 2, 10 et l&#8217;annexe 10.<\/li>\n<li>Le guide \u00ab <a href=\"http:\/\/wpn.wizards.com\/en\/node\/61\" target=\"_blank\">Judging at Regular REL<\/a> \u00bb ou \u00ab JAR \u00bb.<\/li>\n<li>Tous ces documents sont disponibles en fran\u00e7ais <a href=\"http:\/\/blogs.magicjudges.org\/translatedrules\/?lang=fr\">ici<\/a><\/li>\n<\/ul>\n<p>C&#8217;est le genre d&#8217;informations dont vous aurez besoin afin de rendre des d\u00e9cisions et pour aider les joueurs en leur fournissant un service clients agr\u00e9able. C&#8217;est aussi le c\u0153ur de vos connaissances des r\u00e8gles et des documents, sur laquelle vous allez construire vos connaissances futures pour mieux servir la communaut\u00e9.<\/p>\n<p>Vous n&#8217;\u00eates pas suppos\u00e9s avoir \u00e9tudi\u00e9 les R\u00e8gles Compl\u00e8tes, cependant certains pensent que certaines sections des R\u00e8gles Compl\u00e8tes peuvent \u00eatre utiles. Vous n&#8217;\u00eates pas non plus cens\u00e9 avoir \u00e9tudi\u00e9 le \u00ab Magic Infraction Procedure Guide \u00bb (MIPG), puisque ce document indique comment les arbitres doivent prendre en main les probl\u00e8mes en REL Comp\u00e9titif. Il est tr\u00e8s important que vous compreniez la philosophie de l\u2019arbitrage en REL Convivial, ce qui est une exp\u00e9rience diff\u00e9rente de l&#8217;arbitrage en REL Comp\u00e9titif.<\/p>\n<h2>Sujets couverts lors de l&#8217;examen de Niveau 1<\/h2>\n<p>Comme l&#8217;examen est une \u00e9valuation g\u00e9n\u00e9rale des connaissances des r\u00e8gles de base, ainsi que des documents et proc\u00e9dures li\u00e9s \u00e0 des \u00e9v\u00e9nements de REL Convivial, une liste sp\u00e9cifique de sujets a \u00e9t\u00e9 d\u00e9velopp\u00e9e pour \u00eatre incluse lors de l&#8217;examen de Niveau 1. Bien que chaque examen soit g\u00e9n\u00e9r\u00e9 al\u00e9atoirement afin d&#8217;\u00eatre unique pour chaque candidat, vous devrez \u00eatre s\u00fbr de comprendre les points suivants comme les r\u00e8gles et concepts g\u00e9n\u00e9raux du jeu ainsi que les proc\u00e9dures et les documents, suffisamment pour pouvoir potentiellement appliquer vos connaissances \u00e0 des situations vari\u00e9es. :<\/p>\n<ul>\n<li>Les concepts g\u00e9n\u00e9raux du jeu, comme les diff\u00e9rentes parties d&#8217;une carte (type de carte, co\u00fbts de mana, etc&#8230;<\/li>\n<li>Les diff\u00e9rents zones du jeu, ainsi que ce qu&#8217;elles sont cens\u00e9es repr\u00e9senter et les objets dans ces zones.<\/li>\n<li>Comprendre la structure d&#8217;un tour, notamment les diff\u00e9rentes phases et \u00e9tapes de chaque phase. Ainsi que savoir ce qu&#8217;il se passe \u00e0 chaque phase et \u00e9tape.<\/li>\n<li>Comprendre la phase de combat, notamment les \u00e9tapes sp\u00e9cifiques de cette phase. \u00catre familier avec les actions de jeu qui y prennent place, et ce que et quand les joueurs peuvent jouer des sorts ou activer des capacit\u00e9s.<\/li>\n<li>Le processus g\u00e9n\u00e9ral de lancement d&#8217;un sort et\/ou d&#8217;activation d&#8217;une capacit\u00e9<\/li>\n<li>Le processus g\u00e9n\u00e9ral pour g\u00e9rer les capacit\u00e9s d\u00e9clench\u00e9es et leur mise en pile.<\/li>\n<li>Le processus g\u00e9n\u00e9ral de la r\u00e9solution d&#8217;un sort et\/ou d&#8217;une capacit\u00e9.<\/li>\n<li>D\u00e9terminer les capacit\u00e9s d&#8217;une cr\u00e9ature ainsi que sa force et son endurance.<\/li>\n<li>Comment fonctionnent les effets de remplacements et\/ou de pr\u00e9vention.<\/li>\n<li>Ce qui arrive quand une cr\u00e9ature est copi\u00e9e.<\/li>\n<li>\u00catre familier avec les r\u00e8gles de bases et les \u00e9l\u00e9ments sp\u00e9cifiques au <a href=\"http:\/\/dcirules.org\/index.php\/francais\/87-2hg-faq-20120101\">Troll \u00e0 deux t\u00eates<\/a>.<\/li>\n<li>\u00catre familier avec les mots cl\u00e9s et\/ou les capacit\u00e9s pr\u00e9sentes en Standard (se r\u00e9f\u00e9rer aux notes de publication des \u00e9ditions r\u00e9centes peut aider ici.)<\/li>\n<li>\u00c9duquer et aider les joueurs avec les probl\u00e8mes courants et les comportements ind\u00e9sirables en REL Convivial.<\/li>\n<li>G\u00e9rer les joueurs qui g\u00e9n\u00e8rent un \u00ab probl\u00e8me s\u00e9rieux \u00bb en REL Convivial.<\/li>\n<li>Comment utiliser la r\u00e9serve en limit\u00e9 et en construit, notamment en REL Convivial n&#8217;utilisant pas de liste de decks.<\/li>\n<li>La structure g\u00e9n\u00e9rale d&#8217;un match lors d&#8217;un \u00e9v\u00e9nement.<\/li>\n<li>Les exigences minimales pour faire homologuer et ex\u00e9cuter un \u00e9v\u00e9nement.<\/li>\n<\/ul>\n<p>Bien que la connaissance de r\u00e8gles sp\u00e9cifiques soit une aide, de nombreuses questions repr\u00e9sentent une vision plus g\u00e9n\u00e9rale des connaissances des r\u00e8gles de base. Vous voudrez donc d\u00e9velopper la compr\u00e9hension de ces concepts de base et comment ils peuvent s&#8217;appliquer de diverses fa\u00e7ons en fonction des cartes impliqu\u00e9es. Dans certains cas, vous voudrez simplement vous concentrer sur la lecture de la carte, afin de comprendre pr\u00e9cis\u00e9ment ce qui est demand\u00e9 sur un sc\u00e9nario pr\u00e9cis. Dans d&#8217;autres cas, il vous faudra \u00eatre familier avec certaines terminologies sp\u00e9cifiques ou sur la structure g\u00e9n\u00e9rale d&#8217;un tour.<\/p>\n<p>Gardez \u00e0 l&#8217;esprit que le contenu de l&#8217;examen est confidentiel, il vous est donc interdit d&#8217;en discuter avec qui que ce soit d&#8217;autre que l&#8217;arbitre qui vous certifie.<\/p>\n<h2>Examens pratiques \u00e0 utiliser pour se pr\u00e9parer<\/h2>\n<p>Les candidats peuvent se pr\u00e9parer pour l&#8217;examen de Niveau 1 en utilisant le test Easy Practice disponible sur le <a href=\"https:\/\/judge.wizards.com\/\">Judge Center<\/a>. Plus d&#8217;informations pour cr\u00e9er un test sur le judge center <a href=\"http:\/\/blogs.magicjudges.org\/o\/judge-testing-fr\/\">ici<\/a>. La difficult\u00e9 des questions pr\u00e9sentes dans le test \u00ab Easy Practice \u00bb est comparable \u00e0 celle de l&#8217;examen de Niveau 1 et la partie portant sur les documents porte principalement sur des situations en REL Convivial. Certains contenus pr\u00e9sents dans le test Easy Practice ne correspondent pas exactement \u00e0 ce qui peut appara\u00eetre lors de l&#8217;examen de Niveau 1, \u00e9tant donn\u00e9 que le test Easy Practice sert \u00e0 un public plus large pour acc\u00e9der \u00e0 des connaissances de base sur les r\u00e8gles et les documents. Vous pouvez toujours comparer le contenu de vos divers Easy Practice avec les sujets comparables qui pourraient \u00eatre trait\u00e9s r\u00e9ellement par votre examen de Niveau 1. Cela vous aidera \u00e0 concentrer vos efforts afin d&#8217;am\u00e9liorer vos connaissances et d&#8217;\u00e9tudier plus efficacement. Vous devriez faire au moins trois (3) Easy Practice en ayant un minimum de sept (7) bonnes r\u00e9ponses minimum \u00e0 chacun.<\/p>\n<p>De plus, le test \u00ab L1 Practice\u00bb a \u00e9t\u00e9 d\u00e9velopp\u00e9 afin d&#8217;aider les candidats plus directement \u00e0 l&#8217;examen de Niveau 1. Le test \u00ab L1 practice \u00bb contient des \u00e9l\u00e9ments qui ont \u00e9t\u00e9 dans le v\u00e9ritable examen de Niveau 1 et qui sont de difficult\u00e9 comparable \u00e0 l&#8217;examen de Niveau 1 actuel. Le test \u00ab L1 Practice \u00bb ne est disponible \u00e0 toute personne interess\u00e9e pour devenir arbitre, et tous les arbitres de Niveau 2+ ont la possibilit\u00e9 de cr\u00e9er des tests \u00ab L1 practice  \u00bb pour ces candidats. Un candidat au Niveau 1 devrait passer au moins un (1) test \u00ab L1 Practice \u00bb et viser un score minimal de 65% de bonnes r\u00e9ponses. Le test \u00ab L1 Practice \u00bb est disponible \u00e0 la fois en ligne et en version papier, afin d&#8217;apporter la meilleure exp\u00e9rience possible au candidat au Niveau 1.<\/p>\n<p>Les tests \u00ab Hard Practice \u00bb et \u00ab Policy Practice \u00bb ne sont pas pr\u00e9vus pour les candidats au Niveau 1. Ces tests couvrent les R\u00e8gles Compl\u00e8tes et\/ou le document \u00ab Infraction Procedure Guide \u00bb qui ne sont pas couverts par le test de Niveau 1, ces tests sont d\u00e9velopp\u00e9s afin d&#8217;apporter du challenge \u00e0 des utilisateurs plus exp\u00e9riment\u00e9s.<\/p>\n<h2>Recommendations<\/h2>\n<p>De plus amples d\u00e9tails sur les recommendations et suggestions sont r\u00e9guli\u00e8rement post\u00e9es sur JudgeApps. Regardez <a href=\"http:\/\/apps.magicjudges.org\/forum\/topic\/5440\/\">cette page<\/a> pour lire les derni\u00e8res suggestions et les pr\u00e9c\u00e9dentes. <\/p>\n<p>&nbsp;<br \/>\n&nbsp;<br \/>\n<em>Cette page a \u00e9t\u00e9 \u00e9crite par <span class='judge-tooltip'><a href='https:\/\/apps.magicjudges.org\/judges\/dci\/46966237' >Brian Schenck<\/a><span class='avatar'><img width='200' height='200' src='https:\/\/apps.magicjudges.org\/dci\/avatar?dci=46966237&size=200'><\/span><\/span><\/em><\/p>\n","protected":false},"excerpt":{"rendered":"<p>But de l&#8217;examen de Niveau 1 Le but de l&#8217;examen de Niveau 1 est d&#8217;\u00e9valuer les connaissances du candidat quant aux r\u00e8gles de bases et sa compr\u00e9hension des r\u00e8glements et proc\u00e9dures li\u00e9s aux \u00e9v\u00e9nements en REL Convivial. Le candidat d\u00e9montre cela en r\u00e9alisant un score de 70% ou plus \u00e0 son examen de Niveau 1. [&hellip;]<\/p>\n","protected":false},"author":13,"featured_media":0,"parent":1494,"menu_order":0,"comment_status":"closed","ping_status":"closed","template":"page_width-index.php","meta":{"footnotes":"","_links_to":"","_links_to_target":""},"language":[15],"class_list":["post-1492","page","type-page","status-publish","hentry","language-fr"],"_links":{"self":[{"href":"https:\/\/blogs.magicjudges.org\/o\/wp-json\/wp\/v2\/pages\/1492","targetHints":{"allow":["GET"]}}],"collection":[{"href":"https:\/\/blogs.magicjudges.org\/o\/wp-json\/wp\/v2\/pages"}],"about":[{"href":"https:\/\/blogs.magicjudges.org\/o\/wp-json\/wp\/v2\/types\/page"}],"author":[{"embeddable":true,"href":"https:\/\/blogs.magicjudges.org\/o\/wp-json\/wp\/v2\/users\/13"}],"replies":[{"embeddable":true,"href":"https:\/\/blogs.magicjudges.org\/o\/wp-json\/wp\/v2\/comments?post=1492"}],"version-history":[{"count":10,"href":"https:\/\/blogs.magicjudges.org\/o\/wp-json\/wp\/v2\/pages\/1492\/revisions"}],"predecessor-version":[{"id":3676,"href":"https:\/\/blogs.magicjudges.org\/o\/wp-json\/wp\/v2\/pages\/1492\/revisions\/3676"}],"up":[{"embeddable":true,"href":"https:\/\/blogs.magicjudges.org\/o\/wp-json\/wp\/v2\/pages\/1494"}],"wp:attachment":[{"href":"https:\/\/blogs.magicjudges.org\/o\/wp-json\/wp\/v2\/media?parent=1492"}],"wp:term":[{"taxonomy":"language","embeddable":true,"href":"https:\/\/blogs.magicjudges.org\/o\/wp-json\/wp\/v2\/language?post=1492"}],"curies":[{"name":"wp","href":"https:\/\/api.w.org\/{rel}","templated":true}]}}