{"id":1500,"date":"2015-09-28T12:35:23","date_gmt":"2015-09-28T12:35:23","guid":{"rendered":"http:\/\/blogs.magicjudges.org\/o\/?page_id=1500"},"modified":"2017-01-03T13:24:34","modified_gmt":"2017-01-03T13:24:34","slug":"welcome-to-level-3-fr","status":"publish","type":"page","link":"https:\/\/blogs.magicjudges.org\/o\/judge-levels-fr\/welcome-to-level-3-fr\/","title":{"rendered":"Bienvenue au Niveau 3"},"content":{"rendered":"<p>Les Arbitres de niveau 3 sont \u00e0 la fois le sommet et la base de la pyramide du programme arbitral. Ils sont des meneurs visibles au sein de la communaut\u00e9, charg\u00e9s de la gestion d\u2019activit\u00e9s et de projets importants, sont Head-Judge sur de gros tournois au niveau Comp\u00e9titif, chefs d\u2019\u00e9quipe sur les tournois professionnels, mais \u00e9galement vecteurs d\u2019informations et de conseils experts envers les arbitres certifi\u00e9s et non-certifi\u00e9s dans de larges r\u00e9gions. Les Arbitres de niveau 3 servent aussi d\u2019\u00e9chantillon de sondage pour l\u2019acceptation des nouveaux r\u00e8glements, et m\u00e8nent l\u2019implantation et la diss\u00e9mination de nouvelles informations li\u00e9es \u00e0 la communaut\u00e9 Magic : L\u2019Assembl\u00e9e \u2122. C\u2019est \u00e0 travers la d\u00e9monstration d\u2019un haut niveau de comp\u00e9tence dans de nombreuses qualit\u00e9s cl\u00e9 que les arbitres Niveau 3 sont reconnus comme des meneurs dynamiques et impactants. <\/p>\n<h2>Les qualit\u00e9s sont la base<\/h2>\n<p>En tant que nouveau Niveau 3, vous venez juste de passer par <a href=\"http:\/\/blogs.magicjudges.org\/o\/judge-testing-fr\/level-3-advancement-process-fr\/\">le processus d\u2019avancement vers le Niveau 3<\/a>, qui requiert le d\u00e9veloppement de nombreux talents et comportements. Ces qualit\u00e9s ne sont pas de simples id\u00e9es arbitraires purement con\u00e7ues pour tester votre \u00e9thique et votre engagement, elles sont le standard que vous devrez maintenir et faire progresser en tant qu\u2019Arbitre National.  Il est vital de continuer \u00e0 vous auto\u00e9valuer, de demander et donner des retours afin de continuer \u00e0 progresser et d\u2019aider les autres. <\/p>\n<h2>Garder la lame affut\u00e9e <\/h2>\n<p>Maintenir vos comp\u00e9tences et votre expertise est un aspect important dans la gestion Nationale. A cette fin, il y a un certain nombre de comportements que les Niveaux 3 adoptent pour continuer le d\u00e9veloppement post-Niveau 3. <\/p>\n<ul>\n<li>A chaque sortie d\u2019un nouveau bloc, on demande \u00e0 tous les arbitres Niveau 3 de remplir un rapide questionnaire, dont l\u2019essentiel  met en \u00e9vidence \u00e0 la fois les changements dans nos documents, et les aspects plus stimulants, et plus pertinents du jeu. <\/li>\n<li>Tous les ans, on attend de chaque arbitre Niveau 3 qu\u2019il fournisse des informations sur les \u00e9v\u00e9nements auquel il a particip\u00e9, ainsi que sur son implication dans des projets \u00e0 plusieurs niveaux pour assurer une activit\u00e9\/visibilit\u00e9 coh\u00e9rente avec un r\u00f4le de gestion Nationale. <\/li>\n<li>On demande annuellement aux arbitres de Niveau 3 d\u2019\u00e9crire un compte-rendu personnel, analysant leurs performances personnelles dans chacune des Qualit\u00e9s d\u2019un Arbitre National. <\/li>\n<\/ul>\n<h2>Pens\u00e9es \u00e0 garder \u00e0 l\u2019esprit<\/h2>\n<p>Avec la certification au Niveau 3, entrer dans un r\u00f4le si visible et vaste peut s\u2019av\u00e9rer intimidant ou \u00e9crasant, m\u00eame pour les individus les plus pr\u00e9par\u00e9s. Voici quelques donn\u00e9es \u00e0 prendre en consid\u00e9ration en tant que nouvel arbitre au sein de la gestion Nationale.  <\/p>\n<ul>\n<li>On n\u2019attend pas de vous que vous soyez parfaits. On attend de vous que vous continuiez \u00e0 \u00eatre l\u2019expert et le meneur tels que l\u2019ont d\u00e9montr\u00e9 le jury et votre checklist, mais on n\u2019attend pas que vous soyez parfait.  <\/li>\n<li>Vous avez une extraordinaire \u00e9quipe d\u2019autres Arbitres de niveau 3 qui croient en vous et en ce que vous faites. Demandez de l\u2019aide, apprenez de vos pairs, et adoptez les meilleures pratiques des autres.<\/li>\n<li>Entourez-vous des bonnes personnes. Croyez-vous que certains arbitres de niveau 1 feraient de super arbitres de niveau 2 ? Ces arbitres sont-ils pr\u00eats, ou seront-ils pr\u00eats, gr\u00e2ce \u00e0 un peu d\u2019entrainement avec vous, \u00e0 embrasser ce r\u00f4le ? N\u2019oubliez pas que vous venez d\u2019\u00eatre promu leader National, une meilleure gestion Nationale est donc requise pour mener \u00e0 bien les responsabilit\u00e9s qui vous incombent d\u00e9sormais. Votre gestion sera plus efficace en permettant le d\u00e9veloppement et la croissance des autres arbitres via l\u2019\u00e9ducation, la d\u00e9l\u00e9gation et le management.  <\/li>\n<li>Y a-t-il un projet que vous voudriez d\u00e9velopper, ou une partie du programme que vous avez observ\u00e9 qui m\u00e9riterait d\u00e9veloppement ou am\u00e9lioration? Consultez les autres leaders r\u00e9gionaux, obtenez des conseils, et menez un projet pour promouvoir le th\u00e8me choisi.<\/li>\n<li>Il y a tellement d\u2019aspects du programme qui sont excitants et qui ont des besoins significatifs que cela peut sembler imposant, sp\u00e9cialement si vous essayez d\u2019\u00eatre actif sur plus d\u2019activit\u00e9s que vous ne le pouvez. Rajoutez des tournois, des activit\u00e9s et des projets, mais gardez \u00e0 l\u2019esprit que vos besoins personnels et votre niveau d\u2019activit\u00e9 doivent \u00eatre durables. L\u2019un des plus grands challenges du Niveau 3 est de garder l\u2019\u00e9quilibre entre le maintien de votre expertise, votre contribution \u00e0 la fois dans et en dehors des tournois, tout en continuant \u00e0 appr\u00e9cier et aimer \u00eatre un arbitre. <\/li>\n<\/ul>\n<h2>En conclusion<\/h2>\n<p>Le r\u00f4le d\u2019un Arbitre National est une exp\u00e9rience extraordinaire, mais il engendre plus de pression, de challenges et plus d\u2019investissement que les autres r\u00f4les au sein du Programme Arbitral.  N\u2019oubliez pas que vous avez une \u00e9quipe g\u00e9niale de Niveaux 3, votre Coordinateur des Niveaux 3, votre Coordinateur National, et tous les arbitres de votre zone g\u00e9ographique pour vous assister vous et ce que vous faites. Conservez au fond de votre c\u0153ur les qualit\u00e9s que vous vous \u00eates engag\u00e9s \u00e0 maintenir et soutenir. Et \u00e0 travers votre travail et votre gestion, continuez \u00e0 \u00e0 vous amuser et aimer ce que vous faites en tant qu\u2019Arbitre National. <\/p>\n<p><em>Cette page a \u00e9t\u00e9 \u00e9crite par <span class='judge-tooltip'><a href='https:\/\/apps.magicjudges.org\/judges\/dci\/2208242225' >Steven Briggs<\/a><span class='avatar'><img width='200' height='200' src='https:\/\/apps.magicjudges.org\/dci\/avatar?dci=2208242225&size=200'><\/span><\/span><\/em><\/p>\n","protected":false},"excerpt":{"rendered":"<p>Les Arbitres de niveau 3 sont \u00e0 la fois le sommet et la base de la pyramide du programme arbitral. Ils sont des meneurs visibles au sein de la communaut\u00e9, charg\u00e9s de la gestion d\u2019activit\u00e9s et de projets importants, sont Head-Judge sur de gros tournois au niveau Comp\u00e9titif, chefs d\u2019\u00e9quipe sur les tournois professionnels, mais [&hellip;]<\/p>\n","protected":false},"author":13,"featured_media":0,"parent":2616,"menu_order":0,"comment_status":"closed","ping_status":"closed","template":"page_width-index.php","meta":{"footnotes":"","_links_to":"","_links_to_target":""},"language":[15],"class_list":["post-1500","page","type-page","status-publish","hentry","language-fr"],"_links":{"self":[{"href":"https:\/\/blogs.magicjudges.org\/o\/wp-json\/wp\/v2\/pages\/1500","targetHints":{"allow":["GET"]}}],"collection":[{"href":"https:\/\/blogs.magicjudges.org\/o\/wp-json\/wp\/v2\/pages"}],"about":[{"href":"https:\/\/blogs.magicjudges.org\/o\/wp-json\/wp\/v2\/types\/page"}],"author":[{"embeddable":true,"href":"https:\/\/blogs.magicjudges.org\/o\/wp-json\/wp\/v2\/users\/13"}],"replies":[{"embeddable":true,"href":"https:\/\/blogs.magicjudges.org\/o\/wp-json\/wp\/v2\/comments?post=1500"}],"version-history":[{"count":5,"href":"https:\/\/blogs.magicjudges.org\/o\/wp-json\/wp\/v2\/pages\/1500\/revisions"}],"predecessor-version":[{"id":3671,"href":"https:\/\/blogs.magicjudges.org\/o\/wp-json\/wp\/v2\/pages\/1500\/revisions\/3671"}],"up":[{"embeddable":true,"href":"https:\/\/blogs.magicjudges.org\/o\/wp-json\/wp\/v2\/pages\/2616"}],"wp:attachment":[{"href":"https:\/\/blogs.magicjudges.org\/o\/wp-json\/wp\/v2\/media?parent=1500"}],"wp:term":[{"taxonomy":"language","embeddable":true,"href":"https:\/\/blogs.magicjudges.org\/o\/wp-json\/wp\/v2\/language?post=1500"}],"curies":[{"name":"wp","href":"https:\/\/api.w.org\/{rel}","templated":true}]}}