{"id":1504,"date":"2015-04-29T07:21:22","date_gmt":"2015-04-29T07:21:22","guid":{"rendered":"http:\/\/blogs.magicjudges.org\/o\/?page_id=1504"},"modified":"2017-01-03T12:56:53","modified_gmt":"2017-01-03T12:56:53","slug":"welcome-to-level-1-fr","status":"publish","type":"page","link":"https:\/\/blogs.magicjudges.org\/o\/judge-levels-fr\/welcome-to-level-1-fr\/","title":{"rendered":"Bienvenue au Niveau 1"},"content":{"rendered":"<p>Tout d&#8217;abord, f\u00e9licitations !<\/p>\n<h2>Informer votre communaut\u00e9 de joueurs locaux<\/h2>\n<p>La premi\u00e8re chose que vous devez faire est d&#8217;informer vos magasins et joueurs locaux de votre progression, puisqu&#8217;ils puissent savoir qu&#8217;ils peuvent vous poser leurs questions. Vous pouvez toujours jouer les tournois en REL Regular et arbitrer en m\u00eame temps, en r\u00e9pondant aux questions. Vous pouvez toujours jouer dans des tournois aux REL plus \u00e9lev\u00e9s, tant que vous ne les arbitrez pas en m\u00eame temps. <\/p>\n<p>Vous pouvez trouver vos magasins locaux sur le <a href=\"http:\/\/locator.wizards.com\" target=\"_blank\">Wizards Event Locator<\/a>.<\/p>\n<h2>Contactez votre communaut\u00e9 locale d&#8217;arbitres<\/h2>\n<p>Vous voudrez \u00e9galement contacter votre groupe d&#8217;arbitres local, et interagir avec eux r\u00e9guli\u00e8rement. Vous devez \u00eatre capables de partager les mises \u00e0 jour et changements avec eux, et vous aider mutuellement \u00e0 devenir de meilleurs arbitres. Votre <a title=\"Coordinateur Regional\" href=\"http:\/\/blogs.magicjudges.org\/o\/program-structure-fr\/regional-coordinators-fr\/\">Coordinateur Regional<\/a> (RC) a la plupart des informations que vous cherchez. Si vous avez des suggestions pour am\u00e9liorer Magic: The Gathering\u2122 dans votre communaut\u00e9, ou des id\u00e9es ou suggestions sur le programme, votre coordinateur r\u00e9gional peut aussi vous y aider. Vous pouvez contacter votre Coordinateur R\u00e9gional en comp\u00e9tant <a href=\"http:\/\/blogs.magicjudges.org\/contact\/contact-a-regional-coordinator\/\" target=\"_blank\">ce formulaire<\/a>.Vous pouvez aussi regarder la <a title=\"Canaux de Communication\" href=\"http:\/\/blogs.magicjudges.org\/o\/communication-channels-fr\/\">liste des arbitres locaux et les mailing lists<\/a>.<\/p>\n<h2>Etape suivante: Ev\u00e8nements au REL comp\u00e9titif<\/h2>\n<p>En tant qu&#8217;arbitre, les magasins vont vouloir votre aide sur des tournois comp\u00e9titifs qui ont besoin d&#8217;un arbitre, comme assister un niveau 2 sur un PPTQ d&#8217;envergure un peu plus grande. Vous aurez besoin de travailler un peu plus pour ces \u00e9v\u00e8nements, puisqu&#8217;il ne sont plus juste pour le plaisir, mais pour des invitations ou des byes pour des plus grands tournois. Le guide des infractions de Magic (IPG) est un document qui indique aux arbitres comment g\u00e9rer les probl\u00e8mes, les p\u00e9nalit\u00e9s associ\u00e9es \u00e0 chaque infraction et comment les r\u00e9parer. Ce document peut \u00eatre trouv\u00e9 sur  <a href=\"http:\/\/wpn.wizards.com\/en\/document\/magic-infraction-procedure-guide\" target=\"_blank\">le document center<\/a> et sa version traduite sur <a href=\"http:\/\/blogs.magicjudges.org\/translatedrules\/\" target=\"_blank\">le blog des documents traduits<\/a>.<\/p>\n<h2>Autres outils utiles<\/h2>\n<p>Il y a d&#8217;autres outils tr\u00e8s utiles qui pourront vous aider en tant qu&#8217;arbitre :<\/p>\n<div style=\"margin-left: 20px\">\n<h3>Judge Center<\/h3>\n<p>Vous avez peut-\u00eatre d\u00e9j\u00e0 utilis\u00e9 le <a href=\"http:\/\/judge.wizards.com\" target=\"_blank\">Judge Center<\/a> auparavant, il contient des examens pratiques, et vous y mettrez vos reports d&#8217;investigation ainsi que des reviews d&#8217;autres arbitres plus tard. <\/p>\n<h3>Judge Apps<\/h3>\n<p>Sur <a href=\"http:\/\/apps.magicjudges.org\" target=\"_blank\">Judge Apps<\/a>, vous trouverez des forums o\u00f9 vous trouverez de l\u2019aide de nombreux arbitres de tous niveaux et tous horizons. Les projets d\u2019arbitrage sont g\u00e9r\u00e9s depuis JudgeApps, ainsi que les candidatures pour les \u00e9v\u00e9nements principaux (dont les Preliminary Pro Tour Qualifier, les World Magic Cup Qualifiers, et les Grand Prix. <\/p>\n<h3>IRC<\/h3>\n<p>Vous voulez parlez \u00e0 d&#8217;autres arbitres en ligne? Vous avez besoin de r\u00e9ponses imm\u00e9diates? Vous pouvez nous rejoindre sur la chaine IRC. Vous aurez un acc\u00e8s instantan\u00e9 sur l&#8217;interface web : <a href=\"http:\/\/chat.magicjudges.org\/mtgjudge\" target=\"_blank\">Magic Judges<\/a> web interface.<\/p>\n<p>Alternatively get an IRC client and find the #mtgjudge and #mtgrules under EFnet. Pour vous rendre sur IRC: <a href=\"http:\/\/www.mirc.com\" target=\"_blank\">mIRC<\/a> (a downloadable client) or <a href=\"http:\/\/www.mibbit.com\" target=\"_blank\">Mibbit<\/a>, a web based interface.<\/p>\n<\/div>\n<p><em>Cette age a \u00e9t\u00e9 \u00e9crite par <span class='judge-tooltip'><a href='https:\/\/apps.magicjudges.org\/judges\/dci\/25153831' >Fabian Peck<\/a><span class='avatar'><img width='200' height='200' src='https:\/\/apps.magicjudges.org\/dci\/avatar?dci=25153831&size=200'><\/span><\/span><\/em><\/p>\n","protected":false},"excerpt":{"rendered":"<p>Tout d&#8217;abord, f\u00e9licitations ! Informer votre communaut\u00e9 de joueurs locaux La premi\u00e8re chose que vous devez faire est d&#8217;informer vos magasins et joueurs locaux de votre progression, puisqu&#8217;ils puissent savoir qu&#8217;ils peuvent vous poser leurs questions. Vous pouvez toujours jouer les tournois en REL Regular et arbitrer en m\u00eame temps, en r\u00e9pondant aux questions. Vous [&hellip;]<\/p>\n","protected":false},"author":13,"featured_media":0,"parent":2616,"menu_order":0,"comment_status":"closed","ping_status":"closed","template":"page_width-index.php","meta":{"footnotes":"","_links_to":"","_links_to_target":""},"language":[15],"class_list":["post-1504","page","type-page","status-publish","hentry","language-fr"],"_links":{"self":[{"href":"https:\/\/blogs.magicjudges.org\/o\/wp-json\/wp\/v2\/pages\/1504","targetHints":{"allow":["GET"]}}],"collection":[{"href":"https:\/\/blogs.magicjudges.org\/o\/wp-json\/wp\/v2\/pages"}],"about":[{"href":"https:\/\/blogs.magicjudges.org\/o\/wp-json\/wp\/v2\/types\/page"}],"author":[{"embeddable":true,"href":"https:\/\/blogs.magicjudges.org\/o\/wp-json\/wp\/v2\/users\/13"}],"replies":[{"embeddable":true,"href":"https:\/\/blogs.magicjudges.org\/o\/wp-json\/wp\/v2\/comments?post=1504"}],"version-history":[{"count":7,"href":"https:\/\/blogs.magicjudges.org\/o\/wp-json\/wp\/v2\/pages\/1504\/revisions"}],"predecessor-version":[{"id":3668,"href":"https:\/\/blogs.magicjudges.org\/o\/wp-json\/wp\/v2\/pages\/1504\/revisions\/3668"}],"up":[{"embeddable":true,"href":"https:\/\/blogs.magicjudges.org\/o\/wp-json\/wp\/v2\/pages\/2616"}],"wp:attachment":[{"href":"https:\/\/blogs.magicjudges.org\/o\/wp-json\/wp\/v2\/media?parent=1504"}],"wp:term":[{"taxonomy":"language","embeddable":true,"href":"https:\/\/blogs.magicjudges.org\/o\/wp-json\/wp\/v2\/language?post=1504"}],"curies":[{"name":"wp","href":"https:\/\/api.w.org\/{rel}","templated":true}]}}