{"id":1506,"date":"2015-04-29T07:04:00","date_gmt":"2015-04-29T07:04:00","guid":{"rendered":"http:\/\/blogs.magicjudges.org\/o\/?page_id=1506"},"modified":"2018-01-04T23:43:00","modified_gmt":"2018-01-04T23:43:00","slug":"become-a-magic-judge-fr","status":"publish","type":"page","link":"https:\/\/blogs.magicjudges.org\/o\/judge-levels-fr\/become-a-magic-judge-fr\/","title":{"rendered":"Devenir un arbitre de Magic"},"content":{"rendered":"<p>Ainsi tu aimerais devenir arbitre de Magic&#8230;<\/p>\n<h2>Qu\u2019est-ce qu\u2019un arbitre de Magic ?<\/h2>\n<p>Les arbitres se doivent d\u2019\u00eatre neutres. Ils veillent \u00e0 ce que le jeu soit \u00e9quitable, convivial et amusant pour tous les joueurs qui participent \u00e0 un \u00e9v\u00e8nement. Les arbitres r\u00e9pondent aux questions de r\u00e8gles, aident \u00e0 r\u00e9parer les erreurs et assurer l&#8217;int\u00e9grit\u00e9 des \u00e9v\u00e9nements agic..<\/p>\n<p>En dehors des \u00e9v\u00e8nements, les arbitres sont les ambassadeurs de la communaut\u00e9. NIls aident les joueurs, les g\u00e9rants de boutiques, et les candidats \u00e0 l\u2019arbitrage. Les arbitres servent \u00e0 faire de <strong>Magic<\/strong>: The Gathering\u2122 une belle exp\u00e9rience pour les joueurs !<\/p>\n<h2>Pourquoi voulez-vous devenir arbitre?<\/h2>\n<p> \t \tIl y a de multiples raisons pour lesquelles on peut vouloir devenir arbitre, au-del\u00e0 de vouloir aider sur un \u00e9v\u00e8nement. Quelles que soient vos raisons, une fois que vous avez pris cette d\u00e9cision, s&#8217;ensuit une s\u00e9rie d\u2019\u00e9tapes que vous avez besoin de valider, peu importe dans quel ordre. Certaines seront plus simples que d\u2019autres et il se peut m\u00eame que vous en ayez d\u00e9j\u00e0 valid\u00e9 juste parce que vous jouez d\u00e9j\u00e0 dans des \u00e9v\u00e9nements tels que des Trial de Grand Prix ou des Friday Night Magic.<\/p>\n<h2>Trouvez un magasin voulant vous faire arbitrer des \u00e9v\u00e9nements<\/h2>\n<p> \t \tTDans le jeu organis\u00e9 la plupart des \u00e9v\u00e9nements ont lieu dans des magasins. La plus grosse partie de l&#8217;entra\u00eenement pour devenir arbitre doit par cons\u00e9quent avoir lieu dans un magasin. Vous ne pouvez pas devenir arbitre sans arbitrer des \u00e9v\u00e9nements, l\u2019un des pr\u00e9-requis \u00e9tant d\u2019avoir d\u00e9j\u00e0 arbitr\u00e9 deux \u00e9v\u00e9nements. Trouver un magasin dans lequel arbitrer est donc la premi\u00e8re \u00e9tape mais peut-\u00eatre la plus difficile \u00e0 franchir.<br \/>\n \t \tSi vous n\u2019\u00eates pas d\u00e9j\u00e0 une habitu\u00e9e d\u2019un magasin, trouvez-en un pr\u00e8s de chez vous et commencez \u00e0 participer \u00e0 des \u00e9v\u00e9nements Magic. Apprenez \u00e0 conna\u00eetre le g\u00e9rant du magasin ou les membres de son \u00e9quipe qui g\u00e8rent ces \u00e9v\u00e9nements ainsi que ceux qui l\u2019arbitrent. S\u2019il n\u2019y a encore personne sur place que les joueurs consid\u00e8rent comme \u00e9tant celle \u00e0 qui l\u2019on pose les questions de r\u00e8gles, commencez par devenir cette personne. S\u2019il y en a d\u00e9j\u00e0 une, apprenez \u00e0 la connaitre, \u00e9changez sur des questions de r\u00e8gles avec elle et bient\u00f4t vous deviendrez une autre personne \u00e0 laquelle les joueurs viennent poser des questions.<br \/>\n \t \tSi vous avez d\u00e9j\u00e0 un magasin mais ne vous sentez pas assez confiante pour r\u00e9pondre \u00e0 des questions de r\u00e8gles, que vous pr\u00e9f\u00e9rez commencer d\u2019abord \u00e0 arbitrer pour acqu\u00e9rir cette confiance, alors revenez sur cette \u00e9tape plus tard.<br \/>\n \t \t\tSi vous \u00eates d\u00e9j\u00e0 la personne \u00e0 laquelle tout le monde pose les questions de r\u00e8gles, alors vous vous comportez d\u00e9j\u00e0 comme la plupart des arbitres au niveau <a href=\"http:\/\/blogs.magicjudges.org\/rules\/jar\/\"> convivial<\/a>, devenir arbitre en tant que telle n\u2019est qu\u2019une legitimisation de ce comportement, parlez au g\u00e8rant du magasin ou la personne responsable des \u00e9v\u00e9nements Magic et voyez si vous pouvez \u00eatre l\u2019arbitre enregistr\u00e9e sur les \u00e9v\u00e9nements en <a href=\"http:\/\/blogs.magicjudges.org\/rules\/jar\/\">REL convivial<\/a> auxquels vous participez.<br \/>\n \t \tUne fois que vous avez trouvez un magasin qui vous laisse arbitrer ses \u00e9v\u00e9nements vous \u00eates fondamentalement un arbitre Magic, simplement sans aucun niveau. Certains vous appelleront un niveau 0, plus pr\u00e9cis\u00e9ment vous \u00eates arbitre Magic non-certifi\u00e9 et candidat au niveau 1 d\u2019arbitre Magic. Une fois que vous arbitrez, vous aurez besoin de l\u2019\u00e9tape suivante si ce n\u2019est pas d\u00e9j\u00e0 le cas.<\/p>\n<h2>Trouvez un autre arbitre pour vous encadrer<\/h2>\n<p> \t \tLe programme d\u2019arbitrage de Magic se base sur le mentorat pour l\u2019apprentissage. C\u2019est une part naturelle des interactions sociales entre arbitres.<br \/>\n \t \tTrouver quelqu\u2019un pour vous mentorer pouvant \u00e9galement prendre en charge votre test final est id\u00e9al, mais un mentor peut \u00eatre n\u2019importe qui, de n\u2019importe quel niveau. N\u2019importe qui que vous pensez capable de vous aider \u00e0 trouver des r\u00e9ponses sur les points o\u00f9 vous n\u2019\u00eates pas s\u00fbr de vous et de vous fournir des retours constructifs sur votre progression ferait un bon mentor.<br \/>\n \t \tUn mentor n\u2019a m\u00eame pas besoin d\u2019\u00eatre proche de vous, il est possible de faire du mentorat via email, IRC ou toute autre m\u00e9thode de communication. Ce type de mentorat peut-\u00eatre essentiel dans le cas o\u00f9 il n\u2019y a pas d\u2019arbitre dans votre r\u00e9gion. Cela peut \u00e9galement renforcer un mentor plus proche de vous.<br \/>\n \t \tCela pourrait \u00eatre votre premi\u00e8re \u00e9tape pour devenir arbitre, conna\u00eetre une autre arbitre pourrait vous aider \u00e0 trouver un magasin qui vous laissera arbitrer ses \u00e9v\u00e9nements. Si vous ne connaissez aucun autre arbitre, la meilleure fa\u00e7on de pallier \u00e0 \u00e7a est de contacter votre coordinateur r\u00e9gional, un arbitre s\u2019occupant des affaires d\u2019arbitrage dans votre r\u00e9gion. Utilisez <a href=\"http:\/\/blogs.magicjudges.org\/contact\/contact-a-regional-coordinator\/\" target=\"_blank\">ce lien pour contacter le votre<\/a> et <a href=\"http:\/\/blogs.magicjudges.org\/o\/program-structure-fr\/regional-coordinators-fr\/\" target=\"_blank\">cet autre lien pour en apprendre plus sur les coordinateurs r\u00e9gionaux<\/a>.<\/p>\n<h2>Apprendre les r\u00e8gles et les r\u00e8glements<\/h2>\n<p> \t \tArbitrer est un processus d\u2019am\u00e9lioration continue et il y aura plein de m\u00e9thodes diff\u00e9rentes que vous pourrez utilisez pour continuer d\u2019am\u00e9liorer vos connaissances. Si vous n\u2019avez pas d\u00e9j\u00e0 une connaissance raisonnablement bonne des r\u00e8gles de base de Magic, cet apprentissage devrait \u00eatre la premi\u00e8re \u00e9tape \u00e0 valider pour devenir arbitre. Vous devez \u00eatre capable d\u2019arbitrer des \u00e9v\u00e9nements et si vous ne pouvez pas r\u00e9pondre \u00e0 des questions de r\u00e8gles de mani\u00e8re efficace, vous ne pourrez pas convaincre un magasin de vous laisser arbitrer. La plupart du temps cependant, cette \u00e9tape est d\u00e9j\u00e0 franchie simplement gr\u00e2ce \u00e0 la pratique du jeu et la vision globale de comment se d\u00e9roule les tournois.<\/p>\n<ul style=\"text-align: justify\">\n<ul>\n<li>\n \t \t<a href=\"http:\/\/magic.wizards.com\/fr\/gameplay\/rules-and-formats\" target=\"_blank\">R\u00e8gles de base et formats<\/a><\/li>\n<li>\n<a href=\"http:\/\/blogs.magicjudges.org\/o\/rules-policy-documents-fr\/\" target=\"_blank\">R\u00e8gles compl\u00e8tes &amp; arbitrer en REL convivial<\/a><\/li>\n<li>\n \t \t<a href=\"http:\/\/blogs.magicjudges.org\/o\/judge-testing-fr\/the-level-1-exam-fr\/\" target=\"_blank\">Se pr\u00e9parer pour l&#8217;examen de niveau 1<\/a><\/li>\n<\/ul>\n<h2 style=\"text-align: justify\">Passer l&#8217;examen de niveau 1<\/h2>\n<p style=\"text-align: justify\">Ceci est le processus formel pour devenir un arbitre certifi\u00e9 de niveau 1, et si le test en marque la derni\u00e8re \u00e9tape, c&#8217;est loin d&#8217;\u00eatre la derni\u00e8re \u00e9tape dans l&#8217;arbitrage. Si vous avez appr\u00e9ci\u00e9 arbitrer jusqu&#8217;ici, alors votre prochaine \u00e9tape pourrait bien \u00eatre de vous poser la question &#8220;Comment deviens-je niveau 2 ?&#8221; <\/p>\n<p><em>Cette page a \u00e9t\u00e9 \u00e9crite par <span class='judge-tooltip'><a href='https:\/\/apps.magicjudges.org\/judges\/dci\/157621' >Mark Brown<\/a><span class='avatar'><img width='200' height='200' src='https:\/\/apps.magicjudges.org\/dci\/avatar?dci=157621&size=200'><\/span><\/span><\/em><\/p>\n","protected":false},"excerpt":{"rendered":"<p>Ainsi tu aimerais devenir arbitre de Magic&#8230; Qu\u2019est-ce qu\u2019un arbitre de Magic ? Les arbitres se doivent d\u2019\u00eatre neutres. Ils veillent \u00e0 ce que le jeu soit \u00e9quitable, convivial et amusant pour tous les joueurs qui participent \u00e0 un \u00e9v\u00e8nement. Les arbitres r\u00e9pondent aux questions de r\u00e8gles, aident \u00e0 r\u00e9parer les erreurs et assurer l&#8217;int\u00e9grit\u00e9 [&hellip;]<\/p>\n","protected":false},"author":13,"featured_media":0,"parent":2616,"menu_order":0,"comment_status":"closed","ping_status":"closed","template":"page_width-index.php","meta":{"footnotes":"","_links_to":"","_links_to_target":""},"language":[15],"class_list":["post-1506","page","type-page","status-publish","hentry","language-fr"],"_links":{"self":[{"href":"https:\/\/blogs.magicjudges.org\/o\/wp-json\/wp\/v2\/pages\/1506","targetHints":{"allow":["GET"]}}],"collection":[{"href":"https:\/\/blogs.magicjudges.org\/o\/wp-json\/wp\/v2\/pages"}],"about":[{"href":"https:\/\/blogs.magicjudges.org\/o\/wp-json\/wp\/v2\/types\/page"}],"author":[{"embeddable":true,"href":"https:\/\/blogs.magicjudges.org\/o\/wp-json\/wp\/v2\/users\/13"}],"replies":[{"embeddable":true,"href":"https:\/\/blogs.magicjudges.org\/o\/wp-json\/wp\/v2\/comments?post=1506"}],"version-history":[{"count":9,"href":"https:\/\/blogs.magicjudges.org\/o\/wp-json\/wp\/v2\/pages\/1506\/revisions"}],"predecessor-version":[{"id":4487,"href":"https:\/\/blogs.magicjudges.org\/o\/wp-json\/wp\/v2\/pages\/1506\/revisions\/4487"}],"up":[{"embeddable":true,"href":"https:\/\/blogs.magicjudges.org\/o\/wp-json\/wp\/v2\/pages\/2616"}],"wp:attachment":[{"href":"https:\/\/blogs.magicjudges.org\/o\/wp-json\/wp\/v2\/media?parent=1506"}],"wp:term":[{"taxonomy":"language","embeddable":true,"href":"https:\/\/blogs.magicjudges.org\/o\/wp-json\/wp\/v2\/language?post=1506"}],"curies":[{"name":"wp","href":"https:\/\/api.w.org\/{rel}","templated":true}]}}