{"id":1511,"date":"2015-03-12T14:16:31","date_gmt":"2015-03-12T14:16:31","guid":{"rendered":"http:\/\/blogs.magicjudges.org\/o\/?page_id=1511"},"modified":"2017-08-15T04:59:45","modified_gmt":"2017-08-15T04:59:45","slug":"disqualification-process-it","status":"publish","type":"page","link":"https:\/\/blogs.magicjudges.org\/o\/disqualification-process-it\/","title":{"rendered":"Processo Squalifiche"},"content":{"rendered":"<div class=\"alert alert-danger\" role=\"alert\"> Ogni volta che un giocatore viene squalificato da un evento sanzionato, al Capo Arbitro viene richiesto di inserire un Report. In questa sezione troverete come farlo, e il processo che ne segue.<\/div>\n<h2>Aspetti principali da ricordarsi<\/h2>\n<ol>\n<li>Seguite le procedure spiegata nel documento <a title=\"Procedure di Squalifica per Capo Arbitro\" href=\"http:\/\/blogs.magicjudges.org\/o\/files\/2015\/03\/HeadJudgeDisqualificationProcedure-IT.pdf\" target=\"_blank\" rel=\"noopener noreferrer\">Procedure di Squalifica per Capo Arbitro<\/a>.<\/li>\n<li>La parte pi\u00f9 importante \u00e8 chiedere al giocatore, agli arbitri coinvolti e ai testimoni di lasciare i loro <b>contatti.<\/b><\/li>\n<li>Stampate una copia delle <a title=\"Domande Frequenti sulla Squalifica per Giocatori\" href=\"http:\/\/blogs.magicjudges.org\/o\/files\/2015\/03\/PlayerDisqualificationFAQ-IT.pdf\" target=\"_blank\" rel=\"noopener noreferrer\">Domande Frequenti sulla Squalifica per Giocatori<\/a> e datela al giocatore squalificato. Questo documento di una pagina gli spiegher\u00e0 cosa sta succedendo, e risponder\u00e0 alle domande pi\u00f9 frequenti che i giocatori squalificati hanno. Spiegher\u00e0 anche quali solo le loro opzioni per consegnare una dichiarazione.<\/li>\n<li>Se il giocatore squalificato desidera scrivere una dichiarazione in quel momento, pu\u00f2 scriverlo sul retro delle FAQ e\/o usare qualsiasi foglio bianco addizionale che gli darete in caso di bisogno.<\/li>\n<li>Chiedete al giocatore di uscire dal luogo del torneo se la sua presenza potrebbe ulteriormente infastidire il torneo o altri giocatori (cose come aggressivit\u00e0, furto, o qualsiasi altra cosa che non vi fa sentire confortevoli; per cose come tirare il dado per determinare un vincitore, specialmente se loro non conoscevano veramente la gravit\u00e0 della loro azione, potete tranquillamente lasciarli stare nel luogo del torneo anche dopo la Squalifica).<\/li>\n<li>Dopo il torneo, <a class=\"external text\" title=\"Judge Center\" href=\"https:\/\/apps.magicjudges.org\/investigations\/\" target=\"_blank\" rel=\"nofollow noopener noreferrer\">inserite la Squalifica al Judge Apps<\/a>\u00a0appena possibile.<\/li>\n<\/ol>\n<h2>Risorse<\/h2>\n<table class=\"table table-hover table-condensed\">\n<thead>\n<tr>\n<th style=\"width: 33%\">Document<\/th>\n<th style=\"width: 37%\">Descrizione<\/th>\n<th style=\"width: 15%\">Aggiornato<\/th>\n<th style=\"width: 10%\">Scarica<\/th>\n<\/tr>\n<\/thead>\n<tbody>\n<tr>\n<th><a title=\"Procedure di Squalifica per Capo Arbitro\" href=\"http:\/\/blogs.magicjudges.org\/o\/files\/2015\/03\/HeadJudgeDisqualificationProcedure-IT.pdf\" target=\"_blank\" rel=\"noopener noreferrer\">Procedure di Squalifica per Capo Arbitro<\/a><\/th>\n<td>Un documento con tutte le informazioni necesarie dopo aver squalificato un giocatore.<\/td>\n<td>24 Feb 2015<\/td>\n<th><a class=\"media-left\" title=\"Procedure di Squalifica per Capo Arbitro\" href=\"http:\/\/blogs.magicjudges.org\/o\/files\/2015\/03\/HeadJudgeDisqualificationProcedure-IT.pdf\" target=\"_blank\" rel=\"noopener noreferrer\"><img loading=\"lazy\" decoding=\"async\" class=\" size-full wp-image-1390 aligncenter\" src=\"http:\/\/blogs.magicjudges.org\/o\/files\/2015\/01\/1420963073_699581-icon-70-document-file-pdf-128.png\" alt=\"\" width=\"48\" height=\"48\" \/><\/a><\/th>\n<\/tr>\n<tr>\n<th><a title=\"Domande Frequenti sulla Squalifica per Giocatori\" href=\"http:\/\/blogs.magicjudges.org\/o\/files\/2015\/03\/PlayerDisqualificationFAQ-IT.pdf\" target=\"_blank\" rel=\"noopener noreferrer\">Domande Frequenti sulla Squalifica per Giocatori<\/a><\/th>\n<td>Un documento di una pagina da dare a tutti i giocatori squalificati prima di chiedergli di scrivere una dichiarazione (risponde alle domande pi\u00f9 comuni).<\/td>\n<td>17 Gen 2017<\/td>\n<th><a class=\"media-left\" title=\"Domande Frequenti sulla Squalifica per Giocatori\" href=\"http:\/\/blogs.magicjudges.org\/o\/files\/2015\/03\/PlayerDisqualificationFAQ-IT.pdf\" target=\"_blank\" rel=\"noopener noreferrer\"><img loading=\"lazy\" decoding=\"async\" class=\" size-full wp-image-1390 aligncenter\" src=\"http:\/\/blogs.magicjudges.org\/o\/files\/2015\/01\/1420963073_699581-icon-70-document-file-pdf-128.png\" alt=\"\" width=\"48\" height=\"48\" \/><\/a><\/th>\n<\/tr>\n<tr>\n<th><a href=\"http:\/\/blogs.magicjudges.org\/o\/files\/2016\/07\/TournamentOrganizerDisqualificationFAQ-IT.pdf\" target=\"_blank\" rel=\"noopener noreferrer\">Tournament Organizer Disqualification FAQ<\/a><\/th>\n<td>A one page document to give to Tournament Organizers unfamiliar with the Disqualification process, especially at Regular REL events.<\/td>\n<td>01 Jul 2016<\/td>\n<th><a class=\"media-left\" title=\"Tournament Organizer Disqualification FAQ\" href=\"http:\/\/blogs.magicjudges.org\/o\/files\/2016\/07\/TournamentOrganizerDisqualificationFAQ-IT.pdf\" target=\"_blank\" rel=\"noopener noreferrer\"><img loading=\"lazy\" decoding=\"async\" class=\" size-full wp-image-1390 aligncenter\" src=\"http:\/\/blogs.magicjudges.org\/o\/files\/2015\/01\/1420963073_699581-icon-70-document-file-pdf-128.png\" alt=\"\" width=\"48\" height=\"48\" \/><\/a><\/th>\n<\/tr>\n<\/tbody>\n<\/table>\n<p>Traduzione di\u00a0<span class='judge-tooltip'><a href='https:\/\/apps.magicjudges.org\/judges\/dci\/1000377' >Andrea Mondani<\/a><span class='avatar'><img width='200' height='200' src='https:\/\/apps.magicjudges.org\/dci\/avatar?dci=1000377&size=200'><\/span><\/span>.<\/p>\n","protected":false},"excerpt":{"rendered":"<p>Aspetti principali da ricordarsi Seguite le procedure spiegata nel documento Procedure di Squalifica per Capo Arbitro. La parte pi\u00f9 importante \u00e8 chiedere al giocatore, agli arbitri coinvolti e ai testimoni di lasciare i loro contatti. Stampate una copia delle Domande Frequenti sulla Squalifica per Giocatori e datela al giocatore squalificato. Questo documento di una pagina [&hellip;]<\/p>\n","protected":false},"author":13,"featured_media":0,"parent":0,"menu_order":0,"comment_status":"closed","ping_status":"closed","template":"page_width-index.php","meta":{"footnotes":"","_links_to":"","_links_to_target":""},"language":[14],"class_list":["post-1511","page","type-page","status-publish","hentry","language-it"],"_links":{"self":[{"href":"https:\/\/blogs.magicjudges.org\/o\/wp-json\/wp\/v2\/pages\/1511","targetHints":{"allow":["GET"]}}],"collection":[{"href":"https:\/\/blogs.magicjudges.org\/o\/wp-json\/wp\/v2\/pages"}],"about":[{"href":"https:\/\/blogs.magicjudges.org\/o\/wp-json\/wp\/v2\/types\/page"}],"author":[{"embeddable":true,"href":"https:\/\/blogs.magicjudges.org\/o\/wp-json\/wp\/v2\/users\/13"}],"replies":[{"embeddable":true,"href":"https:\/\/blogs.magicjudges.org\/o\/wp-json\/wp\/v2\/comments?post=1511"}],"version-history":[{"count":17,"href":"https:\/\/blogs.magicjudges.org\/o\/wp-json\/wp\/v2\/pages\/1511\/revisions"}],"predecessor-version":[{"id":4336,"href":"https:\/\/blogs.magicjudges.org\/o\/wp-json\/wp\/v2\/pages\/1511\/revisions\/4336"}],"wp:attachment":[{"href":"https:\/\/blogs.magicjudges.org\/o\/wp-json\/wp\/v2\/media?parent=1511"}],"wp:term":[{"taxonomy":"language","embeddable":true,"href":"https:\/\/blogs.magicjudges.org\/o\/wp-json\/wp\/v2\/language?post=1511"}],"curies":[{"name":"wp","href":"https:\/\/api.w.org\/{rel}","templated":true}]}}