{"id":1515,"date":"2015-04-29T07:27:18","date_gmt":"2015-04-29T07:27:18","guid":{"rendered":"http:\/\/blogs.magicjudges.org\/o\/?page_id=1515"},"modified":"2018-01-04T23:40:59","modified_gmt":"2018-01-04T23:40:59","slug":"spheres-fr","status":"publish","type":"page","link":"https:\/\/blogs.magicjudges.org\/o\/spheres-fr\/","title":{"rendered":"Les Sph\u00e8res expliqu\u00e9es"},"content":{"rendered":"<p style=\"text-align: justify\">Il y a de nombreuses choses \u00e0 faire dans le programme d&#8217;arbitrage. Enorm\u00e9ment d&#8217;arbitres investissent leur temps et leur \u00e9nergie pour l&#8217;am\u00e9liorer, et organiser tout cela est titanesque.<\/p>\n<p style=\"text-align: justify\">Dans ce but, les coordinateurs du programme ont men\u00e9 une enqu\u00eate sur les projets en cours. Avec cette information, ils ont pu partager ces projets en cat\u00e9gories qui rev\u00eatent une importance particuli\u00e8re pour le programme. Puis, ils ont demand\u00e9 \u00e0 un leader de chacune de ces cat\u00e9gories s&#8217;ils souhaitaient prendre la responsabilit\u00e9 de cette partie du programme.<\/p>\n<p style=\"text-align: justify\">Les Spheres sont ces grandes cat\u00e9gories du Programme d&#8217;arbitrage, comportant chacune une \u00e9quipe d&#8217;arbitres avec un arbitre niveau 3 comme chef de file. Chaque responsable doit assurer principalement le maintien, la coordination et la communication avec les autres responables de ces grandes cat\u00e9gories. Ils sont habilit\u00e9s dans leur sph\u00e8re \u00e0 prendre de larges d\u00e9cisions sur l&#8217;orientation strat\u00e9gique, pour faciliter la participation, pour aider les projets en difficult\u00e9, et dpour reconna\u00eetre de grandes contributions.<\/p>\n<p style=\"text-align: justify\">Ce ne sont pas les sph\u00e8res traditionnelles, car elles ont \u00e9t\u00e9 construites dans la direction oppos\u00e9e. Plut\u00f4t que de prendre une personne et de lui trouver quelque chose \u00e0 le faire, les coordonnateurs du programme ont identifi\u00e9 ce qui doit se faire et ont choisi les personnes appropri\u00e9es pour le faire. Les responsables seront r\u00e9vis\u00e9s p\u00e9riodiquement pour s&#8217;assurer que les choses fonctionnent.<\/p>\n<p style=\"text-align: justify\">\u00c9videmment, tout ne peut pas \u00eatre rang\u00e9 dans des cases ferm\u00e9es. Certains projets n\u00e9cessiteront une coop\u00e9ration entre plusieurs sph\u00e8res. Quelques projets ne correspondent pas \u00e0 une sph\u00e8re particuli\u00e8re, et les coordonnateurs de programme les traiteront directement. Mais ce groupe sera le principal point de contact pour de nombreuses fonctions quotidiennes du Programme d&#8217;arbitrage. N&#8217;h\u00e9sitez pas \u00e0 les contacter avec une grande id\u00e9e, une offre d&#8217;aide ou une demande d&#8217;assistance.<\/p>\n<div class=\"col-sm-6 col-md-4 text-center\">\n<h2 style=\"font-size: 15px\"><strong>Coaching<\/strong><\/h2>\n<div class=\"wp-caption alignnone judgeimg\"><a href=\"https:\/\/apps.magicjudges.org\/judges\/dci\/79140771\"><img src=https:\/\/apps.magicjudges.org\/dci\/avatar?dci=79140771&size=200 alt=\"Ivan Petkovic\nAllemagne\"><\/a><p class=\"wp-caption-text\">Ivan Petkovic<br \/>\nAllemagne<\/p><\/div><\/div>\n<div class=\"col-sm-6 col-md-4 text-center\">\n<h2 style=\"font-size: 15px\"><a href=\"http:\/\/blogs.magicjudges.org\/o\/program-structure-fr\/judge-conferences-fr\/\"><strong>Conf\u00e9rences<\/strong><\/a><\/h2>\n<div class=\"wp-caption alignnone judgeimg\"><a href=\"https:\/\/apps.magicjudges.org\/judges\/dci\/91426501\"><img src=https:\/\/apps.magicjudges.org\/dci\/avatar?dci=91426501&size=200 alt=\"Damian Hiller\nArgentine\"><\/a><p class=\"wp-caption-text\">Damian Hiller<br \/>\nArgentine<\/p><\/div><\/div>\n<div class=\"col-sm-6 col-md-4 text-center\">\n<h2 style=\"font-size: 15px\"><strong>Exemplar<\/strong><\/h2>\n<div class=\"wp-caption alignnone judgeimg\"><a href=\"https:\/\/apps.magicjudges.org\/judges\/dci\/1201757752\"><img src=https:\/\/apps.magicjudges.org\/dci\/avatar?dci=1201757752&size=200 alt=\"Bryan Prillaman\nFloride (USA)\"><\/a><p class=\"wp-caption-text\">Bryan Prillaman<br \/>\nFloride (USA)<\/p><\/div><\/div>\n<div class=\"col-sm-6 col-md-4 text-center\">\n<h2 style=\"font-size: 15px\"><strong>Op\u00e9rations de Grand Prix<\/strong><\/h2>\n<div class=\"wp-caption alignnone judgeimg\"><a href=\"https:\/\/apps.magicjudges.org\/judges\/dci\/61182474\"><img src=https:\/\/apps.magicjudges.org\/dci\/avatar?dci=61182474&size=200 alt=\"Kevin Desprez\nFrance\"><\/a><p class=\"wp-caption-text\">Kevin Desprez<br \/>\nFrance<\/p><\/div><\/div>\n<div class=\"col-sm-6 col-md-4 text-center\">\n<h2 style=\"font-size: 15px\"><a href=\"http:\/\/blogs.magicjudges.org\/o\/spheres\/judge-conduct\/\"><strong>Conduite arbitrale<\/strong><\/a><\/h2>\n<div class=\"wp-caption alignnone judgeimg\"><a href=\"https:\/\/apps.magicjudges.org\/judges\/dci\/11134222\"><img src=https:\/\/apps.magicjudges.org\/dci\/avatar?dci=11134222&size=200 alt=\"Johanna Virtanen\nFinland\"><\/a><p class=\"wp-caption-text\">Johanna Virtanen<br \/>\nFinland<\/p><\/div><\/div>\n<div class=\"col-sm-6 col-md-4 text-center\">\n<h2 style=\"font-size: 15px\"><strong>Apprentissage<\/strong><\/h2>\n<div class=\"wp-caption alignnone judgeimg\"><a href=\"https:\/\/apps.magicjudges.org\/judges\/dci\/1206310286\"><img src=https:\/\/apps.magicjudges.org\/dci\/avatar?dci=1206310286&size=200 alt=\"Sophie Pag\u00e8s\nFrance\"><\/a><p class=\"wp-caption-text\">Sophie Pag\u00e8s<br \/>\nFrance<\/p><\/div><\/div>\n<div class=\"col-sm-6 col-md-4 text-center\">\n<h2 style=\"font-size: 15px\"><a href=\"http:\/\/blogs.magicjudges.org\/o\/spheres\/level-1-level-2\/\"><strong>Niveaux\u00a0<\/strong><\/a><a href=\"http:\/\/blogs.magicjudges.org\/o\/spheres\/level-3-testing\/\"><strong>d&#8217;arbitrage<\/strong><\/a><\/h2>\n<div class=\"wp-caption alignnone judgeimg\"><a href=\"https:\/\/apps.magicjudges.org\/judges\/dci\/70274285\"><img src=https:\/\/apps.magicjudges.org\/dci\/avatar?dci=70274285&size=200 alt=\"Alfonso Bueno\nEspagne\"><\/a><p class=\"wp-caption-text\">Alfonso Bueno<br \/>\nEspagne<\/p><\/div><\/div>\n<div class=\"col-sm-6 col-md-4 text-center\">\n<h2 style=\"font-size: 15px\"><a href=\"http:\/\/blogs.magicjudges.org\/o\/spheres\/investigations-committee\/\"><strong>Investigations des joueurs<\/strong><\/a><\/h2>\n<div class=\"wp-caption alignnone judgeimg\"><a href=\"https:\/\/apps.magicjudges.org\/judges\/dci\/11134222\"><img src=https:\/\/apps.magicjudges.org\/dci\/avatar?dci=11134222&size=200 alt=\"Johanna Virtanen\nFinland\"><\/a><p class=\"wp-caption-text\">Johanna Virtanen<br \/>\nFinland<\/p><\/div><\/div>\n<div class=\"col-sm-6 col-md-4 text-center\">\n<h2 style=\"font-size: 15px\"><strong>Comunaut\u00e9s r\u00e9gionales<\/strong><\/h2>\n<div class=\"wp-caption alignnone judgeimg\"><a href=\"https:\/\/apps.magicjudges.org\/judges\/dci\/1204257097\"><img src=https:\/\/apps.magicjudges.org\/dci\/avatar?dci=1204257097&size=200 alt=\"Sebastian P\u0119kala\nPologne\"><\/a><p class=\"wp-caption-text\">Sebastian P\u0119kala<br \/>\nPologne<\/p><\/div><\/div>\n<div class=\"col-sm-6 col-md-4 text-center\">\n<h2 style=\"font-size: 15px\"><a href=\"http:\/\/blogs.magicjudges.org\/o\/spheres\/social-media-web-platforms\/\"><strong>R\u00e9seaux sociaux et plate-forme web<\/strong><\/a><\/h2>\n<div class=\"wp-caption alignnone judgeimg\"><a href=\"https:\/\/apps.magicjudges.org\/judges\/dci\/3102549036\"><img src=https:\/\/apps.magicjudges.org\/dci\/avatar?dci=3102549036&size=200 alt=\"Jack Doyle\nUK\"><\/a><p class=\"wp-caption-text\">Jack Doyle<br \/>\nUK<\/p><\/div><\/div>\n<div class=\"col-sm-6 col-md-4 text-center\">\n<h2 style=\"font-size: 15px\"><strong>Technologie<\/strong><\/h2>\n<div class=\"wp-caption alignnone judgeimg\"><a href=\"https:\/\/apps.magicjudges.org\/judges\/dci\/79945451\"><img src=https:\/\/apps.magicjudges.org\/dci\/avatar?dci=79945451&size=200 alt=\"Jason Lemahieu\nWisconsin (USA)\"><\/a><p class=\"wp-caption-text\">Jason Lemahieu<br \/>\nWisconsin (USA)<\/p><\/div><\/div>\n<div class=\"col-sm-6 col-md-4 text-center\">\n<h2 style=\"font-size: 15px\"><strong>R\u00e8glements de tournoi<\/strong><\/h2>\n<div class=\"wp-caption alignnone judgeimg\"><a href=\"https:\/\/apps.magicjudges.org\/judges\/dci\/40645391\"><img src=https:\/\/apps.magicjudges.org\/dci\/avatar?dci=40645391&size=200 alt=\"Toby Elliott\nMassachusetts (USA)\"><\/a><p class=\"wp-caption-text\">Toby Elliott<br \/>\nMassachusetts (USA)<\/p><\/div><\/div>\n<div class=\"col-sm-6 col-md-4 text-center\">\n<h2 style=\"font-size: 15px\"><a href=\"http:\/\/blogs.magicjudges.org\/o\/spheres\/translations-fr\/\"><strong>Traductions<\/strong><\/a><\/h2>\n<div class=\"wp-caption alignnone judgeimg\"><a href=\"https:\/\/apps.magicjudges.org\/judges\/dci\/20177000\"><img src=https:\/\/apps.magicjudges.org\/dci\/avatar?dci=20177000&size=200 alt=\"Juan Del Compare\nArgentine\"><\/a><p class=\"wp-caption-text\">Juan Del Compare<br \/>\nArgentine<\/p><\/div><\/div>\n","protected":false},"excerpt":{"rendered":"<p>Il y a de nombreuses choses \u00e0 faire dans le programme d&#8217;arbitrage. Enorm\u00e9ment d&#8217;arbitres investissent leur temps et leur \u00e9nergie pour l&#8217;am\u00e9liorer, et organiser tout cela est titanesque. Dans ce but, les coordinateurs du programme ont men\u00e9 une enqu\u00eate sur les projets en cours. Avec cette information, ils ont pu partager ces projets en cat\u00e9gories [&hellip;]<\/p>\n","protected":false},"author":13,"featured_media":0,"parent":0,"menu_order":0,"comment_status":"closed","ping_status":"closed","template":"page_width-index.php","meta":{"footnotes":"","_links_to":"","_links_to_target":""},"language":[15],"class_list":["post-1515","page","type-page","status-publish","hentry","language-fr"],"_links":{"self":[{"href":"https:\/\/blogs.magicjudges.org\/o\/wp-json\/wp\/v2\/pages\/1515","targetHints":{"allow":["GET"]}}],"collection":[{"href":"https:\/\/blogs.magicjudges.org\/o\/wp-json\/wp\/v2\/pages"}],"about":[{"href":"https:\/\/blogs.magicjudges.org\/o\/wp-json\/wp\/v2\/types\/page"}],"author":[{"embeddable":true,"href":"https:\/\/blogs.magicjudges.org\/o\/wp-json\/wp\/v2\/users\/13"}],"replies":[{"embeddable":true,"href":"https:\/\/blogs.magicjudges.org\/o\/wp-json\/wp\/v2\/comments?post=1515"}],"version-history":[{"count":25,"href":"https:\/\/blogs.magicjudges.org\/o\/wp-json\/wp\/v2\/pages\/1515\/revisions"}],"predecessor-version":[{"id":4483,"href":"https:\/\/blogs.magicjudges.org\/o\/wp-json\/wp\/v2\/pages\/1515\/revisions\/4483"}],"wp:attachment":[{"href":"https:\/\/blogs.magicjudges.org\/o\/wp-json\/wp\/v2\/media?parent=1515"}],"wp:term":[{"taxonomy":"language","embeddable":true,"href":"https:\/\/blogs.magicjudges.org\/o\/wp-json\/wp\/v2\/language?post=1515"}],"curies":[{"name":"wp","href":"https:\/\/api.w.org\/{rel}","templated":true}]}}