{"id":1522,"date":"2015-04-29T07:14:15","date_gmt":"2015-04-29T07:14:15","guid":{"rendered":"http:\/\/blogs.magicjudges.org\/o\/?page_id=1522"},"modified":"2017-05-04T17:53:08","modified_gmt":"2017-05-04T17:53:08","slug":"judge-conduct-fr","status":"publish","type":"page","link":"https:\/\/blogs.magicjudges.org\/o\/spheres-fr\/judge-conduct-fr\/","title":{"rendered":"Conduite arbitrale"},"content":{"rendered":"<p><div class=\"wp-caption alignleft judgeimg\"><a href=\"https:\/\/apps.magicjudges.org\/judges\/dci\/11134222\"><img src=https:\/\/apps.magicjudges.org\/dci\/avatar?dci=11134222&size=200 alt=\"Johanna VirtanenFinland\"><\/a><p class=\"wp-caption-text\">Johanna VirtanenFinland<\/p><\/div><br \/>\n<span class='judge-tooltip'><a href='https:\/\/apps.magicjudges.org\/judges\/dci\/11134222' >Johanna Virtanen<\/a><span class='avatar'><img width='200' height='200' src='https:\/\/apps.magicjudges.org\/dci\/avatar?dci=11134222&size=200'><\/span><\/span> est la responsable de la Conduite Arbitrale. Elle est en charge de la cr\u00e9ation des outils appropri\u00e9s pour que nous d\u00e9montrions communautairement notre int\u00e9r\u00eat pour les espaces surs et les environnements accueillants. Elle s\u2019assure que nous avons une approche juste et coh\u00e9rente du processus requis quand une r\u00e9trogradation ou une suspension est en cours.<\/p>\n<h2>Le Code de l\u2019Arbitrage<\/h2>\n<p>Le <a title=\"Magic Judge Code\" href=\"http:\/\/blogs.magicjudges.org\/conduct\/magic\u00adjudge-code\/\">Code de l\u2019Arbitre Magic<\/a> est le document qui d\u00e9crit les lignes de conduites et les r\u00e8gles sur les comportements que les Arbitres doivent montrer au sein de la communaut\u00e9 Magic. Il souligne \u00e9galement les potentielles cons\u00e9quences si les r\u00e8gles sont enfreintes.<\/p>\n<h2>Comit\u00e9 de Conduite Arbitrale<\/h2>\n<p>Le <a title=\"Official Blog of the Judge Conduct Comittee\" href=\"http:\/\/blogs.magicjudges.org\/conduct\/\"> Comit\u00e9 de Conduite Arbitrale <\/a> existe pour d\u00e9cider quand la conduite d\u2019un arbitre est probl\u00e9matique et comment le manquement doit \u00eatre r\u00e9solu du point de vue du Programme Arbitral. Il est compos\u00e9 d\u2019arbitres Niveau 3 , s\u00e9lectionn\u00e9s par les Coordinateurs du Programme via un processus de postulations et s\u00e9lections p\u00e9riodiques.<\/p>\n<p>Pour l\u2019ann\u00e9e 2017, le Comit\u00e9 de Conduite Arbitrale est compos\u00e9 de:<\/p>\n<p style=\"text-align: justify;\"><div class=\"wp-caption alignnone judgeimg\"><a href=\"https:\/\/apps.magicjudges.org\/judges\/dci\/11134222\"><img src=https:\/\/apps.magicjudges.org\/dci\/avatar?dci=11134222&size=200 alt=\"Johanna Virtanen\nFinlande\"><\/a><p class=\"wp-caption-text\">Johanna Virtanen<br \/>\nFinlande<\/p><\/div><div class=\"wp-caption alignnone judgeimg\"><a href=\"https:\/\/apps.magicjudges.org\/judges\/dci\/10282107\"><img src=https:\/\/apps.magicjudges.org\/dci\/avatar?dci=10282107&size=200 alt=\"Daniel Sol\u00e9 Garc\u00eda\nEspagne\"><\/a><p class=\"wp-caption-text\">Daniel Sol\u00e9 Garc\u00eda<br \/>\nEspagne<\/p><\/div><div class=\"wp-caption alignnone judgeimg\"><a href=\"https:\/\/apps.magicjudges.org\/judges\/dci\/32870195\"><img src=https:\/\/apps.magicjudges.org\/dci\/avatar?dci=32870195&size=200 alt=\"Jaroslav Karban\nR\u00e9publique tch\u00e8que\"><\/a><p class=\"wp-caption-text\">Jaroslav Karban<br \/>\nR\u00e9publique tch\u00e8que<\/p><\/div><div class=\"wp-caption alignnone judgeimg\"><a href=\"https:\/\/apps.magicjudges.org\/judges\/dci\/84750930\"><img src=https:\/\/apps.magicjudges.org\/dci\/avatar?dci=84750930&size=200 alt=\"Eric Levine\nMassachusetts (USA)\"><\/a><p class=\"wp-caption-text\">Eric Levine<br \/>\nMassachusetts (USA)<\/p><\/div><div class=\"wp-caption alignnone judgeimg\"><a href=\"https:\/\/apps.magicjudges.org\/judges\/dci\/6209358910\"><img src=https:\/\/apps.magicjudges.org\/dci\/avatar?dci=6209358910&size=200 alt=\"Casey Brefka\nTennessee (USA)\"><\/a><p class=\"wp-caption-text\">Casey Brefka<br \/>\nTennessee (USA)<\/p><\/div><div class=\"wp-caption alignnone judgeimg\"><a href=\"https:\/\/apps.magicjudges.org\/judges\/dci\/5208297693\"><img src=https:\/\/apps.magicjudges.org\/dci\/avatar?dci=5208297693&size=200 alt=\"Louis Fernandes\nCalifornia (USA)\"><\/a><p class=\"wp-caption-text\">Louis Fernandes<br \/>\nCalifornia (USA)<\/p><\/div><div class=\"wp-caption alignnone judgeimg\"><a href=\"https:\/\/apps.magicjudges.org\/judges\/dci\/5208109925\"><img src=https:\/\/apps.magicjudges.org\/dci\/avatar?dci=5208109925&size=200 alt=\"Jeremie Granat\nSuisse\"><\/a><p class=\"wp-caption-text\">Jeremie Granat<br \/>\nSuisse<\/p><\/div><div class=\"wp-caption alignnone judgeimg\"><a href=\"https:\/\/apps.magicjudges.org\/judges\/dci\/88735146\"><img src=https:\/\/apps.magicjudges.org\/dci\/avatar?dci=88735146&size=200 alt=\"Alejandro Raggio\nArgentine\"><\/a><p class=\"wp-caption-text\">Alejandro Raggio<br \/>\nArgentine<\/p><\/div><\/p>\n<p style=\"text-align: justify;\">S\u00e9lection du comit\u00e9:<\/p>\n<p style=\"text-align: justify;\">Le comit\u00e9 a \u00e9t\u00e9 choisi parmi les arbitres niveau 3 postulant en d\u00e9cembre 2016. Les candidatures ont \u00e9t\u00e9 \u00e9tudi\u00e9es avec attention par un groupe compos\u00e9 de Coordinateurs du programme et d&#8217;arbitres niveau 3, notamment sur leur qualit\u00e9 d&#8217;investigation, leur disponibilit\u00e9 et leur r\u00e9activit\u00e9, leur \u00e9quit\u00e9 et d&#8217;autres qualit\u00e9s li\u00e9es au programme d&#8217;arbitrage et aux besoins du Comit\u00e9. La d\u00e9cision finale n&#8217;a pas \u00e9t\u00e9 facile, au vu du nombre de postulants hautement qualifi\u00e9s.<\/p>\n<p style=\"text-align: justify;\">Le Comit\u00e9 se renouvelle chaque ann\u00e9e, avec une nouvelle fen\u00eatre de postulation et de s\u00e9lection chaque d\u00e9cembre. Avoir fait partie du Comit\u00e9 lors du mandat pr\u00e9c\u00e9dent ne guarantit en rien une future s\u00e9lection.<\/p>\n","protected":false},"excerpt":{"rendered":"<p>est la responsable de la Conduite Arbitrale. Elle est en charge de la cr\u00e9ation des outils appropri\u00e9s pour que nous d\u00e9montrions communautairement notre int\u00e9r\u00eat pour les espaces surs et les environnements accueillants. Elle s\u2019assure que nous avons une approche juste et coh\u00e9rente du processus requis quand une r\u00e9trogradation ou une suspension est en cours. Le [&hellip;]<\/p>\n","protected":false},"author":13,"featured_media":0,"parent":1515,"menu_order":0,"comment_status":"closed","ping_status":"closed","template":"page_width-index.php","meta":{"footnotes":"","_links_to":"","_links_to_target":""},"language":[15],"class_list":["post-1522","page","type-page","status-publish","hentry","language-fr"],"_links":{"self":[{"href":"https:\/\/blogs.magicjudges.org\/o\/wp-json\/wp\/v2\/pages\/1522","targetHints":{"allow":["GET"]}}],"collection":[{"href":"https:\/\/blogs.magicjudges.org\/o\/wp-json\/wp\/v2\/pages"}],"about":[{"href":"https:\/\/blogs.magicjudges.org\/o\/wp-json\/wp\/v2\/types\/page"}],"author":[{"embeddable":true,"href":"https:\/\/blogs.magicjudges.org\/o\/wp-json\/wp\/v2\/users\/13"}],"replies":[{"embeddable":true,"href":"https:\/\/blogs.magicjudges.org\/o\/wp-json\/wp\/v2\/comments?post=1522"}],"version-history":[{"count":13,"href":"https:\/\/blogs.magicjudges.org\/o\/wp-json\/wp\/v2\/pages\/1522\/revisions"}],"predecessor-version":[{"id":3967,"href":"https:\/\/blogs.magicjudges.org\/o\/wp-json\/wp\/v2\/pages\/1522\/revisions\/3967"}],"up":[{"embeddable":true,"href":"https:\/\/blogs.magicjudges.org\/o\/wp-json\/wp\/v2\/pages\/1515"}],"wp:attachment":[{"href":"https:\/\/blogs.magicjudges.org\/o\/wp-json\/wp\/v2\/media?parent=1522"}],"wp:term":[{"taxonomy":"language","embeddable":true,"href":"https:\/\/blogs.magicjudges.org\/o\/wp-json\/wp\/v2\/language?post=1522"}],"curies":[{"name":"wp","href":"https:\/\/api.w.org\/{rel}","templated":true}]}}