{"id":1526,"date":"2015-04-29T07:17:25","date_gmt":"2015-04-29T07:17:25","guid":{"rendered":"http:\/\/blogs.magicjudges.org\/o\/?page_id=1526"},"modified":"2017-04-04T12:42:47","modified_gmt":"2017-04-04T12:42:47","slug":"regional-coordinators-fr","status":"publish","type":"page","link":"https:\/\/blogs.magicjudges.org\/o\/spheres-fr\/regional-coordinators-fr\/","title":{"rendered":"Coordinateurs r\u00e9gionaux"},"content":{"rendered":"<div class=\"wp-caption alignleft judgeimg\"><a href=\"https:\/\/apps.magicjudges.org\/judges\/dci\/1204257097\"><img src=https:\/\/apps.magicjudges.org\/dci\/avatar?dci=1204257097&size=200 alt=\"Sebastian P\u0119kala\nNiveau 3, Pologne\"><\/a><p class=\"wp-caption-text\">Sebastian P\u0119kala<br \/>\nNiveau 3, Pologne<\/p><\/div>\n<p><span class='judge-tooltip'><a href='https:\/\/apps.magicjudges.org\/judges\/dci\/1204257097' >Sebastian P\u0119kala<\/a><span class='avatar'><img width='200' height='200' src='https:\/\/apps.magicjudges.org\/dci\/avatar?dci=1204257097&size=200'><\/span><\/span> dirige le groupe des Coordinateurs R\u00e9gionaux, il en assure l\u2019encadrement, il\u00a0apporte une vision globale sur les d\u00e9fis \u00e0 relever par les Coordinateurs R\u00e9gionaux, et il\u00a0coordonne les efforts collectifs d\u00e9di\u00e9s aux objectifs et aux t\u00e2ches du groupe des RC.<\/p>\n<p>Un Coordinateur R\u00e9gional dirige la R\u00e9gion dont il est responsable. Il coordonne les arbitres, il aide \u00e0 recruter les \u00e9quipes des \u00e9v\u00e8nements et il sert de passerelle entre les arbitres, les organisateurs et les joueurs. Il est g\u00e9n\u00e9ralement la premi\u00e8re personne \u00e0 contacter pour tout ce a trait \u00e0 l\u2019arbitrage.<\/p>\n<h2>Contacter un Coordinateur R\u00e9gional<\/h2>\n<div class=\"alert alert-warning\" role=\"alert\"> Pour contacter un Coordinateur R\u00e9gional, veuillez utiliser <a href=\"http:\/\/blogs.magicjudges.org\/contact\/contact-a-regional-coordinator\/\">ce formulaire<\/a>.<\/div>\n<h2>T\u00e2ches des Coordinateurs R\u00e9gionaux<\/h2>\n<ul>\n<li>Mettre une personne de la R\u00e9gion \u00e0 disposition des autres arbitres qui pourront la contacter pour toute question \u00e0 propos du Programme d&#8217;Arbitrage.<\/li>\n<li>Doter la R\u00e9gion d&#8217;un interlocuteur r\u00e9gional pour les organisateurs et les distributeurs cherchant des arbitres pour leurs \u00e9v\u00e8nements.<\/li>\n<li>Doter la R\u00e9gion d&#8217;un porte-parole aupr\u00e8s de la direction du Programme d\u2019Arbitrage.<\/li>\n<li>Mettre un leader \u00e0 disposition du Programme pour communiquer avec les arbitres de la R\u00e9gion.<\/li>\n<li>Fournir de l&#8217;aide aux repr\u00e9sentants de Wizards of the Coast ou des distributeurs pour les tournois majeurs dans leur r\u00e9gion.<\/li>\n<li>Participer aux enqu\u00eates sur les joueurs dans leur R\u00e9gion.<\/li>\n<li>\u00catre consult\u00e9 sur les questions importantes concernant les arbitres de leur R\u00e9gion.<\/li>\n<li>\u00catre consult\u00e9 \u00e0 propos des arbitres m\u00e9ritant un sponsorat.<\/li>\n<li>Apporter son soutien aux \u00e9v\u00e8nements majeurs et aux conf\u00e9rences pour l&#8217;entra\u00eenement des arbitres.<\/li>\n<li>Contribuer \u00e0 la reconnaissance des efforts des arbitres dans leur R\u00e9gion<\/li>\n<li>Aider les Niveaux 1 \u00e0 gagner de l&#8217;exp\u00e9rience et des comp\u00e9tences pour progresser vers le Niveau 2.<\/li>\n<li>Faire un rapport sur les \u00e9v\u00e8nements majeurs de leur R\u00e9gion.<\/li>\n<li>S&#8217;impliquer dans le processus de certifications lors des Grands Prix<\/li>\n<li>S&#8217;impliquer dans la m\u00e9diation des conflits qui impliquent des arbitres et\/ou des organisateurs de leur R\u00e9gion.<\/li>\n<li>Favoriser l&#8217;acquisition de nouveaux Niveaux 1.<\/li>\n<li>Coop\u00e9rer et coordonner les t\u00e2ches entre les Niveaux 3 de leur R\u00e9gion.<\/li>\n<li>Fournir une aide \u00e0 la promotion des candidats au Niveau 3 en \u00e9valuant leur auto-review et en cr\u00e9ant des entra\u00eenements \u00e0 l\u2019examen de Niveau 3.<\/li>\n<\/ul>\n<p>Vous trouverez ci-dessous les arbitres ayant actuellement le r\u00f4le de Coordinateur r\u00e9gional, ainsi que leurs dates d&#8217;expiration. <\/p>\n<p><em>Expiration 1er octobre 2017<br \/>\n<\/em><br \/>\n<div class=\"wp-caption alignleft judgeimg\"><a href=\"https:\/\/apps.magicjudges.org\/judges\/dci\/19451179\"><img src=https:\/\/apps.magicjudges.org\/dci\/avatar?dci=19451179&size=200 alt=\"Cristiana Dionisio\nBrazil\"><\/a><p class=\"wp-caption-text\">Cristiana Dionisio<br \/>\nBrazil<\/p><\/div><br \/>\n<div class=\"wp-caption alignleft judgeimg\"><a href=\"https:\/\/apps.magicjudges.org\/judges\/dci\/49197774\"><img src=https:\/\/apps.magicjudges.org\/dci\/avatar?dci=49197774&size=200 alt=\"Giorgos Trichopoulos\nEurope \u2013 East\"><\/a><p class=\"wp-caption-text\">Giorgos Trichopoulos<br \/>\nEurope \u2013 East<\/p><\/div> <div class=\"wp-caption alignleft judgeimg\"><a href=\"https:\/\/apps.magicjudges.org\/judges\/dci\/1204257097\"><img src=https:\/\/apps.magicjudges.org\/dci\/avatar?dci=1204257097&size=200 alt=\"Sebastian P\u0119kala\nEurope \u2013 Central\"><\/a><p class=\"wp-caption-text\">Sebastian P\u0119kala<br \/>\nEurope \u2013 Central<\/p><\/div> <div class=\"wp-caption alignleft judgeimg\"><a href=\"https:\/\/apps.magicjudges.org\/judges\/dci\/98669220\"><img src=https:\/\/apps.magicjudges.org\/dci\/avatar?dci=98669220&size=200 alt=\"Guillaume Beuzelin\nFrance\"><\/a><p class=\"wp-caption-text\">Guillaume Beuzelin<br \/>\nFrance<\/p><\/div> <div class=\"wp-caption alignleft judgeimg\"><a href=\"https:\/\/apps.magicjudges.org\/judges\/dci\/78154923\"><img src=https:\/\/apps.magicjudges.org\/dci\/avatar?dci=78154923&size=200 alt=\"Sergio P\u00e9rez\nIberia\"><\/a><p class=\"wp-caption-text\">Sergio P\u00e9rez<br \/>\nIberia<\/p><\/div> <div class=\"wp-caption alignleft judgeimg\"><a href=\"https:\/\/apps.magicjudges.org\/judges\/dci\/91426652\"><img src=https:\/\/apps.magicjudges.org\/dci\/avatar?dci=91426652&size=200 alt=\"Adrian Estoup\nHispanic America \u2013 South\"><\/a><p class=\"wp-caption-text\">Adrian Estoup<br \/>\nHispanic America \u2013 South<\/p><\/div> <div class=\"wp-caption alignleft judgeimg\"><a href=\"https:\/\/apps.magicjudges.org\/judges\/dci\/4208309508\"><img src=https:\/\/apps.magicjudges.org\/dci\/avatar?dci=4208309508&size=200 alt=\"Jarrod Williams\nUSA \u2013 Great Lakes\"><\/a><p class=\"wp-caption-text\">Jarrod Williams<br \/>\nUSA \u2013 Great Lakes<\/p><\/div> <div class=\"wp-caption alignleft judgeimg\"><a href=\"https:\/\/apps.magicjudges.org\/judges\/dci\/79600362\"><img src=https:\/\/apps.magicjudges.org\/dci\/avatar?dci=79600362&size=200 alt=\"Rob McKenzie\nUSA \u2013 North\"><\/a><p class=\"wp-caption-text\">Rob McKenzie<br \/>\nUSA \u2013 North<\/p><\/div> <div class=\"wp-caption alignleft judgeimg\"><a href=\"https:\/\/apps.magicjudges.org\/judges\/dci\/20516399\"><img src=https:\/\/apps.magicjudges.org\/dci\/avatar?dci=20516399&size=200 alt=\"John Alderfer\nUSA \u2013 Northeast\"><\/a><p class=\"wp-caption-text\">John Alderfer<br \/>\nUSA \u2013 Northeast<\/p><\/div> <div class=\"wp-caption alignleft judgeimg\"><a href=\"https:\/\/apps.magicjudges.org\/judges\/dci\/725295\"><img src=https:\/\/apps.magicjudges.org\/dci\/avatar?dci=725295&size=200 alt=\"Scott Marshall\nUSA \u2013 Northwest\"><\/a><p class=\"wp-caption-text\">Scott Marshall<br \/>\nUSA \u2013 Northwest<\/p><\/div> <div class=\"wp-caption alignleft judgeimg\"><a href=\"https:\/\/apps.magicjudges.org\/judges\/dci\/70166361\"><img src=https:\/\/apps.magicjudges.org\/dci\/avatar?dci=70166361&size=200 alt=\"Wearn Chong\nSouth East Asia\"><\/a><p class=\"wp-caption-text\">Wearn Chong<br \/>\nSouth East Asia<\/p><\/div><br style=\"clear: both; height: 1px; margin: -1px 0pt 0pt; overflow: hidden;\"><br \/>\n<em>Expiration 1er avril 2018<br \/>\n<\/em><br \/>\n<div class=\"wp-caption alignleft judgeimg\"><a href=\"https:\/\/apps.magicjudges.org\/judges\/dci\/70597209\"><img src=https:\/\/apps.magicjudges.org\/dci\/avatar?dci=70597209&size=200 alt=\"Richard Drijvers\nBeNeLux\"><\/a><p class=\"wp-caption-text\">Richard Drijvers<br \/>\nBeNeLux<\/p><\/div><div class=\"wp-caption alignleft judgeimg\"><a href=\"https:\/\/apps.magicjudges.org\/judges\/dci\/1204199802\"><img src=https:\/\/apps.magicjudges.org\/dci\/avatar?dci=1204199802&size=200 alt=\"Stefan Ladst\u00e4tter\nGerman speaking countries\"><\/a><p class=\"wp-caption-text\">Stefan Ladst\u00e4tter<br \/>\nGerman speaking countries<\/p><\/div> <div class=\"wp-caption alignleft judgeimg\"><a href=\"https:\/\/apps.magicjudges.org\/judges\/dci\/82827181\"><img src=https:\/\/apps.magicjudges.org\/dci\/avatar?dci=82827181&size=200 alt=\"Eugene Bazhenov\nRussian speaking countries\"><\/a><p class=\"wp-caption-text\">Eugene Bazhenov<br \/>\nRussian speaking countries<\/p><\/div> <div class=\"wp-caption alignleft judgeimg\"><a href=\"https:\/\/apps.magicjudges.org\/judges\/dci\/30522151\"><img src=https:\/\/apps.magicjudges.org\/dci\/avatar?dci=30522151&size=200 alt=\"Jon Goud\nCanada\"><\/a><p class=\"wp-caption-text\">Jon Goud<br \/>\nCanada<\/p><\/div><div class=\"wp-caption alignleft judgeimg\"><a href=\"https:\/\/apps.magicjudges.org\/judges\/dci\/770716\"><img src=https:\/\/apps.magicjudges.org\/dci\/avatar?dci=770716&size=200 alt=\"David Hibbs\nUSA \u2013 South\"><\/a><p class=\"wp-caption-text\">David Hibbs<br \/>\nUSA \u2013 South<\/p><\/div> <div class=\"wp-caption alignleft judgeimg\"><a href=\"https:\/\/apps.magicjudges.org\/judges\/dci\/1201901340\"><img src=https:\/\/apps.magicjudges.org\/dci\/avatar?dci=1201901340&size=200 alt=\"David Zimet\nUSA \u2013 Southwest\"><\/a><p class=\"wp-caption-text\">David Zimet<br \/>\nUSA \u2013 Southwest<\/p><\/div> <div class=\"wp-caption alignleft judgeimg\"><a href=\"https:\/\/apps.magicjudges.org\/judges\/dci\/82733019\"><img src=https:\/\/apps.magicjudges.org\/dci\/avatar?dci=82733019&size=200 alt=\"Hans Wang\nChina\"><\/a><p class=\"wp-caption-text\">Hans Wang<br \/>\nChina<\/p><\/div> <div class=\"wp-caption alignleft judgeimg\"><a href=\"https:\/\/apps.magicjudges.org\/judges\/dci\/92705479\"><img src=https:\/\/apps.magicjudges.org\/dci\/avatar?dci=92705479&size=200 alt=\"Mitsunori Makino\nJapan\"><\/a><p class=\"wp-caption-text\">Mitsunori Makino<br \/>\nJapan<\/p><\/div><br style=\"clear: both; height: 1px; margin: -1px 0pt 0pt; overflow: hidden;\"><br \/>\n<em>Expiration 1er octobre 2018<br \/>\n<\/em><div class=\"wp-caption alignleft judgeimg\"><a href=\"https:\/\/apps.magicjudges.org\/judges\/dci\/11134222\"><img src=https:\/\/apps.magicjudges.org\/dci\/avatar?dci=11134222&size=200 alt=\"Johanna Virtanen\nEurope \u2013 North\"><\/a><p class=\"wp-caption-text\">Johanna Virtanen<br \/>\nEurope \u2013 North<\/p><\/div> <div class=\"wp-caption alignleft judgeimg\"><a href=\"https:\/\/apps.magicjudges.org\/judges\/dci\/19451179\"><img src=https:\/\/apps.magicjudges.org\/dci\/avatar?dci=19451179&size=200 alt=\"Cristiana Dionisio\nItaly &amp; Malta\"><\/a><p class=\"wp-caption-text\">Cristiana Dionisio<br \/>\nItaly &amp; Malta<\/p><\/div> <div class=\"wp-caption alignleft judgeimg\"><a href=\"https:\/\/apps.magicjudges.org\/judges\/dci\/3102549036\"><img src=https:\/\/apps.magicjudges.org\/dci\/avatar?dci=3102549036&size=200 alt=\"Jack Doyle\nUK, Ireland &amp; South Africa\"><\/a><p class=\"wp-caption-text\">Jack Doyle<br \/>\nUK, Ireland &amp; South Africa<\/p><\/div> <div class=\"wp-caption alignleft judgeimg\"><a href=\"https:\/\/apps.magicjudges.org\/judges\/dci\/2208242225\"><img src=https:\/\/apps.magicjudges.org\/dci\/avatar?dci=2208242225&size=200 alt=\"Steven Briggs\nUSA \u2013 Central\"><\/a><p class=\"wp-caption-text\">Steven Briggs<br \/>\nUSA \u2013 Central<\/p><\/div> <div class=\"wp-caption alignleft judgeimg\"><a href=\"https:\/\/apps.magicjudges.org\/judges\/dci\/70632296\"><img src=https:\/\/apps.magicjudges.org\/dci\/avatar?dci=70632296&size=200 alt=\"Nicholas Sabin\nUSA \u2013 Midatlantic\"><\/a><p class=\"wp-caption-text\">Nicholas Sabin<br \/>\nUSA \u2013 Midatlantic<\/p><\/div> <div class=\"wp-caption alignleft judgeimg\"><a href=\"https:\/\/apps.magicjudges.org\/judges\/dci\/60100873\"><img src=https:\/\/apps.magicjudges.org\/dci\/avatar?dci=60100873&size=200 alt=\"Ryan Dare\n \t \tAustralia &amp; New Zealand\"><\/a><p class=\"wp-caption-text\">Ryan Dare<br \/>\n \t \tAustralia &amp; New Zealand<\/p><\/div> <div class=\"wp-caption alignleft judgeimg\"><a href=\"https:\/\/apps.magicjudges.org\/judges\/dci\/49113484\"><img src=https:\/\/apps.magicjudges.org\/dci\/avatar?dci=49113484&size=200 alt=\"Carlos Ho\n \t \tHispanic America \u2013 North\"><\/a><p class=\"wp-caption-text\">Carlos Ho<br \/>\n \t \tHispanic America \u2013 North<\/p><\/div><\/p>\n<h2><\/h2>\n<h2>R\u00e9gions du nord de l\u2019Am\u00e9rique<\/h2>\n<h4>Canada<\/h4>\n<p>Coordinateur R\u00e9gional : <strong><span class='judge-tooltip'><a href='https:\/\/apps.magicjudges.org\/judges\/dci\/79917484' >Gavin Duggan<\/a><span class='avatar'><img width='200' height='200' src='https:\/\/apps.magicjudges.org\/dci\/avatar?dci=79917484&size=200'><\/span><\/span><\/strong><br \/>\nPays : Canada<\/p>\n<h4>USA-Central<\/h4>\n<p>Regional Coordinator: <b><span class='judge-tooltip'><a href='https:\/\/apps.magicjudges.org\/judges\/dci\/2208242225' >Steven Briggs<\/a><span class='avatar'><img width='200' height='200' src='https:\/\/apps.magicjudges.org\/dci\/avatar?dci=2208242225&size=200'><\/span><\/span><\/b><br \/>\n\u00c9tats: Illinois, Iowa, Kansas, Missouri, Nebraska<\/p>\n<h4>USA-Grands Lacs<\/h4>\n<p>Coordinateur R\u00e9gional: <b><span class='judge-tooltip'><a href='https:\/\/apps.magicjudges.org\/judges\/dci\/4208309508' >Jarrod Williams<\/a><span class='avatar'><img width='200' height='200' src='https:\/\/apps.magicjudges.org\/dci\/avatar?dci=4208309508&size=200'><\/span><\/span><\/b><br \/>\nStates: Indiana, Kentucky, Michigan, Ohio<\/p>\n<h4>USA &#8211; midatlantic<\/h4>\n<p>Coordinateur R\u00e9gional : <b><span class='judge-tooltip'><a href='https:\/\/apps.magicjudges.org\/judges\/dci\/70632296' >Nicholas Sabin<\/a><span class='avatar'><img width='200' height='200' src='https:\/\/apps.magicjudges.org\/dci\/avatar?dci=70632296&size=200'><\/span><\/span><\/b><br \/>\n\u00c9tats : Caroline du Nord, District de Columbie, Maryland, Tennessee, Virginie, Virginie Occidentale<\/p>\n<h4>USA-North<\/h4>\n<p>Regional Coordinator: <b><span class='judge-tooltip'><a href='https:\/\/apps.magicjudges.org\/judges\/dci\/79600362' >Rob McKenzie<\/a><span class='avatar'><img width='200' height='200' src='https:\/\/apps.magicjudges.org\/dci\/avatar?dci=79600362&size=200'><\/span><\/span><\/b><br \/>\nStates: Minnesota, North Dakota, South Dakota, Wisconsin<\/p>\n<h4>USA &#8211; nord est<\/h4>\n<p>Coordinateur R\u00e9gional : <b><span class='judge-tooltip'><a href='https:\/\/apps.magicjudges.org\/judges\/dci\/20516399' >John Alderfer<\/a><span class='avatar'><img width='200' height='200' src='https:\/\/apps.magicjudges.org\/dci\/avatar?dci=20516399&size=200'><\/span><\/span><\/b><br \/>\n\u00c9tats : Connecticut, Delaware, Maine, Massachusetts, New Hampshire, New Jersey, New York, Pennsylvanie, Rhode Island, Vermont<\/p>\n<h4>USA &#8211; nord ouest<\/h4>\n<p>Coordinateur R\u00e9gional : <strong><span class='judge-tooltip'><a href='https:\/\/apps.magicjudges.org\/judges\/dci\/725295' >Scott Marshall<\/a><span class='avatar'><img width='200' height='200' src='https:\/\/apps.magicjudges.org\/dci\/avatar?dci=725295&size=200'><\/span><\/span><\/strong><br \/>\n\u00c9tats : Alaska, Colorado, Guam, Hawa\u00ef, Idaho, Montana, Oregon, Utah, Washington, Wyoming<\/p>\n<h4>USA &#8211; sud<\/h4>\n<p>Coordinateur R\u00e9gional : <b><span class='judge-tooltip'><a href='https:\/\/apps.magicjudges.org\/judges\/dci\/80140708' >Kevin Binswanger<\/a><span class='avatar'><img width='200' height='200' src='https:\/\/apps.magicjudges.org\/dci\/avatar?dci=80140708&size=200'><\/span><\/span><\/b><br \/>\n\u00c9tats : Arkansas, Louisiane, Nouveau Mexique, Oklahoma, Texas<\/p>\n<h4>USA &#8211; sud est<\/h4>\n<p>Coordinateur R\u00e9gional : <b><span class='judge-tooltip'><a href='https:\/\/apps.magicjudges.org\/judges\/dci\/1201818642' >Justin Turner<\/a><span class='avatar'><img width='200' height='200' src='https:\/\/apps.magicjudges.org\/dci\/avatar?dci=1201818642&size=200'><\/span><\/span><\/b><br \/>\n\u00c9tats : Alabama, Caroline du Sud, Floride, G\u00e9orgie, Mississippi<br \/>\nPays : la Barbade<\/p>\n<h4>USA &#8211; sud ouest<\/h4>\n<p>Coordinateur R\u00e9gional : <b><span class='judge-tooltip'><a href='https:\/\/apps.magicjudges.org\/judges\/dci\/1201901340' >David Zimet<\/a><span class='avatar'><img width='200' height='200' src='https:\/\/apps.magicjudges.org\/dci\/avatar?dci=1201901340&size=200'><\/span><\/span><\/b><br \/>\n\u00c9tats : Arizona, Californie, Nevada<\/p>\n<h2>R\u00e9gions d\u2019Am\u00e9rique Latine<\/h2>\n<h4>Br\u00e9sil<\/h4>\n<p>Coordinateur R\u00e9gional : <strong><span class='judge-tooltip'><a href='https:\/\/apps.magicjudges.org\/judges\/dci\/19451179' >Cristiana Dionisio<\/a><span class='avatar'><img width='200' height='200' src='https:\/\/apps.magicjudges.org\/dci\/avatar?dci=19451179&size=200'><\/span><\/span><\/strong><br \/>\nPays : Br\u00e9sil<\/p>\n<h4>Am\u00e9rique Latine &#8211; pays hispanophones-Sud<\/h4>\n<p>Coordinateur R\u00e9gional : <strong><span class='judge-tooltip'><a href='https:\/\/apps.magicjudges.org\/judges\/dci\/91426652' >Adrian Estoup<\/a><span class='avatar'><img width='200' height='200' src='https:\/\/apps.magicjudges.org\/dci\/avatar?dci=91426652&size=200'><\/span><\/span><\/strong><br \/>\nArgentina, Bolivia, Chile, Colombia, Ecuador, Paraguay, Peru, Uruguay, Venezuela<\/p>\n<h4 style=\"text-align: justify\">Am\u00e9rique Latine &#8211; pays hispanophones-Nord<\/h4>\n<p style=\"text-align: justify\">Coordinateur R\u00e9gional <strong><span class='judge-tooltip'><a href='https:\/\/apps.magicjudges.org\/judges\/dci\/49113484' >Carlos Ho<\/a><span class='avatar'><img width='200' height='200' src='https:\/\/apps.magicjudges.org\/dci\/avatar?dci=49113484&size=200'><\/span><\/span><\/strong><br \/>\n \t \tCountries: Costa Rica, Cuba, Dominican Republic, El Salvador, Guatemala, Honduras, Mexico, Nicaragua, Panama, Puerto Rico<\/p>\n<h2>R\u00e9gions europ\u00e9ennes<\/h2>\n<h4>BeNeLux<\/h4>\n<p>Coordinateur R\u00e9gional : <strong><span class='judge-tooltip'><a href='https:\/\/apps.magicjudges.org\/judges\/dci\/70597209' >Richard Drijvers<\/a><span class='avatar'><img width='200' height='200' src='https:\/\/apps.magicjudges.org\/dci\/avatar?dci=70597209&size=200'><\/span><\/span><\/strong><br \/>\nPays : Belgique, Luxembourg, Pays-Bas<\/p>\n<h4>Pays germanophones<\/h4>\n<p>Coordinateur R\u00e9gional : <strong><span class='judge-tooltip'><a href='https:\/\/apps.magicjudges.org\/judges\/dci\/1204199802' >Stefan Ladst\u00e4tter<\/a><span class='avatar'><img width='200' height='200' src='https:\/\/apps.magicjudges.org\/dci\/avatar?dci=1204199802&size=200'><\/span><\/span><\/strong><br \/>\nPays : Allemagne, Autriche, Suisse<\/p>\n<h4>Europe de l\u2019est<\/h4>\n<p>Coordinateur R\u00e9gional : <strong><span class='judge-tooltip'><a href='https:\/\/apps.magicjudges.org\/judges\/dci\/49197774' >Giorgios Trichopoulos<\/a><span class='avatar'><img width='200' height='200' src='https:\/\/apps.magicjudges.org\/dci\/avatar?dci=49197774&size=200'><\/span><\/span><\/strong><b><\/b><br \/>\nPays : Albanie, Bosnie-Herz\u00e9govine, Bulgarie, Chypre, Croatie, Gr\u00e8ce, Isra\u00ebl, l&#8217;ancienne R\u00e9publique Yougoslave de Mac\u00e9doine, Mont\u00e9n\u00e9gro, Roumanie, Serbie, Slov\u00e9nie, Turquie<\/p>\n<h4>Europe moyen-orientale<\/h4>\n<p>Coordinateur R\u00e9gional : <strong><span class='judge-tooltip'><a href='https:\/\/apps.magicjudges.org\/judges\/dci\/1204257097' >Sebastian P\u0119kala<\/a><span class='avatar'><img width='200' height='200' src='https:\/\/apps.magicjudges.org\/dci\/avatar?dci=1204257097&size=200'><\/span><\/span><\/strong><br \/>\nPays : Hongrie, Pologne, R\u00e9publique Tch\u00e8que, Slovaquie<\/p>\n<h4>Europe du nord<\/h4>\n<p>Coordinateur R\u00e9gional : <strong><span class='judge-tooltip'><a href='https:\/\/apps.magicjudges.org\/judges\/dci\/11134222' >Johanna Virtanen<\/a><span class='avatar'><img width='200' height='200' src='https:\/\/apps.magicjudges.org\/dci\/avatar?dci=11134222&size=200'><\/span><\/span><\/strong><br \/>\nPays : Danemark, Estonie, Finlande, Islande, Lettonie, Lituanie, Norv\u00e8ge, Su\u00e8de<\/p>\n<h4>France<\/h4>\n<p>Coordinateur R\u00e9gional : <strong><span class='judge-tooltip'><a href='https:\/\/apps.magicjudges.org\/judges\/dci\/98669220' >Guillaume Beuzelin<\/a><span class='avatar'><img width='200' height='200' src='https:\/\/apps.magicjudges.org\/dci\/avatar?dci=98669220&size=200'><\/span><\/span><\/strong><br \/>\nPays : France<\/p>\n<h4>Italie &amp; Malte<\/h4>\n<p>Coordinateur R\u00e9gional : <strong><span class='judge-tooltip'><a href='https:\/\/apps.magicjudges.org\/judges\/dci\/19451179' >Cristiana Dionisio<\/a><span class='avatar'><img width='200' height='200' src='https:\/\/apps.magicjudges.org\/dci\/avatar?dci=19451179&size=200'><\/span><\/span><\/strong><br \/>\nPays : Italie, Malte<\/p>\n<h4>Pays russophones<\/h4>\n<p>Coordinateur R\u00e9gional : <strong><span class='judge-tooltip'><a href='https:\/\/apps.magicjudges.org\/judges\/dci\/82827181' >Eugene Bazhenov<\/a><span class='avatar'><img width='200' height='200' src='https:\/\/apps.magicjudges.org\/dci\/avatar?dci=82827181&size=200'><\/span><\/span><\/strong><br \/>\nPays : Bi\u00e9lorussie, Kazakhstan, F\u00e9d\u00e9ration de Russie, Ukraine<\/p>\n<h4>Espagne &amp; Portugal<\/h4>\n<p>Coordinateur R\u00e9gional : <strong><span class='judge-tooltip'><a href='https:\/\/apps.magicjudges.org\/judges\/dci\/70274285' >Alfonso Bueno<\/a><span class='avatar'><img width='200' height='200' src='https:\/\/apps.magicjudges.org\/dci\/avatar?dci=70274285&size=200'><\/span><\/span><\/strong><br \/>\nPays : Espagne, Portugal<\/p>\n<h4>Royaume-Uni, Irlande &amp; Afrique du Sud<\/h4>\n<p>Coordinateur R\u00e9gional : <strong><span class='judge-tooltip'><a href='https:\/\/apps.magicjudges.org\/judges\/dci\/3102549036' >Jack Doyle<\/a><span class='avatar'><img width='200' height='200' src='https:\/\/apps.magicjudges.org\/dci\/avatar?dci=3102549036&size=200'><\/span><\/span><\/strong><br \/>\nPays : Afrique du Sud, Irlande, Royaume-Uni<\/p>\n<h2>R\u00e9gions d\u2019Asie et du Pacifique<\/h2>\n<h4>Australie &amp; Nouvelle-Z\u00e9lande<\/h4>\n<p>Coordinateur R\u00e9gional : <strong><span class='judge-tooltip'><a href='https:\/\/apps.magicjudges.org\/judges\/dci\/60100873' >Ryan Dare<\/a><span class='avatar'><img width='200' height='200' src='https:\/\/apps.magicjudges.org\/dci\/avatar?dci=60100873&size=200'><\/span><\/span><\/strong><br \/>\nPays : Australie, Nouvelle-Z\u00e9lande<\/p>\n<h4>Chine<\/h4>\n<p>Coordinateur R\u00e9gional : <strong><span class='judge-tooltip'><a href='https:\/\/apps.magicjudges.org\/judges\/dci\/29614562' >Edwin Zhang<\/a><span class='avatar'><img width='200' height='200' src='https:\/\/apps.magicjudges.org\/dci\/avatar?dci=29614562&size=200'><\/span><\/span><\/strong><br \/>\nPays &amp; r\u00e9gions : Chine, Hong Kong, R\u00e9publique de Cor\u00e9e, Ta\u00efwan<\/p>\n<h4>Japon<\/h4>\n<p>Coordinateur R\u00e9gional : <strong><span class='judge-tooltip'><a href='https:\/\/apps.magicjudges.org\/judges\/dci\/92705479' >Mitsunori Makino<\/a><span class='avatar'><img width='200' height='200' src='https:\/\/apps.magicjudges.org\/dci\/avatar?dci=92705479&size=200'><\/span><\/span><\/strong><br \/>\nPays : Japon<\/p>\n<h4>Asie du sud est<\/h4>\n<p>Coordinateur R\u00e9gional : <strong><span class='judge-tooltip'><a href='https:\/\/apps.magicjudges.org\/judges\/dci\/70166361' >Wearn Chong<\/a><span class='avatar'><img width='200' height='200' src='https:\/\/apps.magicjudges.org\/dci\/avatar?dci=70166361&size=200'><\/span><\/span><\/strong><br \/>\nPays : Indon\u00e9sie, Malaisie, Philippines, Singapour, Tha\u00eflande<\/p>\n","protected":false},"excerpt":{"rendered":"<p>dirige le groupe des Coordinateurs R\u00e9gionaux, il en assure l\u2019encadrement, il\u00a0apporte une vision globale sur les d\u00e9fis \u00e0 relever par les Coordinateurs R\u00e9gionaux, et il\u00a0coordonne les efforts collectifs d\u00e9di\u00e9s aux objectifs et aux t\u00e2ches du groupe des RC. Un Coordinateur R\u00e9gional dirige la R\u00e9gion dont il est responsable. Il coordonne les arbitres, il aide \u00e0 [&hellip;]<\/p>\n","protected":false},"author":13,"featured_media":0,"parent":1515,"menu_order":0,"comment_status":"closed","ping_status":"closed","template":"page_width-index.php","meta":{"footnotes":"","_links_to":"","_links_to_target":""},"language":[15],"class_list":["post-1526","page","type-page","status-publish","hentry","language-fr"],"_links":{"self":[{"href":"https:\/\/blogs.magicjudges.org\/o\/wp-json\/wp\/v2\/pages\/1526","targetHints":{"allow":["GET"]}}],"collection":[{"href":"https:\/\/blogs.magicjudges.org\/o\/wp-json\/wp\/v2\/pages"}],"about":[{"href":"https:\/\/blogs.magicjudges.org\/o\/wp-json\/wp\/v2\/types\/page"}],"author":[{"embeddable":true,"href":"https:\/\/blogs.magicjudges.org\/o\/wp-json\/wp\/v2\/users\/13"}],"replies":[{"embeddable":true,"href":"https:\/\/blogs.magicjudges.org\/o\/wp-json\/wp\/v2\/comments?post=1526"}],"version-history":[{"count":18,"href":"https:\/\/blogs.magicjudges.org\/o\/wp-json\/wp\/v2\/pages\/1526\/revisions"}],"predecessor-version":[{"id":2363,"href":"https:\/\/blogs.magicjudges.org\/o\/wp-json\/wp\/v2\/pages\/1526\/revisions\/2363"}],"up":[{"embeddable":true,"href":"https:\/\/blogs.magicjudges.org\/o\/wp-json\/wp\/v2\/pages\/1515"}],"wp:attachment":[{"href":"https:\/\/blogs.magicjudges.org\/o\/wp-json\/wp\/v2\/media?parent=1526"}],"wp:term":[{"taxonomy":"language","embeddable":true,"href":"https:\/\/blogs.magicjudges.org\/o\/wp-json\/wp\/v2\/language?post=1526"}],"curies":[{"name":"wp","href":"https:\/\/api.w.org\/{rel}","templated":true}]}}