{"id":1530,"date":"2015-04-29T07:31:24","date_gmt":"2015-04-29T07:31:24","guid":{"rendered":"http:\/\/blogs.magicjudges.org\/o\/?page_id=1530"},"modified":"2017-01-03T15:19:29","modified_gmt":"2017-01-03T15:19:29","slug":"testing-and-promotion-fr","status":"publish","type":"page","link":"https:\/\/blogs.magicjudges.org\/o\/spheres-fr\/testing-and-promotion-fr\/","title":{"rendered":"Tests et Promotions"},"content":{"rendered":"<h2>Responsable des tests<\/h2>\n<p><div class=\"wp-caption alignleft judgeimg\"><a href=\"https:\/\/apps.magicjudges.org\/judges\/dci\/29870351\"><img src=https:\/\/apps.magicjudges.org\/dci\/avatar?dci=29870351&size=200 alt=\"Daniel Kitachewksy\n France\"><\/a><p class=\"wp-caption-text\">Daniel Kitachewksy<br \/>\n France<\/p><\/div><span class='judge-tooltip'><a href='https:\/\/apps.magicjudges.org\/judges\/dci\/29870351' >Daniel Kitachewsky<\/a><span class='avatar'><img width='200' height='200' src='https:\/\/apps.magicjudges.org\/dci\/avatar?dci=29870351&size=200'><\/span><\/span> est le responsable des tests. Il cr\u00e9e et maintient les normes et les proc\u00e9dures pour tous les niveaux des tests de promotion. Il dirige et planifie la coordination de la gestion de la proc\u00e9dure des tests pour le Niveau 3.<\/p>\n<p><a title=\"La proc\u00e9dure de promotion au Niveau 3\" href=\"http:\/\/blogs.magicjudges.org\/o\/judge-testing-fr\/level-3-advancement-process-fr\/\">La proc\u00e9dure de promotion au Niveau 3<\/a> a connu des modifications substantielles en 2011. Ces changements avaient pour objectif de relever le d\u00e9fi de pr\u00e9server un haut degr\u00e9 d\u2019exigence pour le Niveau 3, tout en cr\u00e9ant des proc\u00e9dures plus concr\u00e8tes, transparentes et objectives, afin d\u2019accro\u00eetre la confiance dans l\u2019id\u00e9e que la voie vers le Niveau 3 \u00e9tait bas\u00e9e sur le m\u00e9rite et non sur qui vous fr\u00e9quentiez ou qui vous appr\u00e9ciait.<\/p>\n<h2>Chef du Comit\u00e9 de V\u00e9rification<\/h2>\n<p><div class=\"wp-caption alignleft judgeimg\"><a href=\"https:\/\/apps.magicjudges.org\/judges\/dci\/1206310286\"><img src=https:\/\/apps.magicjudges.org\/dci\/avatar?dci=1206310286&size=200 alt=\"Sophie Pag\u00e8s\n France\"><\/a><p class=\"wp-caption-text\">Sophie Pag\u00e8s<br \/>\n France<\/p><\/div><span class='judge-tooltip'><a href='https:\/\/apps.magicjudges.org\/judges\/dci\/1206310286' >Sophie Pag\u00e8s<\/a><span class='avatar'><img width='200' height='200' src='https:\/\/apps.magicjudges.org\/dci\/avatar?dci=1206310286&size=200'><\/span><\/span> dirige le Comit\u00e9 de V\u00e9rification, donc les candidatures au Niveau 3 terminent leur parcours en arrivant \u00e0 elle. Elle veille \u00e0 ce que les travaux du Comit\u00e9 avancent \u00e0 un rythme raisonnable. Elle s\u2019assure que les postulants au Niveau 3 remplissent nos exigences, et qu\u2019ils re\u00e7oivent une r\u00e9ponse rapidement apr\u00e8s avoir soumis leurs candidatures. Quand une candidature est approuv\u00e9e, elle poursuit son chemin vers le\u2026<\/p>\n<h2>Chef des entretiens pr\u00e9alables \u00e0 l\u2019\u00e9v\u00e8nement<\/h2>\n<p><div class=\"wp-caption alignleft judgeimg\"><a href=\"https:\/\/apps.magicjudges.org\/judges\/dci\/1206180505\"><img src=https:\/\/apps.magicjudges.org\/dci\/avatar?dci=1206180505&size=200 alt=\"Antoine Bouaziz\n France\"><\/a><p class=\"wp-caption-text\">Antoine Bouaziz<br \/>\n France<\/p><\/div><span class='judge-tooltip'><a href='https:\/\/apps.magicjudges.org\/judges\/dci\/1206180505' >Antoine Bouaziz<\/a><span class='avatar'><img width='200' height='200' src='https:\/\/apps.magicjudges.org\/dci\/avatar?dci=1206180505&size=200'><\/span><\/span> contribue \u00e0 la proc\u00e9dure visant \u00e0 produire de nouveaux Niveaux 3 \u00e0 travers le monde. Apr\u00e8s qu\u2019une candidature est approuv\u00e9e par le Comit\u00e9 de V\u00e9rification, il trouve un Niveau 3+ disponible qui g\u00e8rera l\u2019entretien pr\u00e9alable \u00e0 l\u2019\u00e9v\u00e8nement du candidat (ou PEI pour Pre-Event Interview). Son travail est de garantir que la proc\u00e9dure suive son cours normal relativement rapidement, afin de pouvoir planifier l\u2019entretien du candidat devant un panel.<\/p>\n<h2>Blogs<\/h2>\n<p><a href=\"http:\/\/blogs.magicjudges.org\/road-to-l3\/\" rel=\"nofollow\">La voie vers le Niveau 3<\/a> &#8211; Information parfaitement \u00e0 jour sur la proc\u00e9dure de promotion au Niveau 3<\/p>\n<p><a href=\"http:\/\/blogs.magicjudges.org\/l3-musings\/\" rel=\"nofollow\">R\u00e9flexions sur le Niveau 3<\/a> &#8211; Informations que les Niveaux 3 ont besoin de conna\u00eetre sur la proc\u00e9dure de promotion au Niveau 3 (r\u00e9serv\u00e9 aux L3+, acc\u00e8s par mot de passe)<\/p>\n<h2>Articles<\/h2>\n<p><a href=\"http:\/\/blogs.magicjudges.org\/articles\/l3-qualities-articles\/\">Les qualit\u00e9s du Niveau 3<\/a> &#8211; Les qualit\u00e9s expliqu\u00e9es par des experts du Niveau 3.<\/p>\n<p><a href=\"http:\/\/blogs.magicjudges.org\/articles\/2012\/10\/30\/the-new-road-to-level-3-qualities-and-checklists\/\">La voie vers le Niveau 3<\/a> &#8211; <span class='judge-tooltip'><a href='https:\/\/apps.magicjudges.org\/judges\/dci\/80716007' >Adam Cetnerowski<\/a><span class='avatar'><img width='200' height='200' src='https:\/\/apps.magicjudges.org\/dci\/avatar?dci=80716007&size=200'><\/span><\/span> r\u00e9sume les \u00e9tapes que devraient suivre un Niveau 2 travaillant pour atteindre le Niveau 3.<\/p>\n<p><a href=\"http:\/\/blogs.magicjudges.org\/articles\/2012\/11\/30\/the-new-road-to-level-3-the-pre-event-interview\/\">L\u2019entretien pr\u00e9alable \u00e0 l\u2019\u00e9v\u00e8nement<\/a> &#8211; <span class='judge-tooltip'><a href='https:\/\/apps.magicjudges.org\/judges\/dci\/1203743114' >Jurgen Baert<\/a><span class='avatar'><img width='200' height='200' src='https:\/\/apps.magicjudges.org\/dci\/avatar?dci=1203743114&size=200'><\/span><\/span> parle de l\u2019aspect le plus r\u00e9cent de la proc\u00e9dure de promotion au Niveau 3.<\/p>\n","protected":false},"excerpt":{"rendered":"<p>Responsable des tests est le responsable des tests. Il cr\u00e9e et maintient les normes et les proc\u00e9dures pour tous les niveaux des tests de promotion. Il dirige et planifie la coordination de la gestion de la proc\u00e9dure des tests pour le Niveau 3. La proc\u00e9dure de promotion au Niveau 3 a connu des modifications substantielles [&hellip;]<\/p>\n","protected":false},"author":13,"featured_media":0,"parent":1515,"menu_order":0,"comment_status":"closed","ping_status":"closed","template":"page_width-index.php","meta":{"footnotes":"","_links_to":"","_links_to_target":""},"language":[15],"class_list":["post-1530","page","type-page","status-publish","hentry","language-fr"],"_links":{"self":[{"href":"https:\/\/blogs.magicjudges.org\/o\/wp-json\/wp\/v2\/pages\/1530","targetHints":{"allow":["GET"]}}],"collection":[{"href":"https:\/\/blogs.magicjudges.org\/o\/wp-json\/wp\/v2\/pages"}],"about":[{"href":"https:\/\/blogs.magicjudges.org\/o\/wp-json\/wp\/v2\/types\/page"}],"author":[{"embeddable":true,"href":"https:\/\/blogs.magicjudges.org\/o\/wp-json\/wp\/v2\/users\/13"}],"replies":[{"embeddable":true,"href":"https:\/\/blogs.magicjudges.org\/o\/wp-json\/wp\/v2\/comments?post=1530"}],"version-history":[{"count":14,"href":"https:\/\/blogs.magicjudges.org\/o\/wp-json\/wp\/v2\/pages\/1530\/revisions"}],"predecessor-version":[{"id":3694,"href":"https:\/\/blogs.magicjudges.org\/o\/wp-json\/wp\/v2\/pages\/1530\/revisions\/3694"}],"up":[{"embeddable":true,"href":"https:\/\/blogs.magicjudges.org\/o\/wp-json\/wp\/v2\/pages\/1515"}],"wp:attachment":[{"href":"https:\/\/blogs.magicjudges.org\/o\/wp-json\/wp\/v2\/media?parent=1530"}],"wp:term":[{"taxonomy":"language","embeddable":true,"href":"https:\/\/blogs.magicjudges.org\/o\/wp-json\/wp\/v2\/language?post=1530"}],"curies":[{"name":"wp","href":"https:\/\/api.w.org\/{rel}","templated":true}]}}