{"id":1532,"date":"2015-04-29T07:06:00","date_gmt":"2015-04-29T07:06:00","guid":{"rendered":"http:\/\/blogs.magicjudges.org\/o\/?page_id=1532"},"modified":"2017-04-18T19:19:20","modified_gmt":"2017-04-18T19:19:20","slug":"communication-channels-fr","status":"publish","type":"page","link":"https:\/\/blogs.magicjudges.org\/o\/communication-channels-fr\/","title":{"rendered":"Canaux de Communication"},"content":{"rendered":"<p>La communication est importante au sein des r\u00e9gions et aussi entre elles. Le Programme d\u2019Arbitrage a institu\u00e9 divers outils et r\u00e9seaux pour faciliter cette communication.<\/p>\n<div class=\"alert alert-warning\" role=\"alert\"> Pour contacter un coordinateur r\u00e9gional, utilisez le formulaire de <a href=\"http:\/\/blogs.magicjudges.org\/contact\/contact-a-regional-coordinator\/\">Contact des coordinateurs Regionaux <\/a>.<\/p>\n<p style=\"text-align: justify\">Pour signaler un probl\u00e8me de conduite arbitrale, utilisez le formulaire de <a href=\"http:\/\/blogs.magicjudges.org\/conduct\/feedback-form-2\/\">feedback des arbitres<\/a>. Il permet un retour anonyme.<\/p>\n<p style=\"text-align: justify\">N&#8217;oubliez pas que ces deux formulaires peuvent aussi \u00eatre utilis\u00e9s pour <strong>louer ou reconnaitre<\/strong> un arbitre.<\/div>\n<h2>Au niveau global<\/h2>\n<div class=\"row judge-familiar-stacked-pills \"><ul class=\"nav nav-pills nav-stacked col-lg-3\" role=\"tablist\"><li class=\"nav-item\"><a href=\"#judgeapps\" class=\"nav-link active\" role=\"tab\" data-toggle=\"tab\">JudgeApps<\/a><\/li><li class=\"nav-item\"><a href=\"#judge-center\" class=\"nav-link \" role=\"tab\" data-toggle=\"tab\">Judge Center<\/a><\/li><li class=\"nav-item\"><a href=\"#blogs-darbitrage\" class=\"nav-link \" role=\"tab\" data-toggle=\"tab\">Blogs d'arbitrage<\/a><\/li><li class=\"nav-item\"><a href=\"#social-media\" class=\"nav-link \" role=\"tab\" data-toggle=\"tab\">Social Media<\/a><\/li><li class=\"nav-item\"><a href=\"#canaux-irc\" class=\"nav-link \" role=\"tab\" data-toggle=\"tab\">Canaux IRC<\/a><\/li><li class=\"nav-item\"><a href=\"#conduite-arbitrale\" class=\"nav-link \" role=\"tab\" data-toggle=\"tab\">Conduite arbitrale<\/a><\/li><\/ul><div class=\"tab-content col-lg-9\"><div role=\"tabpanel\" class=\"tab-pane fade in active\" id=\"judgeapps\">\n<h3><strong>JudgeApps<\/strong><\/h3>\n<p>JudgeApps est la plate-forme principale pour la communication, la collaboration et la coordination du Programme. Les forums y sont h\u00e9berg\u00e9s et cela sert \u00e0 la gestion des \u00e9v\u00e8nements et des projets.<\/p>\n<p><a href=\"http:\/\/apps.magicjudges.org\/\">Site<\/a><br \/>\n<a href=\"http:\/\/apps.magicjudges.org\/forum\/\">Forums<\/a> (<a title=\"JudgeApps Forum Protocol\" href=\"http:\/\/blogs.magicjudges.org\/o\/communication-channels-fr\/judgeapps-forum-protocol-fr\/\">protocole<\/a>)<br \/>\n<\/div><div role=\"tabpanel\" class=\"tab-pane fade \" id=\"judge-center\">\n<h3><strong>Judge Center<\/strong><\/h3>\n<p>Le Judge Center (aussi appel\u00e9 DCIX) est un site maintenu par Wizards of the Coast pour garder la trace des Niveaux, des reviews, des tests et des enqu\u00eates du Programme d\u2019Arbitrage.<\/p>\n<p><a href=\"http:\/\/judge.wizards.com\/\">Judge center<\/a><br \/>\n<\/div><div role=\"tabpanel\" class=\"tab-pane fade \" id=\"blogs-darbitrage\">\n<h3><strong>Blogs d&#8217;arbitrage<\/strong><\/h3>\n<p>Les Blogs d&#8217;arbitrage sont un r\u00e9seau de blogs de projets et d\u2019arbitres individuels qui fonctionnent sous WordPress. Vous pouvez y trouver toutes sortes de contenus utiles et int\u00e9ressants ou m\u00eame lancer votre propre blog.<\/p>\n<p style=\"text-align: justify\"><a href=\"http:\/\/blogs.magicjudges.org\/\">Magic Judge News<\/a><br \/>\n<a href=\"http:\/\/blogs.magicjudges.org\/blog-portal\/\">Portail des Blogs d&#8217;arbitrage<\/a><br \/>\n<a href=\"http:\/\/blogs.magicjudges.org\/help\/\">Page d\u2019assistance<\/a><br \/>\n<\/div><div role=\"tabpanel\" class=\"tab-pane fade \" id=\"social-media\">\n<h3><strong>M\u00e9dias sociaux<\/strong><\/h3>\n<p>Les arbitres de Magic sont pr\u00e9sents sur diff\u00e9rents m\u00e9dias sociaux. Assurez-vous de rester \u00e0 la page en vous y abonnant et en lui suivant de pr\u00e8s !<\/p>\n<p><a href=\"http:\/\/www.facebook.com\/MagicJudges\">Page Facebook des arbitres de Magic<\/a><br \/>\n<a title=\"Twitter\" href=\"https:\/\/twitter.com\/MagicJudges\">Fil Twitter des arbitres de Magic<\/a><br \/>\n<\/div><div role=\"tabpanel\" class=\"tab-pane fade \" id=\"canaux-irc\">\n<h3><strong>Canaux IRC<\/strong><\/h3>\n<p>Les canaux IRC existent depuis longtemps. Sur diff\u00e9rents canaux on peut discuter de toutes sortes de sujets relatifs \u00e0 l\u2019arbitrage. Prenez soin de vous familiariser avec la FAQ !<\/p>\n<table class=\"table table-hover table-sm\">\n<thead>\n<tr>\n<th>#mtgjudge<\/th>\n<th>#mtgrules<\/th>\n<\/tr>\n<\/thead>\n<tbody>\n<tr>\n<td><a title=\"Mtgjudge FAQ\" href=\"http:\/\/blogs.magicjudges.org\/o\/communication-channels-fr\/irc-mtgjudge-faq-fr\/\">FAQ<\/a><\/td>\n<td><a title=\"Mtgrules FAQ\" href=\"http:\/\/blogs.magicjudges.org\/o\/communication-channels-fr\/irc-mtgrules-faq-fr\/\">FAQ<\/a><\/td>\n<\/tr>\n<tr>\n<td><a title=\"Mtgjudge Web client\" href=\"http:\/\/chat.magicjudges.org\/mtgjudge\/\">Web client<\/a><\/td>\n<td><a title=\"Mtgrules Web client\" href=\"http:\/\/chat.magicjudges.org\/mtgrules\/\">Web client<\/a><\/td>\n<\/tr>\n<\/tbody>\n<\/table>\n<p style=\"text-align: justify\"><\/div><div role=\"tabpanel\" class=\"tab-pane fade \" id=\"conduite-arbitrale\">\n<h3><strong>Conduite arbitrale<\/strong><\/h3>\n<p>Le comit\u00e9 de conduite arbitrale a rendu disponible le formulaire de feedback des arbites, pour permettre \u00e0 tous de reporter une conduite inapropri\u00e9e de mani\u00e8re anonyme. Ce formulaire permet \u00e9galement de louer ou reconnaitre un arbitre.<br \/>\n<a href=\"http:\/\/blogs.magicjudges.org\/conduct\/feedback-form-2\/\">Contacter le comit\u00e9 de conduite arbitrale<\/a><br \/>\n<a href=\"http:\/\/blogs.magicjudges.org\/conduct\/2014\/12\/01\/announcing-magic-judge-feedback-form\/\">Introduction et explication du formulaire de feedback des conduites arbitrales<\/a><br \/>\n<\/div><\/div><\/div>\n<h2>Au niveau local<\/h2>\n<p>La plupart des r\u00e9gions utilisent des forums r\u00e9gionaux priv\u00e9s sur JudgeApps. Il y a beaucoup d\u2019autres forums locaux, de listes de diffusion et d\u2019autres modes de communication.<\/p>\n<div class=\"row judge-familiar-stacked-pills \"><ul class=\"nav nav-pills nav-stacked col-lg-3\" role=\"tablist\"><li class=\"nav-item\"><a href=\"#asie-pacifique\" class=\"nav-link active\" role=\"tab\" data-toggle=\"tab\">Asie Pacifique<\/a><\/li><li class=\"nav-item\"><a href=\"#europe\" class=\"nav-link \" role=\"tab\" data-toggle=\"tab\">Europe<\/a><\/li><li class=\"nav-item\"><a href=\"#amerique-latine\" class=\"nav-link \" role=\"tab\" data-toggle=\"tab\">Am\u00e9rique Latine<\/a><\/li><li class=\"nav-item\"><a href=\"#usa-canada\" class=\"nav-link \" role=\"tab\" data-toggle=\"tab\">USA &amp; Canada<\/a><\/li><\/ul><div class=\"tab-content col-lg-9\"><div role=\"tabpanel\" class=\"tab-pane fade in active\" id=\"asie-pacifique\">\n<h3><strong>Asie Pacifique<\/strong><\/h3>\n<p>Australie &amp; Nouvelle-Z\u00e9lande \u2014 <a href=\"https:\/\/www.facebook.com\/pages\/Magic-Judges-Australia-and-New-Zealand\/167673046576824\">page Facebook des arbirtres<\/a>, <a href=\"https:\/\/www.facebook.com\/groups\/349664251757842\/\">groupe Facebook de Q&amp;R sur les r\u00e8gles et le r\u00e8glement<\/a><a href=\"http:\/\/aunzjudges.slack.com\">Slack<\/a><\/p>\n<p>China \u2014 <a href=\"http:\/\/www.magicjudges.cn\/\" target=\"_blank\">Website<\/a>, <a href=\"http:\/\/wiki.mtgjudge.cn\/\" target=\"_blank\">Wiki<\/a><\/p>\n<p>Indon\u00e9sie \u2014 <a href=\"https:\/\/www.facebook.com\/groups\/163943330454286\/\">groupe Facebook <\/a><\/p>\n<p>Japon \u2014 <a href=\"http:\/\/ml.f-o-r.net\/mailman\/listinfo\/jjml\">liste de diffusion<\/a>, <a href=\"http:\/\/qabbs.mjmj.info\/\">forum de r\u00e8gles<\/a><\/p>\n<p>Moyen-Orient \u2014 <a href=\"https:\/\/www.facebook.com\/groups\/MiddleEastMagicJudges\/\">groupe Facebook<\/a><\/p>\n<p>Philippines \u2014 <a href=\"http:\/\/www.neutralgrounds.net\/forums\/index.php\/board,112.0.html\">sous-forum priv\u00e9<\/a><\/p>\n<p>Ta\u00efwan \u2014 <a href=\"http:\/\/www.facebook.com\/groups\/395098250379\/\">groupe Facebook<\/a><\/p>\n<p>Tha\u00eflande \u2014 <a href=\"http:\/\/www.after2k.net\/\">sous-forum priv\u00e9<\/a><br \/>\n<\/div><div role=\"tabpanel\" class=\"tab-pane fade \" id=\"europe\">\n<h3><strong>Europe<\/strong><\/h3>\n<p>Autriche \u2014 <a href=\"https:\/\/www.facebook.com\/groups\/145642212470681\/\">groupe facebook<\/a><\/p>\n<p>BeNeLux \u2014 <a href=\"https:\/\/www.facebook.com\/groups\/100533240062499\/\">groupe Facebook r\u00e9gional<\/a><\/p>\n<p>Croatie \u2014 <a href=\"http:\/\/www.cromtg.com\/\">sous-forum priv\u00e9<\/a><\/p>\n<p>Europe Moyen-Orientale \u2014 <a href=\"http:\/\/www.facebook.com\/groups\/256288497759741\/\">groupe Facebook r\u00e9gional<\/a><\/p>\n<p>Europe du Nord \u2014 <a href=\"http:\/\/forums.nordic-judges.org\/\">forum<\/a>, <a href=\"http:\/\/\u200bhttps:\/\/www.facebook.com\/groups\/117149918317503\/\">groupe facebook, <\/a>, <a href=\"http:\/\/blogs.magicjudges.org\/nordicregion\/\">regional blog<\/a><\/p>\n<p>France \u2014 <a href=\"https:\/\/www.facebook.com\/groups\/1191969180942292\/\">groupe Facebook r\u00e9gional<\/a>, blog r\u00e9gional<\/a><\/p>\n<p>Gr\u00e8ce \u2014 <a href=\"https:\/\/www.facebook.com\/groups\/188253871322957\/\">groupe Facebook r\u00e9gional<\/a><\/p>\n<p>Irlande \u2014 <a href=\"http:\/\/www.magicjudge.co.uk\/\">forum<\/a><\/p>\n<p>Italie et malte \u2014 <a href=\"http:\/\/www.italianmagicjudges.net\/\">site web<\/a>, <a href=\"https:\/\/www.facebook.com\/Imj4You\">page Facebook<\/a>, <a href=\"http:\/\/it.groups.yahoo.com\/group\/ItalianMagicJudges\/\">liste de diffusion<\/a>, <a href=\"http:\/\/games.groups.yahoo.com\/group\/Judge_L2\/\">liste de diffusion L2+<\/a>, <a href=\"http:\/\/health.groups.yahoo.com\/group\/cupola_L3\/\">liste de diffusion L3+<\/a>, <a href=\"http:\/\/\u200bwww.facebook.com\/groups\/italianmagicjudges\/\">Italy Facebook group<\/a>, <a href=\"http:\/\/\u200bwww.facebook.com\/groups\/260425587335527\/\">Malta Facebook group<\/a><\/p>\n<p>Pologne \u2014 <a href=\"http:\/\/forum.magicjudge.pl\/\">forum<\/a><\/p>\n<p>Portugal \u2014 <a href=\"https:\/\/www.facebook.com\/groups\/137659756298411\/\" target=\"_blank\">groupe Facebook<\/a><\/p>\n<p>Pays russophones \u2014 <a href=\"http:\/\/groups.google.com\/group\/mtgjudge-ru\">liste de diffusion<\/a><\/p>\n<p>Afrique du Sud \u2014 <a href=\"http:\/\/www.magicjudge.co.uk\/\">forum<\/a>, <a href=\"http:\/\/www.facebook.com\/groups\/262018220535350\">groupe Facebook<\/a><\/p>\n<p>Espagne \u2014 <a href=\"https:\/\/www.facebook.com\/JuecesMagic\">page Facebook<\/a><\/p>\n<p>Suisse \u2014 <a href=\"https:\/\/www.facebook.com\/groups\/145642212470681\/\">groupe facebook<\/a><\/p>\n<p>Royaume-Uni \u2014 <a href=\"http:\/\/www.magicjudge.co.uk\/\">forum<\/a><br \/>\n<\/div><div role=\"tabpanel\" class=\"tab-pane fade \" id=\"amerique-latine\">\n<h3><strong>Am\u00e9rique Latine<\/strong><\/h3>\n<p style=\"text-align: justify\">Br\u00e9sil \u2014 <a href=\"https:\/\/www.facebook.com\/groups\/620995374593981\/\">groupe facebook<\/a><\/p>\n<p style=\"text-align: justify\">Amerique latine Nord \u2014 <a href=\"https:\/\/www.facebook.com\/groups\/juecescentroamericanos\/\">Groupe facebook<\/a><\/p>\n<p> \t \tAm\u00e9rique latine Sud \u2014 <a href=\"http:\/\/www.latammagicjudges.com\/\">Website<\/a>, Regional <a href=\"https:\/\/www.facebook.com\/groups\/17365604811\/\">Groupe facebook<\/a><\/p>\n<p><\/div><div role=\"tabpanel\" class=\"tab-pane fade \" id=\"usa-canada\">\n<h3><strong>USA &amp; Canada<\/strong><\/h3>\n<h4><strong>Canada<\/strong><\/h4>\n<p><a href=\"http:\/\/www.facebook.com\/groups\/111190048970554\/\">groupe Facebook r\u00e9gional<\/a><\/p>\n<p>Alberta &amp; Columbie Britannique \u2014 <a href=\"https:\/\/www.facebook.com\/groups\/661697543973150\/\">groupe facebook<\/a><\/p>\n<p style=\"text-align: justify\">Ontario \u2014 <a href=\"http:\/\/\u200bhttps:\/\/www.facebook.com\/groups\/170258312994013\/\">groupe facebook<\/a><\/p>\n<p style=\"text-align: justify\">Prairie \u2014 <a href=\"http:\/\/\u200bhttps:\/\/www.facebook.com\/groups\/504863992962443\/\">groupe facebook<\/a><\/p>\n<p>Qu\u00e9bec \u2014 <a href=\"http:\/\/www.facebook.com\/groups\/127233584101092\/\">groupe Facebook<\/a>, <a href=\"http:\/\/www.mtgquebec.com\/\">forum<\/a><\/p>\n<p>Saskatchewan \u2014 <a href=\"http:\/\/forums.saskgames.com\/index.php?board=11.0\">forum<\/a><\/p>\n<h4><strong>USA<\/strong><\/h4>\n<p>US Midatlantic \u2014 <a href=\"http:\/\/www.facebook.com\/groups\/275315632566297\/\">groupe Facebook r\u00e9gional<\/a>, <a href=\"http:\/\/\u200bhttp:\/\/www.magicjudges.org\/midatlantic\"> blog regional<\/a>, <a href=\"http:\/\/\u200bhttp:\/\/midatlanticjudges.slack.com\/\">Slack<\/a><\/p>\n<p>USA Grands lacs \u2014 <a href=\"https:\/\/www.facebook.com\/groups\/1650464318549554\/\">groupe Facebook r\u00e9gional<\/a>, <a href=\"http:\/\/\u200bhttps:\/\/glmagicjudges.slack.com\">Slack<\/a>, <a href=\"http:\/\/blogs.magicjudges.org\/greatlakes\/\">Blog r\u00e9gional<\/a>, <a href=\"http:\/\/www.facebook.com\/home.php?#\/group.php?gid=142755795361&amp;ref=ts\">Groupe facebook des arbitres de Magic du Midwest<\/a>, <a href=\"https:\/\/www.facebook.com\/groups\/486859711427432\/\" target=\"_blank\">Groupe facebook de l&#8217;Ohio<\/a>, <a href=\"https:\/\/www.facebook.com\/groups\/165889193593100\/\" target=\"_blank\">Groupe facebook du Kentucky<\/a><\/p>\n<p style=\"text-align: justify\">USA &#8211; Nord \u2014 <a href=\"https:\/\/www.facebook.com\/groups\/usanorthjudges\/\">groupe facebook<\/a>, <a href=\"http:\/\/blogs.magicjudges.org\/usanorth\/\"> blog r\u00e9gional<\/a>, <a href=\"http:\/\/\u200bhttps:\/\/usanorthjudges.slack.com\">Slack<\/a>, <a href=\"http:\/\/www.facebook.com\/home.php?#\/group.php?gid=142755795361&amp;ref=ts\">Groupe facebook des arbitres du Midwest <\/a>, <a href=\"https:\/\/www.facebook.com\/groups\/MNJudges\/\">Groupe facebook du Minnesota<\/a>, <a href=\"https:\/\/www.facebook.com\/groups\/WIJudges\" target=\"_blank\">Groupe facebook du Wisconsin<\/a><\/p>\n<p>USA Nord-Est \u2014 <a href=\"http:\/\/www.facebook.com\/groups\/174764119273626\/\">groupe Facebook<\/a>, <a href=\"http:\/\/blogs.magicjudges.org\/northeast\/\">blog r\u00e9gional<\/a><a href=\"http:\/\/\u200bnortheastjudges.slack.com\">Slack<\/a><\/p>\n<p>USA Nord-Ouest \u2014 <a href=\"https:\/\/www.facebook.com\/groups\/100566163471887\/\">Groupe facebook<\/a>, <a href=\"https:\/\/www.facebook.com\/groups\/310530558980897\/\">Groupe facebook our les \u00e9v\u00e9nements<\/a>, <a href=\"http:\/\/\u200bnorthwestmagicjudges.slack.com\">Slack<\/a>, <a href=\"http:\/\/\u200bhttps:\/\/www.facebook.com\/groups\/535152629863491\/\">Groupe facebook du Colorado<\/a>, <a href=\"https:\/\/www.facebook.com\/groups\/505876406190158\/\">Groupe facebook d&#8217;Hawaii<\/a>, <a href=\"http:\/\/\u200bhttps:\/\/www.facebook.com\/groups\/589205127827225\/\">Groupe facebook de l&#8217;Idaho<\/a>, <a href=\"https:\/\/www.facebook.com\/groups\/200428140126894\/\">Groupe facebook du Montana<\/a>, <a href=\"http:\/\/\u200bhttps:\/\/www.facebook.com\/groups\/1614598405489129\/\">Groupe facebook de l&#8217;Oregon<\/a>, <a href=\"http:\/\/\u200bhttps:\/\/www.facebook.com\/groups\/310530558980897\/\">Groupe facebook de l&#8217;aire de Seattle<\/a>, <a href=\"https:\/\/www.facebook.com\/groups\/1477318089211022\/\">Groupe facebook de l&#8217;Utah<\/a>, <a href=\"https:\/\/www.facebook.com\/groups\/538667029514978\/\">Groupe facebook du Wyoming<\/a><\/p>\n<p>p style=&#8221;text-align: justify;&#8221;&gt;USA &#8211; South \u2014 <a href=\"https:\/\/www.facebook.com\/groups\/454557734746201\/\">Groupe facebook<\/a>, <a href=\"https:\/\/usasouthjudges.slack.com\">Slack<\/a>, <a href=\"https:\/\/www.facebook.com\/groups\/129949763770509\/\">Groupe facebook de l&#8217;Arkansas<\/a>, <a href=\"https:\/\/www.facebook.com\/groups\/422949944483043\/\">Groupe facebook de la Louisiane <\/a>, <a href=\"https:\/\/www.facebook.com\/groups\/349294705260596\">Groupe facebook de l&#8217;Oklahoma<\/a>, <a href=\"https:\/\/www.facebook.com\/groups\/893427897394232\/\">Groupe facebook du Texas <\/a>, <a href=\"https:\/\/www.facebook.com\/groups\/1144737678904237\/\">Groupe facebook de l&#8217;West Texas\/New Mexico<\/a><\/p>\n<p>USA Sud-Est \u2014 <a href=\"http:\/\/www.facebook.com\/groups\/293496447377260\/\">groupe Facebook de Caroline du Nord<\/a>, <a href=\"http:\/\/www.facebook.com\/groups\/176387682403530\/\">groupe Facebook d\u2019Alabama-Mississippi<\/a>, <a href=\"http:\/\/www.facebook.com\/groups\/225652297463712\/\">groupe Facebook de G\u00e9orgie<\/a>, <a href=\"http:\/\/www.facebook.com\/groups\/142962112452589\/\">groupe Facebook de Floride<\/a><\/p>\n<p>USA Sud-Ouest \u2014 <a href=\"http:\/\/www.facebook.com\/groups\/245920358820640\/\">groupe Facebook des US Sud-Ouest<\/a>, <a href=\"http:\/\/www.facebook.com\/groups\/303949733002669\/\">groupe Facebook AZ d\u2019arbitres Magic<\/a>, <a href=\"http:\/\/www.facebook.com\/groups\/157082494367484\/\">groupe Facebook SoCal d\u2019arbitres Magic<\/a>, <a href=\"http:\/\/www.facebook.com\/groups\/194050610692847\/\">groupe Facebook Central Valley d\u2019arbitres Magic<\/a><br \/>\n<\/div><\/div><\/div>\n","protected":false},"excerpt":{"rendered":"<p>La communication est importante au sein des r\u00e9gions et aussi entre elles. Le Programme d\u2019Arbitrage a institu\u00e9 divers outils et r\u00e9seaux pour faciliter cette communication. Au niveau global Au niveau local La plupart des r\u00e9gions utilisent des forums r\u00e9gionaux priv\u00e9s sur JudgeApps. Il y a beaucoup d\u2019autres forums locaux, de listes de diffusion et d\u2019autres [&hellip;]<\/p>\n","protected":false},"author":13,"featured_media":0,"parent":0,"menu_order":0,"comment_status":"closed","ping_status":"closed","template":"page_width-index.php","meta":{"footnotes":"","_links_to":"","_links_to_target":""},"language":[15],"class_list":["post-1532","page","type-page","status-publish","hentry","language-fr"],"_links":{"self":[{"href":"https:\/\/blogs.magicjudges.org\/o\/wp-json\/wp\/v2\/pages\/1532","targetHints":{"allow":["GET"]}}],"collection":[{"href":"https:\/\/blogs.magicjudges.org\/o\/wp-json\/wp\/v2\/pages"}],"about":[{"href":"https:\/\/blogs.magicjudges.org\/o\/wp-json\/wp\/v2\/types\/page"}],"author":[{"embeddable":true,"href":"https:\/\/blogs.magicjudges.org\/o\/wp-json\/wp\/v2\/users\/13"}],"replies":[{"embeddable":true,"href":"https:\/\/blogs.magicjudges.org\/o\/wp-json\/wp\/v2\/comments?post=1532"}],"version-history":[{"count":18,"href":"https:\/\/blogs.magicjudges.org\/o\/wp-json\/wp\/v2\/pages\/1532\/revisions"}],"predecessor-version":[{"id":3952,"href":"https:\/\/blogs.magicjudges.org\/o\/wp-json\/wp\/v2\/pages\/1532\/revisions\/3952"}],"wp:attachment":[{"href":"https:\/\/blogs.magicjudges.org\/o\/wp-json\/wp\/v2\/media?parent=1532"}],"wp:term":[{"taxonomy":"language","embeddable":true,"href":"https:\/\/blogs.magicjudges.org\/o\/wp-json\/wp\/v2\/language?post=1532"}],"curies":[{"name":"wp","href":"https:\/\/api.w.org\/{rel}","templated":true}]}}