{"id":1534,"date":"2015-04-29T07:16:37","date_gmt":"2015-04-29T07:16:37","guid":{"rendered":"http:\/\/blogs.magicjudges.org\/o\/?page_id=1534"},"modified":"2018-01-04T23:46:53","modified_gmt":"2018-01-04T23:46:53","slug":"judgeapps-forum-protocol-fr","status":"publish","type":"page","link":"https:\/\/blogs.magicjudges.org\/o\/communication-channels-fr\/judgeapps-forum-protocol-fr\/","title":{"rendered":"Protocole du Forum JudgeApps"},"content":{"rendered":"<h2>R\u00e8gles des forums<\/h2>\n<ul>\n<li><strong>Ne publiez rien sur les forums \u00e0 propos des disqualifications.<\/strong><br \/>\nC\u2019est \u00e0 dessein que les enqu\u00eates sur les disqualifications ne sont pas rendues publiques. Respectez cela en ne posant aucune question sur les disqualifications.<\/li>\n<li><strong>Publiez dans le bon forum.<\/strong><br \/>\nConsultez la description du forum ; lisez les sujets ouverts sur le forum ; r\u00e9fl\u00e9chissez \u00e0 la pertinence de ce que vous publierez dans le contexte de ce forum.<\/li>\n<li><strong>Ne d\u00e9viez pas du sujet au sein d\u2019une discussion sur un forum.<\/strong><br \/>\nN\u2019envoyez pas de commentaires du genre &#8220;moi aussi&#8221; ou &#8220;+1&#8221;. Si la fonction de r\u00e9ponse automatique de votre messagerie est activ\u00e9e, veuillez d\u00e9sactiver les notifications des forums.<\/li>\n<li><strong>Rechercher dans les forums avant de poser votre question.<\/strong><br \/>\nOuvrir une nouvelle discussion sur un sujet qui a d\u00e9j\u00e0 \u00e9t\u00e9 trait\u00e9 disperse les r\u00e9ponses possibles. Veuillez aussi y r\u00e9fl\u00e9chir \u00e0 deux fois avant de r\u00e9pondre \u00e0 un sujet vieux de 6 mois (ou plus ancien encore).<\/li>\n<li><strong>Faire remonter une discussion en insistant sur votre question ne vous permettra pas d\u2019avoir une r\u00e9ponse plus rapidement.<\/strong><br \/>\nIl est \u00e9galement possible qu\u2019il n\u2019y ait pas de r\u00e9ponse &#8220;Officielle&#8221;, juste une discussion et des suggestions.<\/li>\n<li><strong>Tenez compte des autres arbitres quand vous publiez.<\/strong><br \/>\nIl y a plus de 6000 arbitres dans le Programme d\u2019Arbitrage et ce nombre augmente chaque semaine. Ce que vous publiez sur un forum sera potentiellement envoy\u00e9 par mail \u00e0 une grande partie de ces arbitres.<\/li>\n<li><strong>Photos de profil sur le forum.<\/strong><br \/>\nVotre photo de profil sur le forum ne doit montrer que vous-m\u00eame, dans une tenue d\u2019arbitre appropri\u00e9e.<\/li>\n<li><strong>Rapports d\u2019erreurs et retours d\u2019utilisation \u00e0 propos de ces forums.<\/strong><br \/>\nVeuillez utiliser le formulaire <a href=\"http:\/\/apps.magicjudges.org\/feedback\/\" rel=\"nofollow\">&#8220;Envoyer un retour d\u2019utilisation&#8221;<\/a> (Provide Feedback) pour signaler une erreur ou soumettre un retour d\u2019utilisation.<\/li>\n<\/ul>\n<h2>\u00c9tiquette sur le forum<\/h2>\n<ul>\n<li><strong>R\u00e9fl\u00e9chissez avant de r\u00e9pondre \u00e0 un message sur un forum.<\/strong><br \/>\nCe que vous \u00eates sur le point de publier fait-il avancer la discussion?<br \/>\nCe que vous \u00eates sur le point de publier ouvre-t-il une perspective diff\u00e9rente ?<br \/>\n\u00cates-vous sur le point de publier quelque chose que quelqu\u2019un d\u2019autre a d\u00e9j\u00e0 \u00e9crit ?<\/li>\n<li><strong>R\u00e9fl\u00e9chissez avant d\u2019ouvrir une nouvelle discussion.<\/strong><br \/>\nExiste-t-il d\u00e9j\u00e0 une discussion qui traite du m\u00eame sujet ou d\u2019un sujet similaire ?<br \/>\nCe que vous publierez sera-t-il int\u00e9ressant pour plus de 6000 arbitres ?<br \/>\nPubliez-vous bien dans le bon forum ?<\/li>\n<li><strong>C\u2019est normal d\u2019\u00eatre en d\u00e9saccord, mais exprimez-le avec respect.<\/strong><br \/>\nSi vous n\u2019\u00eates pas d\u2019accord avec l\u2019opinion de quelqu\u2019un, ou sur une d\u00e9cision d\u2019arbitrage, expliquez pourquoi vous \u00eates en d\u00e9saccord et ce que vous feriez diff\u00e9remment.<br \/>\nSi vous n\u2019\u00e9tiez pas impliqu\u00e9 dans une situation ou une d\u00e9cision sp\u00e9cifique, ne sp\u00e9culez pas sur l\u2019arbitrage qui a \u00e9t\u00e9 rendu ; ne remettez pas en question les d\u00e9cisions prises par les arbitres impliqu\u00e9s.<br \/>\nSi vous \u00eates curieux de savoir comment une situation particuli\u00e8re serait tranch\u00e9e, contentez-vous de d\u00e9crire cette situation sans aucun commentaire suppl\u00e9mentaire.<\/li>\n<li><strong>Quand vous ouvrez une nouvelle discussion, assurez-vous que le titre du sujet soit explicite.<\/strong><br \/>\nCela permet aux gens de retrouver la discussion plus tard gr\u00e2ce \u00e0 la fonction de recherche, et cela facilite la navigation au sein des forums.<\/li>\n<li><strong>Quand vous citez un message pr\u00e9c\u00e9dent, ne citez que les sections pertinentes.<\/strong><br \/>\nQuand vous r\u00e9pondez par mail \u00e0 un message sur un forum, veuillez vous efforcer de supprimer le texte de citation, \u00e7a pr\u00eate \u00e0 confusion et c\u2019est p\u00e9nible \u00e0 lire quand on re\u00e7oit les messages des forums par mails.<\/li>\n<li><strong>Lisez toute la discussion avant d\u2019y contribuer.<\/strong><br \/>\nIl se peut que quelqu\u2019un ait d\u00e9j\u00e0 \u00e9crit ce que vous \u00eates sur le point de publier. C\u2019est un manque de respect envers les autres participants de ne pas lire toute la discussion, a fortiori si vous ne vous en cachez pas dans les messages que vous publiez.<br \/>\nSi vous n\u2019avez pas le temps de lire toute la discussion peut-\u00eatre ne devriez-vous pas y participer.<\/li>\n<li><strong>Tenez compte des notifications par mails quand vous publiez ou \u00e9ditez un message.<\/strong><br \/>\nEn grande partie les lecteurs des forums n\u2019utilisent que le mail ; r\u00e9pondre plusieurs fois \u00e0 un message peut provoquer l\u2019envoi d\u2019un grand nombre de mails \u00e0 un grand nombre de personnes.<br \/>\nTenez aussi compte du grand nombre de fuseaux horaires de tous ces lecteurs, certains se r\u00e9veilleront avec plein de mails si une discussion sur un forum re\u00e7oit beaucoup de messages en une courte p\u00e9riode de temps.<br \/>\nLes lecteurs de mails ne re\u00e7oivent pas de notifications quand un message est \u00e9dit\u00e9 ; si vous devez rectifier votre message et que c\u2019est pertinent pour la discussion en cours, demandez-vous s\u2019il ne vaudrait pas mieux y r\u00e9pondre avec la correction.<\/li>\n<\/ul>\n<h2>Liste des forums et contenu appropri\u00e9<\/h2>\n<h3><span style=\"font-size: 1.17em; line-height: 1.5em;\">Annonces<\/span><\/h3>\n<h4><a href=\"http:\/\/apps.magicjudges.org\/forum\/71\/\">Annonces officielles<\/a><\/h4>\n<p>Les annonces officielles sur le Programme d\u2019Arbitrage de la part <a href=\"http:\/\/blogs.magicjudges.org\/o\/judge-levels-fr\/avanced-roles-fr\/#coordinateurs-du-programme\">des coordinateurs du programme<\/a>, de quelques personnes autoris\u00e9es et du personnel de Wizards of the Coast. Ce forum est param\u00e9tr\u00e9 pour verrouiller automatiquement les messages afin d\u2019interdire d\u2019y r\u00e9pondre. Si vous avez des questions veuillez les poser dans le forum g\u00e9n\u00e9ral correspondant.<\/p>\n<h4><a href=\"http:\/\/apps.magicjudges.org\/forum\/72\/\">Annonces non officielles<\/a><\/h4>\n<p>Les annonces \u00e0 propos de divers projets. Ne r\u00e9pondez pas aux messages sur ce forum, ils ne sont pas verrouill\u00e9s automatiquement afin d\u2019en simplifier l\u2019administration par les membres des projets qui les publient et pour ne conserver qu\u2019une seule discussion par projet au fil des mises \u00e0 jour. Si un message requiert une r\u00e9ponse, envoyez votre r\u00e9ponse selon la proc\u00e9dure indiqu\u00e9e, par mail ou via <a href=\"http:\/\/apps.magicjudges.org\/judges\/\">le formulaire de contact<\/a>.<\/p>\n<h4><a href=\"http:\/\/apps.magicjudges.org\/forum\/3464\/\">Publications R\u00e9currentes &amp; Sujets de Blogs<\/a><\/h4>\n<p>Un nouvel endroit pour poster des notifications r\u00e9guli\u00e8res de publications telles que les anniversaires, les certifications, les podcasts, etc.<\/p>\n<h4><a href=\"http:\/\/apps.magicjudges.org\/forum\/1393\/\">Recrutement pour les projets &amp; Aide demand\u00e9e<\/a><\/h4>\n<p>Des sujets recherchant de l&#8217;aide, que ce soit pour rejoindre un projet sp\u00e9cifique, un besoin ponctuel, ou quoi que ce soit qui a besoin d&#8217;aide (Hors \u00e9v\u00e9nements ou conf\u00e9rences).<\/p>\n<h4><a href=\"http:\/\/apps.magicjudges.org\/forum\/426\/\">Sollicitations pour les Grands Prix et \u00e9quipes s\u00e9lectionn\u00e9es<\/a><\/h4>\n<p>Ne sert qu\u2019\u00e0 publier des sollicitations \u00e0 rejoindre les \u00e9quipes des Grands Prix et leurs s\u00e9lections. Ne r\u00e9pondez pas aux messages sur ce forum, ils ne sont pas verrouill\u00e9s automatiquement afin d\u2019en simplifier l\u2019administration par les responsables des arbitres des Grands Prix. Si un message requiert une r\u00e9ponse, envoyez votre r\u00e9ponse selon la proc\u00e9dure indiqu\u00e9e, par mail ou via le formulaire de contact.<\/p>\n<h3><span style=\"font-size: 1.17em; line-height: 1.5em;\">G\u00e9n\u00e9ral<\/span><\/h3>\n<h4><a href=\"http:\/\/apps.magicjudges.org\/forum\/73\/\">Q&amp;R sur les r\u00e8gles<\/a><\/h4>\n<p>Vous avez une question de r\u00e8gles ? Posez-la ici ! Ce forum donne des r\u00e9ponses [O]fficielles aux questions de r\u00e8gles. Sur ce forum les sujets sont automatiquement verrouill\u00e9s dans l\u2019attente d\u2019une r\u00e9ponse [O]fficielle. Si vous avez des questions compl\u00e9mentaires, veuillez les envoyer par message priv\u00e9 adress\u00e9 \u00e0 un mod\u00e9rateur ou \u00e0 celui qui a publi\u00e9 la r\u00e9ponse [O]fficielle.<\/p>\n<h4><a href=\"http:\/\/apps.magicjudges.org\/forum\/74\/\">REL Convivial<\/a><\/h4>\n<p>Les questions et les discussions sur tout ce qui touche au REL Convivial. Certes des r\u00e9ponses [O]fficielles seront donn\u00e9es sur demande, mais il s\u2019agit surtout d\u2019un forum g\u00e9n\u00e9ral de discussions sp\u00e9cifiques \u00e0 propos des \u00e9v\u00e9nements en REL Convivial, du document JAR et toutes les autres choses en rapport avec le REL Convivial.<\/p>\n<h4><a href=\"http:\/\/apps.magicjudges.org\/forum\/75\/\">REL Comp\u00e9titif<\/a><\/h4>\n<p>Les questions et les discussions \u00e0 propos du REL Comp\u00e9titif. Certes des r\u00e9ponses [O]fficielles seront donn\u00e9es sur demande, mais il s\u2019agit surtout d\u2019un forum g\u00e9n\u00e9ral de discussions sp\u00e9cifiques \u00e0 propos des \u00e9v\u00e9nements en REL Comp\u00e9titif, de l\u2019IPG, des MTR, et toutes les autres choses en rapport avec le REL Comp\u00e9titif.<\/p>\n<h4><a href=\"http:\/\/apps.magicjudges.org\/forum\/76\/\">Op\u00e9rations de tournois &amp; Conf\u00e9rence<\/a><\/h4>\n<p>Les questions et les discussions \u00e0 propos des op\u00e9rations de tournois. Les questions relatives \u00e0 WER doivent \u00eatre pos\u00e9es dans Technologie de l\u2019arbitrage ou en contactant le service clients de Wizards of the Coast ou encore votre repr\u00e9sentant WPN.<\/p>\n<h4><a href=\"http:\/\/apps.magicjudges.org\/forum\/77\/\">Technologie de l\u2019arbitrage<\/a><\/h4>\n<p>Les questions et les discussions \u00e0 propos de la technologie employ\u00e9e par le Programme d\u2019Arbitrage (WER, DCIX, etc.) Si \u00e7a fonctionne sur un ordinateur, sur un smart phone ou sur internet et que \u00e7a a un rapport avec l\u2019arbitrage, voil\u00e0 le forum o\u00f9 en discuter. (Remarquez que les rapports de bugs ne doivent pas \u00eatre mis sur ce forum, utilisez <a href=\"http:\/\/apps.magicjudges.org\/feedback\/\" rel=\"nofollow\">&#8220;Envoyer un retour d\u2019utilisation&#8221;<\/a> link) (Provide Feedback).<\/p>\n<h4><a href=\"http:\/\/apps.magicjudges.org\/forum\/78\/\">Reports de tournois<\/a><\/h4>\n<p>Vous avez \u00e9crit un report sur un \u00e9v\u00e9nement ? Partagez-le ici !<\/p>\n<h4><a href=\"http:\/\/apps.magicjudges.org\/forum\/109\/\">Le coin de la communaut\u00e9<\/a><\/h4>\n<p>Les informations et les discussions relatives \u00e0 la communaut\u00e9 mondiale des arbitres. Partagez vos id\u00e9es sur comment aider votre communaut\u00e9 locale d\u2019arbitres ; partagez vos connaissances sur votre communaut\u00e9 avec le reste du monde ; posez des questions sur la tenue de l\u2019arbitre ; discutez des m\u00e9thodes pour faire progresser votre communaut\u00e9 locale d\u2019arbitres.<\/p>\n<h4><a href=\"http:\/\/apps.magicjudges.org\/forum\/3540\/\">Magic Judge Hall of Fame<\/a><\/h4>\n<p>Informations et discussions au sujet du Magic Judge Hall of Fame. Partagez vos id\u00e9es -que vous ayez un ballot ou non-, parlez de ces arbitres qui vous inspirent et vous motivent et pourquoi vous pensez qu&#8217;ils devraient \u00eatre nomm\u00e9s au Magic Judge Hall of Fame.<\/p>\n<h4><a href=\"http:\/\/apps.magicjudges.org\/forum\/540\/\">Discussions sur les articles<\/a><\/h4>\n<p>Les discussions sur les articles en rapport avec l\u2019arbitrage.<\/p>\n<h4><a href=\"http:\/\/apps.magicjudges.org\/forum\/67\/\">Sc\u00e9narios de Knowledge Pool<\/a><\/h4>\n<p>Les sc\u00e9narios propos\u00e9s par l\u2019\u00e9quipe du projet The Knowledge Pool. Voulez-vous am\u00e9liorer votre compr\u00e9hension du r\u00e8glement ? Lisez-les, rejoignez les discussions, apprenez.<\/p>\n<h4><a href=\"http:\/\/apps.magicjudges.org\/forum\/3\/\">Forum de tests<\/a><\/h4>\n<p>Ce forum sert \u00e0 tester les fonctionnalit\u00e9s des forums &#8211; ne soyez pas surpris si son contenu est du SPAM. Nous recommandons fortement de d\u00e9sactiver les notifications \u00e9manant de ce forum. Souhaitez-vous tester comment fonctionne le formatage des messages, ou tester comment fonctionnent les inscriptions aux notifications sur le forum ou par mail ? Vous \u00eates au bon endroit pour faire \u00e7a.<\/p>\n<h3><span style=\"font-size: 1.17em; line-height: 1.5em;\">Projets<\/span><\/h3>\n<p>Si vous \u00eates membre d\u2019un projet vous trouverez les forums des projets dans cette section.<\/p>\n<h3><span style=\"font-size: 1.17em; line-height: 1.5em;\">\u00c9v\u00e8nements<\/span><\/h3>\n<p>Si vous \u00eates s\u00e9lectionn\u00e9s pour un \u00e9v\u00e8nement vous trouverez les forums d\u00e9di\u00e9s aux \u00e9v\u00e8nements dans cette section.<\/p>\n<h2>Rulings officiels<\/h2>\n<p>Un ruling officiel est une explication d\u00e9finitive d&#8217;une partie des documents et l&#8217;application li\u00e9e. Ces rulings officiels doivent \u00eatre suivis lors des tournois. Actuellement, seuls les arbitres suivants peuvent \u00e9tablir ces rulings officiels :<\/p>\n<p><div class=\"wp-caption alignnone judgeimg\"><a href=\"https:\/\/apps.magicjudges.org\/judges\/dci\/725295\"><img src=https:\/\/apps.magicjudges.org\/dci\/avatar?dci=725295&size=200 alt=\"Scott Marshall\nniveau 3, Colorado (USA)\"><\/a><p class=\"wp-caption-text\">Scott Marshall<br \/>\nniveau 3, Colorado (USA)<\/p><\/div><br \/>\n<div class=\"wp-caption alignnone judgeimg\"><a href=\"https:\/\/apps.magicjudges.org\/judges\/dci\/40645391\"><img src=https:\/\/apps.magicjudges.org\/dci\/avatar?dci=40645391&size=200 alt=\"Toby Elliott\nniveau 3, California (USA)\"><\/a><p class=\"wp-caption-text\">Toby Elliott<br \/>\nniveau 3, California (USA)<\/p><\/div><br \/>\n<div class=\"wp-caption alignnone judgeimg\"><a href=\"https:\/\/apps.magicjudges.org\/judges\/dci\/23131655\"><img src=https:\/\/apps.magicjudges.org\/dci\/avatar?dci=23131655&size=200 alt=\"Nathan Long\nniveau 2, Colorado (USA)\"><\/a><p class=\"wp-caption-text\">Nathan Long<br \/>\nniveau 2, Colorado (USA)<\/p><\/div><br \/>\n<div class=\"wp-caption alignnone judgeimg\"><a href=\"https:\/\/apps.magicjudges.org\/judges\/dci\/89987180\"><img src=https:\/\/apps.magicjudges.org\/dci\/avatar?dci=89987180&size=200 alt=\"Callum Milne\nniveau 2, Canada\"><\/a><p class=\"wp-caption-text\">Callum Milne<br \/>\nniveau 2, Canada<\/p><\/div><\/p>\n<p>Par d\u00e9faut, les rulings \u00e9tablis par ces arbitres sont consid\u00e9r\u00e9s officiels, \u00e0 moins que ces m\u00eames arbitres sp\u00e9cifient qu&#8217;ils ne le sont pas. L&#8217;\u00e9quipe de Wizards of the Coast peut \u00e9galement \u00e9tablir des rulings officiels.<\/p>\n<h2>Mod\u00e9rateurs des forums<\/h2>\n<p>Les Mod\u00e9rateurs des forums sont identifi\u00e9s par le titre mod\u00e9rateur du forum en dessous de leur nom. Ils contr\u00f4lent r\u00e9guli\u00e8rement ce qui est publi\u00e9 sur les forums et ils peuvent supprimer les messages inappropri\u00e9s ou ceux qui contreviennent \u00e0 ce protocole. Les Mod\u00e9rateurs des forums peuvent \u00e9galement modifier les messages pour en am\u00e9liorer leur format, en ajoutant des balises de cartes, ou en modifiant les titres pour optimiser les recherches sur les sujets abord\u00e9s, etc.<\/p>\n<p style=\"text-align: justify;\"><a href=\"http:\/\/blogs.magicjudges.org\/o\/advanced-roles\/program-coordinators\/\">Les coordinateurs du programme<\/a> et l&#8217;\u00e9quipe de Wizards of the Coast peuvent \u00e9galement agir en tant que mod\u00e9rateur des forums.<\/p>\n<h2><\/h2>\n<p><em>Cette page a \u00e9t\u00e9 \u00e9crite par <span class='judge-tooltip'><a href='https:\/\/apps.magicjudges.org\/judges\/dci\/725295' >Scott Marshall<\/a><span class='avatar'><img width='200' height='200' src='https:\/\/apps.magicjudges.org\/dci\/avatar?dci=725295&size=200'><\/span><\/span> et <span class='judge-tooltip'><a href='https:\/\/apps.magicjudges.org\/judges\/dci\/157621' >Mark Brown<\/a><span class='avatar'><img width='200' height='200' src='https:\/\/apps.magicjudges.org\/dci\/avatar?dci=157621&size=200'><\/span><\/span><\/em><\/p>\n","protected":false},"excerpt":{"rendered":"<p>R\u00e8gles des forums Ne publiez rien sur les forums \u00e0 propos des disqualifications. C\u2019est \u00e0 dessein que les enqu\u00eates sur les disqualifications ne sont pas rendues publiques. Respectez cela en ne posant aucune question sur les disqualifications. Publiez dans le bon forum. Consultez la description du forum ; lisez les sujets ouverts sur le forum [&hellip;]<\/p>\n","protected":false},"author":13,"featured_media":0,"parent":1532,"menu_order":0,"comment_status":"closed","ping_status":"closed","template":"page_width-index.php","meta":{"footnotes":"","_links_to":"","_links_to_target":""},"language":[15],"class_list":["post-1534","page","type-page","status-publish","hentry","language-fr"],"_links":{"self":[{"href":"https:\/\/blogs.magicjudges.org\/o\/wp-json\/wp\/v2\/pages\/1534","targetHints":{"allow":["GET"]}}],"collection":[{"href":"https:\/\/blogs.magicjudges.org\/o\/wp-json\/wp\/v2\/pages"}],"about":[{"href":"https:\/\/blogs.magicjudges.org\/o\/wp-json\/wp\/v2\/types\/page"}],"author":[{"embeddable":true,"href":"https:\/\/blogs.magicjudges.org\/o\/wp-json\/wp\/v2\/users\/13"}],"replies":[{"embeddable":true,"href":"https:\/\/blogs.magicjudges.org\/o\/wp-json\/wp\/v2\/comments?post=1534"}],"version-history":[{"count":14,"href":"https:\/\/blogs.magicjudges.org\/o\/wp-json\/wp\/v2\/pages\/1534\/revisions"}],"predecessor-version":[{"id":4493,"href":"https:\/\/blogs.magicjudges.org\/o\/wp-json\/wp\/v2\/pages\/1534\/revisions\/4493"}],"up":[{"embeddable":true,"href":"https:\/\/blogs.magicjudges.org\/o\/wp-json\/wp\/v2\/pages\/1532"}],"wp:attachment":[{"href":"https:\/\/blogs.magicjudges.org\/o\/wp-json\/wp\/v2\/media?parent=1534"}],"wp:term":[{"taxonomy":"language","embeddable":true,"href":"https:\/\/blogs.magicjudges.org\/o\/wp-json\/wp\/v2\/language?post=1534"}],"curies":[{"name":"wp","href":"https:\/\/api.w.org\/{rel}","templated":true}]}}