{"id":1536,"date":"2015-04-29T07:11:28","date_gmt":"2015-04-29T07:11:28","guid":{"rendered":"http:\/\/blogs.magicjudges.org\/o\/?page_id=1536"},"modified":"2017-01-03T16:46:59","modified_gmt":"2017-01-03T16:46:59","slug":"irc-mtgjudge-faq-fr","status":"publish","type":"page","link":"https:\/\/blogs.magicjudges.org\/o\/communication-channels-fr\/irc-mtgjudge-faq-fr\/","title":{"rendered":"IRC #mtgjudge FAQ"},"content":{"rendered":"<div class=\"alert alert-success\" role=\"alert\"> Liens vers les canaux IRC : <a href=\"http:\/\/chat.magicjudges.org\/mtgjudge\/\">#mtgjudge<\/a> et <a href=\"http:\/\/chat.magicjudges.org\">#mtgrules<\/a>.<\/div>\n<h2>\u00c9tiquette sur ces canaux<\/h2>\n<p>Le canal Internet Relay Chat (IRC) des arbitres de Magic #mtgjudge est un endroit o\u00f9 les arbitres se retrouvent et interagissent avec la communaut\u00e9 mondiale de l\u2019arbitrage. C\u2019est un lieu de discussion sur le r\u00e8glement, les rulings, et les \u00e9v\u00e8nements auxquels les arbitres participent. C\u2019est aussi un endroit o\u00f9 les arbitres moins exp\u00e9riment\u00e9s, les organisateurs de tournoi et m\u00eame les joueurs peuvent venir poser des questions sur tous ces sujets.<\/p>\n<p>Les questions sur les r\u00e8gles de Magic: The Gathering\u2122 doivent \u00eatre pos\u00e9es sur <a href=\"http:\/\/chat.magicjudges.org\">#mtgrules<\/a>. Veuillez ne pas r\u00e9pondre aux questions de r\u00e8gles (ni en poser) sur #mtgjudge.<\/p>\n<p>Ce n\u2019est pas non plus un endroit appropri\u00e9 pour une discussion d\u2019ordre g\u00e9n\u00e9ral sur Magic: The Gathering\u2122. Ce genre de conversations ont leur place sur le canal non officiel #mtg. De m\u00eame le format Commander a son propre canal, #mtgcommander.<\/p>\n<p>Les conversations hors sujet sont tol\u00e9r\u00e9es tant qu\u2019il ne se passe rien d\u2019autre, toutefois veuillez d\u00e9placer votre conversation vers une zone priv\u00e9e si votre discussion ne concerne que deux personnes et\/ou prend beaucoup de temps. De plus, si une conversion d\u00e9marre qui correspond au canal, ou que quelqu\u2019un demande de l\u2019aide, merci de cesser ces conversations hors sujet.<\/p>\n<p>On ne parle pas des disqualifications, des enqu\u00eates en cours, ni des r\u00e9v\u00e9lations non officielles sur les nouvelles extensions de Magic: The Gathering\u2122.<\/p>\n<h2>Autres r\u00e8gles<\/h2>\n<p>Sur ce canal il est important de montrer du respect envers les autres arbitres, en particulier ceux qui d\u00e9couvrent le Programme ou IRC de mani\u00e8re g\u00e9n\u00e9rale. Si vous faites partie de ces gens-l\u00e0 (nouvel arbitre ou utilisateur d\u2019IRC), ne vous jetez pas t\u00eate baiss\u00e9e dans les discussions, prenez un peu de recul en restant en retrait quelque temps.<\/p>\n<p>Merci de ne pas utiliser les commandes Datatog (un de nos robots, cf. ci-dessous) \u00e0 moins qu\u2019elles ne soient pertinentes dans le contexte d\u2019une discussion en cours.<\/p>\n<p>Les images et les liens qui ne seraient pas acceptables dans un contexte professionnel ne sont pas non plus acceptables sur ce canal.<\/p>\n<p>Les Op\u00e9rateurs (cf. ci-dessous) sont les arbitres finals des r\u00e8gles du canal, et ne pas se conformer \u00e0 leurs requ\u00eates aura pour cons\u00e9quence une exclusion temporaire du canal.<\/p>\n<h2>Foire Aux Questions<\/h2>\n<h3><strong>Certaines personnes ont une \u00e9toile ou un @ \u00e0 c\u00f4t\u00e9 de leur nom. Pourquoi ?<\/strong><\/h3>\n<p>Les symboles \u00e9toile ou @ signifient que l\u2019utilisateur est un Op\u00e9rateur sur un canal IRC. Ces utilisateurs sont les administrateurs et les mod\u00e9rateurs du canal et il faut suivre leurs instructions comme indiqu\u00e9 dans les r\u00e8gles ci-dessus. Les Op\u00e9rateurs sont d\u00e9sign\u00e9s par parrainage, donc toute requ\u00eate de devenir Op\u00e9rateur sera ignor\u00e9e. Nos Op\u00e9rateurs actuels (et leurs noms d\u2019utilisateurs) sont :<\/p>\n<p><div class=\"wp-caption alignnone judgeimg\"><a href=\"https:\/\/apps.magicjudges.org\/judges\/dci\/79945451\"><img src=https:\/\/apps.magicjudges.org\/dci\/avatar?dci=79945451&size=200 alt=\"Jason Lemahieu (Lems)\nNiveau 3, Wisconsin (USA)\"><\/a><p class=\"wp-caption-text\">Jason Lemahieu (Lems)<br \/>\nNiveau 3, Wisconsin (USA)<\/p><\/div> <div class=\"wp-caption alignnone judgeimg\"><a href=\"https:\/\/apps.magicjudges.org\/judges\/dci\/772697\"><img src=https:\/\/apps.magicjudges.org\/dci\/avatar?dci=772697&size=200 alt=\"James Bennett (jbennett)\nNiveau 3, Kansas (USA)\"><\/a><p class=\"wp-caption-text\">James Bennett (jbennett)<br \/>\nNiveau 3, Kansas (USA)<\/p><\/div> <div class=\"wp-caption alignnone judgeimg\"><a href=\"https:\/\/apps.magicjudges.org\/judges\/dci\/157621\"><img src=https:\/\/apps.magicjudges.org\/dci\/avatar?dci=157621&size=200 alt=\"Mark Brown (MnarkBr)\nNiveau 2, Australie\"><\/a><p class=\"wp-caption-text\">Mark Brown (MnarkBr)<br \/>\nNiveau 2, Australie<\/p><\/div><br \/>\n<div class=\"wp-caption alignnone judgeimg\"><a href=\"https:\/\/apps.magicjudges.org\/judges\/dci\/11134222\"><img src=https:\/\/apps.magicjudges.org\/dci\/avatar?dci=11134222&size=200 alt=\"Johanna Virtanen (flame-)\nNiveau 3, Finlande\"><\/a><p class=\"wp-caption-text\">Johanna Virtanen (flame-)<br \/>\nNiveau 3, Finlande<\/p><\/div> <div class=\"wp-caption alignnone judgeimg\"><a href=\"https:\/\/apps.magicjudges.org\/judges\/dci\/3102549036\"><img src=https:\/\/apps.magicjudges.org\/dci\/avatar?dci=3102549036&size=200 alt=\"Jack Doyle (Scryus)\nNiveau 3, Royaume-Uni\"><\/a><p class=\"wp-caption-text\">Jack Doyle (Scryus)<br \/>\nNiveau 3, Royaume-Uni<\/p><\/div> <div class=\"wp-caption alignnone judgeimg\"><a href=\"https:\/\/apps.magicjudges.org\/judges\/dci\/18276430\"><img src=https:\/\/apps.magicjudges.org\/dci\/avatar?dci=18276430&size=200 alt=\"Arttu Kaipiainen (luma)\nNiveau 2, Finlande\"><\/a><p class=\"wp-caption-text\">Arttu Kaipiainen (luma)<br \/>\nNiveau 2, Finlande<\/p><\/div><\/p>\n<h3><strong>Certains personnes ont un micro ou un signe plus \u00e0 c\u00f4t\u00e9 de leurs noms. Pourquoi ?<\/strong><\/h3>\n<p>Les symboles du micro ou du plus indiquent que l\u2019utilisateur est une Voix (+v) d\u2019un canal IRC. Sur ce canal, cela signifie que cette personne est un arbitre de Niveau 2 ou plus. Auparavant cela servait \u00e0 identifier les arbitres exp\u00e9riment\u00e9s, mais cela tombe actuellement en d\u00e9su\u00e9tude parce qu\u2019il est difficile de param\u00e9trer les robots de chaque nouvel utilisateur.<\/p>\n<h3><strong>Qui (ou que) sont Datatog, Gleemax, et judgebot?<\/strong><\/h3>\n<p>Ces trois noms d\u2019utilisateurs sont ceux de robots &#8211; ce sont des automates, personne n\u2019est assis derri\u00e8re un \u00e9cran d\u2019ordinateur.<\/p>\n<p><strong>Datatog<\/strong> poss\u00e8de de nombreuses fonctions. La principale utilis\u00e9e sur ce canal est la fonction de recherche de cartes, qui ne doit \u00eatre utilis\u00e9e que par message priv\u00e9 adress\u00e9 \u00e0 Datatog. Envoyez \u00e0 Datatog un message avec le mot &#8220;help&#8221; pour demander de l\u2019aide. Le propri\u00e9taire de Datatog est Yawgatog.<\/p>\n<p><strong>Judgebot<\/strong> est un robot qui s\u2019occupe d\u2019associer la marque d\u2019Op\u00e9rateur (+o, le symbole \u00e9toile) aux bonnes personnes ; son propri\u00e9taire est jbennett.<\/p>\n<p><strong>Gleemax<\/strong> est notre robot Emeritus dont le propri\u00e9taire est LeeSharpe.<\/p>\n<h3><strong>Pourquoi ai-je \u00e9t\u00e9 banni ?<\/strong><\/h3>\n<p>Si vous avez \u00e9t\u00e9 banni, vous avez enfreint l\u2019une des r\u00e8gles du canal, inond\u00e9 le canal de lignes de texte, ou d\u2019une fa\u00e7on ou d\u2019une autre vous vous \u00eates comport\u00e9 d\u2019une mani\u00e8re inappropri\u00e9e. Sur #mtgjudge le bannissement dure une heure, apr\u00e8s quoi vous pourrez revenir sans probl\u00e8me.<\/p>\n<p>Si vous ne pouvez pas vous connecter \u00e0 ces canaux, il se peut que votre adresse IP soit bannie (D-Lined) par le serveur lui-m\u00eame. Essayez un serveur diff\u00e9rent pourrait marcher. Vous en trouverez la liste <a href=\"http:\/\/www.efnet.org\/?module=servers\">ici<\/a>.<\/p>\n<h3><strong>Pourquoi les gens \u00e9crivent-ils des messages d\u2019une seule lettre ?<\/strong><\/h3>\n<p>Le jeu de la cha\u00eene de lettres est un ancien et noble passe-temps des arbitres sur ce canal. Ses r\u00e8gles deviendront \u00e9videntes par simple observation. Rien ne vous oblige \u00e0 y participer, mais veuillez ne pas les interrompre, \u00e0 moins, bien s\u00fbr, que vous ayez une question importante sur l\u2019arbitrage. Cela ne dure jamais tr\u00e8s longtemps.<\/p>\n<h3><strong>J\u2019aimerais devenir arbitre, que dois-je faire ?<\/strong><\/h3>\n<p>Vous pouvez faire plusieurs choses &#8211; posez la question sur le canal, contactez un arbitre de Niveau 2 pr\u00e8s de chez vous, ou contactez votre <a title=\"Regional Coordinators\" href=\"http:\/\/blogs.magicjudges.org\/o\/spheres-fr\/regional-coordinators-fr\/\">Coordinateur R\u00e9gional<\/a>.<\/p>\n<h3><strong>Un joueur local, un organisateur de tournoi, ou un arbitre fait quelque chose que j\u2019aimerais rapporter. Que dois-je faire ?<\/strong><\/h3>\n<p>Si vous soup\u00e7onnez qu\u2019un joueur local triche, contactez le <a href=\"http:\/\/blogs.magicjudges.org\/o\/spheres-fr\/regional-coordinators-fr\/\" target=\"_blank\">Coordinateur R\u00e9gional<\/a> et le Head-Judge du ou des \u00e9v\u00e8nements o\u00f9 vous avez observ\u00e9 cela. Les probl\u00e8mes avec les arbitres peuvent aussi \u00eatre soumis au Coordinateur R\u00e9gional ou rapport\u00e9 gr\u00e2ce \u00e0 <a href=\"https:\/\/docs.google.com\/forms\/d\/1d01SoySBQxdhfv67yQhl2Sp7Zq9Ung9NDwjwekdqf1Q\/viewform\">ce formulaire<\/a>.<\/p>\n<p>Si vous avez travaill\u00e9 avec un arbitre et qu\u2019il y a eu un probl\u00e8me, envisagez d\u2019\u00e9crire une review sur le <a href=\"http:\/\/judge.wizards.com\">Judge Center<\/a>.<\/p>\n<p>Si vous pensez qu\u2019un Organisateur de Tournois ou qu\u2019un g\u00e9rant de boutique fait quelque chose qu\u2019il ne devrait pas faire, contactez votre repr\u00e9sentant du Wizards Play Network (WPN) ou le bureau local de Wizards of the Coast directement. Si vous ne savez pas de qui il s\u2019agit, votre Coordinateur R\u00e9gional pourra vous communiquer cette information. Une autre solution est de contacter <a href=\"http:\/\/wizards.custhelp.com\">le service clients de Wizards of the Coast<\/a>.<\/p>\n<h3><strong>J\u2019ai un probl\u00e8me avec mon num\u00e9ro DCI ou mon mot de passe. Que dois-je faire ?<\/strong><\/h3>\n<p><a href=\"http:\/\/wizards.custhelp.com\">Le service clients de Wizards of the Coast<\/a> peut vous aider \u00e0 retrouver votre mot de passe DCI oubli\u00e9, \u00e0 fusionner les num\u00e9ros DCI en doublon, \u00e0 renseigner une adresse e-mail manquante, ou pour tout autre probl\u00e8me. Si vous avez \u00e9gar\u00e9 la partie d\u00e9tachable de votre carte DCI, c\u2019est aussi ce service qu\u2019il faut contacter.<\/p>\n<h3><strong>Je g\u00e8re un \u00e9v\u00e8nement avec Wizards Event Reporter mais l\u2019onglet P\u00e9nalit\u00e9s a disparu. Que dois-je faire ?<\/strong><\/h3>\n<p>Ce probl\u00e8me courant peut souvent \u00eatre r\u00e9solu en allant sur l\u2019onglet &#8220;Arbitres&#8221; et en ajoutant un arbitre \u00e0 votre \u00e9v\u00e8nement (ou en en supprimant un puis en l\u2019ajoutant de nouveau). L\u2019onglet P\u00e9nalit\u00e9s devrait r\u00e9appara\u00eetre ensuite.<\/p>\n<h2>Comment se connecter \u00e0 IRC<\/h2>\n<p>Si vous lisez cette FAQ, vous avez probablement d\u00e9j\u00e0 localis\u00e9 #mtgjudge et cliqu\u00e9 sur le lien dans le sujet. Si vous ne l\u2019avez pas fait, voici quelques astuces :<\/p>\n<p>Vous pouvez utiliser l\u2019outil <a href=\"http:\/\/chat.magicjudges.org\/mtgjudge\">Online Mibbit Tool<\/a> pour vous connecter \u00e0 #mtgjudge directement via un navigateur.<\/p>\n<p>Vous pouvez utiliser un client IRC tel que <a href=\"http:\/\/www.mirc.com\/\">mIRC ou <\/a><a href=\"http:\/\/www.irssi.org\/\">irssi<\/a> pour vous connecter. Nous sommes h\u00e9berg\u00e9s sur le r\u00e9seau EFNet, choisir n\u2019importe quel serveur devrait marcher. Si votre client n\u2019indique pas la liste des serveurs, essayez <strong>irc.efnet.org<\/strong> pour vous connecter \u00e0 l\u2019un d\u2019eux au hasard. Une fois connect\u00e9, tapez <strong>\/join #mtgjudge<\/strong>.<\/p>\n<p>Vous pouvez utiliser un autre service bas\u00e9 sur le web tel que celui h\u00e9berg\u00e9 sur <a href=\"http:\/\/efnet.org\">EFNet&#8217;s website<\/a>.<\/p>\n<p>Pour rejoindre un canal prot\u00e9g\u00e9 par mot de passe (+k), tapez <strong>\/join #channel password<\/strong>.<\/p>\n<p>Pour davantage d\u2019informations \u00e0 propos d\u2019IRC, consultez ce <a href=\"http:\/\/www.irchelp.org\/\">site web bien pratique<\/a>.<\/p>\n<p><em>This page written by <span class='judge-tooltip'><a href='https:\/\/apps.magicjudges.org\/judges\/dci\/11134222' >Johanna Virtanen<\/a><span class='avatar'><img width='200' height='200' src='https:\/\/apps.magicjudges.org\/dci\/avatar?dci=11134222&size=200'><\/span><\/span> and <span class='judge-tooltip'><a href='https:\/\/apps.magicjudges.org\/judges\/dci\/3102549036' >Jack Doyle<\/a><span class='avatar'><img width='200' height='200' src='https:\/\/apps.magicjudges.org\/dci\/avatar?dci=3102549036&size=200'><\/span><\/span><\/em><\/p>\n","protected":false},"excerpt":{"rendered":"<p>\u00c9tiquette sur ces canaux Le canal Internet Relay Chat (IRC) des arbitres de Magic #mtgjudge est un endroit o\u00f9 les arbitres se retrouvent et interagissent avec la communaut\u00e9 mondiale de l\u2019arbitrage. C\u2019est un lieu de discussion sur le r\u00e8glement, les rulings, et les \u00e9v\u00e8nements auxquels les arbitres participent. C\u2019est aussi un endroit o\u00f9 les arbitres [&hellip;]<\/p>\n","protected":false},"author":13,"featured_media":0,"parent":1532,"menu_order":0,"comment_status":"closed","ping_status":"closed","template":"page_width-index.php","meta":{"footnotes":"","_links_to":"","_links_to_target":""},"language":[15],"class_list":["post-1536","page","type-page","status-publish","hentry","language-fr"],"_links":{"self":[{"href":"https:\/\/blogs.magicjudges.org\/o\/wp-json\/wp\/v2\/pages\/1536","targetHints":{"allow":["GET"]}}],"collection":[{"href":"https:\/\/blogs.magicjudges.org\/o\/wp-json\/wp\/v2\/pages"}],"about":[{"href":"https:\/\/blogs.magicjudges.org\/o\/wp-json\/wp\/v2\/types\/page"}],"author":[{"embeddable":true,"href":"https:\/\/blogs.magicjudges.org\/o\/wp-json\/wp\/v2\/users\/13"}],"replies":[{"embeddable":true,"href":"https:\/\/blogs.magicjudges.org\/o\/wp-json\/wp\/v2\/comments?post=1536"}],"version-history":[{"count":7,"href":"https:\/\/blogs.magicjudges.org\/o\/wp-json\/wp\/v2\/pages\/1536\/revisions"}],"predecessor-version":[{"id":3702,"href":"https:\/\/blogs.magicjudges.org\/o\/wp-json\/wp\/v2\/pages\/1536\/revisions\/3702"}],"up":[{"embeddable":true,"href":"https:\/\/blogs.magicjudges.org\/o\/wp-json\/wp\/v2\/pages\/1532"}],"wp:attachment":[{"href":"https:\/\/blogs.magicjudges.org\/o\/wp-json\/wp\/v2\/media?parent=1536"}],"wp:term":[{"taxonomy":"language","embeddable":true,"href":"https:\/\/blogs.magicjudges.org\/o\/wp-json\/wp\/v2\/language?post=1536"}],"curies":[{"name":"wp","href":"https:\/\/api.w.org\/{rel}","templated":true}]}}