{"id":1538,"date":"2015-04-29T07:12:17","date_gmt":"2015-04-29T07:12:17","guid":{"rendered":"http:\/\/blogs.magicjudges.org\/o\/?page_id=1538"},"modified":"2018-12-31T16:41:55","modified_gmt":"2018-12-31T16:41:55","slug":"irc-mtgrules-faq-fr","status":"publish","type":"page","link":"https:\/\/blogs.magicjudges.org\/o\/communication-channels-fr\/irc-mtgrules-faq-fr\/","title":{"rendered":"IRC #mtgrules FAQ"},"content":{"rendered":"<div class=\"alert alert-success\" role=\"alert\"> Liens vers les canaux IRC : <a href=\"http:\/\/chat.magicjudges.org\/mtgjudge\/\">#mtgjudge<\/a> et <a href=\"http:\/\/chat.magicjudges.org\">#mtgrules<\/a>.<\/div>\n<h2>Qu\u2019est-ce que #mtgrules ?<\/h2>\n<p>Le canal des arbitres de Magic sur l\u2019Internet Relay Chat (IRC) appel\u00e9 #mtgrules ne concerne que les questions de r\u00e8gles. Les joueurs, les organisateurs de tournois et les arbitres qui ont des doutes \u00e0 propos de questions de r\u00e8gles sur Magic: The Gathering\u2122 peuvent les poser sans crainte sur #mtgrules, en sachant que des arbitres leur donneront les bonnes r\u00e9ponses, compl\u00e9t\u00e9es par des raisonnements et des citations de r\u00e8gles le cas \u00e9ch\u00e9ant.<\/p>\n<p>De petites questions sur le r\u00e8glement des tournois sont acceptables, mais elles pourront \u00eatre r\u00e9orient\u00e9es vers #mtgjudge si la situation est complexe, ou que d\u2019autres questions en jaillissent. Les Op\u00e9rateurs du canal interrompront les discussions hors sujet aussi rapidement que n\u00e9cessaire pour \u00e9viter qu\u2019elles ne d\u00e9rivent en bavardages futiles.<\/p>\n<h2>Qu\u2019est-ce qu\u2019un Op\u00e9rateur du canal ?<\/h2>\n<p>Ce canal est g\u00e9r\u00e9 par certaines personnes &#8211; ce sont des arbitres de Niveau 2 ou plus qui ont \u00e9t\u00e9 choisis (donc merci de ne pas demander \u00e0 en faire partie) pour s\u2019assurer que le sujet de la discussion ne s\u2019\u00e9carte pas des questions de r\u00e8gles pertinentes. Si un Op\u00e9rateur (signal\u00e9 par un symbole \u00e9toile ou @) vous demande quelque chose, veuillez honorer sa requ\u00eate. Nos Operateurs actuels (et leurs noms d\u2019utilisateurs) sont :<\/p>\n<p><div class=\"wp-caption alignleft judgeimg\"><a href=\"https:\/\/apps.magicjudges.org\/judges\/dci\/79945451\"><img src=https:\/\/apps.magicjudges.org\/dci\/avatar?dci=79945451&size=200 alt=\"Jason Lemahieu (Lems)\nLevel 3, Wisconsin (USA)\"><\/a><p class=\"wp-caption-text\">Jason Lemahieu (Lems)<br \/>\nLevel 3, Wisconsin (USA)<\/p><\/div><div class=\"wp-caption alignleft judgeimg\"><a href=\"https:\/\/apps.magicjudges.org\/judges\/dci\/157621\"><img src=https:\/\/apps.magicjudges.org\/dci\/avatar?dci=157621&size=200 alt=\"Mark Brown (MnarkBr)\nLevel 2, Australia\"><\/a><p class=\"wp-caption-text\">Mark Brown (MnarkBr)<br \/>\nLevel 2, Australia<\/p><\/div> <div class=\"wp-caption alignleft judgeimg\"><a href=\"https:\/\/apps.magicjudges.org\/judges\/dci\/11134222\"><img src=https:\/\/apps.magicjudges.org\/dci\/avatar?dci=11134222&size=200 alt=\"Johanna Virtanen (flame-)\nLevel 3, Finland\"><\/a><p class=\"wp-caption-text\">Johanna Virtanen (flame-)<br \/>\nLevel 3, Finland<\/p><\/div> <div class=\"wp-caption alignleft judgeimg\"><a href=\"https:\/\/apps.magicjudges.org\/judges\/dci\/3102549036\"><img src=https:\/\/apps.magicjudges.org\/dci\/avatar?dci=3102549036&size=200 alt=\"Jack Doyle (Scryus)\nLevel 3, United Kingdom\"><\/a><p class=\"wp-caption-text\">Jack Doyle (Scryus)<br \/>\nLevel 3, United Kingdom<\/p><\/div> <div class=\"wp-caption alignleft judgeimg\"><a href=\"https:\/\/apps.magicjudges.org\/judges\/dci\/18276430\"><img src=https:\/\/apps.magicjudges.org\/dci\/avatar?dci=18276430&size=200 alt=\"Arttu Kaipiainen (luma)\nLevel 2, Finland\"><\/a><p class=\"wp-caption-text\">Arttu Kaipiainen (luma)<br \/>\nLevel 2, Finland<\/p><\/div> <div class=\"wp-caption alignleft judgeimg\"><a href=\"https:\/\/apps.magicjudges.org\/judges\/dci\/1208473485\"><img src=https:\/\/apps.magicjudges.org\/dci\/avatar?dci=1208473485&size=200 alt=\"Carsten Haese (Cars10)\nLevel 2, Ohio (USA)\"><\/a><p class=\"wp-caption-text\">Carsten Haese (Cars10)<br \/>\nLevel 2, Ohio (USA)<\/p><\/div> <div class=\"wp-caption alignleft judgeimg\"><a href=\"https:\/\/apps.magicjudges.org\/judges\/dci\/23131655\"><img src=https:\/\/apps.magicjudges.org\/dci\/avatar?dci=23131655&size=200 alt=\"Nathan Long (Natedogg2)\nLevel 2, Colorado\u00a0(USA)\"><\/a><p class=\"wp-caption-text\">Nathan Long (Natedogg2)<br \/>\nLevel 2, Colorado\u00a0(USA)<\/p><\/div><\/p>\n<h2>\u00c9tiquette \u00e0 respecter sur ce canal<\/h2>\n<h3><strong>Alors puis-je tout simplement poser une question ?<\/strong><\/h3>\n<p>Quand vous vous joignez au canal, il est pr\u00e9f\u00e9rable d\u2019attendre quelques secondes pour v\u00e9rifier s\u2019il y a d\u00e9j\u00e0 une discussion en cours. S\u2019il y en a une, nous recommandons d\u2019attendre jusqu\u2019\u00e0 ce qu\u2019une r\u00e9ponse ait \u00e9t\u00e9 apport\u00e9e \u00e0 la question pr\u00e9c\u00e9dente. Si personne ne parle, allez-y, posez votre question ! Il y a presque toujours des volontaires disponibles pour y r\u00e9pondre et il est inutile de commencer par demander s\u2019il y a quelqu\u2019un. Toutefois, cela peut parfois prendre quelques minutes avant que quelqu\u2019un ne r\u00e9ponde \u00e0 votre question, donc merci de rester patient !<\/p>\n<h3><strong>J\u2019ai une question \u00e0 propos d\u2019une carte qui para\u00eetra dans la prochaine extension, est-ce acceptable de la poser ?<\/strong><\/h3>\n<p>Avant la parution d\u2019une nouvelle extension, beaucoup de gens veulent poser des questions \u00e0 propos des cartes qui ne sont pas encore disponibles. Nous ne pouvons pas r\u00e9pondre \u00e0 des questions sur des cartes qui n\u2019ont pas \u00e9t\u00e9 r\u00e9v\u00e9l\u00e9es officiellement. Nous pouvons r\u00e9pondre \u00e0 celles sur les previews officielles (publi\u00e9es sur le site web de Wizards of the Coast).<\/p>\n<p>De m\u00eame nous ne r\u00e9pondrons pas aux questions \u00e0 propos des nouvelles m\u00e9caniques jusqu\u2019\u00e0 ce que les r\u00e8gles aient \u00e9t\u00e9 r\u00e9v\u00e9l\u00e9es officiellement, parce qu\u2019il est possible que ces r\u00e8gles changent. Tout sera expliqu\u00e9 dans les notes de publication qui sont d\u00e9voil\u00e9es avant les avant-premi\u00e8res de l\u2019extension.<\/p>\n<h3><strong>Comment faire appara\u00eetre le texte d\u2019une carte ?<\/strong><\/h3>\n<p>Tapez &#8220;!nomDeLaCarte&#8221;, et notre robot automatique Datatog affichera le texte de la carte. Veuillez ne pas vous servir de lui sur le canal \u00e0 moins que ce soit en rapport avec une question que vous posez. Si vous voulez seulement voir le texte d\u2019une carte, envoyez-lui un message priv\u00e9 &#8211; tapez \u201c\/msg Datatog !nomDeLaCarte\u201d.<\/p>\n<h3><strong>De quel Niveau \u00eates-vous ? Comment savoir qui est arbitre certifi\u00e9 et qui ne l\u2019est pas ?<\/strong><\/h3>\n<p>La plupart des habitu\u00e9s du canal sont des arbitres certifi\u00e9s, mais nous avons aussi des experts en r\u00e8gles qui ne sont pas certifi\u00e9s. Nous avons des arbitres de tous Niveaux sur ce canal, et si une personne donne une r\u00e9ponse incorrecte, d\u2019autres personnes rectifieront son erreur rapidement. Les mod\u00e9rateurs du canal sont au moins de Niveau 2.<\/p>\n<h3><strong>Pourquoi ce type a-t-il \u00e9t\u00e9 banni ?<\/strong><\/h3>\n<p>Aucun comportement perturbateur ne sera tol\u00e9r\u00e9.<\/p>\n<p>Si vous n\u2019arrivez pas \u00e0 rejoindre #mtgrules ni \u00e0 vous connecter \u00e0 d\u2019autres canaux, cela pourrait \u00eatre d\u00fb au fait que votre adresse IP a \u00e9t\u00e9 bannie du serveur que vous essayez d\u2019utiliser. Faites un nouvel essai sur un serveur diff\u00e9rent. Vous en trouverez une liste sur <a href=\"http:\/\/efnet.org\">le site web EFNet<\/a>.<\/p>\n<h3><strong>Ce canal est g\u00e9nial ! Je suis organisateur de tournoi, puis-je utiliser ce canal quand mes joueurs ont une question pendant un tournoi ?<\/strong><\/h3>\n<p>Bien s\u00fbr. Cependant, ce serait toujours pr\u00e9f\u00e9rable d\u2019avoir un arbitre physiquement pr\u00e9sent sur vos tournois. Si vous voulez obtenir davantage d\u2019informations sur comment trouver un arbitre certifi\u00e9 pr\u00e8s de chez vous, ou sur comment devenir arbitre vous-m\u00eame, veuillez vous connecter sur #mtgjudge. (\/join #mtgjudge sur la plupart des clients IRC.)<\/p>\n<h3><strong>Je suis arbitre et j\u2019aimerais apporter mon aide en r\u00e9pondant aux questions. Y a-t-il des r\u00e8gles \u00e0 suivre ?<\/strong><\/h3>\n<p>C\u2019est super ; nous sommes toujours \u00e0 la recherche de gens pour nous aider. N\u00e9anmoins, comprenez bien que ce canal n\u2019est pas vraiment un terrain d\u2019entra\u00eenement pour que les gens mettent \u00e0 l\u2019\u00e9preuve leurs connaissances et tentent de deviner les r\u00e9ponses aux questions de r\u00e8gles. C\u2019est ici que les gens qui ont des questions honn\u00eates viennent pour obtenir une r\u00e9ponse.<\/p>\n<p>Si vous \u00eates arbitre et que vous voulez commencer \u00e0 apporter votre aide, commencez par rester en retrait quelque temps et par r\u00e9fl\u00e9chir aux r\u00e9ponses que vous donneriez tandis que d\u2019autres r\u00e9pondent. C\u2019est une formidable opportunit\u00e9 d\u2019apprentissage et \u00e7a vous aidera \u00e0 gagner en confiance et en comp\u00e9tences pour r\u00e9pondre vous-m\u00eame aux questions.<br \/>\nNe poussez pas la conversation plus loin que le sujet de la question ; soyez vigilant au cas o\u00f9 la personne qui a pos\u00e9 la question quitterait le canal. Ne discutez pas de mani\u00e8re d\u00e9taill\u00e9e de la fa\u00e7on dont une interaction fonctionnerait avec d\u2019anciennes r\u00e8gles ou d\u2019anciens syst\u00e8mes de r\u00e8glement. Orientez les utilisateurs vers l\u00e0 o\u00f9 ils doivent aller &#8211; le r\u00e8glement et les op\u00e9rations de tournois sur #mtgjudge, le bavardage hors sujet sur #mtg.<\/p>\n<p>Enfin, ob\u00e9issez aux requ\u00eates des Op\u00e9rateurs. S\u2019ils affirment qu\u2019un sujet de discussion est hors sujet, ne pers\u00e9v\u00e9rez pas dans cette direction. Ceux qui r\u00e9pondent aux questions de r\u00e8gles ne sont pas immunis\u00e9s contre les bannissements d\u2019une heure.<\/p>\n<h2>Comment se connecter \u00e0 IRC<\/h2>\n<p>Si vous lisez cette FAQ, vous avez probablement d\u00e9j\u00e0 localis\u00e9 #mtgrules et cliqu\u00e9 sur le lien dans ce sujet. Si ce n\u2019est pas le cas, voici quelques astuces :<\/p>\n<p>Vous pouvez utiliser <a href=\"http:\/\/chat.magicjudges.org\/mtgjudge\">Online Mibbit Tool<\/a> pour vous connecter directement \u00e0 #mtgrules via un navigateur.<\/p>\n<p>Vous pouvez utiliser un client IRC tel que <a href=\"http:\/\/www.mirc.com\/\">mIRC ou <\/a><a href=\"http:\/\/www.irssi.org\/\">irssi<\/a> pour vous connecter. Nous sommes h\u00e9berg\u00e9s sur le r\u00e9seau EFNet, et \u00e7a devrait marcher en choisissant n\u2019importe lequel des serveurs. Si votre client ne donne pas la liste des serveurs, essayez <strong>irc.efnet.org<\/strong> pour vous connecter sur l\u2019un d\u2019eux au hasard. Une fois connect\u00e9, tapez <strong>\/join #mtgrules<\/strong>.<\/p>\n<p>Vous pouvez utiliser un autre service bas\u00e9 sur le web tels que celui h\u00e9berg\u00e9 sur <a href=\"http:\/\/efnet.org\">le site web EFNet<\/a>.<\/p>\n<p>Pour rejoindre un canal prot\u00e9g\u00e9 par mot de passe (+k), tapez <strong>\/join #canal motDePasse<\/strong>.<\/p>\n<p>Pour obtenir davantage d\u2019information \u00e0 propos d\u2019IRC, consultez ce <a href=\"http:\/\/www.irchelp.org\/\">site web bien pratique<\/a>.<\/p>\n<p><em>Cette page a \u00e9t\u00e9 \u00e9crite par <span class='judge-tooltip'><a href='https:\/\/apps.magicjudges.org\/judges\/dci\/11134222' >Johanna Virtanen<\/a><span class='avatar'><img width='200' height='200' src='https:\/\/apps.magicjudges.org\/dci\/avatar?dci=11134222&size=200'><\/span><\/span> et <span class='judge-tooltip'><a href='https:\/\/apps.magicjudges.org\/judges\/dci\/3102549036' >Jack Doyle<\/a><span class='avatar'><img width='200' height='200' src='https:\/\/apps.magicjudges.org\/dci\/avatar?dci=3102549036&size=200'><\/span><\/span><\/em><\/p>\n","protected":false},"excerpt":{"rendered":"<p>Qu\u2019est-ce que #mtgrules ? Le canal des arbitres de Magic sur l\u2019Internet Relay Chat (IRC) appel\u00e9 #mtgrules ne concerne que les questions de r\u00e8gles. Les joueurs, les organisateurs de tournois et les arbitres qui ont des doutes \u00e0 propos de questions de r\u00e8gles sur Magic: The Gathering\u2122 peuvent les poser sans crainte sur #mtgrules, en [&hellip;]<\/p>\n","protected":false},"author":13,"featured_media":0,"parent":1532,"menu_order":0,"comment_status":"closed","ping_status":"closed","template":"page_width-index.php","meta":{"footnotes":"","_links_to":"","_links_to_target":""},"language":[15],"class_list":["post-1538","page","type-page","status-publish","hentry","language-fr"],"_links":{"self":[{"href":"https:\/\/blogs.magicjudges.org\/o\/wp-json\/wp\/v2\/pages\/1538","targetHints":{"allow":["GET"]}}],"collection":[{"href":"https:\/\/blogs.magicjudges.org\/o\/wp-json\/wp\/v2\/pages"}],"about":[{"href":"https:\/\/blogs.magicjudges.org\/o\/wp-json\/wp\/v2\/types\/page"}],"author":[{"embeddable":true,"href":"https:\/\/blogs.magicjudges.org\/o\/wp-json\/wp\/v2\/users\/13"}],"replies":[{"embeddable":true,"href":"https:\/\/blogs.magicjudges.org\/o\/wp-json\/wp\/v2\/comments?post=1538"}],"version-history":[{"count":7,"href":"https:\/\/blogs.magicjudges.org\/o\/wp-json\/wp\/v2\/pages\/1538\/revisions"}],"predecessor-version":[{"id":4704,"href":"https:\/\/blogs.magicjudges.org\/o\/wp-json\/wp\/v2\/pages\/1538\/revisions\/4704"}],"up":[{"embeddable":true,"href":"https:\/\/blogs.magicjudges.org\/o\/wp-json\/wp\/v2\/pages\/1532"}],"wp:attachment":[{"href":"https:\/\/blogs.magicjudges.org\/o\/wp-json\/wp\/v2\/media?parent=1538"}],"wp:term":[{"taxonomy":"language","embeddable":true,"href":"https:\/\/blogs.magicjudges.org\/o\/wp-json\/wp\/v2\/language?post=1538"}],"curies":[{"name":"wp","href":"https:\/\/api.w.org\/{rel}","templated":true}]}}