{"id":1540,"date":"2015-04-29T07:19:31","date_gmt":"2015-04-29T07:19:31","guid":{"rendered":"http:\/\/blogs.magicjudges.org\/o\/?page_id=1540"},"modified":"2017-01-03T17:17:49","modified_gmt":"2017-01-03T17:17:49","slug":"rules-policy-documents-fr","status":"publish","type":"page","link":"https:\/\/blogs.magicjudges.org\/o\/rules-policy-documents-fr\/","title":{"rendered":"Documents : R\u00e8gles et R\u00e8glements de tournoi"},"content":{"rendered":"<p>Les documents suivants contiennent toutes les r\u00e8gles du jeu et les r\u00e8glements appliqu\u00e9s par les arbitres pour g\u00e9rer les tournois \u00e0 tous les niveaux de jeu.<\/p>\n<p>Les versions de ces documents traduites dans de nombreuses langues sont disponibles sur le <a href=\"http:\/\/blogs.magicjudges.org\/translatedrules\/\" target=\"_blank\">Blog des r\u00e8gles traduites<\/a>.<\/p>\n<h2>R\u00e8gles et r\u00e8glement de tournoi<\/h2>\n<div class=\"alert alert-warning\" role=\"alert\"> <strong>Besoin d\u2019une aide imm\u00e9diate ?<\/strong><br \/>\n<a title=\"Discutez avec des arbitres de Magic\" href=\"https:\/\/www.facebook.com\/Reglesmagicfrance\/\" target=\"_blank\">questions de r\u00e8gles<\/a> &#8211; 24\/7 Q&amp;R sur les r\u00e8gles avec des arbitres certifi\u00e9s<\/div>\n<h3><strong>R\u00e8gles compl\u00e8tes de Magic<\/strong><\/h3>\n<div style=\"float: left;width: 18%;text-align: justify\"><div class=\"alert alert-grey\" role=\"alert\"> <a href=\"http:\/\/magic.wizards.com\/en\/gameinfo\/gameplay\/formats\/comprehensiverules\" target=\"_blank\"><img loading=\"lazy\" decoding=\"async\" class=\"wp-image-1294 size-full aligncenter\" src=\"http:\/\/blogs.magicjudges.org\/rules\/files\/2015\/10\/PDFicon.png\" alt=\"CR Download\" width=\"60\" height=\"60\" \/><\/a><strong><a style=\"font-size: 13px\" href=\"http:\/\/magic.wizards.com\/en\/gameinfo\/gameplay\/formats\/comprehensiverules\" target=\"_blank\">CR Download<\/a><\/strong><\/div><\/div>\n<div style=\"float: right;width: 82%;margin-top: 0px;padding-left: 20px;text-align: justify\">Les r\u00e8gles compl\u00e8tes sont l\u2019autorit\u00e9 finale de Magic: The Gathering\u2122, mais vous n\u2019aurez g\u00e9n\u00e9ralement pas besoin de vous y r\u00e9f\u00e9rer sauf dans des cas particuliers ou pendant des parties comp\u00e9titives. Elles ne sont pas faites pour \u00eatre lues d\u2019un bout \u00e0 l\u2019autre.<\/div>\n<h3><strong>R\u00e8gles des tournois de Magic<\/strong><\/h3>\n<div style=\"float: left;width: 18%;text-align: justify\"><div class=\"alert alert-grey\" role=\"alert\"> <a href=\"http:\/\/wpn.wizards.com\/en\/document\/magic-gathering-tournament-rules\" target=\"_blank\"><img loading=\"lazy\" decoding=\"async\" class=\"wp-image-1294 size-full aligncenter\" src=\"http:\/\/blogs.magicjudges.org\/rules\/files\/2015\/10\/PDFicon.png\" alt=\"MTR Download\" width=\"60\" height=\"60\" \/><\/a><strong><a style=\"font-size: 13px\" href=\"http:\/\/wpn.wizards.com\/en\/document\/magic-gathering-tournament-rules\" target=\"_blank\">MTR Download<\/a><\/strong><\/div><\/div>\n<div style=\"float: right;width: 82%;margin-top: 0px;padding-left: 20px;text-align: justify\">Les r\u00e8gles des tournois de Magic (ou MTR pour Magic Tournament Rules) fournissent l\u2019infrastructure requise pour g\u00e9rer des tournois de Magic: The Gathering\u2122 en d\u00e9finissant les r\u00e8gles appropri\u00e9es, les responsabilit\u00e9s, et les proc\u00e9dures \u00e0 suivre dans tous les tournois homologu\u00e9s. Les tournois homologu\u00e9s doivent \u00eatre g\u00e9r\u00e9s de fa\u00e7on homog\u00e8ne o\u00f9 qu\u2019ils aient lieu.<\/div>\n<h3><strong>Guide des proc\u00e9dures et infractions<\/strong><\/h3>\n<div style=\"float: left;width: 18%;text-align: justify\"><div class=\"alert alert-grey\" role=\"alert\"> <a href=\"http:\/\/wpn.wizards.com\/en\/document\/magic-infraction-procedure-guide\" target=\"_blank\"><img loading=\"lazy\" decoding=\"async\" class=\"wp-image-1294 size-full aligncenter\" src=\"http:\/\/blogs.magicjudges.org\/rules\/files\/2015\/10\/PDFicon.png\" alt=\"IPG Download\" width=\"60\" height=\"60\" \/><\/a><strong><a style=\"font-size: 13px\" href=\"http:\/\/wpn.wizards.com\/en\/document\/magic-infraction-procedure-guide\" target=\"_blank\">IPG Download<\/a><\/strong><\/div><\/div>\n<div style=\"float: right;width: 82%;margin-top: 0px;padding-left: 20px;text-align: justify\">Le guide des proc\u00e9dures et infractions de Magic (ou IPG pour Infraction Procedure Guide) indique aux arbitres quelles sont les p\u00e9nalit\u00e9s et les proc\u00e9dures appropri\u00e9es pour traiter les infractions qui surviennent au cours d\u2019un tournoi Comp\u00e9titif ou Professionnel, ainsi que la philosophie sous-jacente qui guide leur mise en application.<\/div>\n<h3><strong>Arbitrer en jeu convivial<\/strong><\/h3>\n<div style=\"float: left;width: 18%;text-align: justify\"><div class=\"alert alert-grey\" role=\"alert\"> <a href=\"http:\/\/wpn.wizards.com\/en\/document\/magic-gathering-judging-regular-rel\" target=\"_blank\"><img loading=\"lazy\" decoding=\"async\" class=\"wp-image-1294 size-full aligncenter\" src=\"http:\/\/blogs.magicjudges.org\/rules\/files\/2015\/10\/PDFicon.png\" alt=\"JAR Download\" width=\"60\" height=\"60\" \/><\/a><strong><a style=\"font-size: 13px\" href=\"http:\/\/wpn.wizards.com\/en\/document\/magic-gathering-judging-regular-rel\" target=\"_blank\">JAR Download<\/a><\/strong><\/div><\/div>\n<div style=\"float: right;width: 82%;margin-top: 0px;padding-left: 20px;text-align: justify\">Le document pour arbitrer Magic en jeu convivial (ou JAR pour Judging at Regular REL) est utilis\u00e9 dans la plupart des tournois en boutiques. Si l\u2019\u00e9v\u00e8nement n\u00e9cessite des listes de decks, propose des lots importants, ou est d\u2019une nature plus comp\u00e9titive pour toute autre raison, veuillez consuler le guide des proc\u00e9dures et infractions de Magic, car certaines d\u00e9cisions d\u2019arbitrage requi\u00e8rent des solutions plus \u00e9labor\u00e9es.<\/div>\n<p>Le <a href=\"http:\/\/blogs.magicjudges.org\/blog-portal\/\">portail des blogs des arbitres de Magic<\/a> h\u00e9berge aussi un assortiment de <a title=\"blogs sur les r\u00e8gles &amp; et le r\u00e8glement\" href=\"http:\/\/blogs.magicjudges.org\/blog-index\/rule-policy-blogs\/\" target=\"_blank\"><strong>blogs sur les r\u00e8gles &amp; et le r\u00e8glement<\/strong><\/a>.<\/p>\n<p>Si vous \u00eates \u00e0 la recherche d\u2019autres documents tels que le r\u00e8glement de Magic sur les invitations aux \u00e9v\u00e8nements de type \u201cPremier Event\u201d, les checklists des extensions de Magic ou leurs notes de publication, vous les trouverez sur la <a href=\"http:\/\/wpn.wizards.com\/en\/resources\/rules-documents\/244\">page des r\u00e8gles et des documents<\/a> du site web du WPN.<\/p>\n<p>Si vous \u00eates \u00e0 la recherche de davantage d\u2019informations sur les formats, les listes des cartes bannies ou restreintes, ou les r\u00e8gles de base, vous les trouverez sur la <a href=\"http:\/\/magic.wizards.com\/en\/game-info\/gameplay\/rules-and-formats\" target=\"_blank\">page des r\u00e8gles &amp; des formats<\/a> sur le site web de Wizards of the Coast.<\/p>\n<h2><a title=\"Proc\u00e9dure de disqualification\" href=\"http:\/\/blogs.magicjudges.org\/o\/disqualification-process-fr\/\">Proc\u00e9dure de disqualification<\/a><\/h2>\n<p>La proc\u00e9dure de disqualification contient des instructions sp\u00e9cifiques tant pour les joueurs que pour les arbitres apr\u00e8s qu\u2019une DQ est inflig\u00e9e. Vous trouverez sur cette page une FAQ pour le joueur, ainsi qu\u2019un document sur la DQ destin\u00e9 au HJ qui fournit des instructions sp\u00e9cifiques pour savoir quoi faire quand un joueur est disqualifi\u00e9.<\/p>\n<h2 style=\"text-align: justify\">Le code de conduite arbitrale<\/h2>\n<p style=\"text-align: justify\">The <a title=\"Le code de conduite arbitrale\" href=\"http:\/\/blogs.magicjudges.org\/conduct\/magic-judge-code\/\">Le code de conduite arbitrale<\/a> est le document qui d\u00e9crit les lignes directrices et les r\u00e8gles sur l&#8217;attitude attendue des arbitres \u00e0 travers la communaut\u00e9 Magic. Il souligne \u00e9galement les potentielles cons\u00e9quences si ces r\u00e8gles ne sont pas respect\u00e9es. i<\/p>\n","protected":false},"excerpt":{"rendered":"<p>Les documents suivants contiennent toutes les r\u00e8gles du jeu et les r\u00e8glements appliqu\u00e9s par les arbitres pour g\u00e9rer les tournois \u00e0 tous les niveaux de jeu. Les versions de ces documents traduites dans de nombreuses langues sont disponibles sur le Blog des r\u00e8gles traduites. R\u00e8gles et r\u00e8glement de tournoi R\u00e8gles compl\u00e8tes de Magic Les r\u00e8gles [&hellip;]<\/p>\n","protected":false},"author":13,"featured_media":0,"parent":0,"menu_order":0,"comment_status":"closed","ping_status":"closed","template":"page_width-index.php","meta":{"footnotes":"","_links_to":"","_links_to_target":""},"language":[15],"class_list":["post-1540","page","type-page","status-publish","hentry","language-fr"],"_links":{"self":[{"href":"https:\/\/blogs.magicjudges.org\/o\/wp-json\/wp\/v2\/pages\/1540","targetHints":{"allow":["GET"]}}],"collection":[{"href":"https:\/\/blogs.magicjudges.org\/o\/wp-json\/wp\/v2\/pages"}],"about":[{"href":"https:\/\/blogs.magicjudges.org\/o\/wp-json\/wp\/v2\/types\/page"}],"author":[{"embeddable":true,"href":"https:\/\/blogs.magicjudges.org\/o\/wp-json\/wp\/v2\/users\/13"}],"replies":[{"embeddable":true,"href":"https:\/\/blogs.magicjudges.org\/o\/wp-json\/wp\/v2\/comments?post=1540"}],"version-history":[{"count":17,"href":"https:\/\/blogs.magicjudges.org\/o\/wp-json\/wp\/v2\/pages\/1540\/revisions"}],"predecessor-version":[{"id":3714,"href":"https:\/\/blogs.magicjudges.org\/o\/wp-json\/wp\/v2\/pages\/1540\/revisions\/3714"}],"wp:attachment":[{"href":"https:\/\/blogs.magicjudges.org\/o\/wp-json\/wp\/v2\/media?parent=1540"}],"wp:term":[{"taxonomy":"language","embeddable":true,"href":"https:\/\/blogs.magicjudges.org\/o\/wp-json\/wp\/v2\/language?post=1540"}],"curies":[{"name":"wp","href":"https:\/\/api.w.org\/{rel}","templated":true}]}}