{"id":1604,"date":"2015-03-12T04:52:13","date_gmt":"2015-03-12T04:52:13","guid":{"rendered":"http:\/\/blogs.magicjudges.org\/o\/?page_id=1604"},"modified":"2017-08-15T04:58:46","modified_gmt":"2017-08-15T04:58:46","slug":"disqualification-process-pl","status":"publish","type":"page","link":"https:\/\/blogs.magicjudges.org\/o\/disqualification-process-pl\/","title":{"rendered":"Proces Dyskwalifkacja"},"content":{"rendered":"<div class=\"alert alert-danger\" role=\"alert\"> Za ka\u017cdym razem, gdy gracz jest dyskwalifikowany z sankcjonowanego turnieju, s\u0119dzia g\u0142\u00f3wny musi dostarczy\u0107 raport. Ten dokument opisuje jak to zrobi\u0107, i jak wygl\u0105da p\u00f3\u017aniejszy proces.<\/div>\n<h2>O czym nale\u017cy pami\u0119ta\u0107<\/h2>\n<ol>\n<li>Post\u0119puj zgodnie z procedur\u0105 opisan\u0105 w dokumencie <a href=\"http:\/\/blogs.magicjudges.org\/o\/files\/2015\/03\/HeadJudgeDisqualificationProcedure-PL.pdf\" target=\"_blank\" rel=\"noopener noreferrer\">Dyskwalifikacja \u00ad- procedura dla s\u0119dziego g\u0142\u00f3wnego<\/a>.<\/li>\n<li>Najwa\u017cniejsz\u0105 cz\u0119\u015bci\u0105 jest poproszenie gracza, zaanga\u017cowanych s\u0119dzi\u00f3w i \u015bwiadk\u00f3w o zostawienie informacji kontaktowych;<\/li>\n<li>Wydrukuj kopi\u0119 dokumentu: <a href=\"http:\/\/blogs.magicjudges.org\/o\/files\/2015\/03\/PlayerDisqualificationFAQ-PL.pdf\" target=\"_blank\" rel=\"noopener noreferrer\">Dyskwalifikacja -\u00ad FAQ dla gracza<\/a> i wr\u0119cz j\u0105 zdyskwalifikowanemu graczowi. Ta jedna strona powinna mu wyt\u0142umaczy\u0107, co si\u0119 teraz stanie i odpowiedzie\u0107 na wi\u0119kszo\u015b\u0107 pyta\u0144, kt\u00f3re m\u00f3g\u0142by chcie\u0107 zada\u0107. Poinformuje go tak\u017ce, jakie ma mo\u017cliwo\u015bci, je\u015bli chodzi o dostarczenie o\u015bwiadczenia.<\/li>\n<li>Je\u017celi zdyskwalifikowany gracz zechce napisa\u0107 o\u015bwiadczenie w tym momencie, mo\u017ce to zrobi\u0107 na odwrocie FAQ, lub na dodatkowych czystych kartkach, kt\u00f3re mu wr\u0119czysz, je\u015bli b\u0119dzie ich potrzebowa\u0142.<\/li>\n<li>Popro\u015b gracza o opuszczenie miejsca gry, je\u017celi jego obecno\u015b\u0107 mo\u017ce by\u0107 uci\u0105\u017cliwa dla turnieju lub innych graczy (w przypadkach takich jak napa\u015b\u0107, kradzie\u017c, albo cokolwiek innego, z czym by\u015b si\u0119 czu\u0142 niekomfortowo; w przypadkach takich jak rzucanie kostk\u0105, aby ustali\u0107 zwyci\u0119zce, szczeg\u00f3lnie gdy gracze naprawd\u0119 nie wiedzieli, \u017ce tak nie mo\u017cna, mo\u017cesz spokojnie pozwoli\u0107 im zosta\u0107 na miejscu gry po DQ);<\/li>\n<li>Po turnieju, <a href=\"https:\/\/apps.magicjudges.org\/investigations\/\" target=\"_blank\" rel=\"noopener noreferrer\">dostarcz DQ<\/a> tak szybko, jak to mo\u017cliwe.<\/li>\n<\/ol>\n<h2>Pomoce<\/h2>\n<table class=\"table table-hover table-condensed\">\n<thead>\n<tr>\n<th style=\"width: 33%\">Document<\/th>\n<th style=\"width: 37%\">Description<\/th>\n<th style=\"width: 15%\">Zmieniono<\/th>\n<th style=\"width: 10%\">Download<\/th>\n<\/tr>\n<\/thead>\n<tbody>\n<tr>\n<th><a href=\"http:\/\/blogs.magicjudges.org\/o\/files\/2015\/03\/HeadJudgeDisqualificationProcedure-PL.pdf\" target=\"_blank\" rel=\"noopener noreferrer\">Dyskwalifikacja \u00ad- procedura dla s\u0119dziego g\u0142\u00f3wnego<\/a><\/th>\n<td>Dokument z opisem krok\u00f3w wymaganych do wykonania po zdyskwalifikowaniu gracza.<\/td>\n<td>24 Luty 2015<\/td>\n<th><a class=\"media-left\" title=\"Dyskwalifikacja \u00ad- procedura dla s\u0119dziego g\u0142\u00f3wnego\" href=\"http:\/\/blogs.magicjudges.org\/o\/files\/2015\/03\/HeadJudgeDisqualificationProcedure-PL.pdf\" target=\"_blank\" rel=\"noopener noreferrer\"><img loading=\"lazy\" decoding=\"async\" class=\"aligncenter wp-image-1390 size-full\" src=\"http:\/\/blogs.magicjudges.org\/o\/files\/2015\/01\/1420963073_699581-icon-70-document-file-pdf-128.png\" alt=\"\" width=\"48\" height=\"48\" \/><\/a><\/th>\n<\/tr>\n<tr>\n<th><a href=\"http:\/\/blogs.magicjudges.org\/o\/files\/2015\/03\/PlayerDisqualificationFAQ-PL.pdf\" target=\"_blank\" rel=\"noopener noreferrer\">Dyskwalifikacja \u00ad- FAQ dla gracza<\/a><\/th>\n<td>Jednostronicowy dokumenty, kt\u00f3ry powinien by\u0107 wr\u0119czony ka\u017cdemu zdyskwalifikowanemu graczowi przed poproszeniem go o napisanie o\u015bwiadczenia (odpowiada na wi\u0119kszo\u015b\u0107 zwykle zadawanych pyta\u0144).<\/td>\n<td>17 Stycz 2017<\/td>\n<th><a class=\"media-left\" title=\"Dyskwalifikacja \u00ad- FAQ dla gracza\" href=\"http:\/\/blogs.magicjudges.org\/o\/files\/2015\/03\/PlayerDisqualificationFAQ-PL.pdf\" target=\"_blank\" rel=\"noopener noreferrer\"><img loading=\"lazy\" decoding=\"async\" class=\"aligncenter wp-image-1390 size-full\" src=\"http:\/\/blogs.magicjudges.org\/o\/files\/2015\/01\/1420963073_699581-icon-70-document-file-pdf-128.png\" alt=\"\" width=\"48\" height=\"48\" \/><\/a><\/th>\n<\/tr>\n<tr>\n<th><a href=\"http:\/\/blogs.magicjudges.org\/o\/files\/2016\/07\/TournamentOrganizerDisqualificationFAQ-PL.pdf\" target=\"_blank\" rel=\"noopener noreferrer\">FAQ dla organizator\u00f3w turniej\u00f3w nt. procesu dyskwalifikacji<\/a><\/th>\n<td>A one page document to give to Tournament Organizers unfamiliar with the Disqualification process, especially at Regular REL events.<\/td>\n<td>01 Lipiec 2016<\/td>\n<th><a class=\"media-left\" title=\"FAQ dla organizator\u00f3w turniej\u00f3w nt. procesu dyskwalifikacji \" href=\"http:\/\/blogs.magicjudges.org\/o\/files\/2016\/07\/TournamentOrganizerDisqualificationFAQ-PL.pdf\" target=\"_blank\" rel=\"noopener noreferrer\"><img loading=\"lazy\" decoding=\"async\" class=\"aligncenter wp-image-1390 size-full\" src=\"http:\/\/blogs.magicjudges.org\/o\/files\/2015\/01\/1420963073_699581-icon-70-document-file-pdf-128.png\" alt=\"\" width=\"48\" height=\"48\" \/><\/a><\/th>\n<\/tr>\n<\/tbody>\n<\/table>\n<p>If you would like to help to translate these documents into your language, please contact <span class='judge-tooltip'><a href='https:\/\/apps.magicjudges.org\/judges\/dci\/88735146' >Alejandro Raggio<\/a><span class='avatar'><img width='200' height='200' src='https:\/\/apps.magicjudges.org\/dci\/avatar?dci=88735146&size=200'><\/span><\/span>.<\/p>\n","protected":false},"excerpt":{"rendered":"<p>O czym nale\u017cy pami\u0119ta\u0107 Post\u0119puj zgodnie z procedur\u0105 opisan\u0105 w dokumencie Dyskwalifikacja \u00ad- procedura dla s\u0119dziego g\u0142\u00f3wnego. Najwa\u017cniejsz\u0105 cz\u0119\u015bci\u0105 jest poproszenie gracza, zaanga\u017cowanych s\u0119dzi\u00f3w i \u015bwiadk\u00f3w o zostawienie informacji kontaktowych; Wydrukuj kopi\u0119 dokumentu: Dyskwalifikacja -\u00ad FAQ dla gracza i wr\u0119cz j\u0105 zdyskwalifikowanemu graczowi. Ta jedna strona powinna mu wyt\u0142umaczy\u0107, co si\u0119 teraz stanie i odpowiedzie\u0107 [&hellip;]<\/p>\n","protected":false},"author":126,"featured_media":0,"parent":0,"menu_order":0,"comment_status":"closed","ping_status":"closed","template":"page_width-index.php","meta":{"footnotes":"","_links_to":"","_links_to_target":""},"language":[16],"class_list":["post-1604","page","type-page","status-publish","hentry","language-pl"],"_links":{"self":[{"href":"https:\/\/blogs.magicjudges.org\/o\/wp-json\/wp\/v2\/pages\/1604","targetHints":{"allow":["GET"]}}],"collection":[{"href":"https:\/\/blogs.magicjudges.org\/o\/wp-json\/wp\/v2\/pages"}],"about":[{"href":"https:\/\/blogs.magicjudges.org\/o\/wp-json\/wp\/v2\/types\/page"}],"author":[{"embeddable":true,"href":"https:\/\/blogs.magicjudges.org\/o\/wp-json\/wp\/v2\/users\/126"}],"replies":[{"embeddable":true,"href":"https:\/\/blogs.magicjudges.org\/o\/wp-json\/wp\/v2\/comments?post=1604"}],"version-history":[{"count":20,"href":"https:\/\/blogs.magicjudges.org\/o\/wp-json\/wp\/v2\/pages\/1604\/revisions"}],"predecessor-version":[{"id":4335,"href":"https:\/\/blogs.magicjudges.org\/o\/wp-json\/wp\/v2\/pages\/1604\/revisions\/4335"}],"wp:attachment":[{"href":"https:\/\/blogs.magicjudges.org\/o\/wp-json\/wp\/v2\/media?parent=1604"}],"wp:term":[{"taxonomy":"language","embeddable":true,"href":"https:\/\/blogs.magicjudges.org\/o\/wp-json\/wp\/v2\/language?post=1604"}],"curies":[{"name":"wp","href":"https:\/\/api.w.org\/{rel}","templated":true}]}}