{"id":1638,"date":"2015-03-12T14:51:22","date_gmt":"2015-03-12T14:51:22","guid":{"rendered":"http:\/\/blogs.magicjudges.org\/o\/?page_id=1638"},"modified":"2017-08-15T04:57:28","modified_gmt":"2017-08-15T04:57:28","slug":"disqualification-process-pt","status":"publish","type":"page","link":"https:\/\/blogs.magicjudges.org\/o\/disqualification-process-pt\/","title":{"rendered":"Procedimento de Desclassifica\u00e7\u00e3o"},"content":{"rendered":"<div class=\"alert alert-danger\" role=\"alert\"> Sempre que um jogador \u00e9 desclassificado de um evento sancionado, o Juiz Mor deve escrever um relat\u00f3rio. Nesta se\u00e7\u00e3o voc\u00ea ver\u00e1 como fazer isso e qual o processo que segue.<\/div>\n<h2>O principal a ser lembrado<\/h2>\n<ol>\n<li>Siga os procedimentos explicados no <a title=\"Procedimento de Desclassifica\u00e7\u00e3o para o Juiz\u00ad-Mor\" href=\"http:\/\/blogs.magicjudges.org\/o\/files\/2015\/03\/HeadJudgeDisqualificationProcedure-PT.pdf\" target=\"_blank\" rel=\"noopener noreferrer\">Procedimento de Desclassifica\u00e7\u00e3o para o Juiz\u00ad-Mor<\/a>.<\/li>\n<li>A parte mais importante \u00e9 pedir ao jogador, ju\u00edzes envolvidos e testemunhas para deixarem suas <b>informa\u00e7\u00f5es de contato.<\/b><\/li>\n<li>Imprima uma c\u00f3pia do arquivo <a title=\"FAQ de Desqualifica\u00e7\u00e3o para Jogadores\" href=\"http:\/\/blogs.magicjudges.org\/o\/files\/2015\/03\/PlayerDisqualificationFAQ-PT.pdf\" target=\"_blank\" rel=\"noopener noreferrer\">FAQ de Desclassifica\u00e7\u00e3o\u00a0para Jogadores<\/a> e a d\u00ea ao jogador desclassificado. Este documento de uma p\u00e1gina explicar\u00e1 a ele ou ela o que est\u00e1 acontecendo e ajudar\u00e1 a responder as d\u00favidas mais comuns que jogadores desclassificado\u00a0tenham. Este documento tamb\u00e9m explicar\u00e1 quais suas op\u00e7\u00f5es para que ele fa\u00e7a sua declara\u00e7\u00e3o.<\/li>\n<li>Se o jogador desclassificado\u00a0desejar escrever uma declara\u00e7\u00e3o naquele momento, ele ou ela pode escrever no verso do FAQ e\/ou utilizar qualquer outra folha em branco que voc\u00ea forne\u00e7a.<\/li>\n<li>Pe\u00e7a ao jogador para deixar o estabelecimento se sua presen\u00e7a causar\u00e1 dist\u00farbios ao torneio ou a outros jogadores (coisas como roubo, viol\u00eancia, ou qualquer outra coisa que voc\u00ea n\u00e3o se sinta confort\u00e1vel; para situa\u00e7\u00f5es como jogar dados para determinar um vencedor, especialmente quando eles realmente n\u00e3o sabiam, voc\u00ea pode permitir que permane\u00e7am no estabelecimento ap\u00f3s a desclassifica\u00e7\u00e3o).<\/li>\n<li>Ap\u00f3s o torneio, envie o DQ no <a class=\"external text\" title=\"Judge Center\" href=\"https:\/\/apps.magicjudges.org\/investigations\/\" target=\"_blank\" rel=\"nofollow noopener noreferrer\">Judge Apps<\/a>\u00a0o quanto antes for poss\u00edvel.<\/li>\n<li>O Organizador de Torneio pode ter interesse no\u00a0<a href=\"http:\/\/blogs.magicjudges.org\/o\/files\/2016\/07\/TournamentOrganizerDisqualificationFAQ-PT.pdf\" target=\"_blank\" rel=\"noopener noreferrer\">FAQ sobre desclassifica\u00e7\u00e3o para Organizadores de Torneios<\/a>.<\/li>\n<\/ol>\n<h2>Materiais<\/h2>\n<table class=\"table table-hover table-condensed\">\n<thead>\n<tr>\n<th style=\"width: 33%\">Documento<\/th>\n<th style=\"width: 37%\">Descri\u00e7\u00e3o<\/th>\n<th style=\"width: 15%\">Atualizado<\/th>\n<th style=\"width: 10%\">Baixar<\/th>\n<\/tr>\n<\/thead>\n<tbody>\n<tr>\n<th><a title=\"Procedimento de Desclassifica\u00e7\u00e3o para o Juiz-Mor\" href=\"http:\/\/blogs.magicjudges.org\/o\/files\/2015\/03\/HeadJudgeDisqualificationProcedure-PT.pdf\" target=\"_blank\" rel=\"noopener noreferrer\">Procedimento de Desclassifica\u00e7\u00e3o\u00a0para o Juiz-Mor<\/a><\/th>\n<td>Um documento com todos os passos requeridos ap\u00f3s desclassificado\u00a0um jogador.<\/td>\n<td>26 Fev 2015<\/td>\n<th><a class=\"media-left\" title=\"Procedimento de Desqualifica\u00e7\u00e3o para o Juiz Mor\" href=\"http:\/\/blogs.magicjudges.org\/o\/files\/2015\/03\/HeadJudgeDisqualificationProcedure-PT.pdf\" target=\"_blank\" rel=\"noopener noreferrer\"><img loading=\"lazy\" decoding=\"async\" class=\" size-full wp-image-1390 aligncenter\" src=\"http:\/\/blogs.magicjudges.org\/o\/files\/2015\/01\/1420963073_699581-icon-70-document-file-pdf-128.png\" alt=\"\" width=\"48\" height=\"48\" \/><\/a><\/th>\n<\/tr>\n<tr>\n<th><a title=\"FAQ de Desclassifica\u00e7\u00e3o para Jogadores\" href=\"http:\/\/blogs.magicjudges.org\/o\/files\/2015\/03\/PlayerDisqualificationFAQ-PT.pdf\" target=\"_blank\" rel=\"noopener noreferrer\">FAQ de Desclassifica\u00e7\u00e3o\u00a0para Jogadores<\/a><\/th>\n<td>Documento de uma p\u00e1gina para entregar aos jogadores desclassificado\u00a0antes de pedir que escrevam seu depoimento (este documento responde a maioria das d\u00favidas).<\/td>\n<td>17 Jan 2017<\/td>\n<th><a class=\"media-left\" title=\"FAQ de Desclassifica\u00e7\u00e3o para Jogadores\" href=\"http:\/\/blogs.magicjudges.org\/o\/files\/2015\/03\/PlayerDisqualificationFAQ-PT.pdf\" target=\"_blank\" rel=\"noopener noreferrer\"><img loading=\"lazy\" decoding=\"async\" class=\" size-full wp-image-1390 aligncenter\" src=\"http:\/\/blogs.magicjudges.org\/o\/files\/2015\/01\/1420963073_699581-icon-70-document-file-pdf-128.png\" alt=\"\" width=\"48\" height=\"48\" \/><\/a><\/th>\n<\/tr>\n<tr>\n<th><a href=\"http:\/\/blogs.magicjudges.org\/o\/files\/2016\/07\/TournamentOrganizerDisqualificationFAQ-PT.pdf\" target=\"_blank\" rel=\"noopener noreferrer\">FAQ sobre desclassifica\u00e7\u00e3o para Organizadores de Torneios<\/a><\/th>\n<td>Documento de uma p\u00e1gina para Organizadores de Torneios que n\u00e3o estejam familiarizados com o procedimento de desclassifica\u00e7\u00e3o, especialmente para REL Regular.<\/td>\n<td>01 Jul 2016<\/td>\n<th><a class=\"media-left\" title=\"FAQ sobre desclassifica\u00e7\u00e3o para Organizadores de Torneios\" href=\"http:\/\/blogs.magicjudges.org\/o\/files\/2016\/07\/TournamentOrganizerDisqualificationFAQ-PT.pdf\" target=\"_blank\" rel=\"noopener noreferrer\"><img loading=\"lazy\" decoding=\"async\" class=\" size-full wp-image-1390 aligncenter\" src=\"http:\/\/blogs.magicjudges.org\/o\/files\/2015\/01\/1420963073_699581-icon-70-document-file-pdf-128.png\" alt=\"\" width=\"48\" height=\"48\" \/><\/a><\/th>\n<\/tr>\n<\/tbody>\n<\/table>\n<p>Se voc\u00ea gostaria de ajudar a traduzir esses documentos para o seu idioma, por favor entre em contato com o <span class='judge-tooltip'><a href='https:\/\/apps.magicjudges.org\/judges\/dci\/88735146' >Alejandro Raggio<\/a><span class='avatar'><img width='200' height='200' src='https:\/\/apps.magicjudges.org\/dci\/avatar?dci=88735146&size=200'><\/span><\/span>.<\/p>\n","protected":false},"excerpt":{"rendered":"<p>O principal a ser lembrado Siga os procedimentos explicados no Procedimento de Desclassifica\u00e7\u00e3o para o Juiz\u00ad-Mor. A parte mais importante \u00e9 pedir ao jogador, ju\u00edzes envolvidos e testemunhas para deixarem suas informa\u00e7\u00f5es de contato. Imprima uma c\u00f3pia do arquivo FAQ de Desclassifica\u00e7\u00e3o\u00a0para Jogadores e a d\u00ea ao jogador desclassificado. Este documento de uma p\u00e1gina explicar\u00e1 [&hellip;]<\/p>\n","protected":false},"author":13,"featured_media":0,"parent":0,"menu_order":0,"comment_status":"closed","ping_status":"closed","template":"page_width-index.php","meta":{"footnotes":"","_links_to":"","_links_to_target":""},"language":[20],"class_list":["post-1638","page","type-page","status-publish","hentry","language-pt"],"_links":{"self":[{"href":"https:\/\/blogs.magicjudges.org\/o\/wp-json\/wp\/v2\/pages\/1638","targetHints":{"allow":["GET"]}}],"collection":[{"href":"https:\/\/blogs.magicjudges.org\/o\/wp-json\/wp\/v2\/pages"}],"about":[{"href":"https:\/\/blogs.magicjudges.org\/o\/wp-json\/wp\/v2\/types\/page"}],"author":[{"embeddable":true,"href":"https:\/\/blogs.magicjudges.org\/o\/wp-json\/wp\/v2\/users\/13"}],"replies":[{"embeddable":true,"href":"https:\/\/blogs.magicjudges.org\/o\/wp-json\/wp\/v2\/comments?post=1638"}],"version-history":[{"count":16,"href":"https:\/\/blogs.magicjudges.org\/o\/wp-json\/wp\/v2\/pages\/1638\/revisions"}],"predecessor-version":[{"id":4332,"href":"https:\/\/blogs.magicjudges.org\/o\/wp-json\/wp\/v2\/pages\/1638\/revisions\/4332"}],"wp:attachment":[{"href":"https:\/\/blogs.magicjudges.org\/o\/wp-json\/wp\/v2\/media?parent=1638"}],"wp:term":[{"taxonomy":"language","embeddable":true,"href":"https:\/\/blogs.magicjudges.org\/o\/wp-json\/wp\/v2\/language?post=1638"}],"curies":[{"name":"wp","href":"https:\/\/api.w.org\/{rel}","templated":true}]}}