{"id":1683,"date":"2015-07-01T20:06:26","date_gmt":"2015-07-01T20:06:26","guid":{"rendered":"http:\/\/blogs.magicjudges.org\/o\/?page_id=1683"},"modified":"2017-03-14T23:41:47","modified_gmt":"2017-03-14T23:41:47","slug":"communication-channels-pt","status":"publish","type":"page","link":"https:\/\/blogs.magicjudges.org\/o\/communication-channels-pt\/","title":{"rendered":"Canais de Comunica\u00e7\u00e3o"},"content":{"rendered":"<p>A comunica\u00e7\u00e3o \u00e9 t\u00e3o importante dentro das regi\u00f5es quando entre elas. O programa de ju\u00edzes estabeleceu v\u00e1rias ferramentas e redes para possibilitar essa comunica\u00e7\u00e3o.<\/p>\n<h2>Global<\/h2>\n<div class=\"row judge-familiar-stacked-pills \"><ul class=\"nav nav-pills nav-stacked col-lg-3\" role=\"tablist\"><li class=\"nav-item\"><a href=\"#judgeapps\" class=\"nav-link active\" role=\"tab\" data-toggle=\"tab\">JudgeApps<\/a><\/li><li class=\"nav-item\"><a href=\"#centro-de-juizes\" class=\"nav-link \" role=\"tab\" data-toggle=\"tab\">Centro de Ju\u00edzes<\/a><\/li><li class=\"nav-item\"><a href=\"#judge-blogs\" class=\"nav-link \" role=\"tab\" data-toggle=\"tab\">Judge Blogs<\/a><\/li><li class=\"nav-item\"><a href=\"#conduta-de-juizes\" class=\"nav-link \" role=\"tab\" data-toggle=\"tab\">Conduta de Ju\u00edzes<\/a><\/li><li class=\"nav-item\"><a href=\"#canais-de-irc\" class=\"nav-link \" role=\"tab\" data-toggle=\"tab\">Canais de IRC<\/a><\/li><li class=\"nav-item\"><a href=\"#social-media\" class=\"nav-link \" role=\"tab\" data-toggle=\"tab\">Social Media<\/a><\/li><\/ul><div class=\"tab-content col-lg-9\"><div role=\"tabpanel\" class=\"tab-pane fade in active\" id=\"judgeapps\">\n<h3><strong>JudgeApps<\/strong><\/h3>\n<p>O JudgeApps \u00e9 a plataforma principal de comunica\u00e7\u00e3o, colabora\u00e7\u00e3o e coordena\u00e7\u00e3o no programa. Os f\u00f3runs s\u00e3o hospedados aqui, e a ferramenta \u00e9 utilizada para o gerenciamento de eventos e projetos.<\/p>\n<p><a href=\"http:\/\/apps.magicjudges.org\/\">Site<\/a><br \/>\n<a href=\"http:\/\/apps.magicjudges.org\/forum\/\"><\/a>(<a title=\"Protocolo do F\u00f3rum JudgeApps\" href=\"http:\/\/blogs.magicjudges.org\/o\/judge-program-structure\/communication-channels\/judgeapps-forum-protocol-pt\/\">Protocolo<\/a> do f\u00f3rum)<br \/>\n<\/div><div role=\"tabpanel\" class=\"tab-pane fade \" id=\"centro-de-juizes\">\n<h3><strong>Centro de Ju\u00edzes<\/strong><\/h3>\n<p>O Centro de Ju\u00edzes (tamb\u00e9m chamado de DCIX) \u00e9 um site mantido pela Wizards of the Coast para rastrear n\u00edveis, avalia\u00e7\u00f5es, provas e investiga\u00e7\u00f5es no programa de ju\u00edzes.<\/p>\n<p><a href=\"http:\/\/judge.wizards.com\/\">Centro de Ju\u00edzes<\/a><br \/>\n<\/div><div role=\"tabpanel\" class=\"tab-pane fade \" id=\"judge-blogs\">\n<h3><strong>Judge Blogs<\/strong><\/h3>\n<p>Os Judge Blogs s\u00e3o uma rede de blogs para projetos ou ju\u00edzes individuais, utilizando o WordPress. L\u00e1 voc\u00ea pode encontrar todo o tipo de conte\u00fado \u00fatil e interessante, ou at\u00e9 mesmo criar o seu pr\u00f3prio blog.<\/p>\n<p><a href=\"http:\/\/blogs.magicjudges.org\/\">Judge News<\/a><br \/>\n<a href=\"http:\/\/blogs.magicjudges.org\/blog-portal\/\">Portal do Judge Blog<\/a><br \/>\n<a href=\"http:\/\/blogs.magicjudges.org\/help\/\">P\u00e1gina de Suporte<\/a><br \/>\n<\/div><div role=\"tabpanel\" class=\"tab-pane fade \" id=\"conduta-de-juizes\">\n<h3><strong>Formul\u00e1rio de Feedback de Conduta de Ju\u00edzes<\/strong><\/h3>\n<p>O formul\u00e1rio de feedback de Conduta de Ju\u00edzes fornece a todos uma maneira an\u00f4nima de denunciar desvios de conduta de ju\u00edzes \u00e0 lideran\u00e7a de ju\u00edzes.<\/p>\n<p><a href=\"http:\/\/goo.gl\/wj7Zp0\">Link direto para o formul\u00e1rio<\/a><br \/>\n<a href=\"http:\/\/blogs.magicjudges.org\/conduct\/2014\/12\/01\/announcing-magic-judge-feedback-form\/\">Introdu\u00e7\u00e3o e explica\u00e7\u00e3o do formul\u00e1rio (em ingl\u00eas)<\/a><br \/>\n<\/div><div role=\"tabpanel\" class=\"tab-pane fade \" id=\"canais-de-irc\">\n<h3><strong>Canais de IRC<\/strong><\/h3>\n<p>Canais de IRC existem h\u00e1 bastante tempo. Em v\u00e1rios canais voc\u00ea pode discutir todo o tipo de assuntos relacionados a ju\u00edzes. Lembre que voc\u00ea deve estar familiarizado com as perguntas frequentes!<\/p>\n<table class=\"table table-hover table-sm\">\n<thead>\n<tr>\n<th>#mtgjudge<\/th>\n<th>#mtgrules<\/th>\n<\/tr>\n<\/thead>\n<tbody>\n<tr>\n<td><a title=\"Perguntas Frequentes Mtgjudge\" href=\"http:\/\/blogs.magicjudges.org\/o\/judge-program-structure\/communication-channels\/irc-mtgjudge-faq-pt\/\">Perguntas Frequentes<\/a><\/td>\n<td><a title=\"Perguntas Frequentes Mtgrules\" href=\"http:\/\/blogs.magicjudges.org\/o\/judge-program-structure\/communication-channels\/irc-mtgrules-faq-pt\/\">Perguntas Frequentes<\/a><\/td>\n<\/tr>\n<tr>\n<td><a title=\"Cliente Web Mtgjudge\" href=\"http:\/\/chat.magicjudges.org\/mtgjudge\/\">Cliente Web<\/a><\/td>\n<td><a title=\"Cliente Web Mtgrules\" href=\"http:\/\/chat.magicjudges.org\/mtgrules\/\">Cliente Web<\/a><\/td>\n<\/tr>\n<\/tbody>\n<\/table>\n<p><\/div><div role=\"tabpanel\" class=\"tab-pane fade \" id=\"social-media\">\n<h3><strong>M\u00eddia Social<\/strong><\/h3>\n<p>Ju\u00edzes de Magic est\u00e3o presentes em v\u00e1rios canais de M\u00eddia Social. Garanta que voc\u00ea estar\u00e1 atualizado se inscrevendo em algum dos seguintes canais!<\/p>\n<p><a href=\"http:\/\/www.facebook.com\/MagicJudges\">P\u00e1gina do Facebook Magic Judges<\/a><br \/>\n<a title=\"Twitter\" href=\"https:\/\/twitter.com\/MagicJudges\">Twitter Magic Judges<\/a><br \/>\n<\/div><\/div><\/div>\n<h2>Local<\/h2>\n<p>A maioria das regi\u00f5es utiliza f\u00f3runs privados no JudgeApps. H\u00e1 v\u00e1rios outros f\u00f3runs locais, listas de email e outros canais de comunica\u00e7\u00e3o.<\/p>\n<div class=\"row judge-familiar-stacked-pills \"><ul class=\"nav nav-pills nav-stacked col-lg-3\" role=\"tablist\"><li class=\"nav-item\"><a href=\"#asia-pacific\" class=\"nav-link active\" role=\"tab\" data-toggle=\"tab\">Asia Pacific<\/a><\/li><li class=\"nav-item\"><a href=\"#europe\" class=\"nav-link \" role=\"tab\" data-toggle=\"tab\">Europe<\/a><\/li><li class=\"nav-item\"><a href=\"#latin-america\" class=\"nav-link \" role=\"tab\" data-toggle=\"tab\">Latin America<\/a><\/li><li class=\"nav-item\"><a href=\"#north-america\" class=\"nav-link \" role=\"tab\" data-toggle=\"tab\">North America<\/a><\/li><\/ul><div class=\"tab-content col-lg-9\"><div role=\"tabpanel\" class=\"tab-pane fade in active\" id=\"asia-pacific\">\n<h3><strong>\u00c1sia Pac\u00edfico<\/strong><\/h3>\n<p>Austr\u00e1lia &amp; Nova Zel\u00e2ndia \u2014 <a href=\"https:\/\/www.facebook.com\/pages\/Magic-Judges-Australia-and-New-Zealand\/167673046576824\">P\u00e1gina de Facebook de Ju\u00edzes<\/a>, <a href=\"https:\/\/www.facebook.com\/groups\/349664251757842\/\">Grupo de Facebook para Perguntas e Respostas de Pol\u00edticas e Regras<\/a><\/p>\n<p>Indon\u00e9sia \u2014\u00a0<a href=\"https:\/\/www.facebook.com\/groups\/163943330454286\/\">Grupo de Facebook<\/a><\/p>\n<p>Jap\u00e3o \u2014\u00a0<a href=\"http:\/\/ml.f-o-r.net\/mailman\/listinfo\/jjml\">Lista de emails<\/a>,\u00a0<a href=\"http:\/\/qabbs.mjmj.info\/\">F\u00f3rum de regras<\/a><\/p>\n<p>Oriente M\u00e9dio \u2014 <a href=\"https:\/\/www.facebook.com\/groups\/MiddleEastMagicJudges\/\">Grupo de Facebook<\/a><\/p>\n<p>Filipinas \u2014\u00a0<a href=\"http:\/\/www.neutralgrounds.net\/forums\/index.php\/board,112.0.html\">Subf\u00f3rum particular<\/a><\/p>\n<p>Taiwan \u2014\u00a0<a href=\"http:\/\/www.facebook.com\/groups\/395098250379\/\">Grupo de Facebook<\/a><\/p>\n<p>Tail\u00e2ndia \u2014\u00a0<a href=\"http:\/\/www.after2k.net\/\">Subf\u00f3rum particular<\/a><\/p>\n<p><\/div><div role=\"tabpanel\" class=\"tab-pane fade \" id=\"europe\">\n<h3><strong>Europa<\/strong><\/h3>\n<p>\u00c1ustria \u2014\u00a0<a href=\"http:\/\/forum.ragorn.at\/\">Subf\u00f3rum particular<\/a><\/p>\n<p>BeNeLux \u2014\u00a0<a href=\"https:\/\/www.facebook.com\/groups\/100533240062499\/\">Grupo de Facebook<\/a><\/p>\n<p>Cro\u00e1cia \u2014\u00a0<a href=\"http:\/\/www.cromtg.com\/\">private subforum<\/a><\/p>\n<p>Europa-Meio Leste \u2014\u00a0\u00a0<a href=\"http:\/\/www.facebook.com\/groups\/256288497759741\/\">Grupo de Facebook<\/a><\/p>\n<p>Europa-Norte \u2014\u00a0<a href=\"http:\/\/forums.nordic-judges.org\/\">forum<\/a><\/p>\n<p>Fran\u00e7a \u2014\u00a0<a href=\"https:\/\/www.facebook.com\/groups\/1191969180942292\/\">Facebook group<\/a><\/p>\n<p>Gr\u00e9cia \u2014\u00a0<a href=\"https:\/\/www.facebook.com\/groups\/188253871322957\/\">Grupo de Facebook<\/a><\/p>\n<p>Irlanda \u2014\u00a0<a href=\"http:\/\/www.magicjudge.co.uk\/\">F\u00f3rum<\/a><\/p>\n<p>It\u00e1lia \u2014\u00a0<a href=\"http:\/\/www.italianmagicjudges.net\/\">Website<\/a>,\u00a0<a href=\"https:\/\/www.facebook.com\/Imj4You\">P\u00e1gina de Facebook<\/a>, <a href=\"http:\/\/it.groups.yahoo.com\/group\/ItalianMagicJudges\/\">Lista de emails<\/a>,\u00a0<a href=\"http:\/\/games.groups.yahoo.com\/group\/Judge_L2\/\">Lista de emails N2+<\/a>,\u00a0<a href=\"http:\/\/health.groups.yahoo.com\/group\/cupola_L3\/\">Lista de emails N3+<\/a><\/p>\n<p>Pol\u00f4nia \u2014 <a href=\"http:\/\/forum.magicjudge.pl\/\">F\u00f3rum<\/a><\/p>\n<p>Portugal \u2014\u00a0<a href=\"https:\/\/www.facebook.com\/groups\/137659756298411\/\" target=\"_blank\">Grupo de Facebook<\/a><\/p>\n<p>Pa\u00edses que falam Russo \u2014\u00a0<a href=\"http:\/\/groups.google.com\/group\/mtgjudge-ru\">Lista de emails<\/a><\/p>\n<p>\u00c1frica do Sul \u2014\u00a0<a href=\"http:\/\/www.magicjudge.co.uk\/\">F\u00f3rum<\/a>,\u00a0<a href=\"http:\/\/www.facebook.com\/groups\/262018220535350\">Grupo de Facebook<\/a><\/p>\n<p>Espanha \u2014\u00a0<a href=\"https:\/\/www.facebook.com\/JuecesMagic\">Grupo de Facebook<\/a><\/p>\n<p>Su\u00ed\u00e7a \u2014\u00a0<a href=\"http:\/\/www.swissmtg.ch\/\">Website e f\u00f3rum<\/a><\/p>\n<p>Reino Unido \u2014\u00a0<a href=\"http:\/\/www.magicjudge.co.uk\/\">F\u00f3rum<\/a><br \/>\n<\/div><div role=\"tabpanel\" class=\"tab-pane fade \" id=\"latin-america\">\n<h3><strong>America Latina<\/strong><\/h3>\n<p><a href=\"http:\/\/groups.google.com\/group\/latammagicjudges\">Lista de emails para toda a Am\u00e9rica Latina<\/a><br \/>\n<a href=\"http:\/\/groups.google.com\/group\/l2-latam\">Lista de emails para N2+ que falam espanhol<\/a><br \/>\n<a href=\"http:\/\/groups.google.com\/group\/l3-latam\">Lista de emails para N3 latino americanos<\/a><br \/>\n<a href=\"http:\/\/www.latammagicjudges.com\/\">Website de Ju\u00edzes Latino Americanos<\/a><br \/>\n<a href=\"https:\/\/www.facebook.com\/groups\/17365604811\/\">Grupo de Facebook de Ju\u00edzes latino americanos<\/a><\/p>\n<p>Argentina \u2014\u00a0<a href=\"http:\/\/groups.google.com\/group\/dciargentina\">Lista de emails<\/a><i><br \/>\n<\/i><\/p>\n<p>Brasil \u2014\u00a0<a href=\"http:\/\/groups.google.com\/group\/juizes-magic-brasil\">Lista de emails<\/a>,\u00a0<a href=\"http:\/\/groups.google.com\/group\/juizes-l2-brasil\">Lista de emails N2+<\/a>, <a href=\"http:\/\/groups.google.com\/group\/juizes-l3-brasil\">Lista de emails N3<\/a>, <a href=\"https:\/\/www.facebook.com\/groups\/620995374593981\/\">Grupo de Facebook<\/a><i><br \/>\n<\/i><\/p>\n<p>Chile \u2014\u00a0<a href=\"http:\/\/www.portalmagic.cl\/\">Subf\u00f3rum particular<\/a><\/p>\n<p>M\u00e9xico \u2014\u00a0<a href=\"mailto:jueces_dci_mexico@googlegroups.com\">Lista de emails<\/a><br \/>\n<\/div><div role=\"tabpanel\" class=\"tab-pane fade \" id=\"north-america\">\n<h3><strong>EUA &amp; Canad\u00e1<\/strong><\/h3>\n<h4><strong>Canad\u00e1<\/strong><\/h4>\n<p><a href=\"http:\/\/www.facebook.com\/groups\/111190048970554\/\">Grupo de Facebook<\/a><\/p>\n<p>Col\u00fambia Brit\u00e2nica \u2014\u00a0<a href=\"http:\/\/groups.google.ca\/group\/bc-judges?hl=en\">Lista de emails<\/a>,\u00a0<a href=\"http:\/\/www.roguegaming.com\/\">F\u00f3rum<\/a><\/p>\n<p>Ont\u00e1rio \u2014\u00a0<a href=\"http:\/\/groups.google.com\/group\/ontario-judges\">Lista de emails<\/a>,\u00a0<a href=\"http:\/\/www.mtgontario.com\/index.php?name=Forums&amp;file=viewforum&amp;f=4\">F\u00f3rum<\/a><\/p>\n<p>Quebec \u2014\u00a0<a href=\"http:\/\/www.facebook.com\/groups\/127233584101092\/\">Grupo de Facebook<\/a>,\u00a0<a href=\"http:\/\/www.mtgquebec.com\/\">forum<\/a><\/p>\n<p>Saskatchewan \u2014\u00a0<a href=\"http:\/\/forums.saskgames.com\/index.php?board=11.0\">F\u00f3rum<\/a><\/p>\n<h4><strong>EUA<\/strong><\/h4>\n<p>EUA Meio atl\u00e2ntico \u2014\u00a0<a href=\"http:\/\/www.facebook.com\/groups\/275315632566297\/\">Grupo de Facebook<\/a>,\u00a0<a href=\"http:\/\/games.groups.yahoo.com\/group\/midatlantic_judges\/\">Lista de emails<\/a>, <a href=\"https:\/\/www.facebook.com\/groups\/468599866554008\/\">Grupo de Facebook de Tennessee<\/a><\/p>\n<p>EUA Meio oeste \u2014\u00a0<a href=\"http:\/\/www.facebook.com\/home.php?#\/group.php?gid=142755795361&amp;ref=ts\">Grupo de Facebook<\/a>, <a href=\"https:\/\/www.facebook.com\/groups\/MNJudges\/\">Grupo de Facebok de Minnesota<\/a><\/p>\n<p>EUA Nordeste \u2014\u00a0<a href=\"http:\/\/www.facebook.com\/groups\/174764119273626\/\">Grupo de Facebook<\/a>, <a href=\"http:\/\/blogs.magicjudges.org\/northeast\/\">Blog regional<\/a><\/p>\n<p>EUA Noroeste \u2014 <a href=\"https:\/\/www.facebook.com\/groups\/310530558980897\/\">Grupo de Facebook group para eventos<\/a>,\u00a0<a href=\"https:\/\/www.facebook.com\/groups\/100566163471887\/\">Grupo de Facebook<\/a>, <a href=\"https:\/\/www.facebook.com\/groups\/1477318089211022\/\">Grupo de Facebook de Utah<\/a>, <a href=\"https:\/\/www.facebook.com\/groups\/505876406190158\/\">Grupo de Facebook de Hava\u00ed<\/a>, <a href=\"https:\/\/www.facebook.com\/groups\/371365369636654\/\">Grupo de Facebook de Montana<\/a>, <a href=\"https:\/\/www.facebook.com\/groups\/538667029514978\/\">Grupo de Facebook de Wyoming<\/a><\/p>\n<p>EUA Sudeste \u2014\u00a0<a href=\"http:\/\/www.facebook.com\/groups\/293496447377260\/\">Grupo de Facebook de Carolina do Norte<\/a>,\u00a0<a href=\"http:\/\/www.facebook.com\/groups\/176387682403530\/\">Grupo de Facebook de Alabama-Mississippi<\/a>,\u00a0<a href=\"http:\/\/www.facebook.com\/groups\/225652297463712\/\">Grupo de Facebook de Georgia<\/a>,\u00a0<a href=\"http:\/\/www.facebook.com\/groups\/142962112452589\/\">Grupo de Facebook de Fl\u00f3rida<\/a><\/p>\n<p>EUA Sudoeste \u2014\u00a0<a href=\"http:\/\/www.facebook.com\/groups\/245920358820640\/\">Grupo de Facebook dos EUA Sudoeste<\/a>,\u00a0<a href=\"http:\/\/www.facebook.com\/groups\/303949733002669\/\">Grupo de Facebook de Arizona<\/a>,\u00a0<a href=\"http:\/\/www.facebook.com\/groups\/157082494367484\/\">Grupo de Facebook do Sul da Calof\u00f3rnia<\/a>,\u00a0<a href=\"http:\/\/www.facebook.com\/groups\/194050610692847\/\">Grupo de Facebook do Vale Central<\/a><br \/>\n<\/div><\/div><\/div>\n","protected":false},"excerpt":{"rendered":"<p>A comunica\u00e7\u00e3o \u00e9 t\u00e3o importante dentro das regi\u00f5es quando entre elas. O programa de ju\u00edzes estabeleceu v\u00e1rias ferramentas e redes para possibilitar essa comunica\u00e7\u00e3o. Global Local A maioria das regi\u00f5es utiliza f\u00f3runs privados no JudgeApps. H\u00e1 v\u00e1rios outros f\u00f3runs locais, listas de email e outros canais de comunica\u00e7\u00e3o.<\/p>\n","protected":false},"author":126,"featured_media":0,"parent":0,"menu_order":0,"comment_status":"closed","ping_status":"closed","template":"page_width-index.php","meta":{"footnotes":"","_links_to":"","_links_to_target":""},"language":[20],"class_list":["post-1683","page","type-page","status-publish","hentry","language-pt"],"_links":{"self":[{"href":"https:\/\/blogs.magicjudges.org\/o\/wp-json\/wp\/v2\/pages\/1683","targetHints":{"allow":["GET"]}}],"collection":[{"href":"https:\/\/blogs.magicjudges.org\/o\/wp-json\/wp\/v2\/pages"}],"about":[{"href":"https:\/\/blogs.magicjudges.org\/o\/wp-json\/wp\/v2\/types\/page"}],"author":[{"embeddable":true,"href":"https:\/\/blogs.magicjudges.org\/o\/wp-json\/wp\/v2\/users\/126"}],"replies":[{"embeddable":true,"href":"https:\/\/blogs.magicjudges.org\/o\/wp-json\/wp\/v2\/comments?post=1683"}],"version-history":[{"count":21,"href":"https:\/\/blogs.magicjudges.org\/o\/wp-json\/wp\/v2\/pages\/1683\/revisions"}],"predecessor-version":[{"id":3896,"href":"https:\/\/blogs.magicjudges.org\/o\/wp-json\/wp\/v2\/pages\/1683\/revisions\/3896"}],"wp:attachment":[{"href":"https:\/\/blogs.magicjudges.org\/o\/wp-json\/wp\/v2\/media?parent=1683"}],"wp:term":[{"taxonomy":"language","embeddable":true,"href":"https:\/\/blogs.magicjudges.org\/o\/wp-json\/wp\/v2\/language?post=1683"}],"curies":[{"name":"wp","href":"https:\/\/api.w.org\/{rel}","templated":true}]}}