{"id":1689,"date":"2016-03-28T20:23:56","date_gmt":"2016-03-28T20:23:56","guid":{"rendered":"http:\/\/blogs.magicjudges.org\/o\/?page_id=1689"},"modified":"2018-12-31T16:44:11","modified_gmt":"2018-12-31T16:44:11","slug":"irc-mtgrules-faq-pt","status":"publish","type":"page","link":"https:\/\/blogs.magicjudges.org\/o\/communication-channels-pt\/irc-mtgrules-faq-pt\/","title":{"rendered":"FAQ do #mtgrules no IRC"},"content":{"rendered":"<div class=\"alert alert-info\" role=\"alert\"> Links para os canais IRC: <a href=\"http:\/\/chat.magicjudges.org\/mtgjudge\/\">#mtgjudge<\/a> e <a href=\"http:\/\/chat.magicjudges.org\">#mtgrules<\/a>.<\/div>\n<h2>O que \u00e9 #mtgrules?<\/h2>\n<p>O canal dos Ju\u00edzes de Magic no Internet Relay Chat (IRC) \u00e9 focado em quest\u00f5es de regras. Jogadores, Organizadores de Torneio, e Ju\u00edzes que n\u00e3o est\u00e3o seguros de quest\u00f5es sobre regras de Magic: The Gathering\u2122, podem fazer suas perguntas sem medo, no conhecimento de que eles receber\u00e3o respostas corretas, suplementadas com os motivos e trechos de regras, caso necess\u00e1rio.<\/p>\n<p>Perguntas curtas sobre pol\u00edtica de torneios s\u00e3o permitidas, mas devem ser redirecionadas para #mtgjudge se a situa\u00e7\u00e3o \u00e9 complexa, ou se quest\u00f5es subsequentes derivadas da original surgirem. Operadores do Canal ir\u00e3o interromper conversas fora de t\u00f3pico o mais r\u00e1pido poss\u00edvel, a fim de evitar que se torne um bate-papo comum.<\/p>\n<h2>O que \u00e9 um Operador de Canal?<\/h2>\n<p>Este canal possui algumas que o controlam &#8211; eles s\u00e3o Ju\u00edzes N\u00edvel 2 ou maior que foram selecionados (ent\u00e3o por favor, n\u00e3o pergunte se voc\u00ea pode se tornar um) para garantir que os t\u00f3picos discutidos no canal sejam quest\u00f5es relevantes de regras. Se um Operador (Indentific\u00e1vel pelo s\u00edmbolo de estrela ou @) pede algo \u00e0 voc\u00ea, por favor respeite o pedido. Nossos Operadores (e seus nomes de usu\u00e1rio) atualmente s\u00e3o:<\/p>\n<p><div class=\"wp-caption alignleft judgeimg\"><a href=\"https:\/\/apps.magicjudges.org\/judges\/dci\/79945451\"><img src=https:\/\/apps.magicjudges.org\/dci\/avatar?dci=79945451&size=200 alt=\"Jason Lemahieu (Lems)\nN\u00edvel 3, Wisconsin (EUA)\"><\/a><p class=\"wp-caption-text\">Jason Lemahieu (Lems)<br \/>\nN\u00edvel 3, Wisconsin (EUA)<\/p><\/div><div class=\"wp-caption alignleft judgeimg\"><a href=\"https:\/\/apps.magicjudges.org\/judges\/dci\/157621\"><img src=https:\/\/apps.magicjudges.org\/dci\/avatar?dci=157621&size=200 alt=\"Mark Brown (MnarkBr)\nN\u00edvel 2, Australia\"><\/a><p class=\"wp-caption-text\">Mark Brown (MnarkBr)<br \/>\nN\u00edvel 2, Australia<\/p><\/div> <div class=\"wp-caption alignleft judgeimg\"><a href=\"https:\/\/apps.magicjudges.org\/judges\/dci\/11134222\"><img src=https:\/\/apps.magicjudges.org\/dci\/avatar?dci=11134222&size=200 alt=\"Johanna Virtanen (flame-)\nN\u00edvel 3, Finland\"><\/a><p class=\"wp-caption-text\">Johanna Virtanen (flame-)<br \/>\nN\u00edvel 3, Finland<\/p><\/div> <div class=\"wp-caption alignleft judgeimg\"><a href=\"https:\/\/apps.magicjudges.org\/judges\/dci\/3102549036\"><img src=https:\/\/apps.magicjudges.org\/dci\/avatar?dci=3102549036&size=200 alt=\"Jack Doyle (Scryus)\nN\u00edvel 3, United Kingdom\"><\/a><p class=\"wp-caption-text\">Jack Doyle (Scryus)<br \/>\nN\u00edvel 3, United Kingdom<\/p><\/div> <div class=\"wp-caption alignleft judgeimg\"><a href=\"https:\/\/apps.magicjudges.org\/judges\/dci\/18276430\"><img src=https:\/\/apps.magicjudges.org\/dci\/avatar?dci=18276430&size=200 alt=\"Arttu Kaipiainen (luma)\nN\u00edvel 2, Finland\"><\/a><p class=\"wp-caption-text\">Arttu Kaipiainen (luma)<br \/>\nN\u00edvel 2, Finland<\/p><\/div> <div class=\"wp-caption alignleft judgeimg\"><a href=\"https:\/\/apps.magicjudges.org\/judges\/dci\/1208473485\"><img src=https:\/\/apps.magicjudges.org\/dci\/avatar?dci=1208473485&size=200 alt=\"Carsten Haese (Cars10)\nN\u00edvel 2, Ohio (EUA)\"><\/a><p class=\"wp-caption-text\">Carsten Haese (Cars10)<br \/>\nN\u00edvel 2, Ohio (EUA)<\/p><\/div> <div class=\"wp-caption alignleft judgeimg\"><a href=\"https:\/\/apps.magicjudges.org\/judges\/dci\/23131655\"><img src=https:\/\/apps.magicjudges.org\/dci\/avatar?dci=23131655&size=200 alt=\"Nathan Long (Natedogg2)\nN\u00edvel 2, Colorado\u00a0(EUA)\"><\/a><p class=\"wp-caption-text\">Nathan Long (Natedogg2)<br \/>\nN\u00edvel 2, Colorado\u00a0(EUA)<\/p><\/div><\/p>\n<h2>Etiqueta no canal<\/h2>\n<h3><strong>Quando eu posso fazer uma pergunta?<\/strong><\/h3>\n<p>Ao entrar em um canal, \u00e9 uma boa id\u00e9ia esperar alguns segundos para verificar se alguma discuss\u00e3o est\u00e1 em progresso. Se sim, recomendamos esperar at\u00e9 a quest\u00e3o anterior ser resolvida. Caso ningu\u00e9m esteja falando, sinta-se a vontade para fazer sua pergunta! Quase sempre haver\u00e3o vonlunt\u00e1rios dispon\u00edveis para lhe auxiliar, n\u00e3o \u00e9 necess\u00e1rio perguntar se algu\u00e9m est\u00e1 acordado. Por\u00e9m, algumas vezes pode levar alguns minutos para alguem responder sua pergunta, ent\u00e3o por favor, seja paciente!<\/p>\n<h3><strong>Eu possuo uma quest\u00e3o sobre uma carta que est\u00e1 na pr\u00f3xima cole\u00e7\u00e3o, \u00e9 ok faz\u00ea-la?<\/strong><\/h3>\n<p>Antes do lan\u00e7amento de uma nova cole\u00e7\u00e3o, muitas pessoas querem fazer perguntas sobre as cartas por vir. N\u00f3s n\u00e3o podemos responder quest\u00f5es sobre cartas n\u00e3o oficialmente reveladas. Pr\u00e9vias oficiais (listadas no site da Wizards of the Coast) s\u00e3o permitidas.<\/p>\n<p>N\u00f3s tamb\u00e9m n\u00e3o respondemos quest\u00f5es sobre novas mec\u00e2nicas at\u00e9 as regras oficiais serem oficialmente divulgadas, devido a possibilidade de mudan\u00e7a nas mesmas. Tudo ser\u00e1 explicado nas Notas de Lan\u00e7amento, que s\u00e3o liberadas antes do pr\u00e9-lan\u00e7amento da edi\u00e7\u00e3o.<\/p>\n<h3><strong>Como eu fa\u00e7o o texto de uma carta aparecer?<\/strong><\/h3>\n<p>Digite &#8220;!nome da carta&#8221;, e nosso bot automatizado Datatog ir\u00e1 mostrar o texto da carta. Por favor, n\u00e3o use-o caso n\u00e3o seja relacionado \u00e0 quest\u00e3o sendo feita. Se voc\u00ea quer apenas olhar o texto de uma carta, mande uma mensagem privada ao bot &#8211; digite &#8220;\/msg Datatog !nome da carta&#8221;.<\/p>\n<h3><strong>Qual o N\u00edvel de voc\u00eas? Como saber quem \u00e9 um ju\u00edz certificado e quem n\u00e3o \u00e9?<\/strong><\/h3>\n<p>A maioria dos participantes frequentes do canal s\u00e3o ju\u00edzes certificados, por\u00e9m temos experts em regras que n\u00e3o s\u00e3o certificados. Possu\u00edmos ju\u00edzes de todos os n\u00edveis no canal, e se algu\u00e9m fornecer uma resposta incorreta, outros ir\u00e3o rapidamente corrig\u00ed-lo(a). Os moderadores do canal s\u00e3o no m\u00ednimo N\u00edvel 2.<\/p>\n<h3><strong>Por que aquela pessoa foi banida?<\/strong><\/h3>\n<p>Comportamento inapropriado n\u00e3o ser\u00e1 tolerado.<\/p>\n<p>Se voc\u00ea n\u00e3o consegue entrar em nenhum canal, seu enrede\u00e7o de IP pode estar banido pelo pr\u00f3prio servidor. Tentar um servidor diferente pode funcionar, uma lista dos servidores pode ser encontrada <a href=\"http:\/\/www.efnet.org\/?module=servers\">aqui<\/a>.<\/p>\n<h3><strong>Esse canal \u00e9 \u00f3timo! Eu sou um organizador de torneios, posso usar esse canal quando meus jogadores tiverem perguntas durante um torneio?<\/strong><\/h3>\n<p>Claro. Mas, \u00e9 sempre uma boa id\u00e9ia ter um ju\u00edz fisicamente presente em seus torneios. Caso queira mais informa\u00e7\u00e3o sobre como encontrar um ju\u00edz certificado numa \u00e1rea pr\u00f3xima de voc\u00ea, ou como se tornar um ju\u00edz voc\u00ea mesmo, por favor entre em #mtgjudge. (\/join #mtgjudge na maioria dos clientes IRC)<\/p>\n<h3><strong>Eu sou um ju\u00edz e quero ajudar a responder quest\u00f5es. Existe alguma regra?<\/strong><\/h3>\n<p>Isso \u00e9 \u00f3timo; n\u00f3s estamos sempre procurando por pessoas para ajudar. Por\u00e9m, entenda que este canal n\u00e3o \u00e9 um local de treinamento para pessoas que querem testar seu conhecimento e dar palpites em quest\u00f5es de regras. Esse \u00e9 o local que pessoas que possuem d\u00favidas vem para obter suas respostas.<\/p>\n<p>Se voc\u00ea \u00e9 um ju\u00edz que quer come\u00e7ar \u00e0 ajudar, experimente esperar um pouco e pensar sobre as respostas que voc\u00ea daria, enquanto outros o fazem. \u00c9 uma grande oportunidade de aprendizado e ir\u00e1 lhe ajudar a aumentar sua confian\u00e7a e habilidade de responder perguntas.<\/p>\n<p>N\u00e3o continue discuss\u00f5es al\u00e9m do ponto de questionamento; fique atento para quando a pessoa que originalmente fez a pergunta sair do canal. N\u00e3o discuta em detalhe como uma intera\u00e7\u00e3o funcionaria de acordo com sistemas de regras ou pol\u00edtica antigos. Direcione usu\u00e1rios para onde eles necessitam estar &#8211; Opera\u00e7\u00f5es e pol\u00edtica de torneio em #mtgjudge, conversa fora de t\u00f3pico em #mtg.<\/p>\n<p>Por \u00faltimo, respeite os pedidos dos Operadores. Se eles determinam que uma conversa est\u00e1 fora de t\u00f3pico, n\u00e3o prossiga com a linha de racioc\u00ednio. Aqueles respondendo perguntas de regras n\u00e3o est\u00e3o exclusos da puni\u00e7\u00e3o de uma hora.<\/p>\n<h2>Como se conectar ao IRC<\/h2>\n<p>Se voc\u00ea est\u00e1 lendo este FAQ, voc\u00ea provavelmente j\u00e1 localizou #mtgjudge e clicou no link no t\u00f3pico. Se n\u00e3o, aqui est\u00e3o algumas dicas:<\/p>\n<p>Voc\u00ea pode usar a <a href=\"http:\/\/chat.magicjudges.org\/mtgjudge\">Ferramenta Online<\/a> para conectar ao #mtgjudge diretamente atrav\u00e9s de um browser.<\/p>\n<p>Voc\u00ea pode usar um cliente IRC como <a href=\"http:\/\/www.mirc.com\/\">mIRC ou <\/a><a href=\"http:\/\/www.irssi.org\/\">irssi<\/a> para se conectar. N\u00f3s estamos localizados na rede EFNet, e escolhendo qualquer um dos servidores deve funcionar. Se o seu cliente n\u00e3o lista os servidores, tente <strong>irc.efnet.org<\/strong> para se conectar a servidor um aleat\u00f3rio. Uma vez conectado, digite <strong>\/join #mtgjudge<\/strong>.<\/p>\n<p>Voc\u00ea pode usar outro servi\u00e7o web como o localizado no <a href=\"http:\/\/efnet.org\">website da EFNet<\/a>.<br \/>\nPara se unir a um canal protegido por senha (+k), digite <strong>\/join #channel password<\/strong>.<\/p>\n<p>Para mais informa\u00e7\u00f5es relacionadas ao IRC, visite este <a href=\"http:\/\/www.irchelp.org\/\">site de ajuda<\/a>.<\/p>\n","protected":false},"excerpt":{"rendered":"<p>O que \u00e9 #mtgrules? O canal dos Ju\u00edzes de Magic no Internet Relay Chat (IRC) \u00e9 focado em quest\u00f5es de regras. Jogadores, Organizadores de Torneio, e Ju\u00edzes que n\u00e3o est\u00e3o seguros de quest\u00f5es sobre regras de Magic: The Gathering\u2122, podem fazer suas perguntas sem medo, no conhecimento de que eles receber\u00e3o respostas corretas, suplementadas com [&hellip;]<\/p>\n","protected":false},"author":126,"featured_media":0,"parent":1683,"menu_order":0,"comment_status":"closed","ping_status":"closed","template":"page_width-index.php","meta":{"footnotes":"","_links_to":"","_links_to_target":""},"language":[20],"class_list":["post-1689","page","type-page","status-publish","hentry","language-pt"],"_links":{"self":[{"href":"https:\/\/blogs.magicjudges.org\/o\/wp-json\/wp\/v2\/pages\/1689","targetHints":{"allow":["GET"]}}],"collection":[{"href":"https:\/\/blogs.magicjudges.org\/o\/wp-json\/wp\/v2\/pages"}],"about":[{"href":"https:\/\/blogs.magicjudges.org\/o\/wp-json\/wp\/v2\/types\/page"}],"author":[{"embeddable":true,"href":"https:\/\/blogs.magicjudges.org\/o\/wp-json\/wp\/v2\/users\/126"}],"replies":[{"embeddable":true,"href":"https:\/\/blogs.magicjudges.org\/o\/wp-json\/wp\/v2\/comments?post=1689"}],"version-history":[{"count":6,"href":"https:\/\/blogs.magicjudges.org\/o\/wp-json\/wp\/v2\/pages\/1689\/revisions"}],"predecessor-version":[{"id":4707,"href":"https:\/\/blogs.magicjudges.org\/o\/wp-json\/wp\/v2\/pages\/1689\/revisions\/4707"}],"up":[{"embeddable":true,"href":"https:\/\/blogs.magicjudges.org\/o\/wp-json\/wp\/v2\/pages\/1683"}],"wp:attachment":[{"href":"https:\/\/blogs.magicjudges.org\/o\/wp-json\/wp\/v2\/media?parent=1689"}],"wp:term":[{"taxonomy":"language","embeddable":true,"href":"https:\/\/blogs.magicjudges.org\/o\/wp-json\/wp\/v2\/language?post=1689"}],"curies":[{"name":"wp","href":"https:\/\/api.w.org\/{rel}","templated":true}]}}