{"id":1701,"date":"2015-11-09T13:01:39","date_gmt":"2015-11-09T13:01:39","guid":{"rendered":"http:\/\/blogs.magicjudges.org\/o\/?page_id=1701"},"modified":"2018-05-06T18:42:58","modified_gmt":"2018-05-06T18:42:58","slug":"the-level-1-exam-pt","status":"publish","type":"page","link":"https:\/\/blogs.magicjudges.org\/o\/the-level-1-exam-pt\/","title":{"rendered":"O exame n\u00edvel 1"},"content":{"rendered":"<h2>O prop\u00f3sito do exame para n\u00edvel 1<\/h2>\n<p>O prop\u00f3sito do exame para n\u00edvel 1, \u00e9 confirmar o conhecimento das regras b\u00e1sicas e o entendimento das pol\u00edticas e procedimentos relacionados a eventos com n\u00edvel de aplica\u00e7\u00e3o de regras regular. O candidato demonstra isso ao pontuar 70% ou mais em seu exame para n\u00edvel 1.<\/p>\n<p>J\u00e1 que campeonatos de n\u00edvel de aplica\u00e7\u00e3o de regras regular representam a maioria de todos os eventos sancionados, \u00e9 importante garantir que certos requisitos para sancionar tais eventos sejam cumpridos e que os procedimentos relacionados sejam seguidos.<br \/>\nCandidatos devem conhecer as regras bem o suficiente para ajudar um jogador novato a se iniciar no jogo, ser capaz de explicar as regras gerais, e entender a intera\u00e7\u00e3o de conceitos b\u00e1sicos e mec\u00e2nicas de jogo. Isso ajuda a garantir que os candidatos podem providenciar um n\u00edvel b\u00e1sico de atendimento ao cliente aos jogadores, que \u00e9 o esperado de ju\u00edzes certificados, j\u00e1 que ju\u00edzes devem promover um ambiente positivo para a comunidade.<br \/>\nOs candidatos s\u00e3o entrevistados pelos ju\u00edzes que ir\u00e3o certific\u00e1-los, afim de garantir que o candidato entende o importante papel que representar\u00e1 na comunidade e que o mesmo ir\u00e1 agir como um representante para a comunidade.<\/p>\n<p>Ap\u00f3s passar pelo exame de n\u00edvel 1, o ju\u00edz certificador envia uma avalia\u00e7\u00e3o do candidato para o <a href=\"https:\/\/apps.magicjudges.org\/reviews\/create\/\">JudgeApps<\/a>. O candidato \u00e9 promovido ao n\u00edvel 1 ap\u00f3s o envio de tal avalia\u00e7\u00e3o.<\/p>\n<h2>Materiais para estudo<\/h2>\n<p>Baseado no prop\u00f3sito definido do exame de n\u00edvel 1, os candidatos devem estudar os seguintes documentos para entender a maioria do material que o exame cobre:<\/p>\n<ul>\n<li><a href=\"https:\/\/magic.wizards.com\/pt-br\/gameplay\/rules-and-formats\">O Livro B\u00e1sico de Regras<\/a><\/li>\n<li><a href=\"https:\/\/blogs.magicjudges.org\/translatedrules\/?lang=pt_br\">As Regras de Torneio de Magic<\/a>, com \u00eanfase espec\u00edfica na Sess\u00e3o 2, Sess\u00e3o 10, e no Ap\u00eandice<\/li>\n<li><a href=\"https:\/\/blogs.magicjudges.org\/translatedrules\/?lang=pt_br\">O Guia de Ju\u00edz para N\u00edvel de Aplica\u00e7\u00e3o de Regras Regular<\/a><\/li>\n<\/ul>\n<p>Esse \u00e9 o tipo de informa\u00e7\u00e3o que voc\u00ea vai precisar para aplicar regras e ajudar os jogadores provendo um bom atendimento. Isso tamb\u00e9m servir\u00e1 como o n\u00facleo de seu conhecimento de regras e pol\u00edtica, sob o qual voc\u00ea ir\u00e1 construir conhecimento futuro para melhorar seu servi\u00e7o \u00e0 comunidade.<\/p>\n<p>N\u00e3o \u00e9 esperado que voc\u00ea tenha estudado as Regras Abrangentes, por\u00e9m alguns acreditam que estudar certas sess\u00f5es das Regras Abrangentes podem servir de ajuda. Tamb\u00e9m n\u00e3o \u00e9 esperado que voc\u00ea tenha estudado o Guia de Procedimentos de Infra\u00e7\u00e3o de Magic, j\u00e1 que tal documento governa como ju\u00edzes devem lidar com problemas em eventos com n\u00edvel de aplica\u00e7\u00e3o de regras competitivo. \u00c9 de grande import\u00e2ncia que voc\u00ea entenda a filosofia utilizada ao arbitrar em eventos com n\u00edvel de aplica\u00e7\u00e3o de regras regular, que \u00e9 uma experi\u00eancia diferente de arbitrar em n\u00edvel de aplica\u00e7\u00e3o de regras competitivo.<\/p>\n<h2>Assuntos abordados no exame<\/h2>\n<p>Como o exame \u00e9 uma confirma\u00e7\u00e3o geral de conhecimento b\u00e1sico de regras, tal qual de pol\u00edtica e procedimentos relacionados a eventos com n\u00edvel de aplica\u00e7\u00e3o de regras regular, uma lista espec\u00edfica de assuntos foi desenvolvida para inclus\u00e3o no exame de n\u00edvel 1. Enquanto cada exame \u00e9 gerado aleat\u00f3riamente a fim de ser \u00fanico para cada candidato, voc\u00ea quer ter certeza de que entende os seguintes assuntos assim como entende as regras gerais e conceitos do jogo, assim como pol\u00edtica e procedimentos, bem o suficiente para potencialmente aplicar seu conhecimento a uma variedade de situa\u00e7\u00f5es:<\/p>\n<ul>\n<li>Conceitos gerais de jogo, como partes de uma carta. Isso cobre tipos de carta, custos de mana, etc.<\/li>\n<li>As diferentes zonas de jogo, e o que cada zona deve representar, assim como os objetos nessas zonas.<\/li>\n<li>A estrutura de turno, especificamente as diferentes fases e suas etapas, junto com o que acontece em cada fase e etapa.<\/li>\n<li>A fase de combate, especificamente as etapas desta fase, as a\u00e7\u00f5es de jogo que ocorrem, e o que\/quando jogadores podem conjurar ou ativar habilidades.<\/li>\n<li>O processo geral de conjurar uma m\u00e1gica e\/ou ativar uma habilidade.<\/li>\n<li>O processo geral de lidar com habilidades desencadeadas e colocar as mesmas na pilha.<\/li>\n<li>O processo geral de resolver uma m\u00e1gica e\/ou habilidade.<\/li>\n<li>Determinar as habilidades de uma criatura e\/ou seu poder e resist\u00eancia.<\/li>\n<li>Como efeitos de preven\u00e7\u00e3o e\/ou substitui\u00e7\u00e3o funcionam.<\/li>\n<li>Como efeitos de c\u00f3pia funcionam em criaturas.<\/li>\n<li>As regras b\u00e1sicas e elementos de Gigante de Duas Cabe\u00e7as.<\/li>\n<li>As palavras-chave e\/ou habilidades presentes no formato Padr\u00e3o(verificar os f\u00f3runs de perguntas frequentes pode ajudar).<\/li>\n<li>Educar e ajudar jogadores com problemas comuns e comportamento n\u00e3o desejado em um campeonato com n\u00edvel de aplica\u00e7\u00e3o de regras regular.<\/li>\n<li>Lidar com jogadores que cometem problemas s\u00e9rios em um campeonato de n\u00edvel de aplica\u00e7\u00e3o de regras regular.<\/li>\n<li>Como usar sua reserva em formatos limitado e constru\u00eddo, especialmente em eventos com n\u00edvel de aplica\u00e7\u00e3o de regras regular que n\u00e3o usem listas de baralho.<\/li>\n<li>A estrutura geral de uma partida em um evento.<\/li>\n<li>Os requisitos m\u00ednimos para sancionar e realizar um evento.<\/li>\n<\/ul>\n<p>Enquanto que conhecimento espec\u00edfico de regras espec\u00edficas pode ajudar, muitas perguntas representam uma melhor confirma\u00e7\u00e3o do conhecimento b\u00e1sico de regras. Ent\u00e3o voc\u00ea quer desenvolver um entendimento desses conceitos e de como eles podem ser aplicados de maneiras diferentes dependendo das cartas envolvidas.Em alguns casos, voc\u00ea pode focar em ler a carta para entender precisamente o que est\u00e1 acontecendo no cen\u00e1rio que lhe for apresentado. Em outros casos, voc\u00ea deve ser familiar com terminologia espec\u00edfica do jogo ou a estrutura geral do turno em si.<\/p>\n<p>Por favor lembre de que o material do exame \u00e9 confidencial, ent\u00e3o voc\u00ea est\u00e1 proibido de discutir sobre o material com qualquer outra pessoa al\u00e9m de seu ju\u00edz certificador.<\/p>\n<h2>Utilizando de exerc\u00edcios de pr\u00e1tica<\/h2>\n<p>Os candidatos devem se preparar para o exame de n\u00edvel 1 usando o Exame de Pr\u00e1tica de Regras e Pol\u00edtica, dispon\u00edvel no <a href=\"https:\/\/apps.magicjudges.org\/exams\/\">JudgeApps<\/a>.<br \/>\nA dificuldade do material presente na reserva do Exame de Pr\u00e1tica F\u00e1cil \u00e9 compar\u00e1vel ao exame para n\u00edvel 1, e a parte de pol\u00edtica do exame \u00e9 mais voltada para lidar com situa\u00e7\u00f5es em n\u00edvel de aplica\u00e7\u00e3o de regras regular. Parte do conte\u00fado de regras apresentado na reserva do Exame de Pr\u00e1tica F\u00e1cil n\u00e3o corresponde exatamente ao que pode aparecer em seu exame de n\u00edvel 1, j\u00e1 que o Exame de Pr\u00e1tica F\u00e1cil atende uma grande audi\u00eancia, ajudando com conhecimento inicial de regras\/pol\u00edtica. Por\u00e9m voc\u00ea ainda pode comparar material de seu Exame de Pr\u00e1tica F\u00e1cil com os assuntos potencialmente cobertos por seu exame de n\u00edvel 1. Isso lhe ajudar\u00e1 a focar seus esfor\u00e7os em melhorar seus conhecimentos, e a estudar mais eficientemente. Voc\u00ea deve realizar pelo menos tr\u00eas Exames de Pr\u00e1tica F\u00e1cil, tentando conseguir pelo menos sete quest\u00f5es corretas em cada exame realizado.<\/p>\n<p>Adicionalmente, o Exame de Pr\u00e1tica Para N\u00edvel 1 foi desenvolvido para ajudar candidatos ao n\u00edvel 1 a se preparar de maneira direta para o exame de n\u00edvel 1. O Exame de Pr\u00e1tica Para N\u00edvel 1 possui conte\u00fado que anteriormente era presente nos exames para n\u00edvel 1, e \u00e9 de dificuldade compar\u00e1vel ao exame de n\u00edvel 1 atual. Este exame est\u00e1 dispon\u00edvel para qualquer pessoa interessada em se tornar um ju\u00edz N\u00edvel 1, e todos os ju\u00edzes de N\u00edvel 2+ s\u00e3o capazes de gerar um exame deste para candidatos interessados. Um candidato a n\u00edvel 1 deve realizar pelo menos um Exame de Pr\u00e1tica Para N\u00edvel 1, tendo como objetivo uma pontua\u00e7\u00e3o de 65% ou maior. O Exame de Pr\u00e1tica para N\u00edvel 1 est\u00e1 dispon\u00edvel tanto online quanto na forma escrita, a fim prover aos candidatos a n\u00edvel 1 a experi\u00eancia mais apropriada.<\/p>\n<p>O Exame de Pr\u00e1tica Dif\u00edcil e o Exame de Pr\u00e1tica de Pol\u00edtica n\u00e3o s\u00e3o voltados para candidatos a n\u00edvel 1. Esses exames cobrem as Regras Abrangentes e\/ou o Guia de Procedimentos de Infra\u00e7\u00e3o de Magic, que n\u00e3o s\u00e3o testados em um exame para n\u00edvel 1, e os exames s\u00e3o elaborados para serem desafiadores para indiv\u00edduos mais experientes.<\/p>\n<h2>Recomenda\u00e7\u00e3o de estudo<\/h2>\n<p>Mais detalhes em recomenda\u00e7\u00f5es de estudo e sugest\u00f5es s\u00e3o postadas a cada trimestre no f\u00f3rum do Magic Judge Apps. Voc\u00ea pode visitar <a href=\"http:\/\/apps.magicjudges.org\/forum\/topic\/5440\/\">esse post do JudgeApps<\/a> para ler, apresentar e passar sugest\u00f5es.<\/p>\n","protected":false},"excerpt":{"rendered":"<p>O prop\u00f3sito do exame para n\u00edvel 1 O prop\u00f3sito do exame para n\u00edvel 1, \u00e9 confirmar o conhecimento das regras b\u00e1sicas e o entendimento das pol\u00edticas e procedimentos relacionados a eventos com n\u00edvel de aplica\u00e7\u00e3o de regras regular. O candidato demonstra isso ao pontuar 70% ou mais em seu exame para n\u00edvel 1. J\u00e1 que [&hellip;]<\/p>\n","protected":false},"author":126,"featured_media":0,"parent":0,"menu_order":0,"comment_status":"closed","ping_status":"closed","template":"page_width-index.php","meta":{"footnotes":"","_links_to":"","_links_to_target":""},"language":[20],"class_list":["post-1701","page","type-page","status-publish","hentry","language-pt"],"_links":{"self":[{"href":"https:\/\/blogs.magicjudges.org\/o\/wp-json\/wp\/v2\/pages\/1701","targetHints":{"allow":["GET"]}}],"collection":[{"href":"https:\/\/blogs.magicjudges.org\/o\/wp-json\/wp\/v2\/pages"}],"about":[{"href":"https:\/\/blogs.magicjudges.org\/o\/wp-json\/wp\/v2\/types\/page"}],"author":[{"embeddable":true,"href":"https:\/\/blogs.magicjudges.org\/o\/wp-json\/wp\/v2\/users\/126"}],"replies":[{"embeddable":true,"href":"https:\/\/blogs.magicjudges.org\/o\/wp-json\/wp\/v2\/comments?post=1701"}],"version-history":[{"count":8,"href":"https:\/\/blogs.magicjudges.org\/o\/wp-json\/wp\/v2\/pages\/1701\/revisions"}],"predecessor-version":[{"id":4632,"href":"https:\/\/blogs.magicjudges.org\/o\/wp-json\/wp\/v2\/pages\/1701\/revisions\/4632"}],"wp:attachment":[{"href":"https:\/\/blogs.magicjudges.org\/o\/wp-json\/wp\/v2\/media?parent=1701"}],"wp:term":[{"taxonomy":"language","embeddable":true,"href":"https:\/\/blogs.magicjudges.org\/o\/wp-json\/wp\/v2\/language?post=1701"}],"curies":[{"name":"wp","href":"https:\/\/api.w.org\/{rel}","templated":true}]}}