{"id":1704,"date":"2015-06-23T14:57:56","date_gmt":"2015-06-23T14:57:56","guid":{"rendered":"http:\/\/blogs.magicjudges.org\/o\/?page_id=1704"},"modified":"2016-01-25T00:08:04","modified_gmt":"2016-01-25T00:08:04","slug":"the-level-2-exam-pt","status":"publish","type":"page","link":"https:\/\/blogs.magicjudges.org\/o\/judge-testing-pt\/the-level-2-exam-pt\/","title":{"rendered":"O exame N\u00edvel 2"},"content":{"rendered":"<h2>Prop\u00f3sito do exame de N\u00edvel 2<\/h2>\n<p>O prop\u00f3sito do exame de N\u00edvel 2 \u00e9 avaliar a m\u00e9dia de conhecimento de regras de um candidato e sua compreens\u00e3o dos procedimentos e pol\u00edticas relacionados \u00e0 eventos de REL Competitivo. Candidatos tamb\u00e9m s\u00e3o avaliados em sua capacidade de acompanhar um candidato prestando o exame de N\u00edvel 1. Um candidato demonstra isso tirando 80% ou mais no exame de N\u00edvel 2 dele.<\/p>\n<p>Embora eventos de REL Competitivo representem uma porcentagem muito menor de todos os eventos sancionados, esses eventos s\u00e3o feitos num par\u00e2metro de exig\u00eancia muito maior do que eventos de REL Regular. Como resultado, se espera que ju\u00edzes nesses eventos sigam pol\u00edticas e procedimentos espec\u00edficos, aplicando tais pol\u00edticas e procedimentos consistentemente para o benef\u00edcio de todos os jogadores. Al\u00e9m disso, jogadores que participam de um torneio em REL Competitivo esperam regras precisas dos ju\u00edzes, o que as vezes requer um conhecimento mais profundo e compreens\u00e3o de intera\u00e7\u00f5es mais complicadas entre diferentes conceitos e mec\u00e2nicas de jogo em alguns formatos. Ju\u00edzes nestes eventos podem ser pedidos para prover explica\u00e7\u00f5es mais detalhadas que suportem suas decis\u00f5es. Do mesmo modo, candidatos se preparando, ou fazendo o exame de N\u00edvel 1 podem pedir explica\u00e7\u00f5es mais detalhadas sobre mat\u00e9rias do exame deles. Mentorar estes candidatos requer a capacidade de providenciar informa\u00e7\u00e3o e feedback para ajud\u00e1-los a melhor entender algumas regras ou pol\u00edticas e procedimentos.<\/p>\n<p>Depois de passar no exame de N\u00edvel 2, o juiz certificador envia uma avalia\u00e7\u00e3o do candidato no Centro de Ju\u00edzes. O candidato \u00e9 promovido ao N\u00edvel 2 ap\u00f3s o envio desta avalia\u00e7\u00e3o.<\/p>\n<h2>Materiais de estudo<\/h2>\n<p>Baseado nos prop\u00f3sitos do exame de N\u00edvel 2, candidatos devem estudar os seguintes documentos para ganhar conhecimento de regras intermedi\u00e1rio, e serem capazes de garantir que eventos de REL Competitivo sejam corridos adequadamente:<\/p>\n<ul>\n<li><a href=\"http:\/\/magic.wizards.com\/en\/gameinfo\/gameplay\/formats\/comprehensiverules\">Regras Abrangentes<\/a><\/li>\n<li><a href=\"http:\/\/wpn.wizards.com\/en\/resources\/rules-documents\/244\">Regras de Torneio de Magic<\/a><\/li>\n<li><a href=\"http:\/\/wpn.wizards.com\/en\/resources\/rules-documents\/244\">Guia de Procedimentos para Infra\u00e7\u00f5es de Magic<\/a><\/li>\n<\/ul>\n<p>Esses documentos avan\u00e7am as regras b\u00e1sicas, pol\u00edticas, e procedimentos que voc\u00ea aprendeu como um juiz N\u00edvel 1, bem como o que voc\u00ea desenvolveu como experi\u00eancia arbitrando, assim elaborando o conhecimento e habilidades que voc\u00ea constr\u00f3i como um juiz de N\u00edvel 2.<\/p>\n<p>Isso significa que voc\u00ea ir\u00e1 querer ampliar seus conhecimentos de regras e compreens\u00e3o de pol\u00edticas e procedimentos, especialmente relacionados a eventos de REL Competitivo, aprofundando seu conhecimento e compreens\u00e3o. Esse conhecimento e compreens\u00e3o tamb\u00e9m servem para expandir seu papel como mentor e ajudar a certificar outros novos ju\u00edzes, bem como aprimorar sua  habilidade de prover bom atendimento aos jogadores e servir \u00e0 comunidade de maneira cada vez mais importante.<\/p>\n<h2>Assuntos cobertos no exame<\/h2>\n<p>Como o exame \u00e9 uma avalia\u00e7\u00e3o geral de conhecimento de regras intermedi\u00e1rio, bem como pol\u00edticas e procedimentos relacionados \u00e0 eventos de REL Competitivo, uma lista de assuntos espec\u00edficos foi desenvolvida para inclus\u00e3o no exame de N\u00edvel 2. Enquanto cada exame ainda \u00e9 gerado aleatoriamente para ser \u00fanico para cada candidato, voc\u00ea vai querer ter certeza de que entende os seguintes assuntos a ponto de entender regras e conceitos do jogo, pol\u00edticas e procedimentos bem o suficiente para aplicar seu conhecimento numa variedade de situa\u00e7\u00f5es que podem ser mais profundas e complicadas do que aquelas que voc\u00ea foi testado no seu exame de N\u00edvel 1:<\/p>\n<ul>\n<li>Estrutura do Turno, especialmente os nomes das etapas e fases e o que acontece nessas etapas e fases.<\/li>\n<li>A Fase de Combate, considerando o que acontece em cada etapa, quando cada etapa pode ser pulada, e em que momentos os jogadores podem\/n\u00e3o podem tomar a\u00e7\u00f5es.<\/li>\n<li> Os passos para Conjurar M\u00e1gicas e\/ou Ativar Habilidades, especialmente o que acontece quando m\u00e1gicas ou habilidades resolvem.<\/li>\n<li>A\u00e7\u00f5es tomadas quando Habilidades Desencadeadas s\u00e3o colocadas na pilha, o que precisa ser anunciado nesse momento e o que acontece no momento em que a habilidade resolve.<\/li>\n<li>Determinar as Caracter\u00edsticas de uma Permanente, como seus tipos\/subtipos ou a habilidade de uma criatura e\/ou seu poder e resist\u00eancia.<\/li>\n<li>Como Efeitos Simples funcionam e a diferen\u00e7a entre eles e os efeitos Cont\u00ednuos.<\/li>\n<li>Como Efeitos Cont\u00ednuos funcionam, como aqueles gerados por uma habilidade est\u00e1tica ou m\u00e1gica.<\/li>\n<li>A Intera\u00e7\u00e3o de Efeitos de Substitui\u00e7\u00e3o\/Preven\u00e7\u00e3o, no sentido de identificar o objeto ou jogador afetado e qual jogador pode escolher como um evento ser\u00e1 modificado.<\/li>\n<li>Como o jogo lida com A\u00e7\u00f5es Baseadas-no-Estado, ou mesmo quais s\u00e3o as mais comuns que se aplicam na maioria dos jogos.<\/li>\n<li>Copiar uma Permanente ou uma M\u00e1gica, no sentido de quais s\u00e3o os \u201cvalores copi\u00e1veis\u201d do objeto e como o jogo lida com c\u00f3pias.<\/li>\n<li>Regras b\u00e1sicas e pol\u00edticas aplic\u00e1veis para Gigante de Duas Cabe\u00e7as, como a fase de combate, turnos adicionais, ou mesmo como funcionam algumas habilidades.<\/li>\n<li>A\u00e7\u00f5es e habilidades com palavras-chave permanentes.<\/li>\n<li>A\u00e7\u00f5es e habilidades com palavras-chave presentes em v\u00e1rios formatos, de Standard a Modern.<\/li>\n<li>Pelo IPG, identificar uma infra\u00e7\u00e3o pela defini\u00e7\u00e3o e\/ou a penalidade apropriada para aquela infra\u00e7\u00e3o.<\/li>\n<li>Pelo IPG, aplicar a corre\u00e7\u00e3o correta, se alguma, para uma infra\u00e7\u00e3o.<\/li>\n<li>Pelo MTR, a Pol\u00edtica de Comunica\u00e7\u00e3o de Jogadores.<\/li>\n<li>Pelo MTR, os atalhos padr\u00f5es de torneio.<\/li>\n<li>Pelo MTR, o procedimento de in\u00edcio de jogo em REL Competitivo.<\/li>\n<li>Pelo MTR, o procedimento de final de partida em REL Competitivo<\/li>\n<li>Pelo MTR, as pol\u00edticas e uso de reserva de cartas (sideboard) para eventos Constru\u00eddos de REL Competitivo.<\/li>\n<li>Pelo MTR, as pol\u00edticas e uso de reserva de cartas (sideboard) para eventos Limitados de REL Competitivo.<\/li>\n<\/ul>\n<p>Isso requer que voc\u00ea verdadeiramente entenda o como e porqu\u00ea por tr\u00e1s de certas regras, para potencialmente aplicar esse conhecimento para situa\u00e7\u00f5es envolvendo diferentes cartas. Isso tamb\u00e9m vai requerer um certo n\u00edvel de compreens\u00e3o por tr\u00e1s do jeito que as cartas est\u00e3o escritas, perceber porque esse jeito \u00e9 importante, para que voc\u00ea possa aplicar esse conhecimento corretamente.<\/p>\n<p>Isso significa que voc\u00ea ter\u00e1 que desenvolver uma compreens\u00e3o de muitas se\u00e7\u00f5es das Regras Abrangentes, e como essas regras podem ser aplicadas de maneiras diferentes. Do mesmo modo, voc\u00ea vai querer entender corretamente as Regras de Torneio e o Guida de Infra\u00e7\u00f5es para aplicar consistentemente pol\u00edticas e procedimentos. Conforme voc\u00ea desenvolve suas habilidades como juiz, voc\u00ea talvez precise disso para processar corretamente a informa\u00e7\u00e3o apresentada \u00e0 voc\u00ea num cen\u00e1rio, recolhendo a informa\u00e7\u00e3o necess\u00e1ria para tomar uma decis\u00e3o precisa. Em outras situa\u00e7\u00f5es, voc\u00ea ter\u00e1 que retornar ao material que estudou para seu exame de N\u00edvel 1, para que voc\u00ea entenda esse material bem o suficiente para mentorar e ensinar seus candidatos nessas regras, pol\u00edticas e procedimentos b\u00e1sicos.<\/p>\n<p>Por favor, lembre-se que o material do exame \u00e9 confidencial, ent\u00e3o voc\u00ea est\u00e1 proibido de discutir esse material com qualquer um que n\u00e3o seja o juiz que lhe aplicou o exame.<\/p>\n<h2>Usando exames de pr\u00e1tica<\/h2>\n<p>Candidatos devem se preparar para o exame de N\u00edvel 2 usando o exame Hard Practice e o Policy Practice dispon\u00edveis no Centro de Ju\u00edzes. O Hard Practice cont\u00e9m quest\u00f5es que cobrem conhecimento intermedi\u00e1rio de regras e conceitos do jogo que voc\u00ea dever\u00e1 saber como juiz de N\u00edvel 2, e tamb\u00e9m cont\u00e9m quest\u00f5es sobre pol\u00edticas e procedimentos que se aplicam em REL Competitivo. O Policy Practice foca mais exclusivamente em pol\u00edticas e procedimentos que se aplicam em REL Competitivo. Alguns dos conte\u00fados presentes em ambos os exames n\u00e3o correspondem exatamente ao que pode aparecer no seu exame de N\u00edvel 2, j\u00e1 que esses exames se prestam a um p\u00fablico mais amplo. Mas o formato e as perguntas dif\u00edceis devem servir como uma maneira de se preparar para o exame de N\u00edvel 2.<br \/>\nAl\u00e9m disso, ao comparar material desses exames de pr\u00e1tica com aqueles assuntos que possivelmente ser\u00e3o cobertos na sua prova de N\u00edvel 2, voc\u00ea pode focar seus esfor\u00e7os em melhorar seu conhecimento, e estudar de forma mais eficiente. Voc\u00ea deveria fazer pelo menos quatro Hard Practices e um Policy Practice, tentando acertar pelo menos sete quest\u00f5es em cada exame que voc\u00ea fizer.<\/p>\n<p>Adicionalmente, o exame Level 2 Practice foi desenvolvido para ajudar candidatos \u00e0 N\u00edvel 2 a se preparar para o exame de N\u00edvel 2 mais diretamente. O Level 2 Practice conta com conte\u00fado que costumava ser do exame de N\u00edvel 2, e \u00e9 de dificuldade compar\u00e1vel ao atual exame de N\u00edvel 2. O Level 2 Practice pode ser criado por voc\u00ea mesmo como N\u00edvel 1, se voc\u00ea fizer online. Uma vers\u00e3o escrita do Level 2 Practice pode ser gerada para voc\u00ea por um juiz de N\u00edvel 3+. Embora voc\u00ea tenha que acertar 70% ou mais de um Level 2 Practice antes de se permitir que voc\u00ea fa\u00e7a o exame de N\u00edvel 2, fazer o Level 2 Practice a cada oportunidade (j\u00e1 que voc\u00ea s\u00f3 pode gerar um para si a cada 2 meses) pode te ajudar a se preparar para o exame de N\u00edvel 2 e a focar seus esfor\u00e7os em melhorar seu conhecimento.<\/p>\n<h2>Recomenda\u00e7\u00f5es de Estudo<\/h2>\n<p>Recomenda\u00e7\u00f5es de estudo mais detalhadas e sugest\u00f5es s\u00e3o publicadas no f\u00f3rum do JudgeApps trimestralmente. Voc\u00ea pode visitar<a href=\"http:\/\/apps.magicjudges.org\/forum\/topic\/5441\/\">essa publica\u00e7\u00e3o no f\u00f3rum do JudgeApps<\/a> para ler sugest\u00f5es atuais e passadas.<\/p>\n","protected":false},"excerpt":{"rendered":"<p>Prop\u00f3sito do exame de N\u00edvel 2 O prop\u00f3sito do exame de N\u00edvel 2 \u00e9 avaliar a m\u00e9dia de conhecimento de regras de um candidato e sua compreens\u00e3o dos procedimentos e pol\u00edticas relacionados \u00e0 eventos de REL Competitivo. Candidatos tamb\u00e9m s\u00e3o avaliados em sua capacidade de acompanhar um candidato prestando o exame de N\u00edvel 1. Um [&hellip;]<\/p>\n","protected":false},"author":126,"featured_media":0,"parent":1695,"menu_order":0,"comment_status":"closed","ping_status":"closed","template":"page_width-index.php","meta":{"footnotes":"","_links_to":"","_links_to_target":""},"language":[20],"class_list":["post-1704","page","type-page","status-publish","hentry","language-pt"],"_links":{"self":[{"href":"https:\/\/blogs.magicjudges.org\/o\/wp-json\/wp\/v2\/pages\/1704","targetHints":{"allow":["GET"]}}],"collection":[{"href":"https:\/\/blogs.magicjudges.org\/o\/wp-json\/wp\/v2\/pages"}],"about":[{"href":"https:\/\/blogs.magicjudges.org\/o\/wp-json\/wp\/v2\/types\/page"}],"author":[{"embeddable":true,"href":"https:\/\/blogs.magicjudges.org\/o\/wp-json\/wp\/v2\/users\/126"}],"replies":[{"embeddable":true,"href":"https:\/\/blogs.magicjudges.org\/o\/wp-json\/wp\/v2\/comments?post=1704"}],"version-history":[{"count":4,"href":"https:\/\/blogs.magicjudges.org\/o\/wp-json\/wp\/v2\/pages\/1704\/revisions"}],"predecessor-version":[{"id":1985,"href":"https:\/\/blogs.magicjudges.org\/o\/wp-json\/wp\/v2\/pages\/1704\/revisions\/1985"}],"up":[{"embeddable":true,"href":"https:\/\/blogs.magicjudges.org\/o\/wp-json\/wp\/v2\/pages\/1695"}],"wp:attachment":[{"href":"https:\/\/blogs.magicjudges.org\/o\/wp-json\/wp\/v2\/media?parent=1704"}],"wp:term":[{"taxonomy":"language","embeddable":true,"href":"https:\/\/blogs.magicjudges.org\/o\/wp-json\/wp\/v2\/language?post=1704"}],"curies":[{"name":"wp","href":"https:\/\/api.w.org\/{rel}","templated":true}]}}