{"id":1713,"date":"2016-05-11T19:09:27","date_gmt":"2016-05-11T19:09:27","guid":{"rendered":"http:\/\/blogs.magicjudges.org\/o\/?page_id=1713"},"modified":"2016-05-11T19:28:53","modified_gmt":"2016-05-11T19:28:53","slug":"returning-level-3-candidacy-prerequisites-pt","status":"publish","type":"page","link":"https:\/\/blogs.magicjudges.org\/o\/judge-testing-pt\/level-3-advancement-process-pt\/returning-level-3-candidacy-prerequisites-pt\/","title":{"rendered":"Pr\u00e9-requisitos de Candidatura para N\u00edveis 3 de Retorno"},"content":{"rendered":"<p>Candidatos que desejam retornar ao N\u00edvel 3 ap\u00f3s uma aus\u00eancia n\u00e3o maior de cinco anos devem se adequar aos Pr\u00e9-requisitos de Candidatura normais, com as seguintes exce\u00e7\u00f5es:<\/p>\n<ul>\n<li>Deve ser um Juiz Competitivo (N\u00edvel 2) em boa forma com a Wizards of the Coast e o Programa de Ju\u00edzes (12 meses como n\u00edvel 2 n\u00e3o \u00e9 exigido).<\/li>\n<li>Apenas uma recomenda\u00e7\u00e3o de N\u00edvel 3 \u00e9 exigida ao inv\u00e9s das duas normais.<\/li>\n<li>A recomenda\u00e7\u00e3o de L\u00edder de Equipe em Grand Prix n\u00e3o \u00e9 exigida.<\/li>\n<li>Autoavalia\u00e7\u00e3o deve incluir, em adi\u00e7\u00e3o \u00e0s 9 Qualidades de Ju\u00edzes N\u00edvel 3, um declara\u00e7\u00e3o das maneiras as quais voc\u00ea tomou passos para resolver os problemas que levaram \u00e0 sua decis\u00e3o de se demover.<\/li>\n<\/ul>\n<p>Todos os outros <a title=\"O Processo de Avan\u00e7o ao N\u00edvel 3\" href=\"http:\/\/blogs.magicjudges.org\/o\/judge-levels-pt\/level-3-advancement-process-pt\/#candidacy-prerequisites\">Pr\u00e9-requisitos para Candidatura<\/a>\u00a0s\u00e3o exigidos normalmente.<\/p>\n<p>O Gerente de Testes, em consulta com o Gerente de Ju\u00edzes e os Ju\u00edzes de Alto N\u00edvel, ter\u00e1 a op\u00e7\u00e3o de ignorar a Entrevista Pr\u00e9-evento e\/ou a de banca para candidatos de retorno.<\/p>\n<p>Passar na prova escrita de N\u00edvel 3 \u00e9 exigido normalmente.<\/p>\n","protected":false},"excerpt":{"rendered":"<p>Candidatos que desejam retornar ao N\u00edvel 3 ap\u00f3s uma aus\u00eancia n\u00e3o maior de cinco anos devem se adequar aos Pr\u00e9-requisitos de Candidatura normais, com as seguintes exce\u00e7\u00f5es: Deve ser um Juiz Competitivo (N\u00edvel 2) em boa forma com a Wizards of the Coast e o Programa de Ju\u00edzes (12 meses como n\u00edvel 2 n\u00e3o \u00e9 [&hellip;]<\/p>\n","protected":false},"author":126,"featured_media":0,"parent":1707,"menu_order":2,"comment_status":"closed","ping_status":"closed","template":"page_width-index.php","meta":{"footnotes":"","_links_to":"","_links_to_target":""},"language":[20],"class_list":["post-1713","page","type-page","status-publish","hentry","language-pt"],"_links":{"self":[{"href":"https:\/\/blogs.magicjudges.org\/o\/wp-json\/wp\/v2\/pages\/1713","targetHints":{"allow":["GET"]}}],"collection":[{"href":"https:\/\/blogs.magicjudges.org\/o\/wp-json\/wp\/v2\/pages"}],"about":[{"href":"https:\/\/blogs.magicjudges.org\/o\/wp-json\/wp\/v2\/types\/page"}],"author":[{"embeddable":true,"href":"https:\/\/blogs.magicjudges.org\/o\/wp-json\/wp\/v2\/users\/126"}],"replies":[{"embeddable":true,"href":"https:\/\/blogs.magicjudges.org\/o\/wp-json\/wp\/v2\/comments?post=1713"}],"version-history":[{"count":4,"href":"https:\/\/blogs.magicjudges.org\/o\/wp-json\/wp\/v2\/pages\/1713\/revisions"}],"predecessor-version":[{"id":2761,"href":"https:\/\/blogs.magicjudges.org\/o\/wp-json\/wp\/v2\/pages\/1713\/revisions\/2761"}],"up":[{"embeddable":true,"href":"https:\/\/blogs.magicjudges.org\/o\/wp-json\/wp\/v2\/pages\/1707"}],"wp:attachment":[{"href":"https:\/\/blogs.magicjudges.org\/o\/wp-json\/wp\/v2\/media?parent=1713"}],"wp:term":[{"taxonomy":"language","embeddable":true,"href":"https:\/\/blogs.magicjudges.org\/o\/wp-json\/wp\/v2\/language?post=1713"}],"curies":[{"name":"wp","href":"https:\/\/api.w.org\/{rel}","templated":true}]}}