{"id":1731,"date":"2015-04-23T20:28:34","date_gmt":"2015-04-23T20:28:34","guid":{"rendered":"http:\/\/blogs.magicjudges.org\/o\/?page_id=1731"},"modified":"2016-10-06T12:07:30","modified_gmt":"2016-10-06T12:07:30","slug":"welcome-to-level-3-pt","status":"publish","type":"page","link":"https:\/\/blogs.magicjudges.org\/o\/judge-levels-pt\/welcome-to-level-3-pt\/","title":{"rendered":"Bem vindo ao N\u00edvel 3"},"content":{"rendered":"<p>Ju\u00edzes Regionais s\u00e3o tanto o topo quanto a base de uma pir\u00e2mide de lideran\u00e7a dentro do Programa de Ju\u00edzes. Eles s\u00e3o l\u00edderes bem v\u00edsiveis do programa, encarregados de liderar projetos e atividades importantes, s\u00e3o ju\u00edzes principais de grandes torneios de n\u00edvel Competitivo, l\u00edderes de equipe em eventos Profissionais, e tamb\u00e9m uma fonte para informa\u00e7\u00f5es e conselhos especialistas para ju\u00edzes certificados e n\u00e3o-certificados em grandes regi\u00f5es. Ju\u00edzes regionais tamb\u00e9m servem como ouvintes para novas pol\u00edticas sendo consideradas para implementa\u00e7\u00e3o e l\u00edderes em implementar e disseminar novas informa\u00e7\u00f5es para a comunidade de Magic: The Gathering\u2122. \u00c9 atrav\u00e9s da demonstra\u00e7\u00e3o do alto n\u00edvel de habilidade em v\u00e1rias qualidades-chave que ju\u00edzes de N\u00edvel 3 s\u00e3o confiados para liderar neste papel din\u00e2mico e impactante.<\/p>\n<h2>Qualidades base<\/h2>\n<p>Como um novo N\u00edvel 3, voc\u00ea acabou de passar pelo <a href=\"http:\/\/blogs.magicjudges.org\/o\/judge-levels\/level-3-advancement-process-pt\/\">Processo de Avan\u00e7o ao N\u00edvel 3<\/a>, um processo que pede que voc\u00ea desenvolva um n\u00famero de habilidades e comportamentos. Estas qualidades n\u00e3o s\u00e3o ideias arbitr\u00e1rias puramente concebidas para testar sua \u00e9tica de trabalho e compromisso &#8211; elas s\u00e3o um padr\u00e3o de desempenho que se espera que voc\u00ea mantenha e desenvolva como um juiz Regional. \u00c9 vital que voc\u00ea continue a se auto-avaliar, a pedir e dar feedback para que voc\u00ea continue a crescer, e assim ajudar outros ao seu redor a crescerem.<\/p>\n<h2>Mantendo a espada afiada<\/h2>\n<p>Manter suas habilidades e per\u00edcia \u00e9 um aspecto importante da lideran\u00e7a Regional. Com esse prop\u00f3sito, h\u00e1 v\u00e1rios comportamentos que ju\u00edzes N\u00edvel 3 adotam para continuar seu desenvolvimento p\u00f3s-N\u00edvel 3. Estas atividades s\u00e3o monitoradas e feedback \u00e9 forncecido pelo Coordenador de N\u00edvel 3.<\/p>\n<ul>\n<li>A cada lan\u00e7amento de edi\u00e7\u00e3o, se pede aos ju\u00edzes N\u00edvel 3 que tomem um breve quiz de Atualiza\u00e7\u00e3o de Regras, que abordam tanto mudan\u00e7as em nossos documentos como tamb\u00e9m  aspectos mais desafiadores e relevantes do jogo.<\/li>\n<li>A cada ano, todo juiz N\u00edvel 3 deve enviar informa\u00e7\u00f5es sobre sua participa\u00e7\u00e3o e envolvimento em projetos numa variedade de n\u00edves para garantir atividade\/visibilidade consistente com lideran\u00e7a regional.<\/li>\n<li>\u00c9 exigido que ju\u00edzes N\u00edvel 3 escrevam anualmente uma auto-avalia\u00e7\u00e3o completa, analizando seu desempenho pessoal em cada uma das Qualidades de Ju\u00edzes Regionais.<\/li>\n<\/ul>\n<h2>Coisas para n\u00e3o se esquecer<\/h2>\n<p>Ap\u00f3s certifica\u00e7\u00e3o para N\u00edvel 3, entrar num papel t\u00e3o vis\u00edvel e amplo como N\u00edvel 3 pode ser desafiador ou sufocante, at\u00e9 para os indiv\u00edduos mais preparados. Aqui est\u00e3o algumas coisas a considerar como um juiz novo a lideran\u00e7a regional.<\/p>\n<ul>\n<li>N\u00e3o se espera que voc\u00ea seja perfeito. Se espera que voc\u00ea continue a ser um perito e l\u00edder como voc\u00ea demonstrou pela sua checklist e sua entrevista, mas n\u00e3o se espera que voc\u00ea seja perfeito.<\/li>\n<li>Voc\u00ea tem um time maravilhoso de outros Ju\u00edzes Regionais que te apoiam e acreditam em quem voc\u00ea \u00e9 e no qu\u00ea voc\u00ea est\u00e1 fazendo. Pe\u00e7a ajuda, aprenda com seus pares e adote as melhores pr\u00e1ticas de outros.<\/li>\n<li>Cerque-se de \u00f3timas pessoas. H\u00e1 ju\u00edzes locais que voc\u00ea cr\u00ea que dariam excelentes ju\u00edzes de \u00e1rea? Estes ju\u00edzes est\u00e3o prontos agora, ou com alguma ajuda sua eles poderiam tomar este papel? Lembre-se que como voc\u00ea acaba de ser promovido a lideran\u00e7a regional, mais lideran\u00e7a de \u00e1rea \u00e9 necess\u00e1ria para tomar as responsabilidades que voc\u00ea tinha conforme voc\u00ea toma outro papel. Sua lideran\u00e7a ser\u00e1 mais eficiente, capacitando a outros atrav\u00e9s de educa\u00e7\u00e3o, delega\u00e7\u00e3o, e gerenciamento para promover o crescimento e desenvolvimento deles como ju\u00edzes.<\/li>\n<li>H\u00e1 um projeto que voc\u00ea teria gostado de desenvolver ou uma \u00e1rea do programa que voc\u00ea observou e precisa de desenvolvimento ou aprimoramento? Consulte outros l\u00edderes regionais, ganhe pontos de vista e conselhos, e lidere um projeto para promover crescimento na \u00e1rea.<\/li>\n<li>H\u00e1 tantos aspectos neste programa que soam t\u00e3o animadores e t\u00eam necessidades significativas que pode parecer taxativo, principalmente se voc\u00ea se comprometer em excesso tentando executar mais atividades do que voc\u00ea consegue. Adicione eventos, atividades, e projetos, mas n\u00e3o se esque\u00e7a das suas necessidades pessoais para que o seu n\u00edvel de atividade seja sustent\u00e1vel. Um dos maiores desafios para o N\u00edvel 3 \u00e9 balancear o que voc\u00ea faz para manter sua per\u00edcia, contribuir tanto em eventos como fora deles, enquanto continuar a aproveitar e amar ser um juiz.<\/li>\n<\/ul>\n<h2>Conclu\u00edndo<\/h2>\n<p>O papel do Juiz Regional \u00e9 uma experi\u00eancia maravilhosa, mas vem com press\u00f5es maiores, desafios, e compromissos que muitos outros pap\u00e9is no programa de ju\u00edzes. Lembre-se que voc\u00ea tem um time maravilhoso de ju\u00edzes N\u00edvel 3, seu Coordenador de N\u00edvel 3, seu Coordenador Regional e todos os ju\u00edzes em sua \u00e1rea para apoiar voc\u00ea e o que voc\u00ea faz. Mantenha no cora\u00e7\u00e3o as responsabilidades e qualidades que voc\u00ea se comprometeu a manter, e pelo seu trabalho e lideran\u00e7a continue a se divertir e amar o que voc\u00ea faz como Juiz Regional.<\/p>\n","protected":false},"excerpt":{"rendered":"<p>Ju\u00edzes Regionais s\u00e3o tanto o topo quanto a base de uma pir\u00e2mide de lideran\u00e7a dentro do Programa de Ju\u00edzes. Eles s\u00e3o l\u00edderes bem v\u00edsiveis do programa, encarregados de liderar projetos e atividades importantes, s\u00e3o ju\u00edzes principais de grandes torneios de n\u00edvel Competitivo, l\u00edderes de equipe em eventos Profissionais, e tamb\u00e9m uma fonte para informa\u00e7\u00f5es e [&hellip;]<\/p>\n","protected":false},"author":126,"featured_media":0,"parent":2628,"menu_order":0,"comment_status":"closed","ping_status":"closed","template":"page_width-index.php","meta":{"footnotes":"","_links_to":"","_links_to_target":""},"language":[20],"class_list":["post-1731","page","type-page","status-publish","hentry","language-pt"],"_links":{"self":[{"href":"https:\/\/blogs.magicjudges.org\/o\/wp-json\/wp\/v2\/pages\/1731","targetHints":{"allow":["GET"]}}],"collection":[{"href":"https:\/\/blogs.magicjudges.org\/o\/wp-json\/wp\/v2\/pages"}],"about":[{"href":"https:\/\/blogs.magicjudges.org\/o\/wp-json\/wp\/v2\/types\/page"}],"author":[{"embeddable":true,"href":"https:\/\/blogs.magicjudges.org\/o\/wp-json\/wp\/v2\/users\/126"}],"replies":[{"embeddable":true,"href":"https:\/\/blogs.magicjudges.org\/o\/wp-json\/wp\/v2\/comments?post=1731"}],"version-history":[{"count":4,"href":"https:\/\/blogs.magicjudges.org\/o\/wp-json\/wp\/v2\/pages\/1731\/revisions"}],"predecessor-version":[{"id":1912,"href":"https:\/\/blogs.magicjudges.org\/o\/wp-json\/wp\/v2\/pages\/1731\/revisions\/1912"}],"up":[{"embeddable":true,"href":"https:\/\/blogs.magicjudges.org\/o\/wp-json\/wp\/v2\/pages\/2628"}],"wp:attachment":[{"href":"https:\/\/blogs.magicjudges.org\/o\/wp-json\/wp\/v2\/media?parent=1731"}],"wp:term":[{"taxonomy":"language","embeddable":true,"href":"https:\/\/blogs.magicjudges.org\/o\/wp-json\/wp\/v2\/language?post=1731"}],"curies":[{"name":"wp","href":"https:\/\/api.w.org\/{rel}","templated":true}]}}