{"id":1734,"date":"2015-04-22T19:39:07","date_gmt":"2015-04-22T19:39:07","guid":{"rendered":"http:\/\/blogs.magicjudges.org\/o\/?page_id=1734"},"modified":"2016-05-11T12:50:31","modified_gmt":"2016-05-11T12:50:31","slug":"rules-policy-documents-pt","status":"publish","type":"page","link":"https:\/\/blogs.magicjudges.org\/o\/rules-policy-documents-pt\/","title":{"rendered":"Documentos de Regras e Pol\u00edticas"},"content":{"rendered":"<p>Os seguintes documentos cont\u00eam todas as regras para o jogo e as pol\u00edticas utilizadas por ju\u00edzes para realizar torneios em todos os n\u00edveis de jogo.<\/p>\n<h2>Regras de Pol\u00edticas de Torneio<\/h2>\n<div class=\"alert alert-warning\" role=\"alert\"> <strong>Precisa de ajuda instant\u00e2nea?<\/strong><br \/>\n<a title=\"Chat com Ju\u00edzes de Magic\" href=\"http:\/\/chat.magicjudges.org\" target=\"_blank\">Chat.magicjudges.org<\/a>\u00a0&#8211;\u00a0Perguntas e Repostas de regras com Ju\u00edzes Certificados 24\/7<\/div>\n<h3><a href=\"http:\/\/magic.wizards.com\/en\/gameinfo\/gameplay\/formats\/comprehensiverules\" target=\"_blank\"><strong>Regras Abrangentes de Magic<\/strong><\/a><\/h3>\n<p>As regras Abrangentes s\u00e3o a autoridade final para o Magic: The Gathering\u2122, mas normalmente voc\u00ea n\u00e3o vai precisar referir a elas exceto em casos espec\u00edficos ou durante jogos competitivos. Elas n\u00e3o foram feitas para ser lidas do in\u00edcio ao fim.<\/p>\n<h3><a href=\"http:\/\/wpn.wizards.com\/en\/resources\/rules-documents\/244\" target=\"_blank\"><strong>Regras de Torneio de Magic<\/strong><\/a><\/h3>\n<p>As Regras de Torneio de Magic (MTR) fornecem a infraestrutura usada para realizar torneios de Magic: The Gathering\u2122\u00a0definindo regras apropriadas, responsabilidades e procedimentos a serem seguidos em todos os torneios sancionados. Torneios sancionados devem ser realizados consistentemente independente de onde acontecerem. Isto garante um tratamento igualit\u00e1rio a todos os jogadores em diferentes regi\u00f5es e tamb\u00e9m permite uma transi\u00e7\u00e3o suave a torneios internacionais.<\/p>\n<h3><a href=\"http:\/\/wpn.wizards.com\/en\/resources\/rules-documents\/244\" target=\"_blank\"><strong>Guia de Procedimentos para Infra\u00e7\u00f5es<\/strong><\/a><\/h3>\n<p>O Guia de Procedimentos para Infra\u00e7\u00f5es (IPG) fornece a ju\u00edzes as devidas penalidades e procedimentos para lidar com delitos que possam ocorrer durante o curso de um torneio Competitivo ou Profissional, assim como a filosofia subjacente que guia a sua implementa\u00e7\u00e3o.<\/p>\n<h3><a href=\"http:\/\/wpn.wizards.com\/en\/resources\/rules-documents\/244\" target=\"_blank\"><strong>Arbitrando no REL Regular<\/strong><\/a><\/h3>\n<p>O documento Arbitrando no REL Regular (JAR) pode ser usado para a maioria dos torneios de loja. Se o evento exigir listas de deck, forenecer grandes pr\u00eamios ou for, de alguma maneira, de uma natureza mais competitiva, por favor consulte o Guia de Procedimentos para Infra\u00e7\u00f5es, j\u00e1 que algumas situa\u00e7\u00f5es de regra exigem solu\u00e7\u00f5es mais complexas.<\/p>\n<p>Vers\u00f5es traduzidas destes documentos em v\u00e1rias l\u00ednguas podem ser encontrados no <a href=\"http:\/\/blogs.magicjudges.org\/translatedrules\" target=\"_blank\">Blog Translated Rules<\/a>.<\/p>\n<p>A <a href=\"http:\/\/blogs.magicjudges.org\/blog-portal\/\">Rede de Blogs de Ju\u00edzes de Magic<\/a> tamb\u00e9m hospeda diversos <a title=\"Blogs de Regras &amp; Pol\u00edticas\" href=\"http:\/\/blogs.magicjudges.org\/blog-index\/rule-policy-blogs\/\" target=\"_blank\"><strong>Blogs de Regras &amp; Pol\u00edticas<\/strong><\/a>.<\/p>\n<p>Se voc\u00ea estiver procurando por outros documentos como as Pol\u00edticas de Convite de Eventos Premier de Magic, checklists de cole\u00e7\u00f5es de Magic ou Notas de Lan\u00e7amento, voc\u00ea pode encontr\u00e1-los na <a href=\"http:\/\/wpn.wizards.com\/en\/resources\/rules-documents\/244\">p\u00e1gina de Regras e Documentos<\/a> no site da WPN.<\/p>\n<p>Se voc\u00ea estiver buscando mais informa\u00e7\u00f5es sobre formatos, listas de restritas e banidas ou as regras b\u00e1sicas, voc\u00ea pode encontr\u00e1-los na <a href=\"http:\/\/magic.wizards.com\/en\/game-info\/gameplay\/rules-and-formats\" target=\"_blank\">p\u00e1gina de Regras &amp; Formatos<\/a> no site da Wizards of the Coast.<\/p>\n<h2>Procedimento de Desclassifica\u00e7\u00e3o<\/h2>\n<p>O <strong><a title=\"Procedimento de Desclassifica\u00e7\u00e3o\" href=\"http:\/\/blogs.magicjudges.org\/o\/disqualification-process-pt\/\">Procedimento de Desclassifica\u00e7\u00e3o<\/a><\/strong> possui instru\u00e7\u00f5es espec\u00edficas tanto para ju\u00edzes quanto jogadores depois que uma desclassifica\u00e7\u00e3o tiver sido aplicada. Nesta p\u00e1gina voc\u00ea vai encontrar o FAQ para Jogadores (perguntas frequentes) e e um documento de desclassifica\u00e7\u00e3o para o Juiz-Mor, que fornece instru\u00e7\u00f5es espec\u00edficas a serem seguidas quando um jogador \u00e9 desclassificado.<\/p>\n<h2>C\u00f3digo do Juiz de Magic<\/h2>\n<p>O <a title=\"C\u00f3digo do Juiz de Magic\" href=\"http:\/\/blogs.magicjudges.org\/conduct\/magic-judge-code\/\">C\u00f3digo do Juiz de Magic<\/a> \u00e9 o documento que descreve as diretrizes e regras as quais se espera que ju\u00edzes cumpram dentro da comunidade de Magic. Ele tamb\u00e9m mostra as poss\u00edveis consequ\u00eancias se o c\u00f3digo for violado.<\/p>\n","protected":false},"excerpt":{"rendered":"<p>Os seguintes documentos cont\u00eam todas as regras para o jogo e as pol\u00edticas utilizadas por ju\u00edzes para realizar torneios em todos os n\u00edveis de jogo. Regras de Pol\u00edticas de Torneio Regras Abrangentes de Magic As regras Abrangentes s\u00e3o a autoridade final para o Magic: The Gathering\u2122, mas normalmente voc\u00ea n\u00e3o vai precisar referir a elas [&hellip;]<\/p>\n","protected":false},"author":126,"featured_media":0,"parent":0,"menu_order":0,"comment_status":"closed","ping_status":"closed","template":"page_width-index.php","meta":{"footnotes":"","_links_to":"","_links_to_target":""},"language":[20],"class_list":["post-1734","page","type-page","status-publish","hentry","language-pt"],"_links":{"self":[{"href":"https:\/\/blogs.magicjudges.org\/o\/wp-json\/wp\/v2\/pages\/1734","targetHints":{"allow":["GET"]}}],"collection":[{"href":"https:\/\/blogs.magicjudges.org\/o\/wp-json\/wp\/v2\/pages"}],"about":[{"href":"https:\/\/blogs.magicjudges.org\/o\/wp-json\/wp\/v2\/types\/page"}],"author":[{"embeddable":true,"href":"https:\/\/blogs.magicjudges.org\/o\/wp-json\/wp\/v2\/users\/126"}],"replies":[{"embeddable":true,"href":"https:\/\/blogs.magicjudges.org\/o\/wp-json\/wp\/v2\/comments?post=1734"}],"version-history":[{"count":12,"href":"https:\/\/blogs.magicjudges.org\/o\/wp-json\/wp\/v2\/pages\/1734\/revisions"}],"predecessor-version":[{"id":2757,"href":"https:\/\/blogs.magicjudges.org\/o\/wp-json\/wp\/v2\/pages\/1734\/revisions\/2757"}],"wp:attachment":[{"href":"https:\/\/blogs.magicjudges.org\/o\/wp-json\/wp\/v2\/media?parent=1734"}],"wp:term":[{"taxonomy":"language","embeddable":true,"href":"https:\/\/blogs.magicjudges.org\/o\/wp-json\/wp\/v2\/language?post=1734"}],"curies":[{"name":"wp","href":"https:\/\/api.w.org\/{rel}","templated":true}]}}