{"id":1749,"date":"2016-04-19T19:56:22","date_gmt":"2016-04-19T19:56:22","guid":{"rendered":"http:\/\/blogs.magicjudges.org\/o\/?page_id=1749"},"modified":"2016-08-27T14:42:12","modified_gmt":"2016-08-27T14:42:12","slug":"judge-conferences-pt","status":"publish","type":"page","link":"https:\/\/blogs.magicjudges.org\/o\/program-structure-pt\/judge-conferences-pt\/","title":{"rendered":"Confer\u00eancias de Ju\u00edzes"},"content":{"rendered":"<div class=\"wp-caption alignleft judgeimg\"><a href=\"https:\/\/apps.magicjudges.org\/judges\/dci\/91426501\"><img src=https:\/\/apps.magicjudges.org\/dci\/avatar?dci=91426501&size=200 alt=\"Damian Hiller\nN\u00edvel 3, Argentina\"><\/a><p class=\"wp-caption-text\">Damian Hiller<br \/>\nN\u00edvel 3, Argentina<\/p><\/div>\n<p><span class='judge-tooltip'><a href='https:\/\/apps.magicjudges.org\/judges\/dci\/91426501' >Damian Hiller<\/a><span class='avatar'><img width='200' height='200' src='https:\/\/apps.magicjudges.org\/dci\/avatar?dci=91426501&size=200'><\/span><\/span> \u00e9 o l\u00edder do Grupo de Confer\u00eancias de Ju\u00edzes, que supervisiona as Confer\u00eancias de Ju\u00edzes ao redor do mundo, auxiliando os Coordenadores Regionais nos preparativos para a melhor experi\u00eancia poss\u00edvel para aqueles que comparecem, e garantindo a transfer\u00eancia de conhecimento atrav\u00e9s da base de dados de semin\u00e1rios e dados hist\u00f3ricos de confer\u00eancias.<\/p>\n<p>Esse grupo define as expectativas para o que define uma Confer\u00eancia de Ju\u00edzes; os requisitos para organizar uma e o apoio oferecido. Eles tamb\u00e9m garantem que cada confer\u00eancia regional receba o suporte adequado, conte\u00fado e orienta\u00e7\u00e3o. Documentos, orienta\u00e7\u00f5es e pol\u00edticas ser\u00e3o publicadas e mantidas no <a href=\"http:\/\/blogs.magicjudges.org\/conferences\/\">Blog das Confer\u00eancias de Ju\u00edzes<\/a>.<\/p>\n","protected":false},"excerpt":{"rendered":"<p>\u00e9 o l\u00edder do Grupo de Confer\u00eancias de Ju\u00edzes, que supervisiona as Confer\u00eancias de Ju\u00edzes ao redor do mundo, auxiliando os Coordenadores Regionais nos preparativos para a melhor experi\u00eancia poss\u00edvel para aqueles que comparecem, e garantindo a transfer\u00eancia de conhecimento atrav\u00e9s da base de dados de semin\u00e1rios e dados hist\u00f3ricos de confer\u00eancias. Esse grupo define [&hellip;]<\/p>\n","protected":false},"author":126,"featured_media":0,"parent":1737,"menu_order":0,"comment_status":"closed","ping_status":"closed","template":"page_width-index.php","meta":{"footnotes":"","_links_to":"","_links_to_target":""},"language":[20],"class_list":["post-1749","page","type-page","status-publish","hentry","language-pt"],"_links":{"self":[{"href":"https:\/\/blogs.magicjudges.org\/o\/wp-json\/wp\/v2\/pages\/1749","targetHints":{"allow":["GET"]}}],"collection":[{"href":"https:\/\/blogs.magicjudges.org\/o\/wp-json\/wp\/v2\/pages"}],"about":[{"href":"https:\/\/blogs.magicjudges.org\/o\/wp-json\/wp\/v2\/types\/page"}],"author":[{"embeddable":true,"href":"https:\/\/blogs.magicjudges.org\/o\/wp-json\/wp\/v2\/users\/126"}],"replies":[{"embeddable":true,"href":"https:\/\/blogs.magicjudges.org\/o\/wp-json\/wp\/v2\/comments?post=1749"}],"version-history":[{"count":5,"href":"https:\/\/blogs.magicjudges.org\/o\/wp-json\/wp\/v2\/pages\/1749\/revisions"}],"predecessor-version":[{"id":2918,"href":"https:\/\/blogs.magicjudges.org\/o\/wp-json\/wp\/v2\/pages\/1749\/revisions\/2918"}],"up":[{"embeddable":true,"href":"https:\/\/blogs.magicjudges.org\/o\/wp-json\/wp\/v2\/pages\/1737"}],"wp:attachment":[{"href":"https:\/\/blogs.magicjudges.org\/o\/wp-json\/wp\/v2\/media?parent=1749"}],"wp:term":[{"taxonomy":"language","embeddable":true,"href":"https:\/\/blogs.magicjudges.org\/o\/wp-json\/wp\/v2\/language?post=1749"}],"curies":[{"name":"wp","href":"https:\/\/api.w.org\/{rel}","templated":true}]}}