{"id":1758,"date":"2016-05-11T19:45:52","date_gmt":"2016-05-11T19:45:52","guid":{"rendered":"http:\/\/blogs.magicjudges.org\/o\/?page_id=1758"},"modified":"2016-10-16T13:46:18","modified_gmt":"2016-10-16T13:46:18","slug":"testing-and-promotion-pt","status":"publish","type":"page","link":"https:\/\/blogs.magicjudges.org\/o\/program-structure-pt\/testing-and-promotion-pt\/","title":{"rendered":"Testes e Promo\u00e7\u00f5es"},"content":{"rendered":"<h2>Gerente de Testes<\/h2>\n<p><div class=\"wp-caption alignleft judgeimg\"><a href=\"https:\/\/apps.magicjudges.org\/judges\/dci\/29870351\"><img src=https:\/\/apps.magicjudges.org\/dci\/avatar?dci=29870351&size=200 alt=\"Daniel Kitachewksy\nN\u00edvel 3, Fran\u00e7a\"><\/a><p class=\"wp-caption-text\">Daniel Kitachewksy<br \/>\nN\u00edvel 3, Fran\u00e7a<\/p><\/div><span class='judge-tooltip'><a href='https:\/\/apps.magicjudges.org\/judges\/dci\/29870351' >Daniel Kitachewsky<\/a><span class='avatar'><img width='200' height='200' src='https:\/\/apps.magicjudges.org\/dci\/avatar?dci=29870351&size=200'><\/span><\/span> \u00e9 o Gerente de Testes, criando e mantendo padr\u00f5es e processos para todos os n\u00edveis de testes de promo\u00e7\u00f5es. Lidera e planeja a coordena\u00e7\u00e3o da gest\u00e3o do processo de teste do N\u00edvel 3.<\/p>\n<p><a title=\"O Processo de Avan\u00e7o ao N\u00edvel Tr\u00eas\" href=\"http:\/\/blogs.magicjudges.org\/o\/judge-levels-pt\/level-3-advancement-process-pt\/\">O Processo de Avan\u00e7o ao N\u00edvel 3<\/a> passou por mudan\u00e7as significativas em 2011. Estas mudan\u00e7as tinham como objetivo superar o desafio de manter um forte padr\u00e3o global para o N\u00edvel 3, ao mesmo tempo que criava processos mais concretos, transparentes e objetivos para aumentar a confian\u00e7a de que o caminho para o N\u00edvel 3 \u00e9 baseado no m\u00e9rito e n\u00e3o em quem voc\u00ea conhece e quem gosta de voc\u00ea.<\/p>\n<h2>L\u00edder do Comit\u00ea de Verifica\u00e7\u00e3o<\/h2>\n<p><div class=\"wp-caption alignleft judgeimg\"><a href=\"https:\/\/apps.magicjudges.org\/judges\/dci\/1206310286\"><img src=https:\/\/apps.magicjudges.org\/dci\/avatar?dci=1206310286&size=200 alt=\"Sophie Pag\u00e8s\nN\u00edvel 3, Fran\u00e7a\"><\/a><p class=\"wp-caption-text\">Sophie Pag\u00e8s<br \/>\nN\u00edvel 3, Fran\u00e7a<\/p><\/div><span class='judge-tooltip'><a href='https:\/\/apps.magicjudges.org\/judges\/dci\/1206310286' >Sophie Pag\u00e8s<\/a><span class='avatar'><img width='200' height='200' src='https:\/\/apps.magicjudges.org\/dci\/avatar?dci=1206310286&size=200'><\/span><\/span> \u00e9 a respons\u00e1vel pelo Comit\u00ea de Verifica\u00e7\u00e3o, portanto as aplica\u00e7\u00f5es para o N\u00edvel 3 uma hora acabam chegando nela. Ela garante que o comit\u00ea est\u00e1 funcionando num ritmo decente. Ela assegura que os candidatos ao N\u00edvel 3 atinjam os nossos padr\u00f5es, e que eles obtenham uma resposta rapidamente ap\u00f3s enviarem suas aplica\u00e7\u00f5es. Quando uma aplica\u00e7\u00e3o \u00e9 aprovada, ela passa para o&#8230;<\/p>\n<h2>L\u00edder de Entrevistadores Pr\u00e9-Evento<\/h2>\n<p><div class=\"wp-caption alignleft judgeimg\"><a href=\"https:\/\/apps.magicjudges.org\/judges\/dci\/1206180505\"><img src=https:\/\/apps.magicjudges.org\/dci\/avatar?dci=1206180505&size=200 alt=\"Antoine Bouaziz\nN\u00edvel 3, Fran\u00e7a\"><\/a><p class=\"wp-caption-text\">Antoine Bouaziz<br \/>\nN\u00edvel 3, Fran\u00e7a<\/p><\/div><span class='judge-tooltip'><a href='https:\/\/apps.magicjudges.org\/judges\/dci\/1206180505' >Antoine Bouaziz<\/a><span class='avatar'><img width='200' height='200' src='https:\/\/apps.magicjudges.org\/dci\/avatar?dci=1206180505&size=200'><\/span><\/span> ajuda com o processo de fazer N\u00edveis 3 ao redor do mundo. Ap\u00f3s uma aplica\u00e7\u00e3o ser aprovada pelo Comit\u00ea de Verifica\u00e7\u00e3o, ele encontra um N\u00edvel 3+ dispon\u00edvel que cuidar\u00e1 da Entrevista Pr\u00e9-Evento. \u00c9 trabalho dele garantir que o processo flua suavemente e relativamente r\u00e1pido, para que seja programada a entrevista de painel do candidato.<\/p>\n<h2>Blogs<\/h2>\n<p><a href=\"http:\/\/blogs.magicjudges.org\/road-to-l3\/\" rel=\"nofollow\">O Caminho para o N\u00edvel 3<\/a> &#8211; Informa\u00e7\u00e3o atualizada sobre o processo de promo\u00e7\u00e3o ao N\u00edvel 3<\/p>\n<p><a href=\"http:\/\/blogs.magicjudges.org\/l3-musings\/\" rel=\"nofollow\">Reflex\u00e3o do N\u00edvel 3<\/a> &#8211; Informa\u00e7\u00e3o que os N\u00edveis 3 precisam saber sobre o processo de promo\u00e7\u00e3o (somente N\u00edveis 3, senha necess\u00e1ria)<\/p>\n<h2>Artigos<\/h2>\n<p><a href=\"http:\/\/blogs.magicjudges.org\/articles\/l3-qualities-articles\/\">As Qualidades do N\u00edvel 3<\/a> &#8211; As qualidades explicadas por 12 N\u00edveis 3 peritos<\/p>\n<p><a href=\"http:\/\/blogs.magicjudges.org\/articles\/2012\/10\/30\/the-new-road-to-level-3-qualities-and-checklists\/\">O Caminho para o N\u00edvel 3<\/a> &#8211; <span class='judge-tooltip'><a href='https:\/\/apps.magicjudges.org\/judges\/dci\/80716007' >Adam Cetnerowski<\/a><span class='avatar'><img width='200' height='200' src='https:\/\/apps.magicjudges.org\/dci\/avatar?dci=80716007&size=200'><\/span><\/span> lista os passos que um N\u00edvel 2 trabalhando para o N\u00edvel 3 deve seguir<\/p>\n<p><a href=\"http:\/\/blogs.magicjudges.org\/articles\/2012\/11\/30\/the-new-road-to-level-3-the-pre-event-interview\/\">A Entrevista Pr\u00e9-Evento<\/a> &#8211; <span class='judge-tooltip'><a href='https:\/\/apps.magicjudges.org\/judges\/dci\/1203743114' >Jurgen Baert<\/a><span class='avatar'><img width='200' height='200' src='https:\/\/apps.magicjudges.org\/dci\/avatar?dci=1203743114&size=200'><\/span><\/span> fala sobre a parte mais nova do processo de avan\u00e7o ao N\u00edvel 3.<\/p>\n","protected":false},"excerpt":{"rendered":"<p>Gerente de Testes \u00e9 o Gerente de Testes, criando e mantendo padr\u00f5es e processos para todos os n\u00edveis de testes de promo\u00e7\u00f5es. Lidera e planeja a coordena\u00e7\u00e3o da gest\u00e3o do processo de teste do N\u00edvel 3. O Processo de Avan\u00e7o ao N\u00edvel 3 passou por mudan\u00e7as significativas em 2011. Estas mudan\u00e7as tinham como objetivo superar [&hellip;]<\/p>\n","protected":false},"author":126,"featured_media":0,"parent":1737,"menu_order":0,"comment_status":"closed","ping_status":"closed","template":"page_width-index.php","meta":{"footnotes":"","_links_to":"","_links_to_target":""},"language":[20],"class_list":["post-1758","page","type-page","status-publish","hentry","language-pt"],"_links":{"self":[{"href":"https:\/\/blogs.magicjudges.org\/o\/wp-json\/wp\/v2\/pages\/1758","targetHints":{"allow":["GET"]}}],"collection":[{"href":"https:\/\/blogs.magicjudges.org\/o\/wp-json\/wp\/v2\/pages"}],"about":[{"href":"https:\/\/blogs.magicjudges.org\/o\/wp-json\/wp\/v2\/types\/page"}],"author":[{"embeddable":true,"href":"https:\/\/blogs.magicjudges.org\/o\/wp-json\/wp\/v2\/users\/126"}],"replies":[{"embeddable":true,"href":"https:\/\/blogs.magicjudges.org\/o\/wp-json\/wp\/v2\/comments?post=1758"}],"version-history":[{"count":13,"href":"https:\/\/blogs.magicjudges.org\/o\/wp-json\/wp\/v2\/pages\/1758\/revisions"}],"predecessor-version":[{"id":3190,"href":"https:\/\/blogs.magicjudges.org\/o\/wp-json\/wp\/v2\/pages\/1758\/revisions\/3190"}],"up":[{"embeddable":true,"href":"https:\/\/blogs.magicjudges.org\/o\/wp-json\/wp\/v2\/pages\/1737"}],"wp:attachment":[{"href":"https:\/\/blogs.magicjudges.org\/o\/wp-json\/wp\/v2\/media?parent=1758"}],"wp:term":[{"taxonomy":"language","embeddable":true,"href":"https:\/\/blogs.magicjudges.org\/o\/wp-json\/wp\/v2\/language?post=1758"}],"curies":[{"name":"wp","href":"https:\/\/api.w.org\/{rel}","templated":true}]}}