{"id":1808,"date":"2015-03-25T22:58:56","date_gmt":"2015-03-25T22:58:56","guid":{"rendered":"http:\/\/blogs.magicjudges.org\/o\/?page_id=1808"},"modified":"2016-11-15T21:30:36","modified_gmt":"2016-11-15T21:30:36","slug":"welcome-to-the-official-resources-pl","status":"publish","type":"page","link":"https:\/\/blogs.magicjudges.org\/o\/welcome-to-the-official-resources-pl\/","title":{"rendered":""},"content":{"rendered":"<p style=\"margin-top: 40px;text-align: justify\">Witamy na stronie Programu Magic Judge &#8220;Oficjalne Zasoby&#8221;. Jest to miejsce, gdzie znajduje si\u0119 wiele informacji na temat poziom\u00f3w s\u0119dziowskich, struktury programu, certyfikacji, zasad <strong>Magic<\/strong>: The Gathering\u2122, regu\u0142 i zasad turniejowych DCI i wiele innych.<\/p>\n<p style=\"text-align: justify\">Wszystkie tre\u015bci na tej stronie s\u0105 Oficjalne i zatwierdzone przez Magic Judge Program.<\/p>\n","protected":false},"excerpt":{"rendered":"<p>Witamy na stronie Programu Magic Judge &#8220;Oficjalne Zasoby&#8221;. Jest to miejsce, gdzie znajduje si\u0119 wiele informacji na temat poziom\u00f3w s\u0119dziowskich, struktury programu, certyfikacji, zasad Magic: The Gathering\u2122, regu\u0142 i zasad turniejowych DCI i wiele innych. Wszystkie tre\u015bci na tej stronie s\u0105 Oficjalne i zatwierdzone przez Magic Judge Program.<\/p>\n","protected":false},"author":13,"featured_media":0,"parent":0,"menu_order":0,"comment_status":"closed","ping_status":"closed","template":"page_width-index.php","meta":{"footnotes":"","_links_to":"","_links_to_target":""},"language":[16],"class_list":["post-1808","page","type-page","status-publish","hentry","language-pl"],"_links":{"self":[{"href":"https:\/\/blogs.magicjudges.org\/o\/wp-json\/wp\/v2\/pages\/1808","targetHints":{"allow":["GET"]}}],"collection":[{"href":"https:\/\/blogs.magicjudges.org\/o\/wp-json\/wp\/v2\/pages"}],"about":[{"href":"https:\/\/blogs.magicjudges.org\/o\/wp-json\/wp\/v2\/types\/page"}],"author":[{"embeddable":true,"href":"https:\/\/blogs.magicjudges.org\/o\/wp-json\/wp\/v2\/users\/13"}],"replies":[{"embeddable":true,"href":"https:\/\/blogs.magicjudges.org\/o\/wp-json\/wp\/v2\/comments?post=1808"}],"version-history":[{"count":8,"href":"https:\/\/blogs.magicjudges.org\/o\/wp-json\/wp\/v2\/pages\/1808\/revisions"}],"predecessor-version":[{"id":3366,"href":"https:\/\/blogs.magicjudges.org\/o\/wp-json\/wp\/v2\/pages\/1808\/revisions\/3366"}],"wp:attachment":[{"href":"https:\/\/blogs.magicjudges.org\/o\/wp-json\/wp\/v2\/media?parent=1808"}],"wp:term":[{"taxonomy":"language","embeddable":true,"href":"https:\/\/blogs.magicjudges.org\/o\/wp-json\/wp\/v2\/language?post=1808"}],"curies":[{"name":"wp","href":"https:\/\/api.w.org\/{rel}","templated":true}]}}