{"id":2626,"date":"2016-04-11T16:12:46","date_gmt":"2016-04-11T16:12:46","guid":{"rendered":"http:\/\/blogs.magicjudges.org\/o\/?page_id=2626"},"modified":"2017-06-23T17:15:26","modified_gmt":"2017-06-23T17:15:26","slug":"judge-levels-it","status":"publish","type":"page","link":"https:\/\/blogs.magicjudges.org\/o\/judge-levels-it\/","title":{"rendered":"Livelli dei Judge"},"content":{"rendered":"<p><span style=\"font-weight: 400\">Il nucleo del Judge Program, il sistema dei livelli, interessa ogni Judge. Il livello generale di certificazione fornisce rapidamente ad ogni Organizzatore un quantitativo di informazioni di base riguardo a quello che un Judge sa e ha studiato.<\/span><\/p>\n<p><span style=\"font-weight: 400\">Ogni livello ha una serie di requisiti per essere raggiunto e altri per il mantenimento del livello. Ci si aspetta che i Judge di ogni livello seguano le linee guida del Codice di Condotta dei Magic Judge.<\/span><\/p>\n<p><span style=\"font-weight: 400\"><div class=\"row judge-familiar-stacked-pills \"><ul class=\"nav nav-pills nav-stacked col-lg-2\" role=\"tablist\"><li class=\"nav-item\"><a href=\"#livello-1\" class=\"nav-link active\" role=\"tab\" data-toggle=\"tab\">Livello 1<\/a><\/li><li class=\"nav-item\"><a href=\"#livello-2\" class=\"nav-link \" role=\"tab\" data-toggle=\"tab\">Livello 2<\/a><\/li><li class=\"nav-item\"><a href=\"#livello-3\" class=\"nav-link \" role=\"tab\" data-toggle=\"tab\">Livello 3<\/a><\/li><\/ul><div class=\"tab-content col-lg-10\"><div role=\"tabpanel\" class=\"tab-pane fade in active\" id=\"livello-1\">span><\/p>\n<h2><b>Livello 1 \u2014 Regular REL In-Store Judge<\/b><\/h2>\n<p><span style=\"font-weight: 400\">Un Judge di livello 1 ha dimostrato sufficiente conoscenza delle Comprehensive Rules e delle policy a REL Regular per poter svolgere un piccolo torneo in negozio come un FNM.<\/span><\/p>\n<p><span style=\"font-weight: 400\">I Judge di livello 1 non vengono testati su sezioni pi\u00f9 complesse delle regole o sulle policy a REL Competitive. Alcuni Judge di livello 1 potrebbero essere capaci di arbitrare a REL Competitive senza supervisione, ma questo non \u00e8 un requisito base del ruolo, e quei Judge dovrebbero essere incoraggiati a certificarsi L2.<\/span><\/p>\n<h4><b>Requisiti di Avanzamento<\/b><\/h4>\n<ul>\n<li style=\"font-weight: 400\"><span style=\"font-weight: 400\">Aver arbitrato almeno due eventi sanzionati negli ultimi sei mesi.<\/span><\/li>\n<li style=\"font-weight: 400\"><span style=\"font-weight: 400\">Breve colloquio e raccomandazione da parte di un Judge L2 o L3.<\/span><\/li>\n<li style=\"font-weight: 400\"><span style=\"font-weight: 400\">Superare l\u2019esame da livello 1, che include parte delle CR e delle MTR e il JAR.<\/span><\/li>\n<li style=\"font-weight: 400\"><span style=\"font-weight: 400\">Accettare i termini del Codice di Condotta dei Magic Judge.<\/span><\/li>\n<\/ul>\n<h4><b>Requisiti per il mantenimento<\/b><\/h4>\n<ul>\n<li style=\"font-weight: 400\"><span style=\"font-weight: 400\">Arbitrare almeno un evento sanzionato ogni sei mesi.<\/span><\/li>\n<li style=\"font-weight: 400\"><span style=\"font-weight: 400\">Dimostrare un costante aggiornamento della conoscenza di regole e policy attraverso esami annuali. Judge che ottengono punteggi bassi verranno indirizzati al loro Coordinatore Regionale per risolvere i possibili problemi.<\/span><\/li>\n<\/ul>\n<p>&nbsp;<\/p>\n<p><b>Intervallo per riprovare l\u2019esame<\/b><\/p>\n<ul>\n<li style=\"font-weight: 400\"><span style=\"font-weight: 400\">Un candidato che fallisce l\u2019esame da Livello 1 potr\u00e0 sottoporsi nuovamente ad esso dopo <\/span><b>due<\/b><span style=\"font-weight: 400\"> mesi.<\/span><\/li>\n<\/ul>\n<p>&nbsp;<\/p>\n<p><span style=\"font-weight: 400\">Leggi la Lettera di Benvenuto per Livelli 1.<\/span><\/p>\n<p>&nbsp;<\/p>\n<p><span style=\"font-weight: 400\"><\/div><div role=\"tabpanel\" class=\"tab-pane fade \" id=\"livello-2\">span><\/p>\n<h2><b>Livello 2 \u2014 Competitive REL Judge<\/b><\/h2>\n<p><span style=\"font-weight: 400\">Un Judge di livello 2 \u00e8 stato certificato per svolgere eventi a REL Competitive. I livelli 2 sono responsabili dei PPTQ e rappresentano il nucleo principale di Judge che arbitrano un Grand Prix ed altri tornei di vasta scala. Guidano e testano i candidati L1. Possono anche prendere la certificazione per fare da mentore ed esaminare altri arbitri per l\u2019esame da Livello 2, e per essere team leader al day 2 di un GP. <\/span><\/p>\n<p><span style=\"font-weight: 400\">I requisiti per questo livello riflettono le maggiori aspettative in termini di \u00a0diplomazia e coinvolgimento che si hanno nei confronti di qualcuno che si muover\u00e0 spesso da un negozio all\u2019altro per lavorare con diversi Organizzatori di Tornei e che condivider\u00e0 la sua conoscenza di regole e pratiche da torneo con altri Judge. Gli arbitri di livello 2 possono anche scegliere di far parte di progetti internazionali, man mano che avanzano nel programma.<\/span><\/p>\n<h4><b>Requisiti Preliminari<\/b><\/h4>\n<ul>\n<li style=\"font-weight: 400\"><span style=\"font-weight: 400\">Aver arbitrato sei eventi sanzionati negli ultimi sei mesi.<\/span><\/li>\n<li style=\"font-weight: 400\"><span style=\"font-weight: 400\">Review di raccomandazione scritta da un Judge Livello 2 o Livello 3 dopo aver arbitrato assieme ad un evento REL Competitive negli ultimi 12 mesi. Potete vedere \u00a0il template qui.<\/span><\/li>\n<li style=\"font-weight: 400\"><span style=\"font-weight: 400\">Inserire nel Judge Center review di due Judge differenti .<\/span><\/li>\n<li style=\"font-weight: 400\"><span style=\"font-weight: 400\">Aver scritto un report di un torneo con molteplici Judge, un report di una conference, o un articolo arbitrale negli ultimi 12 mesi.<\/span><\/li>\n<li style=\"font-weight: 400\"><span style=\"font-weight: 400\">Aver superato l\u2019esame di Pratica Livello 2 negli ultimi 12 mesi.<\/span><\/li>\n<\/ul>\n<p><span style=\"font-weight: 400\">Ciascuno di questi requisiti pu\u00f2 essere soppresso per uno specifico candidato Livello 2 da parte del suo Coordinatore Regionale in eccezionali circostanze.<\/span><\/p>\n<p>&nbsp;<\/p>\n<p><b>L\u2019esame da Livello 2 consiste in:<\/b><\/p>\n<p><span style=\"font-weight: 400\">Superare l\u2019esame scritto di Livello 2, che include IPG, MTR e CR.<\/span><\/p>\n<p><span style=\"font-weight: 400\">Un colloquio e una raccomandazione da parte di un judge certificato per tenere esami da Livello 2. Il colloquio deve verificare le seguenti caratteristiche del candidato:<\/span><\/p>\n<ul>\n<li style=\"font-weight: 400\"><span style=\"font-weight: 400\">Diplomazia con giocatori, arbitri e Tournament Organizers.<\/span><\/li>\n<li style=\"font-weight: 400\"><span style=\"font-weight: 400\">Comprensione di base sulle investigation (aiutate il candidato a capire quando un\u2019investigation \u00e8 appropriata ed il metodo corretto per condurla).<\/span><\/li>\n<li style=\"font-weight: 400\"><span style=\"font-weight: 400\">Volont\u00e0 di fare da mentore e di certificare altri arbitri.<\/span><\/li>\n<li style=\"font-weight: 400\"><span style=\"font-weight: 400\">Partecipazione alla comunit\u00e0 regionale.<\/span><\/li>\n<\/ul>\n<h4><b>Requisiti per il mantenimento <\/b><\/h4>\n<h4><span style=\"font-weight: 400\">Al termine naturale di ogni anno solare (escluso l\u2019anno in cui l\u2019arbitro viene certificato Livello 2) i seguenti requisiti devono essere soddisfatti pienamente per mantenere la certificazione da Livello 2.<\/span><\/h4>\n<ul>\n<li style=\"font-weight: 400\"><span style=\"font-weight: 400\">Aver arbitrato almeno due eventi a REL Competitive.<\/span><\/li>\n<li style=\"font-weight: 400\"><span style=\"font-weight: 400\">Aver scritto almeno una review di un altro Judge.<\/span><\/li>\n<li style=\"font-weight: 400\"><span style=\"font-weight: 400\">Dimostrare mantenimento della conoscenza di regole e policy attraverso esami annuali. I Judge che otterranno punteggi bassi verranno indirizzati al loro Coordinatore Regionale per ulteriori verifiche.<\/span><\/li>\n<\/ul>\n<p>&nbsp;<\/p>\n<p><span style=\"font-weight: 400\">Il modo esatto e la deadline per dimostrare che questi requisiti sono stati mantenuti vengono decisi dal Coordinatore Regionale. Se un Judge Livello 2 non riesce a soddisfare o a presentare tali requisiti, il loro Coordinatore Regionale provveder\u00e0 a trovare un percorso per far s\u00ec che il judge risolva il problema, se opportuno. Se invece non sar\u00e0 risolto o se, a discrezione del Coordinatore Regionale, il problema \u00e8 troppo grande per essere risolto, l\u2019arbitro verr\u00e0 riassegnato come Livello 1.<\/span><\/p>\n<p>&nbsp;<\/p>\n<p><b>Intervallo per riprovare l\u2019esame<\/b><\/p>\n<p>&nbsp;<\/p>\n<ul>\n<li style=\"font-weight: 400\"><span style=\"font-weight: 400\">Un candidato che fallisce l\u2019esame da Livello 2 potr\u00e0 sottoporsi nuovamente ad esso dopo <\/span><b>tre<\/b><span style=\"font-weight: 400\"> mesi.<\/span><\/li>\n<\/ul>\n<p>&nbsp;<\/p>\n<p><b>Certificazioni<\/b><\/p>\n<p><span style=\"font-weight: 400\">Le certificazioni sono opportunit\u00e0 di ambito ristretto rivolte a Judge che ricercano nuove sfide al di fuori del proprio livello. Esse sono supplementari e riconoscono al Judge l\u2019ottenimento di capacit\u00e0 addizionali.<\/span><\/p>\n<p>&nbsp;<\/p>\n<p><span style=\"font-weight: 400\">I Judge REL Competitive possono ottenere le seguenti certificazioni:<\/span><\/p>\n<p>&nbsp;<\/p>\n<ul>\n<li style=\"font-weight: 400\"><a href=\"http:\/\/blogs.magicjudges.org\/o\/judge-levels\/certifications\/the-level-2-tester-certification\/\"><span style=\"font-weight: 400\">Level 2 Tester<\/span><\/a><\/li>\n<li style=\"font-weight: 400\"><a href=\"http:\/\/blogs.magicjudges.org\/o\/judge-levels\/certifications\/the-level-2-team-leader-certification\/\"><span style=\"font-weight: 400\">Level 2 Team Leader<\/span><\/a><\/li>\n<\/ul>\n<p><span style=\"font-weight: 400\">Puoi leggere altre informazioni sulla <\/span><a href=\"https:\/\/blogs.magicjudges.org\/o\/judge-levels-it\/certifications-it\/\"><span style=\"font-weight: 400\">Pagina delle Certificazioni<\/span><\/a><span style=\"font-weight: 400\">.<\/span><\/p>\n<p><span style=\"font-weight: 400\">Qui puoi leggere la \u00a0<\/span><a href=\"https:\/\/blogs.magicjudges.org\/o\/judge-levels-itwelcome-to-level-2-it\/\"><span style=\"font-weight: 400\">lettera di Benvenuto al Livello 2<\/span><\/a><span style=\"font-weight: 400\">.<\/span><\/p>\n<p>&nbsp;<\/p>\n<p><span style=\"font-weight: 400\"><\/div><div role=\"tabpanel\" class=\"tab-pane fade \" id=\"livello-3\">span><\/p>\n<h2><b>Livello 3 \u2014 Premier Judge<\/b><\/h2>\n<p><span style=\"font-weight: 400\">I Premier Judge sono esperti sul campo e i leader del Premier Play. Sono i Leader sul campo dei Grand Prix, gestiscono molti altri tornei Premier, e condividono la loro esperienza e conoscenza con altri Judge. Sono coinvolti col Programma Arbitrale a livello globale; ci si aspetta che partecipino a e\/o guidino progetti del Judge Program di loro interesse. Guidano e certificano candidati Livello 1 e 2.<\/span><\/p>\n<p><span style=\"font-weight: 400\">Diventare Livello 3 \u00e8 un processo impegnativo che richiede al candidato di dimostrare dedizione, abilit\u00e0, conoscenza e diplomazia eccezionali. \u00c8 un risultato sostanziale ed il Livello arbitrale pi\u00f9 alto raggiungibile.<\/span><\/p>\n<h4><b>Requisiti di Avanzamento<\/b><\/h4>\n<p><span style=\"font-weight: 400\">Il processo di avanzamento per il livello 3 <\/span><a href=\"https:\/\/blogs.magicjudges.org\/o\/?page_id=1325\"><span style=\"font-weight: 400\">come documentato al momento<\/span><\/a><span style=\"font-weight: 400\">, con le seguenti modifiche:<\/span><\/p>\n<ul>\n<li style=\"font-weight: 400\"><span style=\"font-weight: 400\">Competenza della lingua inglese necessaria solo per poter guidare un Team a un Grand Prix e leggere i documenti ufficiali.<\/span><\/li>\n<li style=\"font-weight: 400\"><span style=\"font-weight: 400\">La leadership in eventi pu\u00f2 sostituire il coinvolgimento nella comunit\u00e0.<\/span><\/li>\n<li style=\"font-weight: 400\"><span style=\"font-weight: 400\">Alcune parti del Processo di Avanzamento per il Livello 3 attuale sono state spostate nelle Certificazioni che possono essere ottenute indipendentemente.<\/span><\/li>\n<li style=\"font-weight: 400\"><span style=\"font-weight: 400\">Requisiti addizionali riguardo ad abilit\u00e0 in Logistica e Operazioni da Torneo.<\/span><\/li>\n<\/ul>\n<h4><\/h4>\n<h4><b>Requisiti per il mantenimento<\/b><\/h4>\n<ul>\n<li style=\"font-weight: 400\"><span style=\"font-weight: 400\">Arbitrare almeno quattro Eventi Premier (RPTQ, WMCQ, Grand Prix, Pro Tour, World Magic Cup) per anno di calendario. Non farlo porter\u00e0 ad una segnalazione per la revisione dello status di questo livello.<\/span><\/li>\n<li style=\"font-weight: 400\"><span style=\"font-weight: 400\">Contributi significativi in un\u2019area a scelta fra Programma, Tornei e Comunit\u00e0 (verificati da un arbitro in un corrispettivo Ruolo Avanzato, leggi oltre). Contributi base nelle altre due aree.<\/span><\/li>\n<li style=\"font-weight: 400\"><span style=\"font-weight: 400\">Mantenimento delle caratteristiche del Livello 3 come descritto nel processo di avanzamento.<\/span><\/li>\n<li style=\"font-weight: 400\"><span style=\"font-weight: 400\">Dimostrazione della conoscenza di regole e policy attraverso esami di difficolt\u00e0 crescente.<\/span><\/li>\n<\/ul>\n<p><span style=\"font-weight: 400\">Un arbitro che non \u00e8 in grado di mantenere i requisiti di mantenimento sar\u00e0 avvisato dei problemi e avr\u00e0 6 mesi per risolverli o ritornare al Livello 2.<\/span><\/p>\n<p>&nbsp;<\/p>\n<p><b>Ruoli Avanzati<\/b><\/p>\n<p><span style=\"font-weight: 400\">I Ruoli Avanzati sono una struttura addizionale per i Premier Judges che rappresenta un aspetto della loro leadership nel Judge Program.<\/span><\/p>\n<p>&nbsp;<\/p>\n<p><span style=\"font-weight: 400\">I Ruoli avanzati sono:<\/span><\/p>\n<p>&nbsp;<\/p>\n<ul>\n<li style=\"font-weight: 400\"><span style=\"font-weight: 400\">Program Coordinator<\/span><\/li>\n<li style=\"font-weight: 400\"><span style=\"font-weight: 400\">Grand Prix Head Judge<\/span><\/li>\n<li style=\"font-weight: 400\"><span style=\"font-weight: 400\">Coordinatore Regionale<\/span><\/li>\n<\/ul>\n<p><span style=\"font-weight: 400\">Maggiori informazioni sui ruoli possono essere trovate sulla <\/span><a href=\"https:\/\/blogs.magicjudges.org\/o\/judge-levels-it\/advanced-roles-it\/\"><span style=\"font-weight: 400\">Pagina dei Ruoli Avanzati<\/span><\/a><span style=\"font-weight: 400\">.<\/span><\/p>\n<h4><b>Certificazioni<\/b><\/h4>\n<p>&nbsp;<\/p>\n<p><span style=\"font-weight: 400\">Le certificazioni sono piccole opportunit\u00e0 raggiungibili per quei giudici che ricercano nuove sfide al di fuori del proprio livello. Esse sono supplementari e identificano che il judge ha guadagnato capacit\u00e0 addizionali.<\/span><\/p>\n<p>&nbsp;<\/p>\n<p><span style=\"font-weight: 400\">Per i Judge Premier sono disponibili le seguenti certificazioni:<\/span><\/p>\n<ul>\n<li style=\"font-weight: 400\"><span style=\"font-weight: 400\">Level 3 Panel Lead<\/span><\/li>\n<\/ul>\n<p><span style=\"font-weight: 400\">Leggi maggiori informazioni sulle certificazioni sulla <\/span><a href=\"https:\/\/blogs.magicjudges.org\/o\/judge-levels-it\/certifications-it\/\"><span style=\"font-weight: 400\">pagina delle Certificazioni<\/span><\/a><span style=\"font-weight: 400\">.<\/span><\/p>\n<p><span style=\"font-weight: 400\">Leggi la <\/span><a href=\"https:\/\/blogs.magicjudges.org\/o\/judge-levels-itwelcome-to-level-3-it\/\"><span style=\"font-weight: 400\">Lettera di Benvenuto al Livello 3<\/span><\/a><span style=\"font-weight: 400\">.<\/span><\/p>\n<p>&nbsp;<\/p>\n<p>&nbsp;<\/p>\n<p><span style=\"font-weight: 400\"><\/div><\/div><\/div><\/span><\/p>\n<p>&nbsp;<\/p>\n<p>&nbsp;<\/p>\n","protected":false},"excerpt":{"rendered":"<p>Il nucleo del Judge Program, il sistema dei livelli, interessa ogni Judge. Il livello generale di certificazione fornisce rapidamente ad ogni Organizzatore un quantitativo di informazioni di base riguardo a quello che un Judge sa e ha studiato. Ogni livello ha una serie di requisiti per essere raggiunto e altri per il mantenimento del livello. [&hellip;]<\/p>\n","protected":false},"author":13,"featured_media":0,"parent":0,"menu_order":0,"comment_status":"closed","ping_status":"closed","template":"page_width-index.php","meta":{"footnotes":"","_links_to":"","_links_to_target":""},"language":[14],"class_list":["post-2626","page","type-page","status-publish","hentry","language-it"],"_links":{"self":[{"href":"https:\/\/blogs.magicjudges.org\/o\/wp-json\/wp\/v2\/pages\/2626","targetHints":{"allow":["GET"]}}],"collection":[{"href":"https:\/\/blogs.magicjudges.org\/o\/wp-json\/wp\/v2\/pages"}],"about":[{"href":"https:\/\/blogs.magicjudges.org\/o\/wp-json\/wp\/v2\/types\/page"}],"author":[{"embeddable":true,"href":"https:\/\/blogs.magicjudges.org\/o\/wp-json\/wp\/v2\/users\/13"}],"replies":[{"embeddable":true,"href":"https:\/\/blogs.magicjudges.org\/o\/wp-json\/wp\/v2\/comments?post=2626"}],"version-history":[{"count":10,"href":"https:\/\/blogs.magicjudges.org\/o\/wp-json\/wp\/v2\/pages\/2626\/revisions"}],"predecessor-version":[{"id":4065,"href":"https:\/\/blogs.magicjudges.org\/o\/wp-json\/wp\/v2\/pages\/2626\/revisions\/4065"}],"wp:attachment":[{"href":"https:\/\/blogs.magicjudges.org\/o\/wp-json\/wp\/v2\/media?parent=2626"}],"wp:term":[{"taxonomy":"language","embeddable":true,"href":"https:\/\/blogs.magicjudges.org\/o\/wp-json\/wp\/v2\/language?post=2626"}],"curies":[{"name":"wp","href":"https:\/\/api.w.org\/{rel}","templated":true}]}}