{"id":2644,"date":"2016-04-12T04:06:45","date_gmt":"2016-04-12T04:06:45","guid":{"rendered":"http:\/\/blogs.magicjudges.org\/o\/?page_id=2644"},"modified":"2016-10-24T21:25:12","modified_gmt":"2016-10-24T21:25:12","slug":"judge-levels-de","status":"publish","type":"page","link":"https:\/\/blogs.magicjudges.org\/o\/judge-levels-de\/","title":{"rendered":"Neudefinition der Judge Level"},"content":{"rendered":"<p>Der Kern des Judge-Programms, das Judge Level System, betrifft alle Judges. Das jeweilige Level gew\u00e4hrt eine breite \u00dcbersicht \u00fcber Qualifikationen von Judges, wodurch sich ein Turnierorganisator ein schnelles Bild dar\u00fcber machen kann, was ein Judge wei\u00df und gelernt hat.<\/p>\n<p>Jedes Level hat spezielle Kriterien zum Erreichen und Behalten des Levels. Von Judges jeden Levels wird erwartet, nach den Regeln des Magic Judge Code zu handeln.<br \/>\n<div class=\"row judge-familiar-stacked-pills \"><ul class=\"nav nav-pills nav-stacked col-lg-2\" role=\"tablist\"><li class=\"nav-item\"><a href=\"#level-1\" class=\"nav-link active\" role=\"tab\" data-toggle=\"tab\">Level 1<\/a><\/li><li class=\"nav-item\"><a href=\"#level-2\" class=\"nav-link \" role=\"tab\" data-toggle=\"tab\">Level 2<\/a><\/li><li class=\"nav-item\"><a href=\"#level-3\" class=\"nav-link \" role=\"tab\" data-toggle=\"tab\">Level 3<\/a><\/li><\/ul><div class=\"tab-content col-lg-10\"><div role=\"tabpanel\" class=\"tab-pane fade in active\" id=\"level-1\">\n<h3 style=\"text-align: justify\"><strong>Level 1 &#8211; Regular REL &#8211; Judge im Laden<\/strong><\/h3>\n<p>Ein Level 1 Judge hat gutes Regelwissen im Bereich der Comprehensive Rules und des Regular REL demonstriert, was ausreicht, um kleinere Events im lokalen Laden zu betreuen, wie zum Beispiel FNM-Events.<\/p>\n<p>Level 1 Judges werden nicht in Bezug auf komplexe Regelsituationen oder die Competitive REL Policy getestet. Einige Level 1 Judges sind jedoch in der Lage ohne gr\u00f6\u00dfere Hilfe als Floor Judge bei Turnieren auf Competitive REL zu arbeiten. Allerdings wird dies nicht von Level 1 Judges erwartet und derartige Kandidaten sollten ermutigt werden, Level 2 zu werden.<\/p>\n<h3>Aufstiegsanforderungen<\/h3>\n<ul>\n<li>War Judge f\u00fcr zwei sanktionierte Events in den vergangenen sechs Monaten.<\/li>\n<li>Kurzes Interview und Empfehlung von einem Level 2 oder Level 3 Judge.<\/li>\n<li>Ein bestandenes Level 1 Examen mit Fokus auf JAR und einige Unterpunkte der CR.<\/li>\n<li>Zustimmung, nach dem Judge Code of Conduct zu handeln.<\/li>\n<\/ul>\n<h3>Bedingungen zur Aufrechterhaltung des Levels<\/h3>\n<ul>\n<li>Alle 6 Monate Judge f\u00fcr ein sanktioniertes Event sein.<\/li>\n<li>Vorweisen von Regel- und Policy-Kenntnissen in j\u00e4hrlichen Examen. Judges mit schlechten Ergebnissen werden an den Regionalkoordinator verwiesen.<\/li>\n<\/ul>\n<p><\/div><div role=\"tabpanel\" class=\"tab-pane fade \" id=\"level-2\">\n<h3 style=\"text-align: justify\"><strong>Level 2 \u2014 Competitive REL Judge<\/strong><\/h3>\n<p style=\"text-align: justify\"><span style=\"font-weight: 400\">Level 2 Judges werden daf\u00fcr zertifiziert, Events auf Competitive REL auszuf\u00fchren. Sie sind f\u00fcr PPTQs verantwortlich und stellen einen Gro\u00dfteil der Floor Judges auf Grand Prixs und anderen gro\u00dfen Turnieren. Von ihnen wird erwartet Level 1 Kandidaten zu unterweisen und zu testen<\/span><span style=\"font-weight: 400\">. <\/span><span style=\"font-weight: 400\">Dar\u00fcber hinaus k\u00f6nnen sie die Zertifizierungen erwerben, Level 2 Judges zu unterweisen und zu testen, oder ein Team an einem Grand Prix Tag 2 zu leiten.<\/span><\/p>\n<p style=\"text-align: justify\"><span style=\"font-weight: 400\">Die Voraussetzungen f\u00fcr dieses Level reflektieren die Erwartung an h\u00f6here Diplomatie und das Engagement f\u00fcr Personen, die sich oft von Ort zu Ort bewegen, mit verschiedenen Turnierorganisatoren arbeiten und ihr Wissen \u00fcber Regeln und Turnierabl\u00e4ufe mit anderen Judges teilen wollen. Au\u00dferdem k\u00f6nnen sie sich an globalen Projekten beteiligen, w\u00e4hrend sie mehr \u00fcber das Judge-Programm lernen.<\/span><\/p>\n<h4 style=\"text-align: justify\"><b>Testvoraussetzungen<\/b><\/h4>\n<ul>\n<li style=\"text-align: justify\"><span style=\"font-weight: 400\">Du musst Judge f\u00fcr 6 sanktionierte Events in den letzten 6 Monaten gewesen sein.<\/span><\/li>\n<li style=\"text-align: justify\"><span style=\"font-weight: 400\">Ein Empfehlungsschreiben (Review) zu einem Competitive REL Event aus den letzten 12 Monaten, geschrieben von einem Level 2 oder Level 3 Judge. <\/span><a href=\"http:\/\/blogs.magicjudges.org\/o\/judge-levels-redefinition\/level-2-certification-template-review\"><span style=\"font-weight: 400\">Siehe Vorlage hier.<\/span><\/a><span style=\"font-weight: 400\"> \u00a0<\/span><\/li>\n<li style=\"text-align: justify\"><span style=\"font-weight: 400\">Du musst Reviews zu zwei verschiedenen Judges in das Judge Center in den letzten 12 Monaten eingetragen haben.<\/span><\/li>\n<li style=\"text-align: justify\"><span style=\"font-weight: 400\">Ein Artikel, ein Konferenzbericht oder ein geschriebener Turnierbericht eines Events mit mehreren Judges in den letzten 12 Monaten.<\/span><\/li>\n<li style=\"text-align: justify\"><span style=\"font-weight: 400\">Ein Ergebnis von 70% in einem Level 2 \u00dcbungstest in den letzten 12 Monaten.<\/span><span style=\"font-weight: 400\"><br \/>\n<\/span><\/li>\n<\/ul>\n<p><span style=\"font-weight: 400\">Jede dieser Voraussetzungen kann f\u00fcr bestimmte Level 2 Kandidaten au\u00dfer Acht gelassen werden, wenn au\u00dferordentliche Umst\u00e4nde vorliegen.<\/span><\/p>\n<p style=\"text-align: justify\"><b>Der L2 Test umfasst folgendes:<\/b><b><br \/>\n<\/b><span style=\"font-weight: 400\">Bestehen des Level 2 Judge Tests, der IPG, MTR und CR beinhaltet:<\/span><\/p>\n<p style=\"text-align: justify\"><span style=\"font-weight: 400\">Interview und Empfehlung eines Judges, der zertifiziert ist, Level 2 zu testen.<\/span><span style=\"font-weight: 400\"><br \/>\n<\/span><span style=\"font-weight: 400\">Dieses Interview sollte folgende Qualit\u00e4ten der Kandidaten erfassen:<\/span><\/p>\n<ul>\n<li style=\"text-align: justify\"><span style=\"font-weight: 400\">Diplomatie mit Spielern, Judges und Turnierorganisatoren.<\/span><\/li>\n<li style=\"text-align: justify\"><span style=\"font-weight: 400\">Grundlegendes Verst\u00e4ndnis von Investigations (soll den Kandidaten zu verstehen geben, wann eine Investigation angebracht ist und wie diese durchgef\u00fchrt wird)<\/span><\/li>\n<li style=\"text-align: justify\"><span style=\"font-weight: 400\">Bereitschaft, andere Judges zu unterweisen und zu zertifizieren.<\/span><\/li>\n<li style=\"text-align: justify\"><span style=\"font-weight: 400\">Beteiligung in der regionalen Community<\/span><\/li>\n<\/ul>\n<h4 style=\"text-align: justify\"><b>Voraussetzungen f\u00fcr die Aufrechterhaltung<\/b><\/h4>\n<p style=\"text-align: justify\"><span style=\"font-weight: 400\">Am Ende jedes Jahres (ausgenommen das Jahr, in dem ein Judge auf Level 2 getestet wurde), m\u00fcssen die folgenden Voraussetzungen erf\u00fcllt sein, um die Level 2 Zertifizierung aufrechtzuerhalten:<\/span><\/p>\n<ul>\n<li style=\"text-align: justify\"><span style=\"font-weight: 400\">Du musst Judge f\u00fcr zwei Competitive REL Turniere gewesen sein.<\/span><\/li>\n<li style=\"text-align: justify\"><span style=\"font-weight: 400\">Du musst ein Review f\u00fcr einen anderen Judge in das Judge Center eingetragen haben.<\/span><\/li>\n<li style=\"text-align: justify\"><span style=\"font-weight: 400\">Du musst vorgewiesen haben, dass du dein Wissen \u00fcber Regeln und Policy auf dem neuesten Stand h\u00e4ltst. Schlecht abschneidende Judges werden an ihre Regionalkoordinatoren verwiesen.<\/span><\/li>\n<\/ul>\n<p style=\"text-align: justify\"><span style=\"font-weight: 400\">Die genaue Ausf\u00fchrung und Fristen f\u00fcr das Nachweisen dieser Voraussetzungen, werden von den Regionalkoordinatoren festgelegt. Wenn ein Level 2 Judge vers\u00e4umt, diese Voraussetzungen zu erf\u00fcllen oder einzureichen, wird der Regionalkoordinator diesem Judge eine entsprechende M\u00f6glichkeit f\u00fcr eine L\u00f6sung bieten. Wenn keine L\u00f6sung zu finden ist oder das Problem nach Ermessen des Regionalkoordinators zu gro\u00df ist, wird der Judge auf Level 1 zur\u00fcckgestuft.<\/span><\/p>\n<h4 style=\"text-align: justify\"><b>Intervall f\u00fcr die Testwiederholung<\/b><\/h4>\n<p style=\"text-align: justify\"><span style=\"font-weight: 400\">Kandidaten, die den Level 2 Test nicht bestehen, k\u00f6nnen nach <\/span><b>drei<\/b><span style=\"font-weight: 400\"> Monaten die Rezertifizierung versuchen.<\/span><\/p>\n<p><\/div><div role=\"tabpanel\" class=\"tab-pane fade \" id=\"level-3\">\n<h3 style=\"text-align: justify\"><strong>Level 3 &#8211; Leitende Judges<\/strong><\/h3>\n<p>Level 3 Judges sind an der Spitze des Organized Play und Experten auf ihrem Gebiet. Sie sind Teamleiter auf Grand Prix Ebene, leiten andere Gro\u00dfevents, und teilen ihre Fachkenntnis und ihr Wissen mit anderen Judges. Sie beteiligen sich auf globaler Ebene am Judge-Programm. Erwartungsgem\u00e4\u00df sind sie oft Mitglied oder Leiter von Projekten im Judge-Programm. Sie unterrichten und testen Level 1 und 2 Kandidaten.<\/p>\n<p>Level 3 Judge zu werden ist ein fordernder Prozess f\u00fcr die Kandidaten, bei dem sie au\u00dfergew\u00f6hnliche Hingabe, K\u00f6nnen, Wissen und Diplomatie zeigen m\u00fcssen. Es ist eine bedeutende Leistung Level 3 zu sein und das h\u00f6chste anerkannte Judge Level.<\/p>\n<h3>Aufstiegsanforderungen<\/h3>\n<p>Der Level 3 Prozess ist <a href=\"http:\/\/blogs.magicjudges.org\/o\/judge-certification\/level-3-advancement-process\/\" target=\"_blank\">wie bisher<\/a>, mit den folgenden \u00c4nderungen:<\/p>\n<ul>\n<li style=\"margin-top: -20px\">Sprachkompetenz im Englischen ist nur soweit n\u00f6tig, um ein Grand Prix Team zu leiten und offizielle Dokumente zu verstehen.<\/li>\n<li>F\u00fchrungsrollen f\u00fcr Events k\u00f6nnen Community-Arbeit ersetzen.<\/li>\n<li>Einige Aspekte des aktuellen Level 3 Aufstiegsverfahrens geh\u00f6ren nun zu den Zertifizierungen, die unabh\u00e4ngig von diesem wahrgenommen werden k\u00f6nnen.<\/li>\n<li>Zus\u00e4tzliche Anforderungen im Bereich Logistik und Turnierbetrieb.<\/li>\n<\/ul>\n<h3>Anforderungen zur Aufrechterhaltung des Levels<\/h3>\n<ul>\n<li>Judge f\u00fcr mindestens vier Premier Events (RPTQ, WMCQ, Grand Prix, Pro Tour, World Magic Cup) pro Kalenderjahr.<\/li>\n<li>Signifikante Teilnahme an einem Programm, Turnier oder der Community &#8211; gerne auch in mehreren Bereichen (wird verifiziert von einem daf\u00fcr zust\u00e4ndigen Judge). Grundlegende Beitr\u00e4ge in den anderen Bereichen.<\/li>\n<li>Beibehaltung der Eigenschaften, die im Level 3 Aufstiegsverfahren aufgef\u00fchrt sind.<\/li>\n<li>Demonstration von Regel- und Policy-Kenntnissen durch wiederholte Examen.<\/li>\n<\/ul>\n<p>Ein Judge, der nicht in der Lage ist die Anforderungen zur Beibehaltung des Levels zu erf\u00fcllen, bekommt sechs Monate Zeit, diese erneut zu erf\u00fcllen, und wird ansonsten auf Level 2 zur\u00fcckgestuft.<\/div><\/div><\/div><\/p>\n<h2 style=\"font-size: 175%;margin-top: -30px\">Weiterf\u00fchrende Rollen<\/h2>\n<p>Weiterf\u00fchrende Rollen repr\u00e4sentieren zus\u00e4tzliche Strukturen f\u00fcr Premier Judges, welche leitende Positionen des Judge-Programms repr\u00e4sentieren. Jede Rolle hat eine feste Anzahl an Pl\u00e4tzen (die Zahlen k\u00f6nnen sich \u00fcber die Zeit und nach Bedarf \u00e4ndern). Ein Premier Judge kann mehr als eine weiterf\u00fchrende Rolle gleichzeitig \u00fcbernehmen.<\/p>\n<p>Judges nehmen diese weiterf\u00fchrenden Rollen f\u00fcr 18 Monate ein. Alle sechs Monate werden bei einem Drittel der Judges diese Rollen ablaufen und neue Bewerbungen in Betracht gezogen. Judges mit ablaufender Frist d\u00fcrfen sich gerne in dieser Zeit erneut bewerben. Bewerbungen werden von den bestehenden Mitgliedern der Rolle bearbeitet und die gesammelten Resultate f\u00fcr jeden Kandidaten an Wizards f\u00fcr die finale Auswahl geschickt.<\/p>\n<p>Ein Premier Judge, der sich f\u00fcr eine weiterf\u00fchrende Rolle bewirbt, sollte bereits au\u00dfergew\u00f6hnliche F\u00e4higkeiten in der gew\u00fcnschten Rolle demonstriert haben; Event und Projektarbeit werden in der Bewerbung ber\u00fccksichtigt. Da diese nur f\u00fcr einen begrenzten Zeitraum verf\u00fcgbar sind, gibt es keine Bedingungen zur Aufrechterhaltung einer weiterf\u00fchrenden Rolle (in Sonderf\u00e4llen kann ein Judge jedoch vom Judge Community Manager entfernt werden).<\/p>\n<p>Faktoren wie die Region k\u00f6nnen in den Auswahlprozess einbezogen werden. Judges wird au\u00dferdem abgeraten, mehr als zwei dieser Rollen gleichzeitig ausuf\u00fchren.<br \/>\n<div class=\"row judge-familiar-stacked-pills \"><ul class=\"nav nav-pills nav-stacked col-lg-2\" role=\"tablist\"><li class=\"nav-item\"><a href=\"#grand-prix-head-judge\" class=\"nav-link active\" role=\"tab\" data-toggle=\"tab\">Grand Prix Head Judge<\/a><\/li><li class=\"nav-item\"><a href=\"#programm-koordinatoren\" class=\"nav-link \" role=\"tab\" data-toggle=\"tab\">Programm-Koordinatoren<\/a><\/li><li class=\"nav-item\"><a href=\"#regional-koordinatoren\" class=\"nav-link \" role=\"tab\" data-toggle=\"tab\">Regional-Koordinatoren<\/a><\/li><\/ul><div class=\"tab-content col-lg-10\"><div role=\"tabpanel\" class=\"tab-pane fade in active\" id=\"grand-prix-head-judge\">\n<h2 style=\"font-size: 125%\">Grand Prix Head Judge<\/h2>\n<p>Diese Judges arbeiten als Head Judges, Support Judges und Appeal Judges f\u00fcr Grand Prix Turniere. Die Aufgabenbereiche sind unterschiedlich, je nach zugewiesener Rolle f\u00fcr den jeweiligen Grand Prix, k\u00f6nnen aber beinhalten: Planung von Personal vor dem Turnier, Kommunikation, Koordination des Events, Entgegennehmen von Appeals und Turnierberichte verfassen.<\/p>\n<p>Ein neu ernannter Judge f\u00fcr diese Rolle wird auf seinem ersten Grand Prix als Support Judge arbeiten, damit ein sicherer \u00dcbergang zum vollwertigen Grand Prix Head Judge gew\u00e4hrleistet werden kann.<\/p>\n<p>Von Grand Prix Judges wird erwartet, au\u00dfergew\u00f6hnliches Regelwissen vorzuweisen und die F\u00e4higkeit, Regeln, Policy und die ihnen zugrundeliegende Philosophie zu kommunizieren. Au\u00dferdem besitzen sie F\u00fchrungsqualit\u00e4ten und Organisationstalent.<\/p>\n<p>Die derzeit erwartete Menge an ben\u00f6tigten Grand Prix Head Judges betr\u00e4gt 21 bis 24.<\/p>\n<h3>Bewerbungsablauf:<\/h3>\n<ul>\n<li>Nachgewiesener Erfolg als Grand Prix Teamleiter<\/li>\n<li>Bewerbungsschreiben<br \/>\nRegeltest<\/li>\n<li>Policy-Test<\/li>\n<\/ul>\n<p>Kandidaten, die diesen Test bestehen gehen weiter zu:<\/p>\n<ul>\n<li style=\"margin-top: -20px\">Test f\u00fcr Policy-Situationen und Grand Prix Head Judge Einsch\u00e4tzung<\/li>\n<\/ul>\n<p><\/div><div role=\"tabpanel\" class=\"tab-pane fade \" id=\"programm-koordinatoren\">\n<h2 style=\"font-size: 125%\">Programm-Koordinatoren<\/h2>\n<p>Diese Judges sind daf\u00fcr verantwortlich die strategischen Richtlinien von Wizards f\u00fcr das ganze Judge-Programm durchzuf\u00fchren. Dies wird durch die Koordination mit anderen projektleitenden Judges erreicht. Ein Aspekt ihrer Rolle ist es, sicherzugehen, dass Projekte eine eindeutige Richtung und Erfolgskriterien haben und deren Mitglieder angemessen wahrgenommen werden.<\/p>\n<p>Programm-Koordinatoren m\u00fcssen hervorragend kommunizieren k\u00f6nnen und eine Vorstellung vom Erfolg des Programms haben. Sie m\u00fcssen als F\u00fchrungspers\u00f6nlichkeit gut mit anderen Judges zusammenarbeiten k\u00f6nnen und dies durch erfolgreich gef\u00fchrte Projekte belegen.<\/p>\n<p>Die derzeit erwartete Menge an ben\u00f6tigten Programm-Koordinatoren betr\u00e4gt vier bis sechs.<\/p>\n<h3>Bewerbungsablauf:<\/h3>\n<ul>\n<li>Nachweislicher Erfolg bei Projektleitung.<\/li>\n<li>schriftliche Bewerbung mit Ideen und Vorschl\u00e4gen zur Verbesserung des Judge-Programms.<\/li>\n<li>Interview mit einem aktuellen Programm-Koordinator f\u00fcr finale Kandidaten.<\/li>\n<\/ul>\n<p><\/div><div role=\"tabpanel\" class=\"tab-pane fade \" id=\"regional-koordinatoren\">\n<h2 style=\"font-size: 125%\">Regional-Koordinatoren<\/h2>\n<p>Diese Judges sind verantwortlich f\u00fcr die Organisation des Judge-Programms auf regionaler Ebene; jeder geographische Bereich hat einen Regionalkoordinator, der die weitere Struktur in der Region \u00fcberschaut (wie etwa die Weitergabe von Verantwortung an die Area Captains). Sie k\u00fcmmern sich um die t\u00e4glichen Bed\u00fcrfnisse ihrer regionalen Judges, \u00fcberschauen die Level 1 und Level 2 Tests, Entwicklung und Instandhaltung des Programms und arbeiten mit Organisatoren zusammen, um deren Bedarf zu erf\u00fcllen.<\/p>\n<p>Die Bewerbung zum Regionalkoordinator beinhaltet ein Bewerbungsgespr\u00e4ch mit einem Mitglied der Regionalkoordinatoren-Gruppe.<\/div><\/div><\/div><\/p>\n<h2 style=\"font-size: 175%;margin-top: -30px\">Zertifizierungen<\/h2>\n<p>Zertifizierungen sind kleinere M\u00f6glichkeiten f\u00fcr Judges, Herausforderungen au\u00dferhalb des Levels wahrzunehmen. Diese sind erg\u00e4nzend, und zeichnen einen Judge mit zus\u00e4tzlichen F\u00e4higkeiten aus. Obwohl Zertifizierungen allen Judges offen stehen, haben manche davon Anforderungen (wie etwa Level oder Zertifizierung), die zuerst erf\u00fcllt werden m\u00fcssen.<\/p>\n<p>Zertifizierungen werden auf der Profilseite von JudgeApps angezeigt.<br \/>\n<div class=\"row judge-familiar-stacked-pills \"><ul class=\"nav nav-pills nav-stacked col-lg-2\" role=\"tablist\"><li class=\"nav-item\"><a href=\"#level-2-tester\" class=\"nav-link active\" role=\"tab\" data-toggle=\"tab\">Level 2 Tester<\/a><\/li><li class=\"nav-item\"><a href=\"#basis-teamleitung\" class=\"nav-link \" role=\"tab\" data-toggle=\"tab\">Basis Teamleitung<\/a><\/li><li class=\"nav-item\"><a href=\"#level-3-panel-leitung\" class=\"nav-link \" role=\"tab\" data-toggle=\"tab\">Level 3 Panel-Leitung<\/a><\/li><\/ul><div class=\"tab-content col-lg-10\"><div role=\"tabpanel\" class=\"tab-pane fade in active\" id=\"level-2-tester\">\n<h2 style=\"font-size: 125%\">Level 2 Tester<\/h2>\n<p>Verf\u00fcgbar f\u00fcr Level 2 Judges. Erlaubt es ihnen, Kandidaten zum Aufstieg auf Level 2 zu testen.<\/div><div role=\"tabpanel\" class=\"tab-pane fade \" id=\"basis-teamleitung\">\n<h2 style=\"font-size: 125%\">Basis Teamleitung<\/h2>\n<p>Verf\u00fcgbar f\u00fcr Level 2 Judges. Bef\u00e4higt einen Judge dazu, ein Day 2 Team auf einem kleineren Grand Prix Event zu leiten.<\/div><div role=\"tabpanel\" class=\"tab-pane fade \" id=\"level-3-panel-leitung\">\n<h2 style=\"font-size: 125%\">Level 3 Panel-Leitung<\/h2>\n<p>Verf\u00fcgbar f\u00fcr Level 3 Judges. Bef\u00e4higt einen Judge dazu, ein Bewerbungspanel f\u00fcr einen Level 3 Kandidaten zu leiten.<\/div><\/div><\/div><\/p>\n","protected":false},"excerpt":{"rendered":"<p>Der Kern des Judge-Programms, das Judge Level System, betrifft alle Judges. Das jeweilige Level gew\u00e4hrt eine breite \u00dcbersicht \u00fcber Qualifikationen von Judges, wodurch sich ein Turnierorganisator ein schnelles Bild dar\u00fcber machen kann, was ein Judge wei\u00df und gelernt hat. Jedes Level hat spezielle Kriterien zum Erreichen und Behalten des Levels. Von Judges jeden Levels wird [&hellip;]<\/p>\n","protected":false},"author":13,"featured_media":0,"parent":0,"menu_order":0,"comment_status":"closed","ping_status":"closed","template":"page_width-index.php","meta":{"footnotes":"","_links_to":"","_links_to_target":""},"language":[18],"class_list":["post-2644","page","type-page","status-publish","hentry","language-de"],"_links":{"self":[{"href":"https:\/\/blogs.magicjudges.org\/o\/wp-json\/wp\/v2\/pages\/2644","targetHints":{"allow":["GET"]}}],"collection":[{"href":"https:\/\/blogs.magicjudges.org\/o\/wp-json\/wp\/v2\/pages"}],"about":[{"href":"https:\/\/blogs.magicjudges.org\/o\/wp-json\/wp\/v2\/types\/page"}],"author":[{"embeddable":true,"href":"https:\/\/blogs.magicjudges.org\/o\/wp-json\/wp\/v2\/users\/13"}],"replies":[{"embeddable":true,"href":"https:\/\/blogs.magicjudges.org\/o\/wp-json\/wp\/v2\/comments?post=2644"}],"version-history":[{"count":4,"href":"https:\/\/blogs.magicjudges.org\/o\/wp-json\/wp\/v2\/pages\/2644\/revisions"}],"predecessor-version":[{"id":3312,"href":"https:\/\/blogs.magicjudges.org\/o\/wp-json\/wp\/v2\/pages\/2644\/revisions\/3312"}],"wp:attachment":[{"href":"https:\/\/blogs.magicjudges.org\/o\/wp-json\/wp\/v2\/media?parent=2644"}],"wp:term":[{"taxonomy":"language","embeddable":true,"href":"https:\/\/blogs.magicjudges.org\/o\/wp-json\/wp\/v2\/language?post=2644"}],"curies":[{"name":"wp","href":"https:\/\/api.w.org\/{rel}","templated":true}]}}