{"id":2737,"date":"2016-04-19T20:05:02","date_gmt":"2016-04-19T20:05:02","guid":{"rendered":"http:\/\/blogs.magicjudges.org\/o\/?page_id=2737"},"modified":"2016-10-16T17:45:26","modified_gmt":"2016-10-16T17:45:26","slug":"advanced-roles-pt","status":"publish","type":"page","link":"https:\/\/blogs.magicjudges.org\/o\/judge-levels-pt\/advanced-roles-pt\/","title":{"rendered":"Pap\u00e9is Avan\u00e7ados"},"content":{"rendered":"<p style=\"text-align: justify\">Pap\u00e9is Avan\u00e7ados representam estruturas adicionais para Ju\u00edzes Premier que representam aspectos de lideran\u00e7a do Programa de Ju\u00edzes. Cada papel tem um n\u00famero fixo de vagas dispon\u00edveis (apesar do n\u00famero poder mudar caso haja necessidade). Um Juiz Premier pode ter mais de um Papel Avan\u00e7ado ao mesmo tempo.<\/p>\n<p style=\"text-align: justify\">Ju\u00edzes ficam em um Papel Avan\u00e7ado por 18 meses. A cada seis meses, um ter\u00e7o dos pap\u00e9is expirar\u00e1, e uma nova rodada de candidaturas ser\u00e1 considerada. Juizes que tiveram seu papel expirado s\u00e3o bem vindos a se recandidatar durante este processo. Candidaturas s\u00e3o manejadas pelos membros fixos deste papel, que coleta os resultados e submete o feedback de cada candidato para a Wizards para que seja feita uma sele\u00e7\u00e3o final.<\/p>\n<p style=\"text-align: justify\">Um Juiz Premier que se candidata para um Papel Avan\u00e7ado deve ter demonstrado habilidade excepcional como um Juiz Premier; trabalho em eventos e projetos ser\u00e3o considerados para a candidatura. Uma vez que eles tem uma validade fixa, n\u00e3o h\u00e1 requisitos formais de manuten\u00e7\u00e3o para os Pap\u00e9is Avan\u00e7ados (apesar de que, em circunst\u00e2ncias excepcionais, um juiz pode ser removido a crit\u00e9rio do Gestor da Comunidade de Ju\u00edzes).<\/p>\n<p style=\"text-align: justify\">Considera\u00e7\u00f5es geo-regionais podem ser aplicadas durante a sele\u00e7\u00e3o de um candidato para um papel. \u00c9 recomendado que ju\u00edzes geralmente n\u00e3o tentem preencher mais de dois desses pap\u00e9is ao mesmo tempo.<\/p>\n<div class=\"row judge-familiar-stacked-pills \"><ul class=\"nav nav-pills nav-stacked col-lg-4\" role=\"tablist\"><li class=\"nav-item\"><a href=\"#juiz-mor-de-grand-prix\" class=\"nav-link active\" role=\"tab\" data-toggle=\"tab\">Juiz Mor de Grand Prix<\/a><\/li><li class=\"nav-item\"><a href=\"#coordenadores-do-programa\" class=\"nav-link \" role=\"tab\" data-toggle=\"tab\">Coordenadores do Programa<\/a><\/li><li class=\"nav-item\"><a href=\"#coordenadores-regionais\" class=\"nav-link \" role=\"tab\" data-toggle=\"tab\">Coordenadores Regionais<\/a><\/li><\/ul><div class=\"tab-content col-lg-8\"><div role=\"tabpanel\" class=\"tab-pane fade in active\" id=\"juiz-mor-de-grand-prix\">\n<p style=\"text-align: justify\">Estes ju\u00edzes s\u00e3o respons\u00e1veis por agir como Ju\u00edzes Mor, Ju\u00edzes de Suporte e Ju\u00edzes de Apela\u00e7\u00e3o para eventos Grand Prix. Os deveres variam de acordo com qual papel foi atribu\u00eddo para um Grand Prix espec\u00edfico, mas podem incluir planejamento de staff pr\u00e9-torneio, comunica\u00e7\u00e3o, coordenar o evento, aceitar apela\u00e7\u00f5es, e fornecer report p\u00f3s-torneio.<\/p>\n<p style=\"text-align: justify\">Um ju\u00edz rec\u00e9m apontado para este papel passar\u00e1 seus primeiros Grand Prix como Ju\u00edz de Suporte para garantir uma transi\u00e7\u00e3o suave ao papel completo de Juiz Mor de Grand Prix.<\/p>\n<p style=\"text-align: justify\">\u00c9 esperado que Ju\u00edzes Mor de Grand Prix demonstrem conhecimento de regras, habilidade de articular regras, pol\u00edticas e as filosofias que existem por baixo, lideran\u00e7a e habilidades organizacionais excepcionais.<\/p>\n<p style=\"text-align: justify\">A necessidade prevista atualmente de Ju\u00edzes Mor de Grand Prix \u00e9 de 21-24.<\/p>\n<h4 style=\"text-align: justify\">Processo de Candidatura:<\/h4>\n<ul style=\"text-align: justify\">\n<li>Demonstrar sucesso como l\u00edder de time em um Grand Prix.<\/li>\n<li>Carta de Apresenta\u00e7\u00e3o.<\/li>\n<li>Teste de Regras.<\/li>\n<li>Teste de Pol\u00edticas.<\/li>\n<\/ul>\n<p style=\"text-align: justify\">Candidatos que passarem por este passo ir\u00e3o para:<\/p>\n<ul style=\"text-align: justify\">\n<li style=\"margin-top: -20px\">Teste de Situa\u00e7\u00e3o de Pol\u00edtica e avalia\u00e7\u00e3o de Juiz Mor de Grand Prix.<\/li>\n<\/ul>\n<p style=\"text-align: justify\"><\/div><div role=\"tabpanel\" class=\"tab-pane fade \" id=\"coordenadores-do-programa\">\n<p style=\"text-align: justify\">Estes ju\u00edzes s\u00e3o respons\u00e1veis por receber dire\u00e7\u00f5es estrat\u00e9gicas da Wizards e descobrir como implement\u00e1-las atrav\u00e9s do programa. Isto \u00e9 feito atrav\u00e9s da coordena\u00e7\u00e3o com outros ju\u00edzes que lideram v\u00e1rios projetos, e parte deste papel \u00e9 garantir que projetos tenham uma dire\u00e7\u00e3o clara, crit\u00e9rios de sucesso, e que membros estejam sendo reconhecidos apropriadamente.<\/p>\n<p style=\"text-align: justify\">Coordenadores do Programa devem ser excelente comunicadores e ter uma forte vis\u00e3o para o sucesso do programa. Eles devem ser capazes de trabalhar bem com outros e fornecer lideran\u00e7a pelo exemplo, e ter demonstrado sucesso em liderar projetos passados.<\/p>\n<p style=\"text-align: justify\">A necessidade prevista atualmente de Coordenadores do Programa \u00e9 de 4-6.<\/p>\n<h4 style=\"text-align: justify\">Processo de Candidatura<\/h4>\n<ul style=\"text-align: justify\">\n<li>Sucesso demonstrado em liderar um projeto.<\/li>\n<li>Aplica\u00e7\u00e3o por escrito descrevendo \u00e1reas de desafio para o Programa de Ju\u00edzes e tentativas de aproxima\u00e7\u00e3o sobre como resolv\u00ea-las.<\/li>\n<li>Entrevista com um atual PC (Coordenador do Programa) para candidatos finais.<\/li>\n<\/ul>\n<p style=\"text-align: justify\"><\/div><div role=\"tabpanel\" class=\"tab-pane fade \" id=\"coordenadores-regionais\">\n<p style=\"text-align: justify\">Estes ju\u00edzes s\u00e3o respons\u00e1veis pela manuten\u00e7\u00e3o do Programa de Ju\u00edzes num n\u00edvel regional; cada \u00e1rea geogr\u00e1fica tem um Coordenador Regional respons\u00e1vel pela demais estrutura (como Capit\u00e3es de \u00c1rea, para quem eles t\u00eam poder de delegar responsabilidades) em suas regi\u00f5es. Eles cuidam das necessidades do dia-a-dia de seus ju\u00edzes regionais, supervisionam o teste de N\u00edvel 1 e N\u00edvel 2, avan\u00e7o e manuten\u00e7\u00e3o, trabalham com organizadores para garantir que suas necessidades sejam satisfeitas, e garantem aten\u00e7\u00e3o e treinamento dos ju\u00edzes em suas regi\u00f5es.<\/p>\n<p style=\"text-align: justify\">A candidatura para o processo de Coordenador Regional envolve uma entrevista com um membro do grupo de Coordenadores Regionais.<\/div><\/div><\/div>\n<h2><strong>Ju\u00edzes-m\u00f3r de Grand Prix<\/strong><\/h2>\n<p><em>Expirando em 1 de Janeiro de 2017<\/em><\/p>\n<p><div class=\"wp-caption alignleft judgeimg\"><a href=\"https:\/\/apps.magicjudges.org\/judges\/dci\/1200175953\"><img src=https:\/\/apps.magicjudges.org\/dci\/avatar?dci=1200175953&size=200 alt=\"Sean Catanese\nWashington (EUA)\"><\/a><p class=\"wp-caption-text\">Sean Catanese<br \/>\nWashington (EUA)<\/p><\/div> <div class=\"wp-caption alignleft judgeimg\"><a href=\"https:\/\/apps.magicjudges.org\/judges\/dci\/19451179\"><img src=https:\/\/apps.magicjudges.org\/dci\/avatar?dci=19451179&size=200 alt=\"Cristiana Dionisio\nIt\u00e1lia\"><\/a><p class=\"wp-caption-text\">Cristiana Dionisio<br \/>\nIt\u00e1lia<\/p><\/div> <div class=\"wp-caption alignleft judgeimg\"><a href=\"https:\/\/apps.magicjudges.org\/judges\/dci\/40645391\"><img src=https:\/\/apps.magicjudges.org\/dci\/avatar?dci=40645391&size=200 alt=\"Toby Elliott\nCalif\u00f3rnia (EUA)\"><\/a><p class=\"wp-caption-text\">Toby Elliott<br \/>\nCalif\u00f3rnia (EUA)<\/p><\/div> <div class=\"wp-caption alignleft judgeimg\"><a href=\"https:\/\/apps.magicjudges.org\/judges\/dci\/49113484\"><img src=https:\/\/apps.magicjudges.org\/dci\/avatar?dci=49113484&size=200 alt=\"Carlos Ho\nPanam\u00e1\"><\/a><p class=\"wp-caption-text\">Carlos Ho<br \/>\nPanam\u00e1<\/p><\/div> <div class=\"wp-caption alignleft judgeimg\"><a href=\"https:\/\/apps.magicjudges.org\/judges\/dci\/79945451\"><img src=https:\/\/apps.magicjudges.org\/dci\/avatar?dci=79945451&size=200 alt=\"Jason Lemahieu\nWisconsin (EUA)\"><\/a><p class=\"wp-caption-text\">Jason Lemahieu<br \/>\nWisconsin (EUA)<\/p><\/div> <div class=\"wp-caption alignleft judgeimg\"><a href=\"https:\/\/apps.magicjudges.org\/judges\/dci\/79083152\"><img src=https:\/\/apps.magicjudges.org\/dci\/avatar?dci=79083152&size=200 alt=\"Riccardo Tessitori\nIt\u00e1lia\"><\/a><p class=\"wp-caption-text\">Riccardo Tessitori<br \/>\nIt\u00e1lia<\/p><\/div><br style=\"clear: both; height: 1px; margin: -1px 0pt 0pt; overflow: hidden;\"><\/p>\n<p><em>Expirando em 1 de Julho de 2017<br \/>\n<\/em><\/p>\n<p><div class=\"wp-caption alignleft judgeimg\"><a href=\"https:\/\/apps.magicjudges.org\/judges\/dci\/70274285\"><img src=https:\/\/apps.magicjudges.org\/dci\/avatar?dci=70274285&size=200 alt=\"Alfonso Bueno\nEspanha\"><\/a><p class=\"wp-caption-text\">Alfonso Bueno<br \/>\nEspanha<\/p><\/div> <div class=\"wp-caption alignleft judgeimg\"><a href=\"https:\/\/apps.magicjudges.org\/judges\/dci\/61182474\"><img src=https:\/\/apps.magicjudges.org\/dci\/avatar?dci=61182474&size=200 alt=\"Kevin Desprez\nFran\u00e7a\"><\/a><p class=\"wp-caption-text\">Kevin Desprez<br \/>\nFran\u00e7a<\/p><\/div> <div class=\"wp-caption alignleft judgeimg\"><a href=\"https:\/\/apps.magicjudges.org\/judges\/dci\/91426501\"><img src=https:\/\/apps.magicjudges.org\/dci\/avatar?dci=91426501&size=200 alt=\"Damian Hiller\nArgentina\"><\/a><p class=\"wp-caption-text\">Damian Hiller<br \/>\nArgentina<\/p><\/div> <div class=\"wp-caption alignleft judgeimg\"><a href=\"https:\/\/apps.magicjudges.org\/judges\/dci\/29870351\"><img src=https:\/\/apps.magicjudges.org\/dci\/avatar?dci=29870351&size=200 alt=\"Daniel Kitachewsky\nFran\u00e7a\"><\/a><p class=\"wp-caption-text\">Daniel Kitachewsky<br \/>\nFran\u00e7a<\/p><\/div> <div class=\"wp-caption alignleft judgeimg\"><a href=\"https:\/\/apps.magicjudges.org\/judges\/dci\/725295\"><img src=https:\/\/apps.magicjudges.org\/dci\/avatar?dci=725295&size=200 alt=\"Scott Marshall\nColorado (EUA)\"><\/a><p class=\"wp-caption-text\">Scott Marshall<br \/>\nColorado (EUA)<\/p><\/div> <div class=\"wp-caption alignleft judgeimg\"><a href=\"https:\/\/apps.magicjudges.org\/judges\/dci\/81726653\"><img src=https:\/\/apps.magicjudges.org\/dci\/avatar?dci=81726653&size=200 alt=\"Chris Richter\nWisconsin (EUA)\"><\/a><p class=\"wp-caption-text\">Chris Richter<br \/>\nWisconsin (EUA)<\/p><\/div> <div class=\"wp-caption alignleft judgeimg\"><a href=\"https:\/\/apps.magicjudges.org\/judges\/dci\/88991492\"><img src=https:\/\/apps.magicjudges.org\/dci\/avatar?dci=88991492&size=200 alt=\"Jared Sylva\nVirg\u00ednia (EUA)\"><\/a><p class=\"wp-caption-text\">Jared Sylva<br \/>\nVirg\u00ednia (EUA)<\/p><\/div><br style=\"clear: both; height: 1px; margin: -1px 0pt 0pt; overflow: hidden;\"><\/p>\n<p><em>Expirando em 1 de Janeiro de 2018<\/em><\/p>\n<p><div class=\"wp-caption alignleft judgeimg\"><a href=\"https:\/\/apps.magicjudges.org\/judges\/dci\/1203743114\"><img src=https:\/\/apps.magicjudges.org\/dci\/avatar?dci=1203743114&size=200 alt=\"Jurgen Baert\nB\u00e9lgica\"><\/a><p class=\"wp-caption-text\">Jurgen Baert<br \/>\nB\u00e9lgica<\/p><\/div> <div class=\"wp-caption alignleft judgeimg\"><a href=\"https:\/\/apps.magicjudges.org\/judges\/dci\/58806265\"><img src=https:\/\/apps.magicjudges.org\/dci\/avatar?dci=58806265&size=200 alt=\"Matteo Callegari\nIt\u00e1lia\"><\/a><p class=\"wp-caption-text\">Matteo Callegari<br \/>\nIt\u00e1lia<\/p><\/div> <div class=\"wp-caption alignleft judgeimg\"><a href=\"https:\/\/apps.magicjudges.org\/judges\/dci\/22518915\"><img src=https:\/\/apps.magicjudges.org\/dci\/avatar?dci=22518915&size=200 alt=\"Riki Hayashi\nVirg\u00ednia (EUA)\"><\/a><p class=\"wp-caption-text\">Riki Hayashi<br \/>\nVirg\u00ednia (EUA)<\/p><\/div> <div class=\"wp-caption alignleft judgeimg\"><a href=\"https:\/\/apps.magicjudges.org\/judges\/dci\/84750930\"><img src=https:\/\/apps.magicjudges.org\/dci\/avatar?dci=84750930&size=200 alt=\"Eric Levine\nJap\u00e3o\"><\/a><p class=\"wp-caption-text\">Eric Levine<br \/>\nJap\u00e3o<\/p><\/div> <div class=\"wp-caption alignleft judgeimg\"><a href=\"https:\/\/apps.magicjudges.org\/judges\/dci\/54406550\"><img src=https:\/\/apps.magicjudges.org\/dci\/avatar?dci=54406550&size=200 alt=\"Jeff Morrow\nCalif\u00f3rnia (EUA)\"><\/a><p class=\"wp-caption-text\">Jeff Morrow<br \/>\nCalif\u00f3rnia (EUA)<\/p><\/div> <div class=\"wp-caption alignleft judgeimg\"><a href=\"https:\/\/apps.magicjudges.org\/judges\/dci\/25153831\"><img src=https:\/\/apps.magicjudges.org\/dci\/avatar?dci=25153831&size=200 alt=\"Fabian Peck\nAustr\u00e1lia\"><\/a><p class=\"wp-caption-text\">Fabian Peck<br \/>\nAustr\u00e1lia<\/p><\/div> <div class=\"wp-caption alignleft judgeimg\"><a href=\"https:\/\/apps.magicjudges.org\/judges\/dci\/78154923\"><img src=https:\/\/apps.magicjudges.org\/dci\/avatar?dci=78154923&size=200 alt=\"Sergio P\u00e9rez\nEspanha\"><\/a><p class=\"wp-caption-text\">Sergio P\u00e9rez<br \/>\nEspanha<\/p><\/div> <div class=\"wp-caption alignleft judgeimg\"><a href=\"https:\/\/apps.magicjudges.org\/judges\/dci\/88735146\"><img src=https:\/\/apps.magicjudges.org\/dci\/avatar?dci=88735146&size=200 alt=\"Alejandro Raggio\nArgentina\"><\/a><p class=\"wp-caption-text\">Alejandro Raggio<br \/>\nArgentina<\/p><\/div> <div class=\"wp-caption alignleft judgeimg\"><a href=\"https:\/\/apps.magicjudges.org\/judges\/dci\/80223624\"><img src=https:\/\/apps.magicjudges.org\/dci\/avatar?dci=80223624&size=200 alt=\"Frank Wareman\nHolanda\"><\/a><p class=\"wp-caption-text\">Frank Wareman<br \/>\nHolanda<\/p><\/div> <div class=\"wp-caption alignleft judgeimg\"><a href=\"https:\/\/apps.magicjudges.org\/judges\/dci\/70007766\"><img src=https:\/\/apps.magicjudges.org\/dci\/avatar?dci=70007766&size=200 alt=\"Steven Zwanger\nVirg\u00ednia (EUA)\"><\/a><p class=\"wp-caption-text\">Steven Zwanger<br \/>\nVirg\u00ednia (EUA)<\/p><\/div><br \/>\n<br style=\"clear: both; height: 1px; margin: -1px 0pt 0pt; overflow: hidden;\"><\/p>\n<h2><strong>Coordenadores do programa<\/strong><\/h2>\n<p><em>Expirando em 1 de Abril de 2017<\/em><br \/>\n<div class=\"wp-caption alignleft judgeimg\"><a href=\"https:\/\/apps.magicjudges.org\/judges\/dci\/40645391\"><img src=https:\/\/apps.magicjudges.org\/dci\/avatar?dci=40645391&size=200 alt=\"Toby Elliott\nCalif\u00f3rnia (EUA)\"><\/a><p class=\"wp-caption-text\">Toby Elliott<br \/>\nCalif\u00f3rnia (EUA)<\/p><\/div> <div class=\"wp-caption alignnone judgeimg\"><a href=\"https:\/\/apps.magicjudges.org\/judges\/dci\/1206567626\"><img src=https:\/\/apps.magicjudges.org\/dci\/avatar?dci=1206567626&size=200 alt=\"Kim Warren\nReino Unido\"><\/a><p class=\"wp-caption-text\">Kim Warren<br \/>\nReino Unido<\/p><\/div><br style=\"clear: both; height: 1px; margin: -1px 0pt 0pt; overflow: hidden;\"><br \/>\n<em>Expirando em 1 de Outubro de 2017<br \/>\n<\/em><br \/>\n<div class=\"wp-caption alignleft judgeimg\"><a href=\"https:\/\/apps.magicjudges.org\/judges\/dci\/1200175953\"><img src=https:\/\/apps.magicjudges.org\/dci\/avatar?dci=1200175953&size=200 alt=\"Sean Catanese\nWashington (EUA)\"><\/a><p class=\"wp-caption-text\">Sean Catanese<br \/>\nWashington (EUA)<\/p><\/div> <div class=\"wp-caption alignleft judgeimg\"><a href=\"https:\/\/apps.magicjudges.org\/judges\/dci\/79945451\"><img src=https:\/\/apps.magicjudges.org\/dci\/avatar?dci=79945451&size=200 alt=\"Jason Lemahieu\nWisconsin (EUA)\"><\/a><p class=\"wp-caption-text\">Jason Lemahieu<br \/>\nWisconsin (EUA)<\/p><\/div><br \/>\n<br style=\"clear: both; height: 1px; margin: -1px 0pt 0pt; overflow: hidden;\"><\/p>\n<h2><strong>Coordenadores Regionais<\/strong><\/h2>\n<p><em>Expirando em 1 de Outubro de 2016<\/em><div class=\"wp-caption alignleft judgeimg\"><a href=\"https:\/\/apps.magicjudges.org\/judges\/dci\/70597209\"><img src=https:\/\/apps.magicjudges.org\/dci\/avatar?dci=70597209&size=200 alt=\"Richard Drijvers\nBeNeLux\"><\/a><p class=\"wp-caption-text\">Richard Drijvers<br \/>\nBeNeLux<\/p><\/div><div class=\"wp-caption alignleft judgeimg\"><a href=\"https:\/\/apps.magicjudges.org\/judges\/dci\/10212149\"><img src=https:\/\/apps.magicjudges.org\/dci\/avatar?dci=10212149&size=200 alt=\"Michael Wiese\nPa\u00edses de L\u00edngua Alem\u00e3\"><\/a><p class=\"wp-caption-text\">Michael Wiese<br \/>\nPa\u00edses de L\u00edngua Alem\u00e3<\/p><\/div> <div class=\"wp-caption alignleft judgeimg\"><a href=\"https:\/\/apps.magicjudges.org\/judges\/dci\/82827181\"><img src=https:\/\/apps.magicjudges.org\/dci\/avatar?dci=82827181&size=200 alt=\"Eugene Bazhenov\nPa\u00edses de L\u00edngua Russa\"><\/a><p class=\"wp-caption-text\">Eugene Bazhenov<br \/>\nPa\u00edses de L\u00edngua Russa<\/p><\/div> <div class=\"wp-caption alignleft judgeimg\"><a href=\"https:\/\/apps.magicjudges.org\/judges\/dci\/79917484\"><img src=https:\/\/apps.magicjudges.org\/dci\/avatar?dci=79917484&size=200 alt=\"Gavin Duggan\nCanad\u00e1\"><\/a><p class=\"wp-caption-text\">Gavin Duggan<br \/>\nCanad\u00e1<\/p><\/div><div class=\"wp-caption alignleft judgeimg\"><a href=\"https:\/\/apps.magicjudges.org\/judges\/dci\/80140708\"><img src=https:\/\/apps.magicjudges.org\/dci\/avatar?dci=80140708&size=200 alt=\"Kevin Binswanger\nEUA \u2013 Sul\"><\/a><p class=\"wp-caption-text\">Kevin Binswanger<br \/>\nEUA \u2013 Sul<\/p><\/div> <div class=\"wp-caption alignleft judgeimg\"><a href=\"https:\/\/apps.magicjudges.org\/judges\/dci\/1201901340\"><img src=https:\/\/apps.magicjudges.org\/dci\/avatar?dci=1201901340&size=200 alt=\"David Zimet\nEUA \u2013 Sudoeste\"><\/a><p class=\"wp-caption-text\">David Zimet<br \/>\nEUA \u2013 Sudoeste<\/p><\/div> <div class=\"wp-caption alignleft judgeimg\"><a href=\"https:\/\/apps.magicjudges.org\/judges\/dci\/29614562\"><img src=https:\/\/apps.magicjudges.org\/dci\/avatar?dci=29614562&size=200 alt=\"Edwin Zhang\nChina\"><\/a><p class=\"wp-caption-text\">Edwin Zhang<br \/>\nChina<\/p><\/div> <div class=\"wp-caption alignleft judgeimg\"><a href=\"https:\/\/apps.magicjudges.org\/judges\/dci\/92705479\"><img src=https:\/\/apps.magicjudges.org\/dci\/avatar?dci=92705479&size=200 alt=\"Mitsunori Makino\nJap\u00e3o\"><\/a><p class=\"wp-caption-text\">Mitsunori Makino<br \/>\nJap\u00e3o<\/p><\/div><br style=\"clear: both; height: 1px; margin: -1px 0pt 0pt; overflow: hidden;\"><br \/>\n<em>Expirando em 1 de Abril de 2017<br \/>\n<\/em><br \/>\n<div class=\"wp-caption alignleft judgeimg\"><a href=\"https:\/\/apps.magicjudges.org\/judges\/dci\/11134222\"><img src=https:\/\/apps.magicjudges.org\/dci\/avatar?dci=11134222&size=200 alt=\"Johanna Virtanen\nEuropa \u2013 Norte\"><\/a><p class=\"wp-caption-text\">Johanna Virtanen<br \/>\nEuropa \u2013 Norte<\/p><\/div> <div class=\"wp-caption alignleft judgeimg\"><a href=\"https:\/\/apps.magicjudges.org\/judges\/dci\/19451179\"><img src=https:\/\/apps.magicjudges.org\/dci\/avatar?dci=19451179&size=200 alt=\"Cristiana Dionisio\nIt\u00e1lia &amp; Malta\"><\/a><p class=\"wp-caption-text\">Cristiana Dionisio<br \/>\nIt\u00e1lia &amp; Malta<\/p><\/div> <div class=\"wp-caption alignleft judgeimg\"><a href=\"https:\/\/apps.magicjudges.org\/judges\/dci\/28873938\"><img src=https:\/\/apps.magicjudges.org\/dci\/avatar?dci=28873938&size=200 alt=\"David Lyford-Smith\nReino Unido, Irlanda &amp; Africa do Sul\"><\/a><p class=\"wp-caption-text\">David Lyford-Smith<br \/>\nReino Unido, Irlanda &amp; Africa do Sul<\/p><\/div> <div class=\"wp-caption alignleft judgeimg\"><a href=\"https:\/\/apps.magicjudges.org\/judges\/dci\/1201995502\"><img src=https:\/\/apps.magicjudges.org\/dci\/avatar?dci=1201995502&size=200 alt=\"Thales Bittencourt\nBrasil\"><\/a><p class=\"wp-caption-text\">Thales Bittencourt<br \/>\nBrasil<\/p><\/div> <div class=\"wp-caption alignleft judgeimg\"><a href=\"https:\/\/apps.magicjudges.org\/judges\/dci\/2208242225\"><img src=https:\/\/apps.magicjudges.org\/dci\/avatar?dci=2208242225&size=200 alt=\"Steven Briggs\nEUA \u2013 Central\"><\/a><p class=\"wp-caption-text\">Steven Briggs<br \/>\nEUA \u2013 Central<\/p><\/div> <div class=\"wp-caption alignleft judgeimg\"><a href=\"https:\/\/apps.magicjudges.org\/judges\/dci\/70632296\"><img src=https:\/\/apps.magicjudges.org\/dci\/avatar?dci=70632296&size=200 alt=\"Nicholas Sabin\nUSA \u2013 Meio Atl\u00e2ntico\"><\/a><p class=\"wp-caption-text\">Nicholas Sabin<br \/>\nUSA \u2013 Meio Atl\u00e2ntico<\/p><\/div> <div class=\"wp-caption alignleft judgeimg\"><a href=\"https:\/\/apps.magicjudges.org\/judges\/dci\/1201818642\"><img src=https:\/\/apps.magicjudges.org\/dci\/avatar?dci=1201818642&size=200 alt=\"Justin Turner\nUSA \u2013 Sudeste\"><\/a><p class=\"wp-caption-text\">Justin Turner<br \/>\nUSA \u2013 Sudeste<\/p><\/div> <div class=\"wp-caption alignleft judgeimg\"><a href=\"https:\/\/apps.magicjudges.org\/judges\/dci\/52714206\"><img src=https:\/\/apps.magicjudges.org\/dci\/avatar?dci=52714206&size=200 alt=\"Nathan Brewer\nAustr\u00e1lia &amp; Nova Zel\u00e2ndia\"><\/a><p class=\"wp-caption-text\">Nathan Brewer<br \/>\nAustr\u00e1lia &amp; Nova Zel\u00e2ndia<\/p><\/div><br style=\"clear: both; height: 1px; margin: -1px 0pt 0pt; overflow: hidden;\"><br \/>\n<em>Expirando em 1 de Outubro de 2017<br \/>\n<\/em><br \/>\n<div class=\"wp-caption alignleft judgeimg\"><a href=\"https:\/\/apps.magicjudges.org\/judges\/dci\/49197774\"><img src=https:\/\/apps.magicjudges.org\/dci\/avatar?dci=49197774&size=200 alt=\"Giorgos Trichopoulos\nEuropa \u2013 Leste\"><\/a><p class=\"wp-caption-text\">Giorgos Trichopoulos<br \/>\nEuropa \u2013 Leste<\/p><\/div> <div class=\"wp-caption alignleft judgeimg\"><a href=\"https:\/\/apps.magicjudges.org\/judges\/dci\/1204257097\"><img src=https:\/\/apps.magicjudges.org\/dci\/avatar?dci=1204257097&size=200 alt=\"Sebastian P\u0119kala\nEuropa \u2013 Central\"><\/a><p class=\"wp-caption-text\">Sebastian P\u0119kala<br \/>\nEuropa \u2013 Central<\/p><\/div> <div class=\"wp-caption alignleft judgeimg\"><a href=\"https:\/\/apps.magicjudges.org\/judges\/dci\/98669220\"><img src=https:\/\/apps.magicjudges.org\/dci\/avatar?dci=98669220&size=200 alt=\"Guillaume Beuzelin\nFran\u00e7a\"><\/a><p class=\"wp-caption-text\">Guillaume Beuzelin<br \/>\nFran\u00e7a<\/p><\/div> <div class=\"wp-caption alignleft judgeimg\"><a href=\"https:\/\/apps.magicjudges.org\/judges\/dci\/78154923\"><img src=https:\/\/apps.magicjudges.org\/dci\/avatar?dci=78154923&size=200 alt=\"Sergio P\u00e9rez\nIb\u00e9ria\"><\/a><p class=\"wp-caption-text\">Sergio P\u00e9rez<br \/>\nIb\u00e9ria<\/p><\/div> <div class=\"wp-caption alignleft judgeimg\"><a href=\"https:\/\/apps.magicjudges.org\/judges\/dci\/91426652\"><img src=https:\/\/apps.magicjudges.org\/dci\/avatar?dci=91426652&size=200 alt=\"Adrian Estoup\nAm\u00e9rica Latina \u2013 Espanhol\"><\/a><p class=\"wp-caption-text\">Adrian Estoup<br \/>\nAm\u00e9rica Latina \u2013 Espanhol<\/p><\/div> <div class=\"wp-caption alignleft judgeimg\"><a href=\"https:\/\/apps.magicjudges.org\/judges\/dci\/4208309508\"><img src=https:\/\/apps.magicjudges.org\/dci\/avatar?dci=4208309508&size=200 alt=\"Jarrod Williams\nEUA \u2013 Grandes Lagos\"><\/a><p class=\"wp-caption-text\">Jarrod Williams<br \/>\nEUA \u2013 Grandes Lagos<\/p><\/div> <div class=\"wp-caption alignleft judgeimg\"><a href=\"https:\/\/apps.magicjudges.org\/judges\/dci\/79600362\"><img src=https:\/\/apps.magicjudges.org\/dci\/avatar?dci=79600362&size=200 alt=\"Rob McKenzie\nEUA \u2013 Norte\"><\/a><p class=\"wp-caption-text\">Rob McKenzie<br \/>\nEUA \u2013 Norte<\/p><\/div> <div class=\"wp-caption alignleft judgeimg\"><a href=\"https:\/\/apps.magicjudges.org\/judges\/dci\/20516399\"><img src=https:\/\/apps.magicjudges.org\/dci\/avatar?dci=20516399&size=200 alt=\"John Alderfer\nEUA \u2013 Nordeste\"><\/a><p class=\"wp-caption-text\">John Alderfer<br \/>\nEUA \u2013 Nordeste<\/p><\/div> <div class=\"wp-caption alignleft judgeimg\"><a href=\"https:\/\/apps.magicjudges.org\/judges\/dci\/725295\"><img src=https:\/\/apps.magicjudges.org\/dci\/avatar?dci=725295&size=200 alt=\"Scott Marshall\nEUA \u2013 Noroeste\"><\/a><p class=\"wp-caption-text\">Scott Marshall<br \/>\nEUA \u2013 Noroeste<\/p><\/div> <div class=\"wp-caption alignleft judgeimg\"><a href=\"https:\/\/apps.magicjudges.org\/judges\/dci\/70166361\"><img src=https:\/\/apps.magicjudges.org\/dci\/avatar?dci=70166361&size=200 alt=\"Wearn Chong\nSudeste da \u00c1sia\"><\/a><p class=\"wp-caption-text\">Wearn Chong<br \/>\nSudeste da \u00c1sia<\/p><\/div><\/p>\n","protected":false},"excerpt":{"rendered":"<p>Pap\u00e9is Avan\u00e7ados representam estruturas adicionais para Ju\u00edzes Premier que representam aspectos de lideran\u00e7a do Programa de Ju\u00edzes. Cada papel tem um n\u00famero fixo de vagas dispon\u00edveis (apesar do n\u00famero poder mudar caso haja necessidade). Um Juiz Premier pode ter mais de um Papel Avan\u00e7ado ao mesmo tempo. Ju\u00edzes ficam em um Papel Avan\u00e7ado por 18 [&hellip;]<\/p>\n","protected":false},"author":149,"featured_media":0,"parent":2628,"menu_order":0,"comment_status":"closed","ping_status":"closed","template":"page_width-index.php","meta":{"footnotes":"","_links_to":"","_links_to_target":""},"language":[20],"class_list":["post-2737","page","type-page","status-publish","hentry","language-pt"],"_links":{"self":[{"href":"https:\/\/blogs.magicjudges.org\/o\/wp-json\/wp\/v2\/pages\/2737","targetHints":{"allow":["GET"]}}],"collection":[{"href":"https:\/\/blogs.magicjudges.org\/o\/wp-json\/wp\/v2\/pages"}],"about":[{"href":"https:\/\/blogs.magicjudges.org\/o\/wp-json\/wp\/v2\/types\/page"}],"author":[{"embeddable":true,"href":"https:\/\/blogs.magicjudges.org\/o\/wp-json\/wp\/v2\/users\/149"}],"replies":[{"embeddable":true,"href":"https:\/\/blogs.magicjudges.org\/o\/wp-json\/wp\/v2\/comments?post=2737"}],"version-history":[{"count":10,"href":"https:\/\/blogs.magicjudges.org\/o\/wp-json\/wp\/v2\/pages\/2737\/revisions"}],"predecessor-version":[{"id":3271,"href":"https:\/\/blogs.magicjudges.org\/o\/wp-json\/wp\/v2\/pages\/2737\/revisions\/3271"}],"up":[{"embeddable":true,"href":"https:\/\/blogs.magicjudges.org\/o\/wp-json\/wp\/v2\/pages\/2628"}],"wp:attachment":[{"href":"https:\/\/blogs.magicjudges.org\/o\/wp-json\/wp\/v2\/media?parent=2737"}],"wp:term":[{"taxonomy":"language","embeddable":true,"href":"https:\/\/blogs.magicjudges.org\/o\/wp-json\/wp\/v2\/language?post=2737"}],"curies":[{"name":"wp","href":"https:\/\/api.w.org\/{rel}","templated":true}]}}