{"id":2784,"date":"2016-06-01T15:51:33","date_gmt":"2016-06-01T15:51:33","guid":{"rendered":"http:\/\/blogs.magicjudges.org\/o\/?page_id=2784"},"modified":"2017-01-03T11:37:42","modified_gmt":"2017-01-03T11:37:42","slug":"avanced-roles-fr","status":"publish","type":"page","link":"https:\/\/blogs.magicjudges.org\/o\/judge-levels-fr\/avanced-roles-fr\/","title":{"rendered":"R\u00f4les Avanc\u00e9s"},"content":{"rendered":"<p style=\"text-align: justify\">Les r\u00f4les avanc\u00e9s repr\u00e9sentent une structure suppl\u00e9mentaire pour les Premier Judges qui repr\u00e9sente les aspects de gestion du Programme d\u2019Arbitrage. Chaque r\u00f4le a un nombre de places disponibles d\u00e9fini (bien que ce nombre puisse fluctuer si le besoin s\u2019en fait sentir). Un Premier Judge peu avoir plus d\u2019un R\u00f4le Avanc\u00e9 en m\u00eame temps.<\/p>\n<p style=\"text-align: justify\">Les arbitres ont ces R\u00f4les Avanc\u00e9s pour 18 mois. Tous les six mois, un tiers des r\u00f4les expire, et un nouveau panel de candidatures est \u00e9tudi\u00e9. Les arbitres dont le r\u00f4le a expir\u00e9 sont autoris\u00e9s \u00e0 re-postuler durant ce processus. Les candidatures sont prises en charge par les arbitres ayant ce r\u00f4le et dont celui-ci n\u2019a pas expir\u00e9. Ils collectent les r\u00e9sultats et fournissent des retours sur chaque candidat \u00e0 Wizards pour une s\u00e9lection finale.<\/p>\n<p style=\"text-align: justify\">Un Premier Judge postulant pour un R\u00f4le Avanc\u00e9 doit avoir fait preuve de capacit\u00e9s exceptionnelles en tant que Premier Judge; l&#8217;arbitrage sur les \u00e9v\u00e8nements et les projets sera pris en compte dans la candidature. Puisqu\u2019ils ont une date d\u2019expiration, il n\u2019y a pas de pr\u00e9-requis pour maintenir un R\u00f4le Avanc\u00e9 (bien qu\u2019en des circonstances exceptionnelles, un arbitre peut se voir retirer son r\u00f4le \u00e0 la discr\u00e9tion du Community Manager).<\/p>\n<p style=\"text-align: justify\">Les conditions g\u00e9ographiques peuvent \u00eatre un crit\u00e8re de choix durant la s\u00e9lection des candidats pour un r\u00f4le. Il est d\u00e9conseill\u00e9 aux arbitres en r\u00e8gle g\u00e9n\u00e9rale de tenter de remplir plus de deux de ces r\u00f4les en m\u00eame temps.<\/p>\n<div class=\"row judge-familiar-stacked-pills \"><ul class=\"nav nav-pills nav-stacked col-lg-4\" role=\"tablist\"><li class=\"nav-item\"><a href=\"#coordinateurs-du-programme\" class=\"nav-link \" role=\"tab\" data-toggle=\"tab\">Coordinateurs du Programme<\/a><\/li><li class=\"nav-item\"><a href=\"#head-judge-de-grand-prix\" class=\"nav-link active\" role=\"tab\" data-toggle=\"tab\">Head Judge de Grand Prix<\/a><\/li><li class=\"nav-item\"><a href=\"#coordinateurs-regionaux\" class=\"nav-link \" role=\"tab\" data-toggle=\"tab\">Coordinateurs R\u00e9gionaux<\/a><\/li><\/ul><div class=\"tab-content col-lg-8\"><div role=\"tabpanel\" class=\"tab-pane fade \" id=\"coordinateurs-du-programme\">\n<p style=\"text-align: justify\">Ces arbitres ont pour responsabilit\u00e9 de trouver les moyens n\u00e9cessaires pour appliquer les directions strat\u00e9giques de Wizards sur le programme \u00e0 grande \u00e9chelle. Cela se fait en se coordonnant avec les autres arbitres dirigeant les divers projets, et une partie de leur r\u00f4le est de s\u2019assurer que les projets ont une direction claire, des crit\u00e8res de succ\u00e8s, et que les membres de ces projets sont reconnus de mani\u00e8re appropri\u00e9e.<\/p>\n<p style=\"text-align: justify\">Les Coordinateurs du Programme doivent exceller en communication et avoir une vision forte sur le succ\u00e8s du programme. Ils doivent \u00eatre capables de correctement collaborer avec les autres et de diriger par l\u2019exemple, ainsi qu\u2019avoir dirig\u00e9 avec succ\u00e8s des projets par le pass\u00e9.<\/p>\n<p style=\"text-align: justify\">Le nombre de Coordinateur du Programme anticip\u00e9 pour les besoins actuels est 4-6.<\/p>\n<h4 style=\"text-align: justify\">Proc\u00e9dure de candidature:<\/h4>\n<ul style=\"text-align: justify\">\n<li>Avoir dirig\u00e9 avec succ\u00e8s un projet.<\/li>\n<li>Une candidature \u00e9crite decrivant les zones de d\u00e9fi pour le Programme d\u2019Arbitrage et des id\u00e9es d\u2019approches pour les prendre en charge.<\/li>\n<li>Un entretien avec un CP actuel pour les candidats finaux.<\/li>\n<\/ul>\n<p style=\"text-align: justify\">\n<p style=\"text-align: justify\">Plus sur les coordinateurs du Porgramme et leurs t\u00e2ches <a href=\"http:\/\/blogs.magicjudges.org\/o\/program-coordinators-fr\/\">ici<\/a>.<\/p>\n<p><\/div><div role=\"tabpanel\" class=\"tab-pane fade in active\" id=\"head-judge-de-grand-prix\">\n<p style=\"text-align: justify\">Ces arbitres sont responsables en tant que Head Judge, Support Judge et Appeals Judge pour les Grand Prix. Leurs devoirs varient en accord avec le r\u00f4le qui leur a \u00e9t\u00e9 assign\u00e9 pour chaque Grand Prix, mais peuvent inclure le planning de l\u2019\u00e9quipe de pr\u00e9-tournoi, la communication, la coordination de l\u2019\u00e9v\u00e8nement, prendre les appels, et fournir un rapport post-\u00e9v\u00e8nement.<\/p>\n<p style=\"text-align: justify\">Un arbitre r\u00e9cemment nomm\u00e9 pour ce r\u00f4le passera les quelques premiers Grand Prix en tant que Support Judge pour assurer une transition en douceur vers le plein poste de Head Judge de Grand Prix.<\/p>\n<p style=\"text-align: justify\">Les Head Judges de Grand Prix doivent faire preuve d\u2019une exceptionnelle connaissance des r\u00e8gles, d\u2019une capacit\u00e9 \u00e0 expliquer clairement les r\u00e8gles, les r\u00e8glements, et les philosophies sous-jacentes, d\u2019une bonne capacit\u00e9 de direction, et de capacit\u00e9s d\u2019organisation.<\/p>\n<p style=\"text-align: justify\">Le nombre de Head Judges de Grand Prix anticip\u00e9 pour les besoins actuels est 21-24.<\/p>\n<h4 style=\"text-align: justify\">Proc\u00e9dure de candidature:<\/h4>\n<ul style=\"text-align: justify\">\n<li>Avoir \u00e9t\u00e9 chef d\u2019\u00e9quipe avec succ\u00e8s durant un Grand Prix.<\/li>\n<li>Lettre de motivation.<\/li>\n<li>Test sur les r\u00e8gles.<\/li>\n<li>Test sur le r\u00e8glement.<\/li>\n<\/ul>\n<p style=\"text-align: justify\">Les candidats ayant pass\u00e9s ces \u00e9tapes passeront \u00e0 l\u2019\u00e9tape suivante:<\/p>\n<ul style=\"text-align: justify\">\n<li style=\"margin-top: -20px\">Test sur le r\u00e8glement avec mises en situation et \u00e9valuation de Head Judge de Grand Prix.<\/li>\n<\/ul>\n<p style=\"text-align: justify\"><\/div><div role=\"tabpanel\" class=\"tab-pane fade \" id=\"coordinateurs-regionaux\">\n<p style=\"text-align: justify\">Ces arbitres ont la responsabilit\u00e9 de g\u00e9rer le Programme d\u2019Arbitrage au niveau r\u00e9gional; chaque zone g\u00e9ographique poss\u00e8de un Coordinateur R\u00e9gional qui est reponsable des autres structures (tel que les Capitaines de R\u00e9gion, auxquels ils ont le pouvoir de d\u00e9l\u00e9guer des responsabilit\u00e9s) dans leur r\u00e9gion. Ils g\u00e8rent les besoins quotidien de leurs arbitres r\u00e9gionaux, supervisent les tests, les proc\u00e9dures et le maintien des niveaux 1 et 2, communiquent avec les organisateurs pour s\u2019assurer que l\u2019on r\u00e9pond \u00e0 leurs besoins, et prennent soin des arbitres de leur r\u00e9gion et de leur entrainement.<\/p>\n<p style=\"text-align: justify\">La proc\u00e9dure de candidature pour le r\u00f4le de Coordinateur R\u00e9gional comprend un entretien avec un membre du groupe des Coordinateurs R\u00e9gionaux.<\/p>\n<p style=\"text-align: justify\">Plus sur le groupe des coordinateurs r\u00e9gionaux et leurs t\u00e2ches <a href=\"http:\/\/blogs.magicjudges.org\/o\/program-structure-fr\/regional-coordinators-fr\/\">ici<\/a>.<\/p>\n<p><\/div><\/div><\/div>\n<div class=\"row judge-familiar-stacked-pills \"><ul class=\"nav nav-pills nav-stacked col-lg-4\" role=\"tablist\"><li class=\"nav-item\"><a href=\"#lead-des-head-judges-de-grand-prix\" class=\"nav-link active\" role=\"tab\" data-toggle=\"tab\">Lead des Head judges de Grand Prix<\/a><\/li><li class=\"nav-item\"><a href=\"#lead-des-coordinateurs-regionaux\" class=\"nav-link \" role=\"tab\" data-toggle=\"tab\">Lead des coordinateurs r\u00e9gionaux<\/a><\/li><\/ul><div class=\"tab-content col-lg-8\"><div role=\"tabpanel\" class=\"tab-pane fade in active\" id=\"lead-des-head-judges-de-grand-prix\">\n<p style=\"text-align: justify\">Le poste de Lead des Head judge de Grand Prix est un r\u00f4le de management centr\u00e9 sur la supervision des Head Judges de Grand Prix et de surveillance des pratiques et r\u00e8glements sur les grands tournois. C\u2019est un contrat d\u2019un an (Avril \u2013 Mars) sign\u00e9 avec Wizards of the Coast.<\/p>\n<p style=\"text-align: justify\">\u00catre Head Judge de Grand Prix n\u2019est pas un pr\u00e9requis, mais une exp\u00e9rience dans ce poste est pr\u00e9f\u00e9r\u00e9e.<\/p>\n<p style=\"text-align: justify\">Devoirs du Lead des Head judges de Grand Prix:<\/p>\n<ol style=\"text-align: justify\">\n<li>G\u00e9rer le processus de s\u00e9lection des nouveaux Head Judge de Grand Prix deux fois par an, incluant la g\u00e9n\u00e9ration de questions et la coordination des \u00e9valuations.<\/li>\n<li>Faciliter les discussions entre les Head Judges de Grand Prix. Agir comme un mentor aupr\u00e8s des nouveaux membres, et \u00eatre une voix importante au regard des questions de logistique et de r\u00e8glements sur les Grand Prix. Agir comme un m\u00e9diateur en cas de disputes si n\u00e9cessaire.<\/li>\n<li>Assurer la coordination entre les organisateurs et les Head Judges de Grand Prix pour s\u2019assurer que tous les Grand Prix ont le personnel n\u00e9cessaire (Head Judges et Appeals Judges) dans le groupe.<\/li>\n<li>Avoir les meilleures pratiques et proc\u00e9d\u00e9s pour les tournois de grande envergure.<\/li>\n<li>S\u2019assurer que les Head Judges de Grand Prix remplissent leurs obligations, incluant les rapports post-tournoi.<\/li>\n<\/ol>\n<p style=\"text-align: justify\">Le comit\u00e9 de s\u00e9lection pour le poste de Lead des Head judge de Grand Prix consiste en un des Coordinateurs du Programme, quatre Head Judges de Grand Prix actifs, et deux niveaux 3 choisis au sein de la population \u00e9largie. Quiconque brigue ce poste est in\u00e9ligible au comit\u00e9 de s\u00e9lection.<\/div><div role=\"tabpanel\" class=\"tab-pane fade \" id=\"lead-des-coordinateurs-regionaux\">\n<p style=\"text-align: justify\">Le poste de lead des coordinateurs r\u00e9gionaux est un poste centr\u00e9 sur le management et l\u2019orientation des Coordinateurs R\u00e9gionaux, ainsi que sur le contr\u00f4le de la bonne implantation structurelle du programme dans les r\u00e9gions. C\u2019est un contrat d\u2019un an (Janvier \u2013 D\u00e9cembre) sign\u00e9 avec Wizards of the Coast<\/p>\n<p style=\"text-align: justify\">\u00catre Coordinateur R\u00e9gional n\u2019est pas un pr\u00e9requis, mais une exp\u00e9rience dans ce poste est pr\u00e9f\u00e9r\u00e9e.<\/p>\n<p style=\"text-align: justify\">Devoirs du lead des coordinateurs r\u00e9gionaux:<\/p>\n<ol style=\"text-align: justify\">\n<li>Superviser le processus de s\u00e9lection des nouveaux Coordinateurs R\u00e9gionaux deux fois par an, incluant la g\u00e9n\u00e9ration de questions et la coordination des \u00e9valuations.<\/li>\n<li>Faciliter les discussion entre les Coordinateurs R\u00e9gionaux. Agir comme un mentor aupr\u00e8s des nouveaux membres, et \u00eatre une voix importante au regard des questions d\u2019administration r\u00e9gionale. Agir comme un m\u00e9diateur en cas de disputes entr Coordinateurs R\u00e9gionaux si n\u00e9cessaire<\/li>\n<li>Assurer une implantation r\u00e9gionale coh\u00e9rente niveaux 1 et 2.<\/li>\n<li>Assister les Coordinateurs R\u00e9gionaux \u00e0 d\u00e9velopper les structures de leadership dans leurs r\u00e9gions.<\/li>\n<li>S\u2019assurer que les Coordinateurs R\u00e9gionaux ont toutes les ressources pour mener \u00e0 bien leurs missions et relayer tout probl\u00e8me d\u2019envergure aux Coordinateurs du Programme ou \u00e0 Wizards of the Coast.<\/li>\n<li>Discuter avec le Comit\u00e9 de conduite arbitrale et le Comit\u00e9 des coordinateurs r\u00e9gionaux sur des questions disciplinaire dans les r\u00e9gions.<\/li>\n<\/ol>\n<p style=\"text-align: justify\">Le comit\u00e9 de s\u00e9lection pour le poste de lead des coordinateurs r\u00e9gionaux consiste en un des Coordinateurs du Programme, quatre Coordinateurs R\u00e9gionaux actifs (g\u00e9ographiquement \u00e9pars), et deux L3 choisis au sein la population \u00e9largie. Quiconque brigue ce poste est in\u00e9ligible au comit\u00e9 de s\u00e9lection.<\/div><\/div><\/div>\n","protected":false},"excerpt":{"rendered":"<p>Les r\u00f4les avanc\u00e9s repr\u00e9sentent une structure suppl\u00e9mentaire pour les Premier Judges qui repr\u00e9sente les aspects de gestion du Programme d\u2019Arbitrage. Chaque r\u00f4le a un nombre de places disponibles d\u00e9fini (bien que ce nombre puisse fluctuer si le besoin s\u2019en fait sentir). Un Premier Judge peu avoir plus d\u2019un R\u00f4le Avanc\u00e9 en m\u00eame temps. Les arbitres [&hellip;]<\/p>\n","protected":false},"author":30,"featured_media":0,"parent":2616,"menu_order":0,"comment_status":"closed","ping_status":"closed","template":"page_width-index.php","meta":{"footnotes":"","_links_to":"","_links_to_target":""},"language":[15],"class_list":["post-2784","page","type-page","status-publish","hentry","language-fr"],"_links":{"self":[{"href":"https:\/\/blogs.magicjudges.org\/o\/wp-json\/wp\/v2\/pages\/2784","targetHints":{"allow":["GET"]}}],"collection":[{"href":"https:\/\/blogs.magicjudges.org\/o\/wp-json\/wp\/v2\/pages"}],"about":[{"href":"https:\/\/blogs.magicjudges.org\/o\/wp-json\/wp\/v2\/types\/page"}],"author":[{"embeddable":true,"href":"https:\/\/blogs.magicjudges.org\/o\/wp-json\/wp\/v2\/users\/30"}],"replies":[{"embeddable":true,"href":"https:\/\/blogs.magicjudges.org\/o\/wp-json\/wp\/v2\/comments?post=2784"}],"version-history":[{"count":13,"href":"https:\/\/blogs.magicjudges.org\/o\/wp-json\/wp\/v2\/pages\/2784\/revisions"}],"predecessor-version":[{"id":3663,"href":"https:\/\/blogs.magicjudges.org\/o\/wp-json\/wp\/v2\/pages\/2784\/revisions\/3663"}],"up":[{"embeddable":true,"href":"https:\/\/blogs.magicjudges.org\/o\/wp-json\/wp\/v2\/pages\/2616"}],"wp:attachment":[{"href":"https:\/\/blogs.magicjudges.org\/o\/wp-json\/wp\/v2\/media?parent=2784"}],"wp:term":[{"taxonomy":"language","embeddable":true,"href":"https:\/\/blogs.magicjudges.org\/o\/wp-json\/wp\/v2\/language?post=2784"}],"curies":[{"name":"wp","href":"https:\/\/api.w.org\/{rel}","templated":true}]}}